{"id":11698,"date":"2016-12-01T17:18:30","date_gmt":"2024-12-02T11:53:10","guid":{"rendered":"https:\/\/www.chateau-de-paraza.com\/?post_type=product&#038;p=11698"},"modified":"2025-06-18T09:17:22","modified_gmt":"2025-06-18T08:17:22","slug":"cuvee-mmv-2018-red-wine-minervois","status":"publish","type":"product","link":"https:\/\/www.chateau-de-paraza.com\/en\/boutique\/uncategorized\/cuvee-mmv-2018-red-wine-minervois\/","title":{"rendered":"Cuv\u00e9e MMV 2018"},"content":{"rendered":"<div class=\"wpb-content-wrapper\"><p>Cuv\u00e9e MMV 2018<\/p>\n<p>[vc_row][vc_column][vc_column_text]<\/p>\n<p>MMV &#8211; 2005. Since 2005, the Danglas family has expressed its taste for excellence through the creation of its wines. Sourced from the oldest vines, MMV reveals the best of the Paraza terroir.<\/p>\n<p>MMV combines the aromatic finesse of Syrahs and the complexity of very old Grenaches, all structured by 12 months of aging in French oak barrels. MMV offers a powerful nose of cherries and raspberries, enhanced by a round and dense mouthfeel, finishing with a long roasted aftertaste. A truly great wine.<\/p>\n<p>2014 &#8211; 225 bottles produced &#8211; sold out<\/p>\n<div class=\"gap\" style=\"line-height: 10px; height: 10px;\"><\/div>\n<div class=\"flex-shrink-0 flex flex-col relative items-end\">\n<div>\n<div class=\"pt-0\">\n<div class=\"gizmo-bot-avatar flex h-8 w-8 items-center justify-center overflow-hidden rounded-full\">\n<div class=\"relative p-1 rounded-sm flex items-center justify-center bg-token-main-surface-primary text-token-text-primary h-8 w-8\"><\/div>\n<\/div>\n<\/div>\n<\/div>\n<\/div>\n<div class=\"group\/conversation-turn relative flex w-full min-w-0 flex-col agent-turn\">\n<div class=\"flex-col gap-1 md:gap-3\">\n<div class=\"flex max-w-full flex-col flex-grow\">\n<div class=\"min-h-8 text-message flex w-full flex-col items-end gap-2 whitespace-normal break-words [.text-message+&amp;]:mt-5\" dir=\"auto\" data-message-author-role=\"assistant\" data-message-id=\"07ab12d5-e151-4f86-be25-822b3cc6b6e3\" data-message-model-slug=\"gpt-4o-mini\">\n<div class=\"flex w-full flex-col gap-1 empty:hidden first:pt-[3px]\">\n<div class=\"markdown prose w-full break-words dark:prose-invert dark\">\n<p>2015 &#8211; 278 bottles produced &#8211; sold out<\/p>\n<\/div>\n<\/div>\n<\/div>\n<\/div>\n<\/div>\n<\/div>\n<div class=\"gap\" style=\"line-height: 10px; height: 10px;\"><\/div>\n<p>2016 &#8211; 1085 bottles produced &#8211; sold out<\/p>\n<div class=\"gap\" style=\"line-height: 10px; height: 10px;\"><\/div>\n<p>2017 &#8211; 1600 bottles produced &#8211; sold out<\/p>\n<div class=\"gap\" style=\"line-height: 10px; height: 10px;\"><\/div>\n<p>2018 &#8211; 1810 bottles produced<\/p>\n<p>&nbsp;<\/p>\n<p>\/vc_column_text][vc_empty_space][\/vc_column][\/vc_row][vc_row][vc_column width=&#8221;1\/4&#8243;][vc_column_text]<\/p>\n<h5>Appellation<\/h5>\n<p>[\/vc_column_text][\/vc_column][vc_column width=&#8221;3\/4&#8243;][vc_column_text]AOC Minervois[\/vc_column_text][\/vc_column][vc_column][vc_empty_space][\/vc_column][\/vc_row][vc_row][vc_column width=&#8221;1\/4&#8243;][vc_column_text]<\/p>\n<h5>Grapes varieties<\/h5>\n<p>[\/vc_column_text][\/vc_column][vc_column width=&#8221;3\/4&#8243;][vc_column_text]Syrah &#8211; Grenache noir &#8211; Mourv\u00e8dre[\/vc_column_text][\/vc_column][vc_column][vc_empty_space][\/vc_column][\/vc_row][vc_row][vc_column width=&#8221;1\/4&#8243;][vc_column_text]<\/p>\n<h5><\/h5>\n<h5>Tasting<\/h5>\n<p>[\/vc_column_text][\/vc_column][vc_column width=&#8221;3\/4&#8243;][vc_column_text]<\/p>\n<p>Ruby color, elegant and deep.<\/p>\n<p>Very expressive and complex nose, rich in spice and licorice notes.<\/p>\n<p>The palate is balanced, with beautiful acidity and silky tannins. It reveals indulgent aromas of cherry, strawberry, and violet.<\/p>\n<p>Incredible aromatic persistence on the finish. All in finesse.<\/p>\n<p>[\/vc_column_text][\/vc_column][vc_column][vc_empty_space][\/vc_column][\/vc_row][vc_row][vc_column width=&#8221;1\/4&#8243;][vc_column_text]<\/p>\n<h5><\/h5>\n<h5>Temp\u00e9rature<\/h5>\n<p>[\/vc_column_text][\/vc_column][vc_column width=&#8221;3\/4&#8243;][vc_column_text]16-18\u00ba<\/p>\n<p>[\/vc_column_text][\/vc_column][vc_column][vc_empty_space][\/vc_column][\/vc_row][vc_row][vc_column width=&#8221;1\/4&#8243;][vc_column_text]<\/p>\n<h5>Food and wine<\/h5>\n<p>[\/vc_column_text][\/vc_column][vc_column width=&#8221;3\/4&#8243;][vc_column_text]Its finesse and structure will beautifully complement a beef fillet in a crust.[\/vc_column_text][\/vc_column][vc_column][vc_empty_space][\/vc_column][\/vc_row][vc_row][vc_column width=&#8221;1\/4&#8243;][vc_column_text]<\/p>\n<h5>R\u00e9compenses<\/h5>\n<p>[\/vc_column_text][\/vc_column][vc_column width=&#8221;3\/4&#8243;][vc_column_text]<\/p>\n<p>91 points Silver Medal at DECANTER DWWA 2019<\/p>\n<p>91 points at (Parker) Wine Advocate 2017<\/p>\n<p>4.5 rating on Vivino. <a href=\"https:\/\/www.vivino.com\/FR\/fr\/chateau-de-paraza-mmv\/w\/6127171\">Check tasting reviews.<\/a><\/p>\n<p><a href=\"https:\/\/www.vivino.com\/paraza-mmv\/w\/6127171\">\u00a0\u00a0<\/a>[\/vc_column_text][\/vc_column][vc_column][vc_empty_space][\/vc_column][\/vc_row][vc_row][vc_column][vc_empty_space][\/vc_column][\/vc_row][vc_row][vc_column]<div class=\"hr-thin style-double\" style=\"width: 100%;\"><\/div>[\/vc_column][\/vc_row][vc_row][vc_column][vc_column_text css=&#8221;.vc_custom_1480609419067{padding-left: 20px !important;background-color: #f4f4f4 !important;}&#8221;]<\/p>\n<h4><div class=\"gap\" style=\"line-height: 20px; height: 20px;\"><\/div><\/h4>\n<h4 style=\"text-align: left;\">The winemaker&#8217;s corner<\/h4>\n<div class=\"gap\" style=\"line-height: 10px; height: 10px;\"><\/div>\n<p>S<\/p>\n<p>Palustrous limestone soils dating from the Tertiary period.<\/p>\n<p>Angled stones and silica pebbles from the Montagne Noire.<\/p>\n<p>The grapes are harvested at slight over-ripeness, destemmed, and then fermented. A gentle and qualitative extraction takes place during daily pumping-over at controlled temperature. Daily tastings help determine the end of post-fermentation maceration.<\/p>\n<p>Aging in a new 225L French oak barrel for 12 months for the entire cuv\u00e9e.<\/p>\n<p>Aging potential: 4 &#8211; 10 years.<\/p>\n<div class=\"gap\" style=\"line-height: 20px; height: 20px;\"><\/div>[\/vc_column_text][\/vc_column][\/vc_row]<\/p>\n<\/div>","protected":false},"excerpt":{"rendered":"<p>Cuv\u00e9e MMV 2018 [vc_row][vc_column][vc_column_text] MMV &#8211; 2005. Since 2005, the Danglas family has expressed its taste for excellence through the creation of its wines. Sourced from the oldest vines, MMV reveals the best of the Paraza terroir. MMV combines the aromatic finesse of Syrahs and the complexity of very old Grenaches, all structured by 12&hellip;<\/p>\n","protected":false},"featured_media":11911,"comment_status":"closed","ping_status":"closed","template":"","meta":[],"product_cat":[99],"product_tag":[242],"yoast_head":"<!-- This site is optimized with the Yoast SEO plugin v21.8.1 - https:\/\/yoast.com\/wordpress\/plugins\/seo\/ -->\n<title>Cuv\u00e9e MMV 2018 - Ch\u00e2teau de Paraza<\/title>\n<meta name=\"description\" content=\"Sourced from the oldest vines Cuv\u00e9e MMV 2018 reveals the best of the Paraza terroir. Incredible aromatic persistence on the finish. All in finesse.\" \/>\n<meta name=\"robots\" content=\"index, follow, max-snippet:-1, max-image-preview:large, max-video-preview:-1\" \/>\n<link rel=\"canonical\" href=\"https:\/\/www.chateau-de-paraza.com\/en\/boutique\/uncategorized\/cuvee-mmv-2018-red-wine-minervois\/\" \/>\n<meta property=\"og:locale\" content=\"en_US\" \/>\n<meta property=\"og:type\" content=\"article\" \/>\n<meta property=\"og:title\" content=\"Cuv\u00e9e MMV 2018 - Ch\u00e2teau de Paraza\" \/>\n<meta property=\"og:description\" content=\"Sourced from the oldest vines Cuv\u00e9e MMV 2018 reveals the best of the Paraza terroir. Incredible aromatic persistence on the finish. All in finesse.\" \/>\n<meta property=\"og:url\" content=\"https:\/\/www.chateau-de-paraza.com\/en\/boutique\/uncategorized\/cuvee-mmv-2018-red-wine-minervois\/\" \/>\n<meta property=\"og:site_name\" content=\"Ch\u00e2teau de Paraza\" \/>\n<meta property=\"article:publisher\" content=\"https:\/\/www.facebook.com\/chateaudeparaza\" \/>\n<meta property=\"article:modified_time\" content=\"2025-06-18T08:17:22+00:00\" \/>\n<meta property=\"og:image\" content=\"https:\/\/www.chateau-de-paraza.com\/wp-content\/uploads\/2016\/12\/MMV-2018.png\" \/>\n\t<meta property=\"og:image:width\" content=\"1080\" \/>\n\t<meta property=\"og:image:height\" content=\"1080\" \/>\n\t<meta property=\"og:image:type\" content=\"image\/png\" \/>\n<meta name=\"twitter:card\" content=\"summary_large_image\" \/>\n<meta name=\"twitter:site\" content=\"@ChateauDeParaza\" \/>\n<meta name=\"twitter:label1\" content=\"Est. reading time\" \/>\n\t<meta name=\"twitter:data1\" content=\"2 minutes\" \/>\n<script type=\"application\/ld+json\" class=\"yoast-schema-graph\">{\"@context\":\"https:\/\/schema.org\",\"@graph\":[{\"@type\":\"WebPage\",\"@id\":\"https:\/\/www.chateau-de-paraza.com\/en\/boutique\/uncategorized\/cuvee-mmv-2018-red-wine-minervois\/\",\"url\":\"https:\/\/www.chateau-de-paraza.com\/en\/boutique\/uncategorized\/cuvee-mmv-2018-red-wine-minervois\/\",\"name\":\"Cuv\u00e9e MMV 2018 - Ch\u00e2teau de Paraza\",\"isPartOf\":{\"@id\":\"https:\/\/www.chateau-de-paraza.com\/#website\"},\"datePublished\":\"2024-12-02T11:53:10+00:00\",\"dateModified\":\"2025-06-18T08:17:22+00:00\",\"description\":\"Sourced from the oldest vines Cuv\u00e9e MMV 2018 reveals the best of the Paraza terroir. Incredible aromatic persistence on the finish. All in finesse.\",\"breadcrumb\":{\"@id\":\"https:\/\/www.chateau-de-paraza.com\/en\/boutique\/uncategorized\/cuvee-mmv-2018-red-wine-minervois\/#breadcrumb\"},\"inLanguage\":\"en-US\",\"potentialAction\":[{\"@type\":\"ReadAction\",\"target\":[\"https:\/\/www.chateau-de-paraza.com\/en\/boutique\/uncategorized\/cuvee-mmv-2018-red-wine-minervois\/\"]}]},{\"@type\":\"BreadcrumbList\",\"@id\":\"https:\/\/www.chateau-de-paraza.com\/en\/boutique\/uncategorized\/cuvee-mmv-2018-red-wine-minervois\/#breadcrumb\",\"itemListElement\":[{\"@type\":\"ListItem\",\"position\":1,\"name\":\"Accueil\",\"item\":\"https:\/\/www.chateau-de-paraza.com\/en\/\"},{\"@type\":\"ListItem\",\"position\":2,\"name\":\"Wine shop\",\"item\":\"https:\/\/www.chateau-de-paraza.com\/en\/wine-shop-great-wines\/\"},{\"@type\":\"ListItem\",\"position\":3,\"name\":\"Cuv\u00e9e MMV 2018\"}]},{\"@type\":\"WebSite\",\"@id\":\"https:\/\/www.chateau-de-paraza.com\/#website\",\"url\":\"https:\/\/www.chateau-de-paraza.com\/\",\"name\":\"Ch\u00e2teau de Paraza\",\"description\":\"Site web du Ch\u00e2teau de Paraza\",\"potentialAction\":[{\"@type\":\"SearchAction\",\"target\":{\"@type\":\"EntryPoint\",\"urlTemplate\":\"https:\/\/www.chateau-de-paraza.com\/?s={search_term_string}\"},\"query-input\":\"required name=search_term_string\"}],\"inLanguage\":\"en-US\"}]}<\/script>\n<!-- \/ Yoast SEO plugin. -->","yoast_head_json":{"title":"Cuv\u00e9e MMV 2018 - Ch\u00e2teau de Paraza","description":"Sourced from the oldest vines Cuv\u00e9e MMV 2018 reveals the best of the Paraza terroir. Incredible aromatic persistence on the finish. All in finesse.","robots":{"index":"index","follow":"follow","max-snippet":"max-snippet:-1","max-image-preview":"max-image-preview:large","max-video-preview":"max-video-preview:-1"},"canonical":"https:\/\/www.chateau-de-paraza.com\/en\/boutique\/uncategorized\/cuvee-mmv-2018-red-wine-minervois\/","og_locale":"en_US","og_type":"article","og_title":"Cuv\u00e9e MMV 2018 - Ch\u00e2teau de Paraza","og_description":"Sourced from the oldest vines Cuv\u00e9e MMV 2018 reveals the best of the Paraza terroir. Incredible aromatic persistence on the finish. All in finesse.","og_url":"https:\/\/www.chateau-de-paraza.com\/en\/boutique\/uncategorized\/cuvee-mmv-2018-red-wine-minervois\/","og_site_name":"Ch\u00e2teau de Paraza","article_publisher":"https:\/\/www.facebook.com\/chateaudeparaza","article_modified_time":"2025-06-18T08:17:22+00:00","og_image":[{"width":1080,"height":1080,"url":"https:\/\/www.chateau-de-paraza.com\/wp-content\/uploads\/2016\/12\/MMV-2018.png","type":"image\/png"}],"twitter_card":"summary_large_image","twitter_site":"@ChateauDeParaza","twitter_misc":{"Est. reading time":"2 minutes"},"schema":{"@context":"https:\/\/schema.org","@graph":[{"@type":"WebPage","@id":"https:\/\/www.chateau-de-paraza.com\/en\/boutique\/uncategorized\/cuvee-mmv-2018-red-wine-minervois\/","url":"https:\/\/www.chateau-de-paraza.com\/en\/boutique\/uncategorized\/cuvee-mmv-2018-red-wine-minervois\/","name":"Cuv\u00e9e MMV 2018 - Ch\u00e2teau de Paraza","isPartOf":{"@id":"https:\/\/www.chateau-de-paraza.com\/#website"},"datePublished":"2024-12-02T11:53:10+00:00","dateModified":"2025-06-18T08:17:22+00:00","description":"Sourced from the oldest vines Cuv\u00e9e MMV 2018 reveals the best of the Paraza terroir. Incredible aromatic persistence on the finish. All in finesse.","breadcrumb":{"@id":"https:\/\/www.chateau-de-paraza.com\/en\/boutique\/uncategorized\/cuvee-mmv-2018-red-wine-minervois\/#breadcrumb"},"inLanguage":"en-US","potentialAction":[{"@type":"ReadAction","target":["https:\/\/www.chateau-de-paraza.com\/en\/boutique\/uncategorized\/cuvee-mmv-2018-red-wine-minervois\/"]}]},{"@type":"BreadcrumbList","@id":"https:\/\/www.chateau-de-paraza.com\/en\/boutique\/uncategorized\/cuvee-mmv-2018-red-wine-minervois\/#breadcrumb","itemListElement":[{"@type":"ListItem","position":1,"name":"Accueil","item":"https:\/\/www.chateau-de-paraza.com\/en\/"},{"@type":"ListItem","position":2,"name":"Wine shop","item":"https:\/\/www.chateau-de-paraza.com\/en\/wine-shop-great-wines\/"},{"@type":"ListItem","position":3,"name":"Cuv\u00e9e MMV 2018"}]},{"@type":"WebSite","@id":"https:\/\/www.chateau-de-paraza.com\/#website","url":"https:\/\/www.chateau-de-paraza.com\/","name":"Ch\u00e2teau de Paraza","description":"Site web du Ch\u00e2teau de Paraza","potentialAction":[{"@type":"SearchAction","target":{"@type":"EntryPoint","urlTemplate":"https:\/\/www.chateau-de-paraza.com\/?s={search_term_string}"},"query-input":"required name=search_term_string"}],"inLanguage":"en-US"}]}},"_links":{"self":[{"href":"https:\/\/www.chateau-de-paraza.com\/en\/wp-json\/wp\/v2\/product\/11698"}],"collection":[{"href":"https:\/\/www.chateau-de-paraza.com\/en\/wp-json\/wp\/v2\/product"}],"about":[{"href":"https:\/\/www.chateau-de-paraza.com\/en\/wp-json\/wp\/v2\/types\/product"}],"replies":[{"embeddable":true,"href":"https:\/\/www.chateau-de-paraza.com\/en\/wp-json\/wp\/v2\/comments?post=11698"}],"wp:featuredmedia":[{"embeddable":true,"href":"https:\/\/www.chateau-de-paraza.com\/en\/wp-json\/wp\/v2\/media\/11911"}],"wp:attachment":[{"href":"https:\/\/www.chateau-de-paraza.com\/en\/wp-json\/wp\/v2\/media?parent=11698"}],"wp:term":[{"taxonomy":"product_cat","embeddable":true,"href":"https:\/\/www.chateau-de-paraza.com\/en\/wp-json\/wp\/v2\/product_cat?post=11698"},{"taxonomy":"product_tag","embeddable":true,"href":"https:\/\/www.chateau-de-paraza.com\/en\/wp-json\/wp\/v2\/product_tag?post=11698"}],"curies":[{"name":"wp","href":"https:\/\/api.w.org\/{rel}","templated":true}]}}