{"id":11678,"date":"2021-11-18T18:18:49","date_gmt":"2021-11-18T17:18:49","guid":{"rendered":"https:\/\/www.chateau-de-paraza.com\/?post_type=product&#038;p=11678"},"modified":"2024-12-03T17:30:30","modified_gmt":"2024-12-03T16:30:30","slug":"ete-indien-orange-wine-minervois","status":"publish","type":"product","link":"https:\/\/www.chateau-de-paraza.com\/en\/boutique\/uncategorized\/ete-indien-orange-wine-minervois\/","title":{"rendered":"\u00c9t\u00e9 indien"},"content":{"rendered":"<div class=\"wpb-content-wrapper\"><p>\u00c9t\u00e9 indien is slightly orange, a surprising white wine,gourmand, dry, with a beautiful breadth and freshness,and a gently bitter finish.<\/p>\n<p>[vc_row][vc_column][vc_column_text]<\/p>\n<p class=\"p1\"><strong>\u00c9t\u00e9 Indien<\/strong> is a white maceration wine, commonly known as an orange wine. This natural winemaking method dates back to antiquity and is making a comeback. Thanks to its aromatic richness, Gew\u00fcrztraminer is perfectly suited to this type of vinification, which gives it a beautiful structure, along with a stunning orange hue.<\/p>\n<p>[\/vc_column_text][vc_empty_space][\/vc_column][\/vc_row][vc_row][vc_column width=&#8221;1\/4&#8243;][vc_column_text]<\/p>\n<h5>Grapes varieties<\/h5>\n<p>[\/vc_column_text][\/vc_column][vc_column width=&#8221;3\/4&#8243;][vc_column_text]100% Gewuztraminer[\/vc_column_text][\/vc_column][vc_column][vc_empty_space][\/vc_column][\/vc_row][vc_row][vc_column width=&#8221;1\/4&#8243;][vc_column_text]<\/p>\n<h5><\/h5>\n<h5>Tasting<\/h5>\n<p>[\/vc_column_text][\/vc_column][vc_column width=&#8221;3\/4&#8243;][vc_column_text]<\/p>\n<p class=\"p1\">Beautiful orange hue.The nose is slightly tangy, with notes of white flowers, pear, and honey.On the palate, the texture is enveloping, the wine is dense and balanced, with a slightly tannic structure that gives it tension and a lovely, lingering finish.A fruity and dry wine, perfect for pairing with original food and wine combinations (Asian cuisine, cheese).<\/p>\n<p>[\/vc_column_text][\/vc_column][vc_column][vc_empty_space][\/vc_column][\/vc_row][vc_row][vc_column width=&#8221;1\/4&#8243;][vc_column_text]<\/p>\n<h5><\/h5>\n<h5>Temp\u00e9rature<\/h5>\n<p>[\/vc_column_text][\/vc_column][vc_column width=&#8221;3\/4&#8243;][vc_column_text]10-12\u00ba \u00e0 l&#8217;ap\u00e9ritif | 12-14\u00ba \u00e0 table[\/vc_column_text][\/vc_column][vc_column][vc_empty_space][\/vc_column][\/vc_row][vc_row][vc_column width=&#8221;1\/4&#8243;][vc_column_text]<\/p>\n<h5>Food and wine<\/h5>\n<p>[\/vc_column_text][\/vc_column][vc_column width=&#8221;3\/4&#8243;][vc_column_text]The smooth character of \u00c9t\u00e9 Indien makes it an easy-drinking and versatile wine. It pairs effortlessly with fresh, spicy Asian cuisine and offers interesting combinations with a variety of cheeses. It also pairs wonderfully with fish and chips and a delicious tartar sauce.[\/vc_column_text][\/vc_column][vc_column][vc_empty_space][\/vc_column][\/vc_row][vc_row][vc_column width=&#8221;1\/4&#8243;][vc_column_text]<\/p>\n<h5><\/h5>\n<h5>Awards<\/h5>\n<p>[\/vc_column_text][\/vc_column][vc_column width=&#8221;3\/4&#8243;][\/vc_column][vc_column][vc_empty_space][\/vc_column][\/vc_row][vc_row][vc_column]<div class=\"hr-thin style-double\" style=\"width: 100%;\"><\/div>[\/vc_column][\/vc_row][vc_row][vc_column][vc_column_text css=&#8221;.vc_custom_1637256803100{padding-left: 20px !important;background-color: #f4f4f4 !important;}&#8221;]<\/p>\n<h4><div class=\"gap\" style=\"line-height: 20px; height: 20px;\"><\/div><\/h4>\n<h4 style=\"text-align: left;\">The winemarker&#8217;s corner<\/h4>\n<div class=\"gap\" style=\"line-height: 10px; height: 10px;\"><\/div>\n<p>Soil: Clay-limestone, from the Bois vineyard.<\/p>\n<p>The 2021 vintage was harvested on August 20th, at full ripeness. They grapes are first destemmed, then crushed and placed in a vat with their skins and seeds. And the skin contact maceration lasts for 10 days at a temperature of 20\u00b0C. A gentle extraction takes place before pressing. The wine then undergoes malolactic fermentation and is left to rest for several weeks. Pre-bottling filtration follows.<\/p>\n<p><strong>WHITE MACERATION WINE<\/strong><\/p>\n<p>Cellaring potential: 3 to 5 years. An interesting feature of orange wine is that it ages very pleasantly; its texture becomes even more enveloping, and its aromas grow more complex over time.<\/p>\n<div class=\"gap\" style=\"line-height: 20px; height: 20px;\"><\/div>[\/vc_column_text][\/vc_column][\/vc_row][vc_row][vc_column][vc_empty_space]<div class=\"hr-thin style-double\" style=\"width: 100%;\"><\/div>[\/vc_column][\/vc_row][vc_row][vc_column][vc_column_text css=&#8221;.vc_custom_1663581162742{padding-left: 20px !important;background-color: #f4f4f4 !important;}&#8221;]<\/p>\n<h4><div class=\"gap\" style=\"line-height: 20px; height: 20px;\"><\/div><\/h4>\n<h4 style=\"text-align: left;\">What those who have tasted it think &#x1f914;<\/h4>\n<div class=\"gap\" style=\"line-height: 20px; height: 20px;\"><\/div>\n<p><strong>Neither white, nor ros\u00e9, nor red&#8230; wine can be orange (and delicious!)<\/strong><\/p>\n<p>By Fr\u00e9d\u00e9rique Lebel, September 16, 2022<\/p>\n<p><a href=\"https:\/\/jevouschouchoute.fr\/2022\/09\/16\/ni-blanc-ni-rose-ni-rouge-le-vin-peut-etre-orange-et-delicieux\/\" target=\"_new\" rel=\"noopener\">Read the full article here<\/a><\/p>\n<p>Available on the Petit Ballon website (<a href=\"http:\/\/www.lepetitballon.com\" target=\"_new\" rel=\"noopener\">www.lepetitballon.com<\/a>) and in the brand&#8217;s two stores in Paris (Saint-Lazare and Paris Commerce), priced at 14 euros per bottle.<\/p>\n<div class=\"gap\" style=\"line-height: 20px; height: 20px;\"><\/div>[\/vc_column_text][\/vc_column][\/vc_row]<\/p>\n<\/div>","protected":false},"excerpt":{"rendered":"<p>\u00c9t\u00e9 indien is slightly orange, a surprising white wine,gourmand, dry, with a beautiful breadth and freshness,and a gently bitter finish. [vc_row][vc_column][vc_column_text] \u00c9t\u00e9 Indien is a white maceration wine, commonly known as an orange wine. This natural winemaking method dates back to antiquity and is making a comeback. Thanks to its aromatic richness, Gew\u00fcrztraminer is perfectly&hellip;<\/p>\n","protected":false},"featured_media":11925,"comment_status":"closed","ping_status":"closed","template":"","meta":[],"product_cat":[99],"product_tag":[],"yoast_head":"<!-- This site is optimized with the Yoast SEO plugin v21.8.1 - https:\/\/yoast.com\/wordpress\/plugins\/seo\/ -->\n<title>\u00c9t\u00e9 indien - The Orange wine from Ch\u00e2teau de Paraza<\/title>\n<meta name=\"description\" content=\"\u00c9t\u00e9 indien is slightly orange, a surprising white wine,gourmand, dry, with a beautiful breadth and freshness,and a gently bitter finish.\" \/>\n<meta name=\"robots\" content=\"index, follow, max-snippet:-1, max-image-preview:large, max-video-preview:-1\" \/>\n<link rel=\"canonical\" href=\"https:\/\/www.chateau-de-paraza.com\/en\/boutique\/uncategorized\/ete-indien-orange-wine-minervois\/\" \/>\n<meta property=\"og:locale\" content=\"en_US\" \/>\n<meta property=\"og:type\" content=\"article\" \/>\n<meta property=\"og:title\" content=\"\u00c9t\u00e9 indien - The Orange wine from Ch\u00e2teau de Paraza\" \/>\n<meta property=\"og:description\" content=\"\u00c9t\u00e9 indien is slightly orange, a surprising white wine,gourmand, dry, with a beautiful breadth and freshness,and a gently bitter finish.\" \/>\n<meta property=\"og:url\" content=\"https:\/\/www.chateau-de-paraza.com\/en\/boutique\/uncategorized\/ete-indien-orange-wine-minervois\/\" \/>\n<meta property=\"og:site_name\" content=\"Ch\u00e2teau de Paraza\" \/>\n<meta property=\"article:publisher\" content=\"https:\/\/www.facebook.com\/chateaudeparaza\" \/>\n<meta property=\"article:modified_time\" content=\"2024-12-03T16:30:30+00:00\" \/>\n<meta property=\"og:image\" content=\"https:\/\/www.chateau-de-paraza.com\/wp-content\/uploads\/2021\/11\/Ete-Indien.png\" \/>\n\t<meta property=\"og:image:width\" content=\"1080\" \/>\n\t<meta property=\"og:image:height\" content=\"1080\" \/>\n\t<meta property=\"og:image:type\" content=\"image\/png\" \/>\n<meta name=\"twitter:card\" content=\"summary_large_image\" \/>\n<meta name=\"twitter:site\" content=\"@ChateauDeParaza\" \/>\n<meta name=\"twitter:label1\" content=\"Est. reading time\" \/>\n\t<meta name=\"twitter:data1\" content=\"3 minutes\" \/>\n<script type=\"application\/ld+json\" class=\"yoast-schema-graph\">{\"@context\":\"https:\/\/schema.org\",\"@graph\":[{\"@type\":\"WebPage\",\"@id\":\"https:\/\/www.chateau-de-paraza.com\/en\/boutique\/uncategorized\/ete-indien-orange-wine-minervois\/\",\"url\":\"https:\/\/www.chateau-de-paraza.com\/en\/boutique\/uncategorized\/ete-indien-orange-wine-minervois\/\",\"name\":\"\u00c9t\u00e9 indien - The Orange wine from Ch\u00e2teau de Paraza\",\"isPartOf\":{\"@id\":\"https:\/\/www.chateau-de-paraza.com\/#website\"},\"datePublished\":\"2021-11-18T17:18:49+00:00\",\"dateModified\":\"2024-12-03T16:30:30+00:00\",\"description\":\"\u00c9t\u00e9 indien is slightly orange, a surprising white wine,gourmand, dry, with a beautiful breadth and freshness,and a gently bitter finish.\",\"breadcrumb\":{\"@id\":\"https:\/\/www.chateau-de-paraza.com\/en\/boutique\/uncategorized\/ete-indien-orange-wine-minervois\/#breadcrumb\"},\"inLanguage\":\"en-US\",\"potentialAction\":[{\"@type\":\"ReadAction\",\"target\":[\"https:\/\/www.chateau-de-paraza.com\/en\/boutique\/uncategorized\/ete-indien-orange-wine-minervois\/\"]}]},{\"@type\":\"BreadcrumbList\",\"@id\":\"https:\/\/www.chateau-de-paraza.com\/en\/boutique\/uncategorized\/ete-indien-orange-wine-minervois\/#breadcrumb\",\"itemListElement\":[{\"@type\":\"ListItem\",\"position\":1,\"name\":\"Accueil\",\"item\":\"https:\/\/www.chateau-de-paraza.com\/en\/\"},{\"@type\":\"ListItem\",\"position\":2,\"name\":\"Wine shop\",\"item\":\"https:\/\/www.chateau-de-paraza.com\/en\/wine-shop-great-wines\/\"},{\"@type\":\"ListItem\",\"position\":3,\"name\":\"\u00c9t\u00e9 indien\"}]},{\"@type\":\"WebSite\",\"@id\":\"https:\/\/www.chateau-de-paraza.com\/#website\",\"url\":\"https:\/\/www.chateau-de-paraza.com\/\",\"name\":\"Ch\u00e2teau de Paraza\",\"description\":\"Site web du Ch\u00e2teau de Paraza\",\"potentialAction\":[{\"@type\":\"SearchAction\",\"target\":{\"@type\":\"EntryPoint\",\"urlTemplate\":\"https:\/\/www.chateau-de-paraza.com\/?s={search_term_string}\"},\"query-input\":\"required name=search_term_string\"}],\"inLanguage\":\"en-US\"}]}<\/script>\n<!-- \/ Yoast SEO plugin. -->","yoast_head_json":{"title":"\u00c9t\u00e9 indien - The Orange wine from Ch\u00e2teau de Paraza","description":"\u00c9t\u00e9 indien is slightly orange, a surprising white wine,gourmand, dry, with a beautiful breadth and freshness,and a gently bitter finish.","robots":{"index":"index","follow":"follow","max-snippet":"max-snippet:-1","max-image-preview":"max-image-preview:large","max-video-preview":"max-video-preview:-1"},"canonical":"https:\/\/www.chateau-de-paraza.com\/en\/boutique\/uncategorized\/ete-indien-orange-wine-minervois\/","og_locale":"en_US","og_type":"article","og_title":"\u00c9t\u00e9 indien - The Orange wine from Ch\u00e2teau de Paraza","og_description":"\u00c9t\u00e9 indien is slightly orange, a surprising white wine,gourmand, dry, with a beautiful breadth and freshness,and a gently bitter finish.","og_url":"https:\/\/www.chateau-de-paraza.com\/en\/boutique\/uncategorized\/ete-indien-orange-wine-minervois\/","og_site_name":"Ch\u00e2teau de Paraza","article_publisher":"https:\/\/www.facebook.com\/chateaudeparaza","article_modified_time":"2024-12-03T16:30:30+00:00","og_image":[{"width":1080,"height":1080,"url":"https:\/\/www.chateau-de-paraza.com\/wp-content\/uploads\/2021\/11\/Ete-Indien.png","type":"image\/png"}],"twitter_card":"summary_large_image","twitter_site":"@ChateauDeParaza","twitter_misc":{"Est. reading time":"3 minutes"},"schema":{"@context":"https:\/\/schema.org","@graph":[{"@type":"WebPage","@id":"https:\/\/www.chateau-de-paraza.com\/en\/boutique\/uncategorized\/ete-indien-orange-wine-minervois\/","url":"https:\/\/www.chateau-de-paraza.com\/en\/boutique\/uncategorized\/ete-indien-orange-wine-minervois\/","name":"\u00c9t\u00e9 indien - The Orange wine from Ch\u00e2teau de Paraza","isPartOf":{"@id":"https:\/\/www.chateau-de-paraza.com\/#website"},"datePublished":"2021-11-18T17:18:49+00:00","dateModified":"2024-12-03T16:30:30+00:00","description":"\u00c9t\u00e9 indien is slightly orange, a surprising white wine,gourmand, dry, with a beautiful breadth and freshness,and a gently bitter finish.","breadcrumb":{"@id":"https:\/\/www.chateau-de-paraza.com\/en\/boutique\/uncategorized\/ete-indien-orange-wine-minervois\/#breadcrumb"},"inLanguage":"en-US","potentialAction":[{"@type":"ReadAction","target":["https:\/\/www.chateau-de-paraza.com\/en\/boutique\/uncategorized\/ete-indien-orange-wine-minervois\/"]}]},{"@type":"BreadcrumbList","@id":"https:\/\/www.chateau-de-paraza.com\/en\/boutique\/uncategorized\/ete-indien-orange-wine-minervois\/#breadcrumb","itemListElement":[{"@type":"ListItem","position":1,"name":"Accueil","item":"https:\/\/www.chateau-de-paraza.com\/en\/"},{"@type":"ListItem","position":2,"name":"Wine shop","item":"https:\/\/www.chateau-de-paraza.com\/en\/wine-shop-great-wines\/"},{"@type":"ListItem","position":3,"name":"\u00c9t\u00e9 indien"}]},{"@type":"WebSite","@id":"https:\/\/www.chateau-de-paraza.com\/#website","url":"https:\/\/www.chateau-de-paraza.com\/","name":"Ch\u00e2teau de Paraza","description":"Site web du Ch\u00e2teau de Paraza","potentialAction":[{"@type":"SearchAction","target":{"@type":"EntryPoint","urlTemplate":"https:\/\/www.chateau-de-paraza.com\/?s={search_term_string}"},"query-input":"required name=search_term_string"}],"inLanguage":"en-US"}]}},"_links":{"self":[{"href":"https:\/\/www.chateau-de-paraza.com\/en\/wp-json\/wp\/v2\/product\/11678"}],"collection":[{"href":"https:\/\/www.chateau-de-paraza.com\/en\/wp-json\/wp\/v2\/product"}],"about":[{"href":"https:\/\/www.chateau-de-paraza.com\/en\/wp-json\/wp\/v2\/types\/product"}],"replies":[{"embeddable":true,"href":"https:\/\/www.chateau-de-paraza.com\/en\/wp-json\/wp\/v2\/comments?post=11678"}],"wp:featuredmedia":[{"embeddable":true,"href":"https:\/\/www.chateau-de-paraza.com\/en\/wp-json\/wp\/v2\/media\/11925"}],"wp:attachment":[{"href":"https:\/\/www.chateau-de-paraza.com\/en\/wp-json\/wp\/v2\/media?parent=11678"}],"wp:term":[{"taxonomy":"product_cat","embeddable":true,"href":"https:\/\/www.chateau-de-paraza.com\/en\/wp-json\/wp\/v2\/product_cat?post=11678"},{"taxonomy":"product_tag","embeddable":true,"href":"https:\/\/www.chateau-de-paraza.com\/en\/wp-json\/wp\/v2\/product_tag?post=11678"}],"curies":[{"name":"wp","href":"https:\/\/api.w.org\/{rel}","templated":true}]}}