{"id":11555,"date":"2022-09-12T16:43:02","date_gmt":"2022-09-12T15:43:02","guid":{"rendered":"https:\/\/www.chateau-de-paraza.com\/?post_type=product&#038;p=11555"},"modified":"2024-11-20T15:09:43","modified_gmt":"2024-11-20T14:09:43","slug":"dolce-vita-2020","status":"publish","type":"product","link":"https:\/\/www.chateau-de-paraza.com\/en\/boutique\/uncategorized\/dolce-vita-2020\/","title":{"rendered":"Dolce vita 2020"},"content":{"rendered":"<div class=\"wpb-content-wrapper\"><p>Dolce vita, the perfect blend of quality, refinement, conviviality, and simplicity, that makes you feel immediately at ease.<\/p>\n<p>[vc_row][vc_column][vc_column_text]<span style=\"color: #000000;\">[\/vc_column_text][\/vc_column][\/vc_row][vc_row][vc_column][vc_column_text]\u00a0<\/span><\/p>\n<h3 style=\"text-align: left;\"><span style=\"color: #000000;\">DOLCE VITA\u00a0<\/span><\/h3>\n<h5><em>*sweet life<\/em><\/h5>\n<p>[\/vc_column_text][vc_column_textDolce Vita, the new original cuv\u00e9e from Ch\u00e2teau de Paraza. Far from the Syrah and Grenache that characterize <a href=\"https:\/\/www.chateau-de-paraza.com\/en\/domaine\/terroiretphilosophie\/\">our estate<\/a>, immerse yourself in a subtle blend of Cabernet Franc and Merlot. Aromas of round and smooth fruits, with fine yet present tannins, this wine is both pleasant and complex. Its dolce vita from Paraza.[\/vc_column_text][vc_empty_space][\/vc_column][\/vc_row][vc_row][vc_column width=&#8221;1\/4&#8243;][vc_column_text]<\/p>\n<h5><span style=\"color: #000000;\">Grape varieties<\/span><\/h5>\n<p><span style=\"color: #000000;\">[\/vc_column_text][\/vc_column][vc_column width=&#8221;3\/4&#8243;][vc_column_text] <a href=\"https:\/\/www.paysdoc-wines.com\/\">IGP Pays D&#8217;OC<\/a> <span style=\"color: #000000;\">70% Cabernet Franc &#8211; 30% Merlot<\/span>[\/vc_column_text][\/vc_column][vc_column][vc_empty_space][\/vc_column][\/vc_row][vc_row][vc_column width=&#8221;1\/4&#8243;][vc_column_text]<\/span><\/p>\n<h5><\/h5>\n<h5><span style=\"color: #000000;\">Tasting<\/span><\/h5>\n<p><span style=\"color: #000000;\">[\/vc_column_text][\/vc_column][vc_column width=&#8221;3\/4&#8243;][vc_column_text]\u00a0<\/span><\/p>\n<p>The wine is deep in color and presents aromas of green pepper, stewed fruits, supported by a lovely floral nuance.<\/p>\n<p>On the palate, the fruit aromas are round and smooth, with fine yet present tannins.<\/p>\n<p>Pleasant and complex, this wine can be enjoyed now or over the coming years<\/p>\n<p>[\/vc_column_text][\/vc_column][vc_column][vc_empty_space][\/vc_column][\/vc_row][vc_row][vc_column width=&#8221;1\/4&#8243;][vc_column_text]<\/p>\n<h5><\/h5>\n<h5><span style=\"color: #000000;\">Temp\u00e9rature\u00a0<\/span><\/h5>\n<p><span style=\"color: #000000;\">[\/vc_column_text][\/vc_column][vc_column width=&#8221;3\/4&#8243;][vc_column_text]<span style=\"color: #000000;\">16-18\u00ba<\/span><\/span><\/p>\n<p>[\/vc_column_text][\/vc_column][vc_column][vc_empty_space][\/vc_column][\/vc_row][vc_row][vc_column width=&#8221;1\/4&#8243;][vc_column_text]<\/p>\n<h5><span style=\"color: #000000;\">Accords food and wine<\/span><\/h5>\n<p><span style=\"color: #000000;\">[\/vc_column_text][\/vc_column][vc_column width=&#8221;3\/4&#8243;][vc_column_text]Smoothness and structure: it has character and pairs well with rich and flavorful cuisine. Ideal with grilled red meats, it is also delightful with aged cheeses (Comt\u00e9 from Jura, Saint-Nectaire, Pyr\u00e9n\u00e9es sheep&#8217;s milk cheese). Dolce Vita is also irresistible with Italian specialties (parmigiana, Neapolitan pizza, pasta with rag\u00f9 della nonna sauce)<span style=\"color: #000000;\">\u00a0<\/span>[\/vc_column_text][\/vc_column][vc_column][vc_empty_space][\/vc_column][\/vc_row][vc_row][vc_column width=&#8221;1\/4&#8243;][vc_column_text]<\/span><\/p>\n<h5><\/h5>\n<h5><span style=\"color: #000000;\">Awards\u00a0<\/span><\/h5>\n<p><span style=\"color: #000000;\">[\/vc_column_text][\/vc_column][vc_column width=&#8221;3\/4&#8243;][vc_column_text] 88 points on Decanter recommends.\u00a0<\/span><\/p>\n<p>[\/vc_column_text][\/vc_column][vc_column][vc_empty_space][\/vc_column][\/vc_row][vc_row][vc_column]<div class=\"hr-thin style-double\" style=\"width: 100%;\"><\/div>[\/vc_column][\/vc_row][vc_row][vc_column][vc_column_text css=&#8221;.vc_custom_1662997971713{padding-left: 20px !important;background-color: #f4f4f4 !important;}&#8221;]<\/p>\n<h4><span style=\"color: #000000;\"><div class=\"gap\" style=\"line-height: 20px; height: 20px;\"><\/div><\/span><\/h4>\n<h4 style=\"text-align: left;\"><span style=\"color: #000000;\">The winemaker&#8217;s corner\u00a0<\/span><\/h4>\n<p><span style=\"color: #000000;\"><div class=\"gap\" style=\"line-height: 10px; height: 10px;\"><\/div><\/span><\/p>\n<p>Paleolithic calcareous marsh soils dating back to the Tertiary period. River deposits from the Pliocene with siliceous pebbles from the Montagne Noire.<\/p>\n<p>Parcel by parcel work, grape variety by grape variety, aiming for optimal ripeness in Merlot and Cabernet Franc.<\/p>\n<p>First, the two grape varieties are harvested separately according to their ripeness and tasting results. They are then destemmed and put into fermentation. A gentle and qualitative extraction takes place, notably through daily pumpovers at controlled temperature. Finally, daily tasting of the different tanks helps define the end of the post-fermentation maceration.<\/p>\n<p>The blending of the Dolce Vita cuv\u00e9e takes place in December, once all fermentations are complete.<\/p>\n<p>Aging potential: 2 &#8211; 10 years.<\/p>\n<p><span style=\"color: #000000;\"><div class=\"gap\" style=\"line-height: 20px; height: 20px;\"><\/div><\/span>[\/vc_column_text][\/vc_column][\/vc_row][vc_row][vc_column][vc_column_text][\/vc_column_text][\/vc_column][\/vc_row]<\/p>\n<\/div>","protected":false},"excerpt":{"rendered":"<p>Dolce vita, the perfect blend of quality, refinement, conviviality, and simplicity, that makes you feel immediately at ease. [vc_row][vc_column][vc_column_text][\/vc_column_text][\/vc_column][\/vc_row][vc_row][vc_column][vc_column_text]\u00a0 DOLCE VITA\u00a0 *sweet life [\/vc_column_text][vc_column_textDolce Vita, the new original cuv\u00e9e from Ch\u00e2teau de Paraza. Far from the Syrah and Grenache that characterize our estate, immerse yourself in a subtle blend of Cabernet Franc and Merlot. Aromas&hellip;<\/p>\n","protected":false},"featured_media":8620,"comment_status":"closed","ping_status":"closed","template":"","meta":[],"product_cat":[99],"product_tag":[],"yoast_head":"<!-- This site is optimized with the Yoast SEO plugin v21.8.1 - https:\/\/yoast.com\/wordpress\/plugins\/seo\/ -->\n<title>Dolce vita - Ch\u00e2teau de Paraza<\/title>\n<meta name=\"description\" content=\"Dolce vita, the perfect blend of quality, refinement, conviviality, and simplicity, that makes you feel immediately at ease.\" \/>\n<meta name=\"robots\" content=\"index, follow, max-snippet:-1, max-image-preview:large, max-video-preview:-1\" \/>\n<link rel=\"canonical\" href=\"https:\/\/www.chateau-de-paraza.com\/en\/boutique\/uncategorized\/dolce-vita-2020\/\" \/>\n<meta property=\"og:locale\" content=\"en_US\" \/>\n<meta property=\"og:type\" content=\"article\" \/>\n<meta property=\"og:title\" content=\"Dolce vita - Ch\u00e2teau de Paraza\" \/>\n<meta property=\"og:description\" content=\"Dolce vita, the perfect blend of quality, refinement, conviviality, and simplicity, that makes you feel immediately at ease.\" \/>\n<meta property=\"og:url\" content=\"https:\/\/www.chateau-de-paraza.com\/en\/boutique\/uncategorized\/dolce-vita-2020\/\" \/>\n<meta property=\"og:site_name\" content=\"Ch\u00e2teau de Paraza\" \/>\n<meta property=\"article:publisher\" content=\"https:\/\/www.facebook.com\/chateaudeparaza\" \/>\n<meta property=\"article:modified_time\" content=\"2024-11-20T14:09:43+00:00\" \/>\n<meta property=\"og:image\" content=\"https:\/\/www.chateau-de-paraza.com\/wp-content\/uploads\/2022\/09\/Dolce-vita-sq.png\" \/>\n\t<meta property=\"og:image:width\" content=\"1080\" \/>\n\t<meta property=\"og:image:height\" content=\"1080\" \/>\n\t<meta property=\"og:image:type\" content=\"image\/png\" \/>\n<meta name=\"twitter:card\" content=\"summary_large_image\" \/>\n<meta name=\"twitter:site\" content=\"@ChateauDeParaza\" \/>\n<meta name=\"twitter:label1\" content=\"Est. reading time\" \/>\n\t<meta name=\"twitter:data1\" content=\"3 minutes\" \/>\n<script type=\"application\/ld+json\" class=\"yoast-schema-graph\">{\"@context\":\"https:\/\/schema.org\",\"@graph\":[{\"@type\":\"WebPage\",\"@id\":\"https:\/\/www.chateau-de-paraza.com\/en\/boutique\/uncategorized\/dolce-vita-2020\/\",\"url\":\"https:\/\/www.chateau-de-paraza.com\/en\/boutique\/uncategorized\/dolce-vita-2020\/\",\"name\":\"Dolce vita - Ch\u00e2teau de Paraza\",\"isPartOf\":{\"@id\":\"https:\/\/www.chateau-de-paraza.com\/#website\"},\"datePublished\":\"2022-09-12T15:43:02+00:00\",\"dateModified\":\"2024-11-20T14:09:43+00:00\",\"description\":\"Dolce vita, the perfect blend of quality, refinement, conviviality, and simplicity, that makes you feel immediately at ease.\",\"breadcrumb\":{\"@id\":\"https:\/\/www.chateau-de-paraza.com\/en\/boutique\/uncategorized\/dolce-vita-2020\/#breadcrumb\"},\"inLanguage\":\"en-US\",\"potentialAction\":[{\"@type\":\"ReadAction\",\"target\":[\"https:\/\/www.chateau-de-paraza.com\/en\/boutique\/uncategorized\/dolce-vita-2020\/\"]}]},{\"@type\":\"BreadcrumbList\",\"@id\":\"https:\/\/www.chateau-de-paraza.com\/en\/boutique\/uncategorized\/dolce-vita-2020\/#breadcrumb\",\"itemListElement\":[{\"@type\":\"ListItem\",\"position\":1,\"name\":\"Accueil\",\"item\":\"https:\/\/www.chateau-de-paraza.com\/en\/\"},{\"@type\":\"ListItem\",\"position\":2,\"name\":\"Wine shop\",\"item\":\"https:\/\/www.chateau-de-paraza.com\/en\/wine-shop-great-wines\/\"},{\"@type\":\"ListItem\",\"position\":3,\"name\":\"Dolce vita 2020\"}]},{\"@type\":\"WebSite\",\"@id\":\"https:\/\/www.chateau-de-paraza.com\/#website\",\"url\":\"https:\/\/www.chateau-de-paraza.com\/\",\"name\":\"Ch\u00e2teau de Paraza\",\"description\":\"Site web du Ch\u00e2teau de Paraza\",\"potentialAction\":[{\"@type\":\"SearchAction\",\"target\":{\"@type\":\"EntryPoint\",\"urlTemplate\":\"https:\/\/www.chateau-de-paraza.com\/?s={search_term_string}\"},\"query-input\":\"required name=search_term_string\"}],\"inLanguage\":\"en-US\"}]}<\/script>\n<!-- \/ Yoast SEO plugin. -->","yoast_head_json":{"title":"Dolce vita - Ch\u00e2teau de Paraza","description":"Dolce vita, the perfect blend of quality, refinement, conviviality, and simplicity, that makes you feel immediately at ease.","robots":{"index":"index","follow":"follow","max-snippet":"max-snippet:-1","max-image-preview":"max-image-preview:large","max-video-preview":"max-video-preview:-1"},"canonical":"https:\/\/www.chateau-de-paraza.com\/en\/boutique\/uncategorized\/dolce-vita-2020\/","og_locale":"en_US","og_type":"article","og_title":"Dolce vita - Ch\u00e2teau de Paraza","og_description":"Dolce vita, the perfect blend of quality, refinement, conviviality, and simplicity, that makes you feel immediately at ease.","og_url":"https:\/\/www.chateau-de-paraza.com\/en\/boutique\/uncategorized\/dolce-vita-2020\/","og_site_name":"Ch\u00e2teau de Paraza","article_publisher":"https:\/\/www.facebook.com\/chateaudeparaza","article_modified_time":"2024-11-20T14:09:43+00:00","og_image":[{"width":1080,"height":1080,"url":"https:\/\/www.chateau-de-paraza.com\/wp-content\/uploads\/2022\/09\/Dolce-vita-sq.png","type":"image\/png"}],"twitter_card":"summary_large_image","twitter_site":"@ChateauDeParaza","twitter_misc":{"Est. reading time":"3 minutes"},"schema":{"@context":"https:\/\/schema.org","@graph":[{"@type":"WebPage","@id":"https:\/\/www.chateau-de-paraza.com\/en\/boutique\/uncategorized\/dolce-vita-2020\/","url":"https:\/\/www.chateau-de-paraza.com\/en\/boutique\/uncategorized\/dolce-vita-2020\/","name":"Dolce vita - Ch\u00e2teau de Paraza","isPartOf":{"@id":"https:\/\/www.chateau-de-paraza.com\/#website"},"datePublished":"2022-09-12T15:43:02+00:00","dateModified":"2024-11-20T14:09:43+00:00","description":"Dolce vita, the perfect blend of quality, refinement, conviviality, and simplicity, that makes you feel immediately at ease.","breadcrumb":{"@id":"https:\/\/www.chateau-de-paraza.com\/en\/boutique\/uncategorized\/dolce-vita-2020\/#breadcrumb"},"inLanguage":"en-US","potentialAction":[{"@type":"ReadAction","target":["https:\/\/www.chateau-de-paraza.com\/en\/boutique\/uncategorized\/dolce-vita-2020\/"]}]},{"@type":"BreadcrumbList","@id":"https:\/\/www.chateau-de-paraza.com\/en\/boutique\/uncategorized\/dolce-vita-2020\/#breadcrumb","itemListElement":[{"@type":"ListItem","position":1,"name":"Accueil","item":"https:\/\/www.chateau-de-paraza.com\/en\/"},{"@type":"ListItem","position":2,"name":"Wine shop","item":"https:\/\/www.chateau-de-paraza.com\/en\/wine-shop-great-wines\/"},{"@type":"ListItem","position":3,"name":"Dolce vita 2020"}]},{"@type":"WebSite","@id":"https:\/\/www.chateau-de-paraza.com\/#website","url":"https:\/\/www.chateau-de-paraza.com\/","name":"Ch\u00e2teau de Paraza","description":"Site web du Ch\u00e2teau de Paraza","potentialAction":[{"@type":"SearchAction","target":{"@type":"EntryPoint","urlTemplate":"https:\/\/www.chateau-de-paraza.com\/?s={search_term_string}"},"query-input":"required name=search_term_string"}],"inLanguage":"en-US"}]}},"_links":{"self":[{"href":"https:\/\/www.chateau-de-paraza.com\/en\/wp-json\/wp\/v2\/product\/11555"}],"collection":[{"href":"https:\/\/www.chateau-de-paraza.com\/en\/wp-json\/wp\/v2\/product"}],"about":[{"href":"https:\/\/www.chateau-de-paraza.com\/en\/wp-json\/wp\/v2\/types\/product"}],"replies":[{"embeddable":true,"href":"https:\/\/www.chateau-de-paraza.com\/en\/wp-json\/wp\/v2\/comments?post=11555"}],"wp:featuredmedia":[{"embeddable":true,"href":"https:\/\/www.chateau-de-paraza.com\/en\/wp-json\/wp\/v2\/media\/8620"}],"wp:attachment":[{"href":"https:\/\/www.chateau-de-paraza.com\/en\/wp-json\/wp\/v2\/media?parent=11555"}],"wp:term":[{"taxonomy":"product_cat","embeddable":true,"href":"https:\/\/www.chateau-de-paraza.com\/en\/wp-json\/wp\/v2\/product_cat?post=11555"},{"taxonomy":"product_tag","embeddable":true,"href":"https:\/\/www.chateau-de-paraza.com\/en\/wp-json\/wp\/v2\/product_tag?post=11555"}],"curies":[{"name":"wp","href":"https:\/\/api.w.org\/{rel}","templated":true}]}}