{"id":11546,"date":"2023-12-13T11:19:25","date_gmt":"2023-12-13T10:19:25","guid":{"rendered":"https:\/\/www.chateau-de-paraza.com\/?post_type=product&#038;p=11546"},"modified":"2024-12-03T16:33:07","modified_gmt":"2024-12-03T15:33:07","slug":"madame-simone-2023-red-wine-light","status":"publish","type":"product","link":"https:\/\/www.chateau-de-paraza.com\/en\/boutique\/uncategorized\/madame-simone-2023-red-wine-light\/","title":{"rendered":"Madame Simone"},"content":{"rendered":"<div class=\"wpb-content-wrapper\"><p>Madame Simone, the perfect blend of Pinot Noir and Grenache. A delightful wine, smooth, full of freshness and finesse, elegance, and authenticity<\/p>\n<p>[vc_row][vc_column][vc_column_text]<span style=\"color: #000000;\">[\/vc_column_text][\/vc_column][\/vc_row][vc_row][vc_column][vc_column_text]\u00a0<\/span><\/p>\n<h2 style=\"text-align: left;\"><span style=\"color: #000000;\"><span style=\"color: #ff00ff;\">Madame Simone<\/span><\/span><\/h2>\n<p>[\/vc_column_text][vc_column_text]<\/p>\n<p>Madame Simone, the new original cuv\u00e9e from Ch\u00e2teau de Paraza. In tribute to our grandmother, we chose to create a brand new cuv\u00e9e in her image, with a predominance of Pinot Noir and Grenache.<\/p>\n<p>Dive into the world of Madame Simone during a guided tour at Ch\u00e2teau de Paraza, and discover this cuv\u00e9e during our <a href=\"https:\/\/www.chateau-de-paraza.com\/en\/experiences-degustation-visite-oenotourisme\/\">classic tasting<\/a> with family or friends in our magnificent tasting room.<\/p>\n<p>[\/vc_column_text][vc_empty_space][\/vc_column][\/vc_row][vc_row][vc_column width=&#8221;1\/4&#8243;][vc_column_text]<\/p>\n<h5><span style=\"color: #000000;\">Grapes varieties\u00a0<\/span><\/h5>\n<p><span style=\"color: #000000;\">[\/vc_column_text][\/vc_column][vc_column width=&#8221;3\/4&#8243;][vc_column_text] 6<span style=\"color: #000000;\">0% Pinot Noir &#8211; 40% Grenache <\/span>[\/vc_column_text][\/vc_column][vc_column][vc_empty_space][\/vc_column][\/vc_row][vc_row][vc_column width=&#8221;1\/4&#8243;][vc_column_text]<\/span><\/p>\n<h5><\/h5>\n<h5><span style=\"color: #000000;\">Tasting<\/span><\/h5>\n<p><span style=\"color: #000000;\">[\/vc_column_text][\/vc_column][vc_column width=&#8221;3\/4&#8243;][vc_column_text]\u00a0<\/span><\/p>\n<p>Deep color with violet hues.<\/p>\n<p>Fruity and expressive nose, blending intense aromas of red and black fruits. The palate is fruity, full of smoothness, with light tannins.&#8221;<\/p>\n<p>[\/vc_column_text][\/vc_column][vc_column][vc_empty_space][\/vc_column][\/vc_row][vc_row][vc_column width=&#8221;1\/4&#8243;][vc_column_text]<\/p>\n<h5><\/h5>\n<h5><span style=\"color: #000000;\">Temp\u00e9rature\u00a0<\/span><\/h5>\n<p><span style=\"color: #000000;\">[\/vc_column_text][\/vc_column][vc_column width=&#8221;3\/4&#8243;][vc_column_text]<span style=\"color: #000000;\">16\u00b0<\/span><\/span><\/p>\n<p>[\/vc_column_text][\/vc_column][vc_column][vc_empty_space][\/vc_column][\/vc_row][vc_row][vc_column width=&#8221;1\/4&#8243;][vc_column_text]<\/p>\n<h5><span style=\"color: #000000;\">Accords food and wine<\/span><\/h5>\n<p><span style=\"color: #000000;\">[\/vc_column_text][\/vc_column][vc_column width=&#8221;3\/4&#8243;][vc_column_text]Madame Simone is a versatile wine, perfect for opening an aperitif, light with a summer barbecue, delicious with a shepherd\u2019s pie, and fruity with a molten chocolate cake.[\/vc_column_text][\/vc_column][vc_column][vc_empty_space][\/vc_column][\/vc_row][vc_row][vc_column width=&#8221;1\/4&#8243;][vc_column_text]<\/span><\/p>\n<h5><\/h5>\n<h5><span style=\"color: #000000;\">R\u00e9compenses<\/span><\/h5>\n<p><span style=\"color: #000000;\">[\/vc_column_text][\/vc_column][vc_column width=&#8221;3\/4&#8243;][vc_column_text]Iconic cuv\u00e9e of the wines from <a href=\"https:\/\/www.paysdoc-wines.com\/\">the Pays d&#8217;Oc,<\/a> autumn-winter 2023 collection<span style=\"color: #000000;\"><br \/>\n<\/span><\/span><\/p>\n<p>[\/vc_column_text][\/vc_column][vc_column][vc_empty_space][\/vc_column][\/vc_row][vc_row][vc_column]<div class=\"hr-thin style-double\" style=\"width: 100%;\"><\/div>[\/vc_column][\/vc_row][vc_row][vc_column][vc_column_text css=&#8221;.vc_custom_1662997971713{padding-left: 20px !important;background-color: #f4f4f4 !important;}&#8221;]<\/p>\n<h4><span style=\"color: #000000;\"><div class=\"gap\" style=\"line-height: 20px; height: 20px;\"><\/div><\/span><\/h4>\n<h4 style=\"text-align: left;\"><span style=\"color: #000000;\">The winemaker&#8217;s corner<\/span><\/h4>\n<p><span style=\"color: #000000;\"><div class=\"gap\" style=\"line-height: 10px; height: 10px;\"><\/div><\/span><\/p>\n<p>The two grape varieties are harvested separately according to their ripeness. They are then destemmed and put into fermentation. A gentle and qualitative extraction takes place during the daily pumpovers at controlled temperature. A tasting every day helps define the end of the post-fermentation maceration. The blending is done at the end of fermentation. Aging takes place in concrete tanks.<\/p>\n<p>Aging potential: 1 &#8211; 5 years.<\/p>\n<p><span style=\"color: #000000;\"><div class=\"gap\" style=\"line-height: 20px; height: 20px;\"><\/div><\/span>[\/vc_column_text][\/vc_column][\/vc_row][vc_row][vc_column][vc_column_text][\/vc_column_text][\/vc_column][\/vc_row]<\/p>\n<\/div>","protected":false},"excerpt":{"rendered":"<p>Madame Simone, the perfect blend of Pinot Noir and Grenache. A delightful wine, smooth, full of freshness and finesse, elegance, and authenticity [vc_row][vc_column][vc_column_text][\/vc_column_text][\/vc_column][\/vc_row][vc_row][vc_column][vc_column_text]\u00a0 Madame Simone [\/vc_column_text][vc_column_text] Madame Simone, the new original cuv\u00e9e from Ch\u00e2teau de Paraza. In tribute to our grandmother, we chose to create a brand new cuv\u00e9e in her image, with a predominance&hellip;<\/p>\n","protected":false},"featured_media":9933,"comment_status":"closed","ping_status":"closed","template":"","meta":[],"product_cat":[99],"product_tag":[],"yoast_head":"<!-- This site is optimized with the Yoast SEO plugin v21.8.1 - https:\/\/yoast.com\/wordpress\/plugins\/seo\/ -->\n<title>Madame Simone - Ch\u00e2teau de Paraza<\/title>\n<meta name=\"description\" content=\"Madame Simone, the perfect blend of Pinot Noir and Grenache. A delightful wine, smooth, full of freshness and finesse, elegance, and authenticity.\" \/>\n<meta name=\"robots\" content=\"index, follow, max-snippet:-1, max-image-preview:large, max-video-preview:-1\" \/>\n<link rel=\"canonical\" href=\"https:\/\/www.chateau-de-paraza.com\/en\/boutique\/uncategorized\/madame-simone-2023-red-wine-light\/\" \/>\n<meta property=\"og:locale\" content=\"en_US\" \/>\n<meta property=\"og:type\" content=\"article\" \/>\n<meta property=\"og:title\" content=\"Madame Simone - Ch\u00e2teau de Paraza\" \/>\n<meta property=\"og:description\" content=\"Madame Simone, the perfect blend of Pinot Noir and Grenache. A delightful wine, smooth, full of freshness and finesse, elegance, and authenticity.\" \/>\n<meta property=\"og:url\" content=\"https:\/\/www.chateau-de-paraza.com\/en\/boutique\/uncategorized\/madame-simone-2023-red-wine-light\/\" \/>\n<meta property=\"og:site_name\" content=\"Ch\u00e2teau de Paraza\" \/>\n<meta property=\"article:publisher\" content=\"https:\/\/www.facebook.com\/chateaudeparaza\" \/>\n<meta property=\"article:modified_time\" content=\"2024-12-03T15:33:07+00:00\" \/>\n<meta property=\"og:image\" content=\"https:\/\/www.chateau-de-paraza.com\/wp-content\/uploads\/2024\/02\/Design-sans-titre22-e1730720292502.png\" \/>\n\t<meta property=\"og:image:width\" content=\"1080\" \/>\n\t<meta property=\"og:image:height\" content=\"1080\" \/>\n\t<meta property=\"og:image:type\" content=\"image\/png\" \/>\n<meta name=\"twitter:card\" content=\"summary_large_image\" \/>\n<meta name=\"twitter:site\" content=\"@ChateauDeParaza\" \/>\n<meta name=\"twitter:label1\" content=\"Est. reading time\" \/>\n\t<meta name=\"twitter:data1\" content=\"2 minutes\" \/>\n<script type=\"application\/ld+json\" class=\"yoast-schema-graph\">{\"@context\":\"https:\/\/schema.org\",\"@graph\":[{\"@type\":\"WebPage\",\"@id\":\"https:\/\/www.chateau-de-paraza.com\/en\/boutique\/uncategorized\/madame-simone-2023-red-wine-light\/\",\"url\":\"https:\/\/www.chateau-de-paraza.com\/en\/boutique\/uncategorized\/madame-simone-2023-red-wine-light\/\",\"name\":\"Madame Simone - Ch\u00e2teau de Paraza\",\"isPartOf\":{\"@id\":\"https:\/\/www.chateau-de-paraza.com\/#website\"},\"datePublished\":\"2023-12-13T10:19:25+00:00\",\"dateModified\":\"2024-12-03T15:33:07+00:00\",\"description\":\"Madame Simone, the perfect blend of Pinot Noir and Grenache. A delightful wine, smooth, full of freshness and finesse, elegance, and authenticity.\",\"breadcrumb\":{\"@id\":\"https:\/\/www.chateau-de-paraza.com\/en\/boutique\/uncategorized\/madame-simone-2023-red-wine-light\/#breadcrumb\"},\"inLanguage\":\"en-US\",\"potentialAction\":[{\"@type\":\"ReadAction\",\"target\":[\"https:\/\/www.chateau-de-paraza.com\/en\/boutique\/uncategorized\/madame-simone-2023-red-wine-light\/\"]}]},{\"@type\":\"BreadcrumbList\",\"@id\":\"https:\/\/www.chateau-de-paraza.com\/en\/boutique\/uncategorized\/madame-simone-2023-red-wine-light\/#breadcrumb\",\"itemListElement\":[{\"@type\":\"ListItem\",\"position\":1,\"name\":\"Accueil\",\"item\":\"https:\/\/www.chateau-de-paraza.com\/en\/\"},{\"@type\":\"ListItem\",\"position\":2,\"name\":\"Wine shop\",\"item\":\"https:\/\/www.chateau-de-paraza.com\/en\/wine-shop-great-wines\/\"},{\"@type\":\"ListItem\",\"position\":3,\"name\":\"Madame Simone\"}]},{\"@type\":\"WebSite\",\"@id\":\"https:\/\/www.chateau-de-paraza.com\/#website\",\"url\":\"https:\/\/www.chateau-de-paraza.com\/\",\"name\":\"Ch\u00e2teau de Paraza\",\"description\":\"Site web du Ch\u00e2teau de Paraza\",\"potentialAction\":[{\"@type\":\"SearchAction\",\"target\":{\"@type\":\"EntryPoint\",\"urlTemplate\":\"https:\/\/www.chateau-de-paraza.com\/?s={search_term_string}\"},\"query-input\":\"required name=search_term_string\"}],\"inLanguage\":\"en-US\"}]}<\/script>\n<!-- \/ Yoast SEO plugin. -->","yoast_head_json":{"title":"Madame Simone - Ch\u00e2teau de Paraza","description":"Madame Simone, the perfect blend of Pinot Noir and Grenache. A delightful wine, smooth, full of freshness and finesse, elegance, and authenticity.","robots":{"index":"index","follow":"follow","max-snippet":"max-snippet:-1","max-image-preview":"max-image-preview:large","max-video-preview":"max-video-preview:-1"},"canonical":"https:\/\/www.chateau-de-paraza.com\/en\/boutique\/uncategorized\/madame-simone-2023-red-wine-light\/","og_locale":"en_US","og_type":"article","og_title":"Madame Simone - Ch\u00e2teau de Paraza","og_description":"Madame Simone, the perfect blend of Pinot Noir and Grenache. A delightful wine, smooth, full of freshness and finesse, elegance, and authenticity.","og_url":"https:\/\/www.chateau-de-paraza.com\/en\/boutique\/uncategorized\/madame-simone-2023-red-wine-light\/","og_site_name":"Ch\u00e2teau de Paraza","article_publisher":"https:\/\/www.facebook.com\/chateaudeparaza","article_modified_time":"2024-12-03T15:33:07+00:00","og_image":[{"width":1080,"height":1080,"url":"https:\/\/www.chateau-de-paraza.com\/wp-content\/uploads\/2024\/02\/Design-sans-titre22-e1730720292502.png","type":"image\/png"}],"twitter_card":"summary_large_image","twitter_site":"@ChateauDeParaza","twitter_misc":{"Est. reading time":"2 minutes"},"schema":{"@context":"https:\/\/schema.org","@graph":[{"@type":"WebPage","@id":"https:\/\/www.chateau-de-paraza.com\/en\/boutique\/uncategorized\/madame-simone-2023-red-wine-light\/","url":"https:\/\/www.chateau-de-paraza.com\/en\/boutique\/uncategorized\/madame-simone-2023-red-wine-light\/","name":"Madame Simone - Ch\u00e2teau de Paraza","isPartOf":{"@id":"https:\/\/www.chateau-de-paraza.com\/#website"},"datePublished":"2023-12-13T10:19:25+00:00","dateModified":"2024-12-03T15:33:07+00:00","description":"Madame Simone, the perfect blend of Pinot Noir and Grenache. A delightful wine, smooth, full of freshness and finesse, elegance, and authenticity.","breadcrumb":{"@id":"https:\/\/www.chateau-de-paraza.com\/en\/boutique\/uncategorized\/madame-simone-2023-red-wine-light\/#breadcrumb"},"inLanguage":"en-US","potentialAction":[{"@type":"ReadAction","target":["https:\/\/www.chateau-de-paraza.com\/en\/boutique\/uncategorized\/madame-simone-2023-red-wine-light\/"]}]},{"@type":"BreadcrumbList","@id":"https:\/\/www.chateau-de-paraza.com\/en\/boutique\/uncategorized\/madame-simone-2023-red-wine-light\/#breadcrumb","itemListElement":[{"@type":"ListItem","position":1,"name":"Accueil","item":"https:\/\/www.chateau-de-paraza.com\/en\/"},{"@type":"ListItem","position":2,"name":"Wine shop","item":"https:\/\/www.chateau-de-paraza.com\/en\/wine-shop-great-wines\/"},{"@type":"ListItem","position":3,"name":"Madame Simone"}]},{"@type":"WebSite","@id":"https:\/\/www.chateau-de-paraza.com\/#website","url":"https:\/\/www.chateau-de-paraza.com\/","name":"Ch\u00e2teau de Paraza","description":"Site web du Ch\u00e2teau de Paraza","potentialAction":[{"@type":"SearchAction","target":{"@type":"EntryPoint","urlTemplate":"https:\/\/www.chateau-de-paraza.com\/?s={search_term_string}"},"query-input":"required name=search_term_string"}],"inLanguage":"en-US"}]}},"_links":{"self":[{"href":"https:\/\/www.chateau-de-paraza.com\/en\/wp-json\/wp\/v2\/product\/11546"}],"collection":[{"href":"https:\/\/www.chateau-de-paraza.com\/en\/wp-json\/wp\/v2\/product"}],"about":[{"href":"https:\/\/www.chateau-de-paraza.com\/en\/wp-json\/wp\/v2\/types\/product"}],"replies":[{"embeddable":true,"href":"https:\/\/www.chateau-de-paraza.com\/en\/wp-json\/wp\/v2\/comments?post=11546"}],"wp:featuredmedia":[{"embeddable":true,"href":"https:\/\/www.chateau-de-paraza.com\/en\/wp-json\/wp\/v2\/media\/9933"}],"wp:attachment":[{"href":"https:\/\/www.chateau-de-paraza.com\/en\/wp-json\/wp\/v2\/media?parent=11546"}],"wp:term":[{"taxonomy":"product_cat","embeddable":true,"href":"https:\/\/www.chateau-de-paraza.com\/en\/wp-json\/wp\/v2\/product_cat?post=11546"},{"taxonomy":"product_tag","embeddable":true,"href":"https:\/\/www.chateau-de-paraza.com\/en\/wp-json\/wp\/v2\/product_tag?post=11546"}],"curies":[{"name":"wp","href":"https:\/\/api.w.org\/{rel}","templated":true}]}}