{"id":716,"date":"2015-07-01T15:03:21","date_gmt":"2015-07-01T14:03:21","guid":{"rendered":"http:\/\/chateau-de-paraza.com\/?page_id=716"},"modified":"2022-03-29T10:36:14","modified_gmt":"2022-03-29T09:36:14","slug":"great-wines","status":"publish","type":"page","link":"https:\/\/www.chateau-de-paraza.com\/en\/great-wines\/","title":{"rendered":"Wines"},"content":{"rendered":"<div class=\"wpb-content-wrapper\"><p>[vc_row][vc_column][vc_column_text]<\/p>\n<h1 style=\"text-align: center;\">GREAT WINES AVAILABLE ONLINE<\/h1>\n<div class=\"gap\" style=\"line-height: 10px; height: 10px;\"><\/div><div class=\"gap\" style=\"line-height: 10px; height: 10px;\"><\/div>\n<h3 style=\"text-align: center;\">FRUITY OR COMPLEX, DISCOVER THE MANY GREAT WINES FROM\u00a0CHATEAU DE PARAZA<\/h3>\n<p>[\/vc_column_text][vc_empty_space][vc_empty_space]<div class=\"hr-thick\" style=\"width: 25%;\"><\/div>[vc_empty_space][vc_column_text]<\/p>\n<p id=\"tw-target-text\" class=\"tw-data-text tw-text-large XcVN5d tw-ta\" dir=\"ltr\" style=\"text-align: center;\" data-placeholder=\"Traduction\"><strong><span lang=\"en\">The unprecedented episode of the pandemic affects us all &#8211; in our relationships, our lifestyles and our activities. We are wholeheartedly with you in this ordeal, and we hope that we all come out of it more united and more aware of our environment. We are sincerely grateful for your support over the months, through your kind messages and your wine orders. &#x2764;&#xfe0f; To thank you, we have prepared great offers for you. You can order directly on our website, by email at chateaudeparaza@gmail.com, or by phone at 07 78 19 16 41. <\/span><\/strong><\/p>\n<p class=\"tw-data-text tw-text-large XcVN5d tw-ta\" dir=\"ltr\" style=\"text-align: center;\" data-placeholder=\"Traduction\"><strong><span lang=\"en\">Collect your orders at the winery or receive your delivery directly to your home.<\/span><\/strong><\/p>\n<p>[\/vc_column_text][vc_empty_space height=&#8221;52px&#8221;]<div class=\"hr-thick\" style=\"width: 25%;\"><\/div>[vc_empty_space height=&#8221;52px&#8221;][vc_row_inner][vc_column_inner width=&#8221;1\/2&#8243;][vc_single_image image=&#8221;4545&#8243; img_size=&#8221;large&#8221;][vc_empty_space][\/vc_column_inner][vc_column_inner width=&#8221;1\/2&#8243;][vc_empty_space][vc_column_text]<\/p>\n<h4 style=\"text-align: left;\">At Ch\u00e2teau de Paraza, we elaborate great wines with affirmed character, offering great aromatic richness and a balanced structure. The stamp of the winemaker is expressed in the focus on fruitiness and silky tannins.<\/h4>\n<p>[\/vc_column_text][vc_empty_space]<blockquote class=\"text-big shortcode-blockquote\"><p>It is above all thanks to the care we bring to our vines all year round that we are able to grow beautiful grapes and elaborate great wines.<\/p>\n<\/blockquote>[vc_empty_space][\/vc_column_inner][\/vc_row_inner][vc_empty_space][\/vc_column][\/vc_row][vc_row][vc_column][vc_column_text]<\/p>\n<p id=\"tw-target-text\" class=\"tw-data-text tw-text-large XcVN5d tw-ta\" dir=\"ltr\" data-placeholder=\"Traduction\"><strong><span lang=\"en\">We make all our wines with passion and rigor, respecting our vines and our environment. <\/span><\/strong><\/p>\n<p class=\"tw-data-text tw-text-large XcVN5d tw-ta\" dir=\"ltr\" data-placeholder=\"Traduction\"><span lang=\"en\">&#x27a1;&#xfe0f; Our viticulture is respectful of the environment, we are HVE 3 certified. To find out more about <a href=\"https:\/\/www.chateau-de-paraza.com\/en\/domaine\/terroiretphilosophie\/\" target=\"_blank\" rel=\"noopener noreferrer\">our terroir and philosophy<\/a>. <\/span><\/p>\n<p class=\"tw-data-text tw-text-large XcVN5d tw-ta\" dir=\"ltr\" data-placeholder=\"Traduction\"><span lang=\"en\">&#x27a1;&#xfe0f; Our wines are tasted and appreciated every year during prestigious competitions. To find out more about the <a href=\"https:\/\/www.chateau-de-paraza.com\/actualites\/medailles-awards\/\" target=\"_blank\" rel=\"noopener noreferrer\">medals and awards for all of our cuv\u00e9es currently on sale<\/a>. To consult the list of older vintages, click <a href=\"https:\/\/www.chateau-de-paraza.com\/wp-content\/uploads\/2020\/11\/Liste-officielle-des-me%CC%81dailles-anciens-mille%CC%81simes-_web.pdf\" target=\"_blank\" rel=\"noopener noreferrer\">here<\/a> (PDF).<\/span><\/p>\n<p>[\/vc_column_text][vc_empty_space][\/vc_column][\/vc_row][vc_row][vc_column]<div class=\"hr-thin style-line\" style=\"width: 100%;\"><\/div>[vc_empty_space][\/vc_column][\/vc_row][vc_row][vc_column][vc_empty_space][vc_column_text]<\/p>\n<h2><strong><span style=\"color: #993300;\">EXPLORE OUR DIFFERENT TYPES OF GREAT WINES<\/span><\/strong><\/h2>\n<p>[\/vc_column_text][vc_empty_space][\/vc_column][\/vc_row][vc_row][vc_column][vc_column_text]<\/p>\n<h3><span style=\"color: #993300;\">OHLALA !\u00a0<\/span><\/h3>\n<p>[\/vc_column_text][vc_column_text]<\/p>\n<h5>Domaine de Paraza<br \/>\nIGP Pays d&#8217;Oc<\/h5>\n<p>Our original cuv\u00e9e, a special blend from the South of France<\/p>\n<h5><a href=\"https:\/\/www.chateau-de-paraza.com\/en\/contact\/\" target=\"_blank\" rel=\"noopener noreferrer\">[To buy and receive this cuv\u00e9e at home, please contact us]<\/a><\/h5>\n<p>[\/vc_column_text][vc_empty_space][\/vc_column][\/vc_row][vc_row][vc_column width=&#8221;1\/2&#8243;]<div class=\"woocommerce columns-4 \"><\/div>[\/vc_column][vc_column width=&#8221;1\/4&#8243;][vc_single_image image=&#8221;5028&#8243;][\/vc_column][vc_column width=&#8221;1\/4&#8243;][\/vc_column][\/vc_row][vc_row][vc_column][vc_empty_space][\/vc_column][\/vc_row][vc_row][vc_column][vc_column_text]<\/p>\n<h3><span style=\"color: #993300;\">The BOLD: \u00c9T\u00c9 INDIEN &#8211; orange wine, LES NUITS DE PARAZA &#8211; wine without any additional sulfite<\/span><\/h3>\n<p>[\/vc_column_text][vc_column_text]<\/p>\n<h5>Domaine of Paraza<\/h5>\n<h5>IGP Pays d&#8217;Oc and Vin de France<\/h5>\n<p>Our creative cuv\u00e9es made with varieties from outside the Minervois: 100% Gew\u00fcrztraminer for \u00c9t\u00e9 Indien, pellicular maceration (orange wine) and a blend of Merlot and Cabernet Franc for Les Nuits de Paraza (without any additional sulfite).[\/vc_column_text]<div class=\"woocommerce columns-4 \"><\/div>[vc_empty_space][\/vc_column][vc_column][vc_column_text]<\/p>\n<h3><span style=\"color: #993300;\">BAD ROSIE<\/span><\/h3>\n<p>[\/vc_column_text][vc_column_text]<\/p>\n<h5>Ch\u00e2teau\u00a0 de Paraza<br \/>\nAOC Minervois<\/h5>\n<p class=\"p1\">The ros\u00e9 wine which seduces by its freshness and its lightness.<\/p>\n<p>[\/vc_column_text][vc_empty_space][\/vc_column][\/vc_row][vc_row][vc_column width=&#8221;1\/2&#8243;]<div class=\"woocommerce columns-3 \"><\/div>[\/vc_column][vc_column width=&#8221;1\/4&#8243;][vc_single_image image=&#8221;5032&#8243;][vc_empty_space][\/vc_column][\/vc_row][vc_row][vc_column][vc_empty_space][\/vc_column][\/vc_row][vc_row][vc_column][vc_column_text]<\/p>\n<h3><span style=\"color: #993300;\">LES BULLES DE PARAZA &#8211; SPARKLING WINE<\/span><\/h3>\n<p>[\/vc_column_text][vc_column_text]<\/p>\n<h5>AOC Cr\u00e9mant de Limoux<\/h5>\n<p>Elaborated following a traditional method with grapes grown on the sublime terroir of Limoux, this cr\u00e9mant EXTRA-BRUT seduces the lovers of good sparkling wines.[\/vc_column_text][vc_empty_space]<div class=\"woocommerce columns-3 \"><\/div>[vc_empty_space][\/vc_column][\/vc_row][vc_row][vc_column][vc_column_text]<\/p>\n<h3><span style=\"color: #993300;\">CUV\u00c9E SP\u00c9CIALE COLLECTION, OUR MAIN WINES EMBLEMATIC OF THE MINERVOIS<br \/>\n<\/span><\/h3>\n<p>[\/vc_column_text][vc_column_text]<\/p>\n<h5>Ch\u00e2teau\u00a0 de Paraza<br \/>\nAOC Minervois<\/h5>\n<p>Classic and elegant wines, elaborated with grapes inspired by the tradition of the region: Syrah, Grenache, and Mourvedre[\/vc_column_text][vc_empty_space]<div class=\"woocommerce columns-3 \"><\/div>[vc_empty_space][\/vc_column][\/vc_row][vc_row][vc_column][vc_column_text]<\/p>\n<h3><span style=\"color: #993300;\">ROMAN WINES, MINERVOIS WINES MADE FROM OUR MOST ANCIENT VINES<\/span><\/h3>\n<p>[\/vc_column_text][vc_column_text]<\/p>\n<h5>Ch\u00e2teau\u00a0 de Paraza<br \/>\nAOC Minervois<\/h5>\n<p>Complex and elegant wines, elaborated with grapes coming from our oldest vines[\/vc_column_text][vc_empty_space]<div class=\"woocommerce columns-3 \"><\/div>[vc_empty_space][\/vc_column][\/vc_row][vc_row][vc_column][vc_column_text]<\/p>\n<h3><span style=\"color: #993300;\">EXCLUSIVE WINES<\/span><\/h3>\n<p>[\/vc_column_text][vc_column_text]<\/p>\n<h5>Ch\u00e2teau\u00a0 de Paraza<br \/>\nAOC Minervois<\/h5>\n<p>Our best wines, rendered sublime by a precise ageing in oak barrels.[\/vc_column_text][vc_empty_space]<div class=\"woocommerce columns-3 \"><\/div>[vc_empty_space][\/vc_column][\/vc_row][vc_row][vc_column][vc_column_text]<\/p>\n<h3><span style=\"color: #993300;\">OLD VINTAGES<\/span><\/h3>\n<p>[\/vc_column_text][vc_column_text]At the moment, we recommend:<\/p>\n<p>Cuv\u00e9e Sp\u00e9ciale 2012 and 2016<br \/>\nIn Vino Veritas 2012[\/vc_column_text][vc_empty_space]<div class=\"woocommerce columns-3 \"><\/div>[vc_empty_space][\/vc_column][\/vc_row][vc_row][vc_column][vc_column_text]<\/p>\n<h3><span style=\"color: #993300;\">PALMA &#8211; elegant white and rose<\/span><\/h3>\n<p>[\/vc_column_text][vc_column_text]<\/p>\n<h5>Ch\u00e2teau\u00a0 de Paraza<br \/>\nAOC Minervois<\/h5>\n<p><strong>P<\/strong>ascal &#8211; <strong>A<\/strong>nnick &#8211; <strong>L<\/strong>ucile &#8211; <strong>M<\/strong>atthieu &#8211; <strong>A<\/strong>ntoine&#8230; inspired by the family, elaborated with passion[\/vc_column_text][vc_empty_space]<div class=\"woocommerce columns-3 \"><\/div>[vc_empty_space][\/vc_column][\/vc_row][vc_row disable_element=&#8221;yes&#8221;][vc_column][vc_column_text]<\/p>\n<h3><span style=\"color: #993300;\">COLLECTION 100% (SYRAH &#8211; GRENACHE &#8211; MERLOT)<\/span><\/h3>\n<p>[\/vc_column_text][vc_column_text]<\/p>\n<h5>Domaine de Paraza<br \/>\nIGP Pays d&#8217;Oc<\/h5>\n<p>100% Syrah, 100% Grenache, 100% Merlot. Lovely and enjoyable wines,[\/vc_column_text][vc_empty_space]<div class=\"woocommerce columns-3 \"><\/div>[vc_empty_space][\/vc_column][\/vc_row][vc_row][vc_column]<div class=\"hr-thin style-double\" style=\"width: 100%;border-color: #f4f4f4;\"><\/div>[\/vc_column][\/vc_row][vc_row][vc_column][vc_empty_space][\/vc_column][\/vc_row][vc_row][vc_column]<section id=\"benefits-grid-1\" class=\"benefits-grid wf-container light-bg light-hover-bg light-icon-color light-icon-hover-color\" data-width=\"180px\" data-columns=\"3\"><style type=\"text\/css\">#benefits-grid-1 .benefits-grid-ico > .fa { font-size: 28px; line-height: 28px; }<\/style><div class=\"wf-cell\"><div><div class=\"text-big\"><div class=\"line-decoration\"><span class=\"benefits-grid-ico\"><i class=\"fa icon-lock-1\"><\/i><\/span><h6>SECURE PAYMENT<\/h6><\/div><\/div><\/div><\/div><div class=\"wf-cell\"><div><div class=\"text-big\"><div class=\"line-decoration\"><span class=\"benefits-grid-ico\"><i class=\"fa icon-globe-2\"><\/i><\/span><h6>SHIPPING TO 18 COUNTRIES<\/h6><\/div><\/div><\/div><\/div><div class=\"wf-cell\"><div><div class=\"text-big\"><div class=\"line-decoration\"><span class=\"benefits-grid-ico\"><i class=\"fa icon-hourglass\"><\/i><\/span><h6>FAST DELIVERY<\/h6><\/div><\/div><\/div><\/div><\/section>[\/vc_column][vc_column][vc_empty_space height=&#8221;22px&#8221;][\/vc_column][\/vc_row][vc_row][vc_column width=&#8221;1\/6&#8243;][\/vc_column][vc_column width=&#8221;2\/3&#8243;]<section id=\"benefits-grid-2\" class=\"benefits-grid wf-container light-bg light-hover-bg light-icon-color light-icon-hover-color\" data-width=\"180px\" data-columns=\"2\"><style type=\"text\/css\">#benefits-grid-2 .benefits-grid-ico > .fa { font-size: 28px; line-height: 28px; }<\/style><div class=\"wf-cell\"><div><div class=\"text-big\"><div class=\"line-decoration\"><span class=\"benefits-grid-ico\"><i class=\"fa fa-star-o\"><\/i><\/span><h6>LOYALTY BENEFITS<\/h6><\/div><\/div><\/div><\/div><div class=\"wf-cell\"><div><div class=\"text-big\"><div class=\"line-decoration\"><span class=\"benefits-grid-ico\"><i class=\"fa fa-comment-o\"><\/i><\/span><h6>WINEMAKER&#8217; ADVICE<\/h6><\/div><\/div><\/div><\/div><\/section>[\/vc_column][vc_column width=&#8221;1\/6&#8243;][\/vc_column][\/vc_row][vc_row][vc_column]<div class=\"hr-thin style-line\" style=\"width: 100%;border-color: #f4f4f4;\"><\/div>[\/vc_column][\/vc_row][vc_row][vc_column][vc_empty_space height=&#8221;52px&#8221;]<blockquote class=\"text-big shortcode-blockquote\"><p>Lovers of Minervois wines, explore more of the great wines made in our region on<a href=\"http:\/\/www.leminervois.com\/en\/\" target=\"_blank\" rel=\"noopener noreferrer\"> the site of the Minervois.\u00a0<\/a><\/p>\n<\/blockquote>[vc_empty_space][vc_btn title=&#8221;Discover our partners&#8221; size=&#8221;xs&#8221; align=&#8221;center&#8221; button_block=&#8221;true&#8221; link=&#8221;url:http%3A%2F%2Fwww.leminervois.com%2Fen%2F|target:_blank&#8221;][\/vc_column][\/vc_row]<\/p>\n<\/div>","protected":false},"excerpt":{"rendered":"<p>[vc_row][vc_column][vc_column_text] GREAT WINES AVAILABLE ONLINE FRUITY OR COMPLEX, DISCOVER THE MANY GREAT WINES FROM\u00a0CHATEAU DE PARAZA [\/vc_column_text][vc_empty_space][vc_empty_space][vc_empty_space][vc_column_text] The unprecedented episode of the pandemic affects us all &#8211; in our relationships, our lifestyles and our activities. We are wholeheartedly with you in this ordeal, and we hope that we all come out of it more united&hellip;<\/p>\n","protected":false},"author":2,"featured_media":0,"parent":0,"menu_order":0,"comment_status":"closed","ping_status":"closed","template":"","meta":[],"yoast_head":"<!-- This site is optimized with the Yoast SEO plugin v21.8.1 - https:\/\/yoast.com\/wordpress\/plugins\/seo\/ -->\n<title>Great Wines - Ch\u00e2teau de Paraza<\/title>\n<meta name=\"description\" content=\"Great wines from Chateau de Paraza: easy and fruity wines, fine traditional wines combining strength and finesse. New: sparkling wines.\" \/>\n<meta name=\"robots\" content=\"index, follow, max-snippet:-1, max-image-preview:large, max-video-preview:-1\" \/>\n<link rel=\"canonical\" href=\"https:\/\/www.chateau-de-paraza.com\/vente-de-vins-minervois\/\" \/>\n<meta property=\"og:locale\" content=\"en_US\" \/>\n<meta property=\"og:type\" content=\"article\" \/>\n<meta property=\"og:title\" content=\"Great Wines - Ch\u00e2teau de Paraza\" \/>\n<meta property=\"og:description\" content=\"Great wines from Chateau de Paraza: easy and fruity wines, fine traditional wines combining strength and finesse. New: sparkling wines.\" \/>\n<meta property=\"og:url\" content=\"https:\/\/www.chateau-de-paraza.com\/vente-de-vins-minervois\/\" \/>\n<meta property=\"og:site_name\" content=\"Ch\u00e2teau de Paraza\" \/>\n<meta property=\"article:publisher\" content=\"https:\/\/www.facebook.com\/chateaudeparaza\" \/>\n<meta property=\"article:modified_time\" content=\"2022-03-29T09:36:14+00:00\" \/>\n<meta name=\"twitter:card\" content=\"summary_large_image\" \/>\n<meta name=\"twitter:site\" content=\"@ChateauDeParaza\" \/>\n<meta name=\"twitter:label1\" content=\"Est. reading time\" \/>\n\t<meta name=\"twitter:data1\" content=\"7 minutes\" \/>\n<script type=\"application\/ld+json\" class=\"yoast-schema-graph\">{\"@context\":\"https:\/\/schema.org\",\"@graph\":[{\"@type\":\"WebPage\",\"@id\":\"https:\/\/www.chateau-de-paraza.com\/vente-de-vins-minervois\/\",\"url\":\"https:\/\/www.chateau-de-paraza.com\/vente-de-vins-minervois\/\",\"name\":\"Great Wines - Ch\u00e2teau de Paraza\",\"isPartOf\":{\"@id\":\"https:\/\/www.chateau-de-paraza.com\/#website\"},\"datePublished\":\"2015-07-01T14:03:21+00:00\",\"dateModified\":\"2022-03-29T09:36:14+00:00\",\"description\":\"Great wines from Chateau de Paraza: easy and fruity wines, fine traditional wines combining strength and finesse. New: sparkling wines.\",\"breadcrumb\":{\"@id\":\"https:\/\/www.chateau-de-paraza.com\/vente-de-vins-minervois\/#breadcrumb\"},\"inLanguage\":\"en-US\",\"potentialAction\":[{\"@type\":\"ReadAction\",\"target\":[\"https:\/\/www.chateau-de-paraza.com\/vente-de-vins-minervois\/\"]}]},{\"@type\":\"BreadcrumbList\",\"@id\":\"https:\/\/www.chateau-de-paraza.com\/vente-de-vins-minervois\/#breadcrumb\",\"itemListElement\":[{\"@type\":\"ListItem\",\"position\":1,\"name\":\"Accueil\",\"item\":\"https:\/\/www.chateau-de-paraza.com\/en\/\"},{\"@type\":\"ListItem\",\"position\":2,\"name\":\"Wines\"}]},{\"@type\":\"WebSite\",\"@id\":\"https:\/\/www.chateau-de-paraza.com\/#website\",\"url\":\"https:\/\/www.chateau-de-paraza.com\/\",\"name\":\"Ch\u00e2teau de Paraza\",\"description\":\"Site web du Ch\u00e2teau de Paraza\",\"potentialAction\":[{\"@type\":\"SearchAction\",\"target\":{\"@type\":\"EntryPoint\",\"urlTemplate\":\"https:\/\/www.chateau-de-paraza.com\/?s={search_term_string}\"},\"query-input\":\"required name=search_term_string\"}],\"inLanguage\":\"en-US\"}]}<\/script>\n<!-- \/ Yoast SEO plugin. -->","yoast_head_json":{"title":"Great Wines - Ch\u00e2teau de Paraza","description":"Great wines from Chateau de Paraza: easy and fruity wines, fine traditional wines combining strength and finesse. New: sparkling wines.","robots":{"index":"index","follow":"follow","max-snippet":"max-snippet:-1","max-image-preview":"max-image-preview:large","max-video-preview":"max-video-preview:-1"},"canonical":"https:\/\/www.chateau-de-paraza.com\/vente-de-vins-minervois\/","og_locale":"en_US","og_type":"article","og_title":"Great Wines - Ch\u00e2teau de Paraza","og_description":"Great wines from Chateau de Paraza: easy and fruity wines, fine traditional wines combining strength and finesse. New: sparkling wines.","og_url":"https:\/\/www.chateau-de-paraza.com\/vente-de-vins-minervois\/","og_site_name":"Ch\u00e2teau de Paraza","article_publisher":"https:\/\/www.facebook.com\/chateaudeparaza","article_modified_time":"2022-03-29T09:36:14+00:00","twitter_card":"summary_large_image","twitter_site":"@ChateauDeParaza","twitter_misc":{"Est. reading time":"7 minutes"},"schema":{"@context":"https:\/\/schema.org","@graph":[{"@type":"WebPage","@id":"https:\/\/www.chateau-de-paraza.com\/vente-de-vins-minervois\/","url":"https:\/\/www.chateau-de-paraza.com\/vente-de-vins-minervois\/","name":"Great Wines - Ch\u00e2teau de Paraza","isPartOf":{"@id":"https:\/\/www.chateau-de-paraza.com\/#website"},"datePublished":"2015-07-01T14:03:21+00:00","dateModified":"2022-03-29T09:36:14+00:00","description":"Great wines from Chateau de Paraza: easy and fruity wines, fine traditional wines combining strength and finesse. New: sparkling wines.","breadcrumb":{"@id":"https:\/\/www.chateau-de-paraza.com\/vente-de-vins-minervois\/#breadcrumb"},"inLanguage":"en-US","potentialAction":[{"@type":"ReadAction","target":["https:\/\/www.chateau-de-paraza.com\/vente-de-vins-minervois\/"]}]},{"@type":"BreadcrumbList","@id":"https:\/\/www.chateau-de-paraza.com\/vente-de-vins-minervois\/#breadcrumb","itemListElement":[{"@type":"ListItem","position":1,"name":"Accueil","item":"https:\/\/www.chateau-de-paraza.com\/en\/"},{"@type":"ListItem","position":2,"name":"Wines"}]},{"@type":"WebSite","@id":"https:\/\/www.chateau-de-paraza.com\/#website","url":"https:\/\/www.chateau-de-paraza.com\/","name":"Ch\u00e2teau de Paraza","description":"Site web du Ch\u00e2teau de Paraza","potentialAction":[{"@type":"SearchAction","target":{"@type":"EntryPoint","urlTemplate":"https:\/\/www.chateau-de-paraza.com\/?s={search_term_string}"},"query-input":"required name=search_term_string"}],"inLanguage":"en-US"}]}},"_links":{"self":[{"href":"https:\/\/www.chateau-de-paraza.com\/en\/wp-json\/wp\/v2\/pages\/716"}],"collection":[{"href":"https:\/\/www.chateau-de-paraza.com\/en\/wp-json\/wp\/v2\/pages"}],"about":[{"href":"https:\/\/www.chateau-de-paraza.com\/en\/wp-json\/wp\/v2\/types\/page"}],"author":[{"embeddable":true,"href":"https:\/\/www.chateau-de-paraza.com\/en\/wp-json\/wp\/v2\/users\/2"}],"replies":[{"embeddable":true,"href":"https:\/\/www.chateau-de-paraza.com\/en\/wp-json\/wp\/v2\/comments?post=716"}],"version-history":[{"count":10,"href":"https:\/\/www.chateau-de-paraza.com\/en\/wp-json\/wp\/v2\/pages\/716\/revisions"}],"predecessor-version":[{"id":4586,"href":"https:\/\/www.chateau-de-paraza.com\/en\/wp-json\/wp\/v2\/pages\/716\/revisions\/4586"}],"wp:attachment":[{"href":"https:\/\/www.chateau-de-paraza.com\/en\/wp-json\/wp\/v2\/media?parent=716"}],"curies":[{"name":"wp","href":"https:\/\/api.w.org\/{rel}","templated":true}]}}