{"id":673,"date":"2015-05-27T13:19:02","date_gmt":"2015-05-27T12:19:02","guid":{"rendered":"http:\/\/chateau-de-paraza.com\/?page_id=673"},"modified":"2026-02-05T10:44:39","modified_gmt":"2026-02-05T09:44:39","slug":"en-bed-and-breakfast-chateau-paraza-canal-du-midi","status":"publish","type":"page","link":"https:\/\/www.chateau-de-paraza.com\/en\/en-bed-and-breakfast-chateau-paraza-canal-du-midi\/","title":{"rendered":"Rooms"},"content":{"rendered":"<div class=\"wpb-content-wrapper\"><p>[vc_row][vc_column][vc_column_text]<\/p>\n<h1 style=\"text-align: center;\">Sleeping in a castle between Narbonne and Carcassonne<\/h1>\n<p>[\/vc_column_text][vc_empty_space height=&#8221;42px&#8221;][vc_column_text]<\/p>\n<p style=\"text-align: center;\">Ch\u00e2teau de Paraza is a Luxury bed and breakfast in a 17th century ch\u00e2teau near the Canal du Midi, close to Carcassonne, in Occitanie, South of France. Surrounded by vineyards, it offers elegant suites, a swimming pool, and an authentic wine estate experience.<\/p>\n<p>[\/vc_column_text][vc_column_text]<\/p>\n<p style=\"text-align: center;\">Enjoy an authentic stay amidst vineyards, nature, and heritage, in a peaceful and elegant setting. Here, everything is in place for a relaxing getaway: the charm of the stone, the comfort of the rooms, and the unique atmosphere of a ch\u00e2teau. An ideal destination to recharge, explore the surrounding area, and experience an unforgettable stay in the South of France.<\/p>\n<p>[\/vc_column_text][vc_empty_space][vc_empty_space][\/vc_column][\/vc_row][vc_row][vc_column width=&#8221;1\/2&#8243;][vc_single_image image=&#8221;5250&#8243; img_size=&#8221;medium&#8221; alignment=&#8221;center&#8221; onclick=&#8221;custom_link&#8221; img_link_target=&#8221;_blank&#8221; link=&#8221;https:\/\/www.chateau-de-paraza.com\/chambres-dhotes\/les-suites-du-chateau\/&#8221;][vc_empty_space height=&#8221;5px&#8221;][vc_column_text]<\/p>\n<h2 style=\"text-align: center;\"><a href=\"https:\/\/www.chateau-de-paraza.com\/chambres-dhotes\/les-suites-du-chateau\/\">Discover the suites<\/a><\/h2>\n<p>[\/vc_column_text][vc_empty_space][vc_column_text]Whether you&#8217;re a couple, a family, or a group of friends, experience life in a castle in one of our suites!<\/p>\n<p>French-style ceilings, herringbone parquet floors, shimmering silk curtains\u2014everything is there to contribute to the charm of this intimate and decidedly family-friendly retreat![\/vc_column_text][\/vc_column][vc_column width=&#8221;1\/2&#8243;][vc_single_image image=&#8221;9326&#8243; img_size=&#8221;medium&#8221; alignment=&#8221;center&#8221; onclick=&#8221;custom_link&#8221; img_link_target=&#8221;_blank&#8221; link=&#8221;http:\/\/chateau-de-paraza.com\/chambres\/explorer-les-environs\/&#8221;][vc_empty_space height=&#8221;5px&#8221;][vc_column_text]<\/p>\n<h2 style=\"text-align: center;\"><a href=\"http:\/\/chateau-de-paraza.com\/chambres\/explorer-les-environs\/\" target=\"_blank\" rel=\"noopener noreferrer\"><div class=\"gap\" style=\"line-height: 10px; height: 10px;\"><\/div>Explore the surroundings<\/a><\/h2>\n<p>[\/vc_column_text][vc_empty_space][vc_column_text]In the heart of Languedoc, numerous walks and activities await you.<\/p>\n<p>A stroll through the vineyards or along the Canal du Midi, a day at the seaside or exploring the treasures of Cathar country \u2013 everything is here for extraordinary experiences far from the beaten track.[\/vc_column_text][\/vc_column][\/vc_row][vc_row][vc_column][vc_empty_space][vc_zigzag][vc_empty_space][vc_column_text]<\/p>\n<h2 style=\"text-align: center;\">Swimming pools, gardens and the art of living in Occitanie<\/h2>\n<p>[\/vc_column_text][vc_empty_space][vc_column_text]<\/p>\n<p style=\"text-align: center;\">For a night or a weekend, escape to the heart of Cathar country and enjoy the pleasures of ch\u00e2teau life in your bed and breakfast. Stroll through the ch\u00e2teau grounds, along the Canal du Midi, through the vineyards, or in the charming villages of the Aude region. Discover the art of wine tasting and immerse yourself in a rich heritage of history and traditions.<\/p>\n<p>[\/vc_column_text][vc_empty_space][vc_empty_space][\/vc_column][vc_column width=&#8221;1\/2&#8243;][vc_single_image image=&#8221;5244&#8243; img_size=&#8221;medium&#8221; alignment=&#8221;center&#8221; onclick=&#8221;custom_link&#8221; img_link_target=&#8221;_blank&#8221; link=&#8221;http:\/\/chateau-de-paraza.com\/chambres\/profiter-du-chateau\/&#8221;][vc_empty_space height=&#8221;5px&#8221;][vc_column_text]<\/p>\n<h2 style=\"text-align: center;\"><a href=\"http:\/\/chateau-de-paraza.com\/chambres\/profiter-du-chateau\/\" target=\"_blank\" rel=\"noopener noreferrer\">Enjoy the castle<\/a><\/h2>\n<p>[\/vc_column_text][vc_empty_space][vc_column_text]After a restful night&#8217;s sleep at the castle, there&#8217;s nothing better than enjoying a traditional French breakfast.<\/p>\n<p>You can also take advantage of the lounges, terraces, and park, or enjoy a glass of wine by the pool[\/vc_column_text][\/vc_column][vc_column width=&#8221;1\/2&#8243;][vc_single_image image=&#8221;13046&#8243; img_size=&#8221;medium&#8221; alignment=&#8221;center&#8221; onclick=&#8221;custom_link&#8221; img_link_target=&#8221;_blank&#8221; link=&#8221;https:\/\/www.chateau-de-paraza.com\/en\/?page_id=13264&#8243;][vc_empty_space height=&#8221;5px&#8221;][vc_column_text]<\/p>\n<h2 style=\"text-align: center;\"><a href=\"https:\/\/www.chateau-de-paraza.com\/experiences-activites-degustation-visite-oenotourisme\/degustations\/\">Winetasting<\/a><\/h2>\n<p>[\/vc_column_text][vc_empty_space][vc_column_text]From April to October, the Ch\u00e2teau de Paraza wine cellar welcomes you to discover its expertise through tastings.<\/p>\n<p>Each tasting offers a different way to savor our wines. Discover the Minervois wine region directly from the estate.[\/vc_column_text][\/vc_column][\/vc_row][vc_row][vc_column][vc_empty_space][vc_zigzag][vc_empty_space][vc_column_text]<\/p>\n<h2 style=\"text-align: center;\">Elegant suites in a historic wine estate<\/h2>\n<p>[\/vc_column_text][vc_empty_space][vc_column_text]<\/p>\n<p style=\"text-align: center;\">Stay in Five suites of luxury bed and breakfast in a 17th century ch\u00e2teau near the Canal du Midi, who have been exquisitely restored in each wing of the Ch\u00e2teau, with special mention going to the sumptuous bathrooms. Ideal for a romantic getaway for couples, a trip with friends, or a family vacation. Come and discover the suites at Ch\u00e2teau de Paraza: the King&#8217;s Suite, the Baron de Jougla Suite, the Library Suite, the Countess&#8217;s Suite, and finally, the Paul Riquet Suite.<\/p>\n<p>[\/vc_column_text][vc_empty_space][vc_empty_space][\/vc_column][\/vc_row][vc_row][vc_column width=&#8221;1\/2&#8243;][vc_single_image image=&#8221;5228&#8243; img_size=&#8221;medium&#8221; alignment=&#8221;center&#8221; onclick=&#8221;custom_link&#8221; img_link_target=&#8221;_blank&#8221; link=&#8221;https:\/\/chateau-de-paraza.amenitiz.io\/fr\/booking\/room&#8221;][vc_empty_space height=&#8221;5px&#8221;][vc_column_text]<\/p>\n<h4 style=\"text-align: center;\"><\/h4>\n<h2 style=\"text-align: center;\"><a href=\"https:\/\/chateau-de-paraza.amenitiz.io\/fr\/booking\/room\" target=\"_blank\" rel=\"noopener noreferrer\"><div class=\"gap\" style=\"line-height: 5px; height: 5px;\"><\/div>Prices\u00a0<\/a><\/h2>\n<p>[\/vc_column_text][vc_empty_space][vc_column_text]Stay at Ch\u00e2teau de Paraza, near the Canal du Midi, close to Carcassonne, in Occitanie, South of France<\/p>\n<p>Discover our rates and start planning your stay!<\/p>\n<p>Choose from the castle&#8217;s 5 suites or contact us for exclusive bookings![\/vc_column_text][\/vc_column][vc_column width=&#8221;1\/2&#8243;][vc_single_image image=&#8221;5254&#8243; img_size=&#8221;medium&#8221; alignment=&#8221;center&#8221; onclick=&#8221;custom_link&#8221; img_link_target=&#8221;_blank&#8221; link=&#8221;https:\/\/chateau-de-paraza.amenitiz.io\/fr\/booking\/room&#8221;][vc_empty_space height=&#8221;5px&#8221;][vc_column_text]<\/p>\n<h2 style=\"text-align: center;\"><a href=\"https:\/\/chateau-de-paraza.amenitiz.io\/fr\/booking\/room\" target=\"_blank\" rel=\"noopener noreferrer\"><div class=\"gap\" style=\"line-height: 10px; height: 10px;\"><\/div>Book your stay<\/a><\/h2>\n<p>[\/vc_column_text][vc_empty_space][vc_column_text]Book your stay now in one of our 5 guest rooms!<\/p>\n<p>Click, book, and pack your bags![\/vc_column_text][\/vc_column][\/vc_row][vc_row][vc_column][vc_empty_space height=&#8221;52px&#8221;][vc_zigzag][vc_empty_space height=&#8221;52px&#8221;][vc_column_text]<\/p>\n<h2 style=\"text-align: center;\">Ch\u00e2teau de Paraza is ideal for travelers looking for a charming ch\u00e2teau stay, combining history, wine, and a prime location along the Canal du Midi.<\/h2>\n<p>[\/vc_column_text][vc_empty_space height=&#8221;52px&#8221;][vc_zigzag][vc_empty_space][\/vc_column][vc_column][vc_column_text]<\/p>\n<h3>DISCOVER WHAT OUR VISITORS THOUGHT OF THEIR STAY IN A BED AND BREAKFAST<\/h3>\n<p>[\/vc_column_text][vc_empty_space][\/vc_column][\/vc_row][vc_row][vc_column]<section class=\"testimonial-item testimonial-item-slider\"><ul class=\"testimonials slider-content rsCont\" data-autoslide=\"5000\">\n<li><article>\n\t<div class=\"testimonial-content\"><h3>Ein bisschen ein Haus wie im M\u00e4rchen<\/h3>\n<p>\u00dcberaus freundliche, zuvorkommende und hilfsbereite Gastgeber, ein prachtvolles Chateau, herrliche Zimmer, liebevoll eingerichtet.<\/p>\n<\/div>\n\t<div class=\"testimonial-vcard\"><div class=\"wf-td\"><span class=\"alignleft no-avatar\"><\/span><\/div><div class=\"wf-td\"><span class=\"text-primary\">Ulrike (DE)<\/span><br \/><\/div><\/div>\n<\/article>\n<\/li><li><article>\n\t<div class=\"testimonial-content\"><h3>Gorgeous period property, amazing hosts!<\/h3>\n<p>We had a fantastic stay at the Chateau Paraza. Lucile and her family made us feel incredibly welcome at their gorgeous property!!<\/p>\n<\/div>\n\t<div class=\"testimonial-vcard\"><div class=\"wf-td\"><span class=\"alignleft no-avatar\"><\/span><\/div><div class=\"wf-td\"><span class=\"text-primary\">Jacob (UK)<\/span><br \/><\/div><\/div>\n<\/article>\n<\/li><li><article>\n\t<div class=\"testimonial-content\"><h3>Just go and enjoy<\/h3>\n<p><i class=\"fa fa-smile-o\"><\/i>The staff were excellent, the location amazing.<\/p>\n<p>&nbsp;<\/p>\n<\/div>\n\t<div class=\"testimonial-vcard\"><div class=\"wf-td\"><span class=\"alignleft no-avatar\"><\/span><\/div><div class=\"wf-td\"><span class=\"text-primary\">Glenn (GB)<\/span><br \/><\/div><\/div>\n<\/article>\n<\/li><li><article>\n\t<div class=\"testimonial-content\"><h3>\u00dcbernachten wie ein K\u00f6nig<\/h3>\n<p>Das wirklich einzigartige Ambiente, die unaufdringliche Freundlichkeit, das Weingut und sein Wein&#8230;<\/p>\n<\/div>\n\t<div class=\"testimonial-vcard\"><div class=\"wf-td\"><span class=\"alignleft no-avatar\"><\/span><\/div><div class=\"wf-td\"><span class=\"text-primary\">Bettina (DE)<\/span><br \/><\/div><\/div>\n<\/article>\n<\/li><\/ul>\n<\/section>[vc_empty_space]<div class=\"hr-thick\" style=\"width: 25%;\"><\/div>[vc_empty_space][\/vc_column][vc_column][\/vc_column][\/vc_row][vc_row][vc_column][vc_single_image image=&#8221;5572&#8243; img_size=&#8221;241&#215;57&#8243;][vc_empty_space height=&#8221;22px&#8221;][vc_column_text]<\/p>\n<div id=\"TA_cdsratingsonlywide238\" class=\"TA_cdsratingsonlywide\">\n<ul id=\"Mzsw3e\" class=\"TA_links hh5orori\">\n<li id=\"Kx4YfcjaGt\" class=\"YNBTet5KI\"><a href=\"https:\/\/www.tripadvisor.fr\/\" target=\"_blank\" rel=\"noopener noreferrer\"><img decoding=\"async\" src=\"https:\/\/www.tripadvisor.fr\/img\/cdsi\/img2\/branding\/tripadvisor_logo_transp_340x80-18034-2.png\" alt=\"TripAdvisor\" \/><\/a><\/li>\n<\/ul>\n<\/div>\n<p><script src=\"https:\/\/www.jscache.com\/wejs?wtype=cdsratingsonlywide&amp;uniq=238&amp;locationId=8845292&amp;lang=fr&amp;border=false&amp;shadow=true&amp;backgroundColor=gray&amp;display_version=2\"><\/script>[\/vc_column_text][\/vc_column][\/vc_row][vc_row][vc_column][vc_empty_space height=&#8221;52px&#8221;][vc_cta h2=&#8221;R\u00e9servez votre s\u00e9jour au Ch\u00e2teau de Paraza d\u00e8s maintenant&#8221; h2_font_container=&#8221;font_size:26&#8243; h2_google_fonts=&#8221;font_family:Raleway%3A100%2C200%2C300%2Cregular%2C500%2C600%2C700%2C800%2C900|font_style:400%20regular%3A400%3Anormal&#8221; shape=&#8221;square&#8221; add_button=&#8221;right&#8221; btn_title=&#8221;R\u00e9server&#8221; btn_style=&#8221;flat&#8221; btn_color=&#8221;mulled-wine&#8221; use_custom_fonts_h2=&#8221;true&#8221; btn_link=&#8221;url:https%3A%2F%2Fchateau-de-paraza.amenitiz.io%2Ffr%2Fbooking%2Froom|target:%20_blank|&#8221;][\/vc_cta][\/vc_column][\/vc_row][vc_row][vc_column][vc_empty_space height=&#8221;52px&#8221;][vc_column_text]<\/p>\n<h2>You wish to enhance your experience:<\/h2>\n<p>[\/vc_column_text][vc_empty_space height=&#8221;52px&#8221;][\/vc_column][\/vc_row][vc_row][vc_column width=&#8221;1\/3&#8243;][vc_hoverbox image=&#8221;13084&#8243; primary_title=&#8221;&#8221; hover_title=&#8221;De 10h \u00e0 22h&#8221; hover_title_google_fonts=&#8221;font_family:Cinzel%3Aregular%2C700%2C900|font_style:400%20regular%3A400%3Anormal&#8221; shape=&#8221;square&#8221; use_custom_fonts_hover_title=&#8221;true&#8221;]<\/p>\n<p style=\"text-align: center;\">Open daily from April to October.<\/p>\n<p style=\"text-align: center;\">Wine and tapas bar on the banks of the Canal du Midi.<\/p>\n<p style=\"text-align: center;\">Reservations: 04 68 75 50 59 (phone) or 06 82 06 74 89 (text).<\/p>\n<p>[\/vc_hoverbox][vc_empty_space height=&#8221;5px&#8221;][vc_column_text]<\/p>\n<h2>Le Caf\u00e9 du Port<\/h2>\n<p>[\/vc_column_text][vc_column_text]<a href=\"https:\/\/www.instagram.com\/cafeduport.paraza?utm_source=ig_web_button_share_sheet&amp;igsh=ZDNlZDc0MzIxNw==\" target=\"_blank\" rel=\"noopener\">En savoir plus<\/a>[\/vc_column_text][\/vc_column][vc_column width=&#8221;1\/3&#8243;][vc_hoverbox image=&#8221;13095&#8243; primary_title=&#8221;&#8221; hover_title=&#8221;From April to October&#8221; hover_title_google_fonts=&#8221;font_family:Cinzel%3Aregular%2C700%2C900|font_style:400%20regular%3A400%3Anormal&#8221; shape=&#8221;square&#8221; use_custom_fonts_hover_title=&#8221;true&#8221;]Discover the wines of Ch\u00e2teau de Paraza during guided tastings, open to all.[\/vc_hoverbox][vc_empty_space height=&#8221;5px&#8221;][vc_column_text]<\/p>\n<h2>Winetasting<\/h2>\n<p>[\/vc_column_text][vc_column_text]<a href=\"https:\/\/www.chateau-de-paraza.com\/experiences-activites-degustation-visite-oenotourisme\/degustations\/\" target=\"_blank\" rel=\"noopener\">En savoir plus<\/a>[\/vc_column_text][\/vc_column][vc_column width=&#8221;1\/3&#8243;][vc_hoverbox image=&#8221;9065&#8243; primary_title=&#8221;&#8221; hover_title=&#8221;35\u20ac \/ person&#8221; hover_title_google_fonts=&#8221;font_family:Cinzel%3Aregular%2C700%2C900|font_style:400%20regular%3A400%3Anormal&#8221; shape=&#8221;square&#8221; use_custom_fonts_hover_title=&#8221;true&#8221;]Enjoy a gourmet break surrounded by wines, cheeses and charcuterie, in the shade of oak trees with a breathtaking view of the vineyards.[\/vc_hoverbox][vc_empty_space height=&#8221;5px&#8221;][vc_column_text]<\/p>\n<h2>Garden aperitif<\/h2>\n<p>[\/vc_column_text][vc_column_text]<a href=\"https:\/\/www.chateau-de-paraza.com\/?page_id=13107&amp;preview=true\" target=\"_blank\" rel=\"noopener\">En savoir plus<\/a>[\/vc_column_text][\/vc_column][\/vc_row][vc_row][vc_column][vc_empty_space height=&#8221;52px&#8221;][vc_raw_html]JTNDaWZyYW1lJTIwd2lkdGglM0QlMjI1NDAlMjIlMjBoZWlnaHQlM0QlMjI2MTAlMjIlMjBzcmMlM0QlMjJodHRwcyUzQSUyRiUyRjFkNmQ3ZjhiLnNpYmZvcm1zLmNvbSUyRnNlcnZlJTJGTVVJRUFFRktwLW5fb1M1Zm9KR2ZwQTExeFZqUUNVTGdvZ2didDYxcU1aX0NENE16eDRCMC1TVE9sX1RWVTI1VWlvTll4SWY0WHdUWWFQNEk3NFpLWkNRc2ExWUZ1ZVhfWUhqQmJEQm54SjhFdi1iMmJ3WUVvRVJZNTNjN2VrVENVNTV4eXJwV0pmME01VlpaQ0VLMjBadWVlV08yODdQNlVNNW9pc0JxUlQ5TlVWZWo4RlkzbGtDaTZ6cml3c1Z6eFJLSmkwbThhWWQzMU45eiUyMiUyMGZyYW1lYm9yZGVyJTNEJTIyMCUyMiUyMHNjcm9sbGluZyUzRCUyMmF1dG8lMjIlMjBhbGxvd2Z1bGxzY3JlZW4lMjBzdHlsZSUzRCUyMmRpc3BsYXklM0ElMjBibG9jayUzQm1hcmdpbi1sZWZ0JTNBJTIwYXV0byUzQm1hcmdpbi1yaWdodCUzQSUyMGF1dG8lM0JtYXgtd2lkdGglM0ElMjAxMDAlMjUlM0IlMjIlM0UlM0MlMkZpZnJhbWUlM0U=[\/vc_raw_html][\/vc_column][\/vc_row][vc_row][vc_column][\/vc_column][\/vc_row]<\/p>\n<\/div>","protected":false},"excerpt":{"rendered":"<p>[vc_row][vc_column][vc_column_text] Sleeping in a castle between Narbonne and Carcassonne [\/vc_column_text][vc_empty_space height=&#8221;42px&#8221;][vc_column_text] Ch\u00e2teau de Paraza is a Luxury bed and breakfast in a 17th century ch\u00e2teau near the Canal du Midi, close to Carcassonne, in Occitanie, South of France. Surrounded by vineyards, it offers elegant suites, a swimming pool, and an authentic wine estate experience. [\/vc_column_text][vc_column_text]&hellip;<\/p>\n","protected":false},"author":1,"featured_media":10489,"parent":0,"menu_order":0,"comment_status":"closed","ping_status":"closed","template":"","meta":[],"yoast_head":"<!-- This site is optimized with the Yoast SEO plugin v21.8.1 - https:\/\/yoast.com\/wordpress\/plugins\/seo\/ -->\n<title>Luxury Bed and Breakfast in a 17th Century Ch\u00e2teau-Canal du Midi<\/title>\n<meta name=\"description\" content=\"Stay in a luxury bed and breakfast in a 17th century ch\u00e2teau, wine estate, and unique accommodation near the Canal du Midi.\" \/>\n<meta name=\"robots\" content=\"index, follow, max-snippet:-1, max-image-preview:large, max-video-preview:-1\" \/>\n<link rel=\"canonical\" href=\"https:\/\/www.chateau-de-paraza.com\/en\/en-bed-and-breakfast-chateau-paraza-canal-du-midi\/\" \/>\n<meta property=\"og:locale\" content=\"en_US\" \/>\n<meta property=\"og:type\" content=\"article\" \/>\n<meta property=\"og:title\" content=\"Luxury Bed and Breakfast in a 17th Century Ch\u00e2teau-Canal du Midi\" \/>\n<meta property=\"og:description\" content=\"Stay in a luxury bed and breakfast in a 17th century ch\u00e2teau, wine estate, and unique accommodation near the Canal du Midi.\" \/>\n<meta property=\"og:url\" content=\"https:\/\/www.chateau-de-paraza.com\/en\/en-bed-and-breakfast-chateau-paraza-canal-du-midi\/\" \/>\n<meta property=\"og:site_name\" content=\"Ch\u00e2teau de Paraza\" \/>\n<meta property=\"article:publisher\" content=\"https:\/\/www.facebook.com\/chateaudeparaza\" \/>\n<meta property=\"article:modified_time\" content=\"2026-02-05T09:44:39+00:00\" \/>\n<meta property=\"og:image\" content=\"https:\/\/www.chateau-de-paraza.com\/wp-content\/uploads\/2024\/05\/Chateau-De-Paraza_0926_Roi.jpg\" \/>\n\t<meta property=\"og:image:width\" content=\"1800\" \/>\n\t<meta property=\"og:image:height\" content=\"1200\" \/>\n\t<meta property=\"og:image:type\" content=\"image\/jpeg\" \/>\n<meta name=\"twitter:card\" content=\"summary_large_image\" \/>\n<meta name=\"twitter:site\" content=\"@ChateauDeParaza\" \/>\n<meta name=\"twitter:label1\" content=\"Est. reading time\" \/>\n\t<meta name=\"twitter:data1\" content=\"7 minutes\" \/>\n<script type=\"application\/ld+json\" class=\"yoast-schema-graph\">{\"@context\":\"https:\/\/schema.org\",\"@graph\":[{\"@type\":\"WebPage\",\"@id\":\"https:\/\/www.chateau-de-paraza.com\/en\/en-bed-and-breakfast-chateau-paraza-canal-du-midi\/\",\"url\":\"https:\/\/www.chateau-de-paraza.com\/en\/en-bed-and-breakfast-chateau-paraza-canal-du-midi\/\",\"name\":\"Luxury Bed and Breakfast in a 17th Century Ch\u00e2teau-Canal du Midi\",\"isPartOf\":{\"@id\":\"https:\/\/www.chateau-de-paraza.com\/#website\"},\"datePublished\":\"2015-05-27T12:19:02+00:00\",\"dateModified\":\"2026-02-05T09:44:39+00:00\",\"description\":\"Stay in a luxury bed and breakfast in a 17th century ch\u00e2teau, wine estate, and unique accommodation near the Canal du Midi.\",\"breadcrumb\":{\"@id\":\"https:\/\/www.chateau-de-paraza.com\/en\/en-bed-and-breakfast-chateau-paraza-canal-du-midi\/#breadcrumb\"},\"inLanguage\":\"en-US\",\"potentialAction\":[{\"@type\":\"ReadAction\",\"target\":[\"https:\/\/www.chateau-de-paraza.com\/en\/en-bed-and-breakfast-chateau-paraza-canal-du-midi\/\"]}]},{\"@type\":\"BreadcrumbList\",\"@id\":\"https:\/\/www.chateau-de-paraza.com\/en\/en-bed-and-breakfast-chateau-paraza-canal-du-midi\/#breadcrumb\",\"itemListElement\":[{\"@type\":\"ListItem\",\"position\":1,\"name\":\"Accueil\",\"item\":\"https:\/\/www.chateau-de-paraza.com\/en\/\"},{\"@type\":\"ListItem\",\"position\":2,\"name\":\"Rooms\"}]},{\"@type\":\"WebSite\",\"@id\":\"https:\/\/www.chateau-de-paraza.com\/#website\",\"url\":\"https:\/\/www.chateau-de-paraza.com\/\",\"name\":\"Ch\u00e2teau de Paraza\",\"description\":\"Site web du Ch\u00e2teau de Paraza\",\"potentialAction\":[{\"@type\":\"SearchAction\",\"target\":{\"@type\":\"EntryPoint\",\"urlTemplate\":\"https:\/\/www.chateau-de-paraza.com\/?s={search_term_string}\"},\"query-input\":\"required name=search_term_string\"}],\"inLanguage\":\"en-US\"}]}<\/script>\n<!-- \/ Yoast SEO plugin. -->","yoast_head_json":{"title":"Luxury Bed and Breakfast in a 17th Century Ch\u00e2teau-Canal du Midi","description":"Stay in a luxury bed and breakfast in a 17th century ch\u00e2teau, wine estate, and unique accommodation near the Canal du Midi.","robots":{"index":"index","follow":"follow","max-snippet":"max-snippet:-1","max-image-preview":"max-image-preview:large","max-video-preview":"max-video-preview:-1"},"canonical":"https:\/\/www.chateau-de-paraza.com\/en\/en-bed-and-breakfast-chateau-paraza-canal-du-midi\/","og_locale":"en_US","og_type":"article","og_title":"Luxury Bed and Breakfast in a 17th Century Ch\u00e2teau-Canal du Midi","og_description":"Stay in a luxury bed and breakfast in a 17th century ch\u00e2teau, wine estate, and unique accommodation near the Canal du Midi.","og_url":"https:\/\/www.chateau-de-paraza.com\/en\/en-bed-and-breakfast-chateau-paraza-canal-du-midi\/","og_site_name":"Ch\u00e2teau de Paraza","article_publisher":"https:\/\/www.facebook.com\/chateaudeparaza","article_modified_time":"2026-02-05T09:44:39+00:00","og_image":[{"width":1800,"height":1200,"url":"https:\/\/www.chateau-de-paraza.com\/wp-content\/uploads\/2024\/05\/Chateau-De-Paraza_0926_Roi.jpg","type":"image\/jpeg"}],"twitter_card":"summary_large_image","twitter_site":"@ChateauDeParaza","twitter_misc":{"Est. reading time":"7 minutes"},"schema":{"@context":"https:\/\/schema.org","@graph":[{"@type":"WebPage","@id":"https:\/\/www.chateau-de-paraza.com\/en\/en-bed-and-breakfast-chateau-paraza-canal-du-midi\/","url":"https:\/\/www.chateau-de-paraza.com\/en\/en-bed-and-breakfast-chateau-paraza-canal-du-midi\/","name":"Luxury Bed and Breakfast in a 17th Century Ch\u00e2teau-Canal du Midi","isPartOf":{"@id":"https:\/\/www.chateau-de-paraza.com\/#website"},"datePublished":"2015-05-27T12:19:02+00:00","dateModified":"2026-02-05T09:44:39+00:00","description":"Stay in a luxury bed and breakfast in a 17th century ch\u00e2teau, wine estate, and unique accommodation near the Canal du Midi.","breadcrumb":{"@id":"https:\/\/www.chateau-de-paraza.com\/en\/en-bed-and-breakfast-chateau-paraza-canal-du-midi\/#breadcrumb"},"inLanguage":"en-US","potentialAction":[{"@type":"ReadAction","target":["https:\/\/www.chateau-de-paraza.com\/en\/en-bed-and-breakfast-chateau-paraza-canal-du-midi\/"]}]},{"@type":"BreadcrumbList","@id":"https:\/\/www.chateau-de-paraza.com\/en\/en-bed-and-breakfast-chateau-paraza-canal-du-midi\/#breadcrumb","itemListElement":[{"@type":"ListItem","position":1,"name":"Accueil","item":"https:\/\/www.chateau-de-paraza.com\/en\/"},{"@type":"ListItem","position":2,"name":"Rooms"}]},{"@type":"WebSite","@id":"https:\/\/www.chateau-de-paraza.com\/#website","url":"https:\/\/www.chateau-de-paraza.com\/","name":"Ch\u00e2teau de Paraza","description":"Site web du Ch\u00e2teau de Paraza","potentialAction":[{"@type":"SearchAction","target":{"@type":"EntryPoint","urlTemplate":"https:\/\/www.chateau-de-paraza.com\/?s={search_term_string}"},"query-input":"required name=search_term_string"}],"inLanguage":"en-US"}]}},"_links":{"self":[{"href":"https:\/\/www.chateau-de-paraza.com\/en\/wp-json\/wp\/v2\/pages\/673"}],"collection":[{"href":"https:\/\/www.chateau-de-paraza.com\/en\/wp-json\/wp\/v2\/pages"}],"about":[{"href":"https:\/\/www.chateau-de-paraza.com\/en\/wp-json\/wp\/v2\/types\/page"}],"author":[{"embeddable":true,"href":"https:\/\/www.chateau-de-paraza.com\/en\/wp-json\/wp\/v2\/users\/1"}],"replies":[{"embeddable":true,"href":"https:\/\/www.chateau-de-paraza.com\/en\/wp-json\/wp\/v2\/comments?post=673"}],"version-history":[{"count":10,"href":"https:\/\/www.chateau-de-paraza.com\/en\/wp-json\/wp\/v2\/pages\/673\/revisions"}],"predecessor-version":[{"id":13378,"href":"https:\/\/www.chateau-de-paraza.com\/en\/wp-json\/wp\/v2\/pages\/673\/revisions\/13378"}],"wp:featuredmedia":[{"embeddable":true,"href":"https:\/\/www.chateau-de-paraza.com\/en\/wp-json\/wp\/v2\/media\/10489"}],"wp:attachment":[{"href":"https:\/\/www.chateau-de-paraza.com\/en\/wp-json\/wp\/v2\/media?parent=673"}],"curies":[{"name":"wp","href":"https:\/\/api.w.org\/{rel}","templated":true}]}}