{"id":658,"date":"2015-06-30T22:06:17","date_gmt":"2015-06-30T21:06:17","guid":{"rendered":"http:\/\/chateau-de-paraza.com\/?page_id=658"},"modified":"2026-01-21T15:55:16","modified_gmt":"2026-01-21T14:55:16","slug":"wine-tasting-cellar","status":"publish","type":"page","link":"https:\/\/www.chateau-de-paraza.com\/en\/wine-tasting-cellar\/","title":{"rendered":"Wine-tasting"},"content":{"rendered":"<div class=\"wpb-content-wrapper\"><p>[vc_row][vc_column][vc_column_text]From April to October, the Ch\u00e2teau de Paraza wine cellar welcomes you to discover its expertise through tastings.<\/p>\n<p>Each tasting offers a different way to savor our wines: choose the one that appeals to you, no reservation required, on the dates indicated below.[\/vc_column_text][\/vc_column][\/vc_row][vc_row][vc_column width=&#8221;1\/3&#8243;][vc_hoverbox image=&#8221;5622&#8243; primary_title=&#8221;Classic &#8221; primary_title_google_fonts=&#8221;font_family:Cinzel%3Aregular%2C700%2C900|font_style:400%20regular%3A400%3Anormal&#8221; hover_title=&#8221;Free&#8221; hover_title_google_fonts=&#8221;font_family:Cinzel%3Aregular%2C700%2C900|font_style:400%20regular%3A400%3Anormal&#8221; use_custom_fonts_primary_title=&#8221;true&#8221; use_custom_fonts_hover_title=&#8221;true&#8221;]<\/p>\n<ul>\n<li>4 wines.<\/li>\n<li>20 minutes.<\/li>\n<li>Emblematic grapes varieties from Minervois region.<\/li>\n<\/ul>\n<p>[\/vc_hoverbox][\/vc_column][vc_column width=&#8221;1\/3&#8243;][vc_hoverbox image=&#8221;3528&#8243; primary_title=&#8221;Premium&#8221; primary_title_google_fonts=&#8221;font_family:Cinzel%3Aregular%2C700%2C900|font_style:400%20regular%3A400%3Anormal&#8221; hover_title=&#8221;9\u20ac\/ person &#8221; hover_title_google_fonts=&#8221;font_family:Cinzel%3Aregular%2C700%2C900|font_style:400%20regular%3A400%3Anormal&#8221; use_custom_fonts_primary_title=&#8221;true&#8221; use_custom_fonts_hover_title=&#8221;true&#8221;]<\/p>\n<ul>\n<li>6 wines.<\/li>\n<li>Approximately 40 minutes.<\/li>\n<li>Aged in French or American oak barrels.<\/li>\n<\/ul>\n<p>[\/vc_hoverbox][\/vc_column][vc_column width=&#8221;1\/3&#8243;][vc_hoverbox image=&#8221;5254&#8243; primary_title=&#8221;Integral&#8221; primary_title_google_fonts=&#8221;font_family:Cinzel%3Aregular%2C700%2C900|font_style:400%20regular%3A400%3Anormal&#8221; hover_title=&#8221;15\u20ac\/ person&#8221; hover_title_google_fonts=&#8221;font_family:Cinzel%3Aregular%2C700%2C900|font_style:400%20regular%3A400%3Anormal&#8221; use_custom_fonts_primary_title=&#8221;true&#8221; use_custom_fonts_hover_title=&#8221;true&#8221;]<\/p>\n<ul>\n<li>13 wines.<\/li>\n<li>Approximately 1hours.<\/li>\n<li>Taste all of our wines.<\/li>\n<\/ul>\n<p>[\/vc_hoverbox][\/vc_column][\/vc_row][vc_row][vc_column][vc_empty_space][vc_empty_space][vc_column_text]You wish to complete your experience :[\/vc_column_text][\/vc_column][\/vc_row][vc_row][vc_column width=&#8221;1\/2&#8243;][vc_empty_space][vc_single_image image=&#8221;1925&#8243;][\/vc_column][vc_column width=&#8221;1\/2&#8243;][vc_empty_space][vc_empty_space][vc_column_text]<\/p>\n<p style=\"text-align: center;\">Discover a gourmet interlude for two: a carefully selected artisanal cheese board, where each cheese perfectly showcases its terroir \u2013 \u20ac18.<\/p>\n<p style=\"text-align: center;\">Reservations recommended, offer subject to availability.<\/p>\n<p>[\/vc_column_text][\/vc_column][\/vc_row][vc_row][vc_column][vc_empty_space][vc_zigzag][vc_empty_space][vc_column_text]<\/p>\n<h2 style=\"text-align: center;\">Tasting schedule<\/h2>\n<p>[\/vc_column_text][vc_empty_space][\/vc_column][\/vc_row][vc_row][vc_column][vc_column_text]<\/p>\n<p style=\"text-align: center;\">Summer: May 1 to August 31:<\/p>\n<p style=\"text-align: center;\">Monday to Sunday: 10:00 AM \u2013 8:00 PM<\/p>\n<p style=\"text-align: center;\">Grape Harvest: September 1 to September 30:<\/p>\n<p style=\"text-align: center;\">Monday to Sunday: 10:00 AM \u2013 6:30 PM<\/p>\n<p style=\"text-align: center;\">September 30 to October 30:<\/p>\n<p style=\"text-align: center;\">Monday to Friday: 10:00 AM \u2013 6:30 PM<\/p>\n<p>[\/vc_column_text][vc_empty_space][vc_zigzag][vc_empty_space][\/vc_column][\/vc_row][vc_row][vc_column][vc_column_text]<\/p>\n<h2 style=\"text-align: center;\">Tasting languages<\/h2>\n<p>[\/vc_column_text][vc_empty_space][\/vc_column][\/vc_row][vc_row][vc_column][vc_column_text]<\/p>\n<p style=\"text-align: center;\">English\/French<\/p>\n<p>[\/vc_column_text][vc_empty_space][vc_zigzag][vc_empty_space][vc_column_text]You wish to complete your experience :[\/vc_column_text][vc_empty_space][\/vc_column][\/vc_row][vc_row][vc_column width=&#8221;1\/3&#8243;][vc_hoverbox image=&#8221;7973&#8243; primary_title=&#8221;&#8221; hover_title=&#8221;7\u20ac\/ pers&#8221; shape=&#8221;square&#8221; use_custom_fonts_hover_title=&#8221;true&#8221;]Discover the castle of Paraza during guided tours in the heart of a historic estate overlooking the Canal du Midi, a UNESCO World Heritage Site.[\/vc_hoverbox][vc_empty_space height=&#8221;5px&#8221;][vc_column_text]<\/p>\n<h2>Guided tour<\/h2>\n<p>[\/vc_column_text][vc_column_text]read more[\/vc_column_text][\/vc_column][vc_column width=&#8221;1\/3&#8243;][vc_hoverbox image=&#8221;13084&#8243; primary_title=&#8221;&#8221; hover_title=&#8221;From 10AM to 10PM &#8221; shape=&#8221;square&#8221; use_custom_fonts_hover_title=&#8221;true&#8221;]<\/p>\n<p style=\"text-align: center;\">Open daily from April to October.<\/p>\n<p style=\"text-align: center;\">Wine and tapas bar on the banks of the Canal du Midi.<\/p>\n<p style=\"text-align: center;\">Reservations: 04 68 75 50 59 (phone) or 06 82 06 74 89 (text).<\/p>\n<p>[\/vc_hoverbox][vc_empty_space height=&#8221;5px&#8221;][vc_column_text]<\/p>\n<h2>Le Caf\u00e9 du Port<\/h2>\n<p>[\/vc_column_text][vc_column_text]read more[\/vc_column_text][\/vc_column][vc_column width=&#8221;1\/3&#8243;][vc_hoverbox image=&#8221;9065&#8243; primary_title=&#8221;&#8221; hover_title=&#8221;35\u20ac\/ person&#8221; shape=&#8221;square&#8221; use_custom_fonts_hover_title=&#8221;true&#8221;]<\/p>\n<p style=\"text-align: center;\">Enjoy a gourmet break surrounded by wines, cheeses and charcuterie, in the shade of oak trees with a breathtaking view of the vineyards.<\/p>\n<p>[\/vc_hoverbox][vc_empty_space height=&#8221;5px&#8221;][vc_column_text]<\/p>\n<h2>Aperitif in the gardens<\/h2>\n<p>[\/vc_column_text][vc_column_text]read more[\/vc_column_text][\/vc_column][\/vc_row]<\/p>\n<\/div>","protected":false},"excerpt":{"rendered":"<p>[vc_row][vc_column][vc_column_text]From April to October, the Ch\u00e2teau de Paraza wine cellar welcomes you to discover its expertise through tastings. Each tasting offers a different way to savor our wines: choose the one that appeals to you, no reservation required, on the dates indicated below.[\/vc_column_text][\/vc_column][\/vc_row][vc_row][vc_column width=&#8221;1\/3&#8243;][vc_hoverbox image=&#8221;5622&#8243; primary_title=&#8221;Classic &#8221; primary_title_google_fonts=&#8221;font_family:Cinzel%3Aregular%2C700%2C900|font_style:400%20regular%3A400%3Anormal&#8221; hover_title=&#8221;Free&#8221; hover_title_google_fonts=&#8221;font_family:Cinzel%3Aregular%2C700%2C900|font_style:400%20regular%3A400%3Anormal&#8221; use_custom_fonts_primary_title=&#8221;true&#8221; use_custom_fonts_hover_title=&#8221;true&#8221;] 4 wines. 20&hellip;<\/p>\n","protected":false},"author":2,"featured_media":0,"parent":0,"menu_order":1,"comment_status":"closed","ping_status":"closed","template":"","meta":[],"yoast_head":"<!-- This site is optimized with the Yoast SEO plugin v21.8.1 - https:\/\/yoast.com\/wordpress\/plugins\/seo\/ -->\n<title>Wine-tasting - Ch\u00e2teau de Paraza<\/title>\n<meta name=\"description\" content=\"On the Canal du Midi, doing some wine-tasting at Ch\u00e2teau de Paraza is a must: white, ros\u00e9, red, sparkling, something for every taste, in a beautiful scenery\" \/>\n<meta name=\"robots\" content=\"index, follow, max-snippet:-1, max-image-preview:large, max-video-preview:-1\" \/>\n<link rel=\"canonical\" href=\"https:\/\/www.chateau-de-paraza.com\/en\/wine-tasting-cellar\/\" \/>\n<meta property=\"og:locale\" content=\"en_US\" \/>\n<meta property=\"og:type\" content=\"article\" \/>\n<meta property=\"og:title\" content=\"Wine-tasting - Ch\u00e2teau de Paraza\" \/>\n<meta property=\"og:description\" content=\"On the Canal du Midi, doing some wine-tasting at Ch\u00e2teau de Paraza is a must: white, ros\u00e9, red, sparkling, something for every taste, in a beautiful scenery\" \/>\n<meta property=\"og:url\" content=\"https:\/\/www.chateau-de-paraza.com\/en\/wine-tasting-cellar\/\" \/>\n<meta property=\"og:site_name\" content=\"Ch\u00e2teau de Paraza\" \/>\n<meta property=\"article:publisher\" content=\"https:\/\/www.facebook.com\/chateaudeparaza\" \/>\n<meta property=\"article:modified_time\" content=\"2026-01-21T14:55:16+00:00\" \/>\n<meta name=\"twitter:card\" content=\"summary_large_image\" \/>\n<meta name=\"twitter:site\" content=\"@ChateauDeParaza\" \/>\n<meta name=\"twitter:label1\" content=\"Est. reading time\" \/>\n\t<meta name=\"twitter:data1\" content=\"4 minutes\" \/>\n<script type=\"application\/ld+json\" class=\"yoast-schema-graph\">{\"@context\":\"https:\/\/schema.org\",\"@graph\":[{\"@type\":\"WebPage\",\"@id\":\"https:\/\/www.chateau-de-paraza.com\/en\/wine-tasting-cellar\/\",\"url\":\"https:\/\/www.chateau-de-paraza.com\/en\/wine-tasting-cellar\/\",\"name\":\"Wine-tasting - Ch\u00e2teau de Paraza\",\"isPartOf\":{\"@id\":\"https:\/\/www.chateau-de-paraza.com\/#website\"},\"datePublished\":\"2015-06-30T21:06:17+00:00\",\"dateModified\":\"2026-01-21T14:55:16+00:00\",\"description\":\"On the Canal du Midi, doing some wine-tasting at Ch\u00e2teau de Paraza is a must: white, ros\u00e9, red, sparkling, something for every taste, in a beautiful scenery\",\"breadcrumb\":{\"@id\":\"https:\/\/www.chateau-de-paraza.com\/en\/wine-tasting-cellar\/#breadcrumb\"},\"inLanguage\":\"en-US\",\"potentialAction\":[{\"@type\":\"ReadAction\",\"target\":[\"https:\/\/www.chateau-de-paraza.com\/en\/wine-tasting-cellar\/\"]}]},{\"@type\":\"BreadcrumbList\",\"@id\":\"https:\/\/www.chateau-de-paraza.com\/en\/wine-tasting-cellar\/#breadcrumb\",\"itemListElement\":[{\"@type\":\"ListItem\",\"position\":1,\"name\":\"Accueil\",\"item\":\"https:\/\/www.chateau-de-paraza.com\/en\/\"},{\"@type\":\"ListItem\",\"position\":2,\"name\":\"Wine-tasting\"}]},{\"@type\":\"WebSite\",\"@id\":\"https:\/\/www.chateau-de-paraza.com\/#website\",\"url\":\"https:\/\/www.chateau-de-paraza.com\/\",\"name\":\"Ch\u00e2teau de Paraza\",\"description\":\"Site web du Ch\u00e2teau de Paraza\",\"potentialAction\":[{\"@type\":\"SearchAction\",\"target\":{\"@type\":\"EntryPoint\",\"urlTemplate\":\"https:\/\/www.chateau-de-paraza.com\/?s={search_term_string}\"},\"query-input\":\"required name=search_term_string\"}],\"inLanguage\":\"en-US\"}]}<\/script>\n<!-- \/ Yoast SEO plugin. -->","yoast_head_json":{"title":"Wine-tasting - Ch\u00e2teau de Paraza","description":"On the Canal du Midi, doing some wine-tasting at Ch\u00e2teau de Paraza is a must: white, ros\u00e9, red, sparkling, something for every taste, in a beautiful scenery","robots":{"index":"index","follow":"follow","max-snippet":"max-snippet:-1","max-image-preview":"max-image-preview:large","max-video-preview":"max-video-preview:-1"},"canonical":"https:\/\/www.chateau-de-paraza.com\/en\/wine-tasting-cellar\/","og_locale":"en_US","og_type":"article","og_title":"Wine-tasting - Ch\u00e2teau de Paraza","og_description":"On the Canal du Midi, doing some wine-tasting at Ch\u00e2teau de Paraza is a must: white, ros\u00e9, red, sparkling, something for every taste, in a beautiful scenery","og_url":"https:\/\/www.chateau-de-paraza.com\/en\/wine-tasting-cellar\/","og_site_name":"Ch\u00e2teau de Paraza","article_publisher":"https:\/\/www.facebook.com\/chateaudeparaza","article_modified_time":"2026-01-21T14:55:16+00:00","twitter_card":"summary_large_image","twitter_site":"@ChateauDeParaza","twitter_misc":{"Est. reading time":"4 minutes"},"schema":{"@context":"https:\/\/schema.org","@graph":[{"@type":"WebPage","@id":"https:\/\/www.chateau-de-paraza.com\/en\/wine-tasting-cellar\/","url":"https:\/\/www.chateau-de-paraza.com\/en\/wine-tasting-cellar\/","name":"Wine-tasting - Ch\u00e2teau de Paraza","isPartOf":{"@id":"https:\/\/www.chateau-de-paraza.com\/#website"},"datePublished":"2015-06-30T21:06:17+00:00","dateModified":"2026-01-21T14:55:16+00:00","description":"On the Canal du Midi, doing some wine-tasting at Ch\u00e2teau de Paraza is a must: white, ros\u00e9, red, sparkling, something for every taste, in a beautiful scenery","breadcrumb":{"@id":"https:\/\/www.chateau-de-paraza.com\/en\/wine-tasting-cellar\/#breadcrumb"},"inLanguage":"en-US","potentialAction":[{"@type":"ReadAction","target":["https:\/\/www.chateau-de-paraza.com\/en\/wine-tasting-cellar\/"]}]},{"@type":"BreadcrumbList","@id":"https:\/\/www.chateau-de-paraza.com\/en\/wine-tasting-cellar\/#breadcrumb","itemListElement":[{"@type":"ListItem","position":1,"name":"Accueil","item":"https:\/\/www.chateau-de-paraza.com\/en\/"},{"@type":"ListItem","position":2,"name":"Wine-tasting"}]},{"@type":"WebSite","@id":"https:\/\/www.chateau-de-paraza.com\/#website","url":"https:\/\/www.chateau-de-paraza.com\/","name":"Ch\u00e2teau de Paraza","description":"Site web du Ch\u00e2teau de Paraza","potentialAction":[{"@type":"SearchAction","target":{"@type":"EntryPoint","urlTemplate":"https:\/\/www.chateau-de-paraza.com\/?s={search_term_string}"},"query-input":"required name=search_term_string"}],"inLanguage":"en-US"}]}},"_links":{"self":[{"href":"https:\/\/www.chateau-de-paraza.com\/en\/wp-json\/wp\/v2\/pages\/658"}],"collection":[{"href":"https:\/\/www.chateau-de-paraza.com\/en\/wp-json\/wp\/v2\/pages"}],"about":[{"href":"https:\/\/www.chateau-de-paraza.com\/en\/wp-json\/wp\/v2\/types\/page"}],"author":[{"embeddable":true,"href":"https:\/\/www.chateau-de-paraza.com\/en\/wp-json\/wp\/v2\/users\/2"}],"replies":[{"embeddable":true,"href":"https:\/\/www.chateau-de-paraza.com\/en\/wp-json\/wp\/v2\/comments?post=658"}],"version-history":[{"count":4,"href":"https:\/\/www.chateau-de-paraza.com\/en\/wp-json\/wp\/v2\/pages\/658\/revisions"}],"predecessor-version":[{"id":13247,"href":"https:\/\/www.chateau-de-paraza.com\/en\/wp-json\/wp\/v2\/pages\/658\/revisions\/13247"}],"wp:attachment":[{"href":"https:\/\/www.chateau-de-paraza.com\/en\/wp-json\/wp\/v2\/media?parent=658"}],"curies":[{"name":"wp","href":"https:\/\/api.w.org\/{rel}","templated":true}]}}