{"id":6438,"date":"2022-03-22T10:27:29","date_gmt":"2022-03-22T09:27:29","guid":{"rendered":"https:\/\/www.chateau-de-paraza.com\/?page_id=6438"},"modified":"2022-03-29T09:35:11","modified_gmt":"2022-03-29T08:35:11","slug":"pierre-paul-riquet-3","status":"publish","type":"page","link":"https:\/\/www.chateau-de-paraza.com\/en\/pierre-paul-riquet-3\/","title":{"rendered":"Pierre Paul Riquet"},"content":{"rendered":"<div class=\"wpb-content-wrapper\"><p>[vc_row][vc_column][vc_column_text]<p>[\/vc_column_text][\/vc_column][\/vc_row][vc_row][vc_column][vc_column_text]<\/p>\n<h1>Pierre Paul Riquet<\/h1>\n<p>[\/vc_column_text][vc_empty_space height=&#8221;25px&#8221;]<div class=\"hr-thin style-line\" style=\"width: 100%;\"><\/div>[vc_column_text] Pierre Paul Riquet, baron of Bonrepos, is a farmer-general des Gabelles and a French contractor. Entrepreneur and lawyer, he is especially well known for the construction of the Canal du Midi.[\/vc_column_text][vc_empty_space height=&#8221;10px&#8221;]<div class=\"hr-thin style-line\" style=\"width: 100%;\"><\/div>[vc_empty_space height=&#8221;10px&#8221;][\/vc_column][\/vc_row][vc_row][vc_column][vc_column_text]<\/p>\n\r\n<p>[\/vc_column_text][\/vc_column][\/vc_row][vc_row][vc_column][vc_single_image image=&#8221;5684&#8243; img_size=&#8221;large&#8221; alignment=&#8221;center&#8221;][vc_empty_space][\/vc_column][\/vc_row][vc_row][vc_column][vc_column_text]<\/p>\r\n\r\n<p><p>[\/vc_column_text][\/vc_column][\/vc_row][vc_row][vc_column][vc_column_text]<\/p>\n<h3>A rich and ambitious man<\/h3>\n<p>[\/vc_column_text][vc_empty_space height=&#8221;10px&#8221;][vc_column_text] The French engineer is born on June 29th 1609 in B\u00e9ziers and grew up in a family of notables and traders. He started his studies in the Jesuit secondary school of B\u00e9ziers and continued to become engineer. His father, Guillaume Riquet, prosecutor in B\u00e9ziers sit in the states of Languedoc assembly and encouraged his son to enter in the administration of Gabelles, the tax on salt in 1630-1632. He progressively climbed the ladder to become \u00ab gabelou \u00bb (agent of the Gabelles), \u00ab grenatier \u00bb, \u00ab sous-fermier \u00bb,\u00a0 then farmer and finally take the head of the Farm of Languedoc in 1678. <div class=\"gap\" style=\"line-height: 10px; height: 10px;\"><\/div>Riquet is an entrepreneur. He rapidly became rich being a tax collector and private banker as well. He purchased the fort of Bonrepos, near Toulouse, and became Baron of Bonrepos. Pierre Paul Riquet also threw himself into many projects but he is especially famous for his spectacular construction of the Canal du Midi. <div class=\"gap\" style=\"line-height: 10px; height: 10px;\"><\/div>In 1637, Paul Riquet got married to Catherine de Milhaud with whom he had five children: Jean-Mathias, Pierre-Paul, Catherine, Marthe and Anne Riquet. [\/vc_column_text][vc_empty_space height=&#8221;10px&#8221;][vc_empty_space height=&#8221;10px&#8221;][vc_column_text]<\/p>\n<h3>The project of an entire life<\/h3>\n<p>[\/vc_column_text][vc_empty_space height=&#8221;10px&#8221;][vc_empty_space height=&#8221;10px&#8221;][vc_column_text] As a tax collector, Pierre Paul Riquet is worried by the materials conveyance between Toulouse and the Mediterranean Sea. As the trade routes are in bad conditions, using inland navigation seems to be a perfect solution for the country but also for his personal business. Indeed, such a solution could be a good way to sell and transport salt more easily. <div class=\"gap\" style=\"line-height: 10px; height: 10px;\"><\/div> He developed and planned his project in order to present it to Louis XIV and his minister Colbert, pointing out the strategic and financial benefits. To convince them, Pierre Paul Riquet used his relationship with the archbishop of Toulouse, Monseigneur d\u2019Anglure de Bourlemont, president of the states of Languedoc and close friend of Colbert. Indeed, he invited him to his castle in Bonrepos and presented a model of his project. Convinced, the archbishop encouraged Colbert to meet Paul Riquet. The French engineer finally won the king and Colbert\u2019s hearts who financed the feasibility studies. <div class=\"gap\" style=\"line-height: 10px; height: 10px;\"><\/div> The construction of the Canal du Midi started in 1667, Pierre Paul Riquet is 57 years old. The total cost of this project is very high, about 17-18 millions of old French pounds, the second biggest work site in France after the Ch\u00e2teau de Versailles. The engineer invested all his personal fortune, about 2 millions of old French pounds, and got into debt to finance his project. However, he sees in the Canal du Midi, a source of enrichment through the canal toll. <div class=\"gap\" style=\"line-height: 10px; height: 10px;\"><\/div> Riquet\u2019s daring wasn\u2019t only technical. The way he managed thousands of workers shows a social avant-gardism. Indeed, to keep his 12 000 workers and make them work faster, for the first time in France, a salary and a social security system is set up. In this way, workers continue to be paid even during the rainy days or in case of diseases. <div class=\"gap\" style=\"line-height: 10px; height: 10px;\"><\/div> Pierre Paul Riquet died in Octobre 1680, only eight months before the end of the construction. His sons continued his work and finished what their father had started, to engrave the name of Riquet in French history. [\/vc_column_text][vc_empty_space height=&#8221;15px&#8221;][vc_column_text]<\/p>\n<h3>Riquet in Paraza<\/h3>\n<p>[\/vc_column_text][vc_empty_space height=&#8221;10px&#8221;][vc_column_text]<\/p>\n<p>Still today, the Ch\u00e2teau de Paraza has the mark of the Riquet family. In 1620, Guillaume Riquet, Paul\u2019s father, arrived at the Ch\u00e2teau and during the next decades, Pierre Paul himself stayed in this beautiful place in order to oversee the project. When he finally left, to thank for the hospitality, he supported the wedding between his daughter and the son of the owner, the Seigneur de la Jougla. He also required the construction of seven successive patios that go down directly to the canal, where magnificent hanging gardens were fitted out. <div class=\"gap\" style=\"line-height: 10px; height: 10px;\"><\/div> Nowadays, thanks to the Danglas family and what they have already realized in the superb place, you will get the opportunity to work in the engineer\u2019s steps but also to sleep in his sheets. The Riquet suite and four other rooms are available and waiting for you <a href=\"https:\/\/www.chateau-de-paraza.com\/en\/chambres-dhotes\/\" target=\"_blank\" rel=\"noopener noreferrer\">here<\/a>.<\/p>\n<p>[\/vc_column_text][vc_empty_space height=&#8221;25px&#8221;]<div class=\"hr-thin style-line\" style=\"width: 100%;\"><\/div>[\/vc_column][\/vc_row][vc_row][vc_column][vc_column_text]<\/p>\n\r\n<p>[\/vc_column_text][\/vc_column][\/vc_row][vc_row][vc_column width=&#8221;1\/2&#8243;][vc_btn title=&#8221;Discover the Canal du Midi&#8221; size=&#8221;xs&#8221; align=&#8221;center&#8221; button_block=&#8221;true&#8221; link=&#8221;url:https%3A%2F%2Fwww.chateau-de-paraza.com%2Fen%2Fthe-canal-of-the-midi%2F|title:Discover%20the%20Canal%20of%20the%20Midi&#8221;][\/vc_column][vc_column width=&#8221;1\/2&#8243;][vc_btn title=&#8221;Discover our experiences&#8221; size=&#8221;xs&#8221; align=&#8221;center&#8221; button_block=&#8221;true&#8221; link=&#8221;url:https%3A%2F%2Fwww.chateau-de-paraza.com%2Fen%2Fexperiences-degustation-visite-oenotourisme%2F|title:Discover%20our%20experiences&#8221;][\/vc_column][\/vc_row][vc_row][vc_column][vc_column_text]<\/p>\r\n<p>[\/vc_column_text][\/vc_column][\/vc_row]<\/p><\/div>","protected":false},"excerpt":{"rendered":"<p>[vc_row][vc_column][vc_column_text] [\/vc_column_text][\/vc_column][\/vc_row][vc_row][vc_column][vc_single_image image=&#8221;5684&#8243; img_size=&#8221;large&#8221; alignment=&#8221;center&#8221;][vc_empty_space][\/vc_column][\/vc_row][vc_row][vc_column][vc_column_text] [\/vc_column_text][\/vc_column][\/vc_row][vc_row][vc_column width=&#8221;1\/2&#8243;][vc_btn title=&#8221;Discover the Canal du Midi&#8221; size=&#8221;xs&#8221; align=&#8221;center&#8221; button_block=&#8221;true&#8221; link=&#8221;url:https%3A%2F%2Fwww.chateau-de-paraza.com%2Fen%2Fthe-canal-of-the-midi%2F|title:Discover%20the%20Canal%20of%20the%20Midi&#8221;][\/vc_column][vc_column width=&#8221;1\/2&#8243;][vc_btn title=&#8221;Discover our experiences&#8221; size=&#8221;xs&#8221; align=&#8221;center&#8221; button_block=&#8221;true&#8221; link=&#8221;url:https%3A%2F%2Fwww.chateau-de-paraza.com%2Fen%2Fexperiences-degustation-visite-oenotourisme%2F|title:Discover%20our%20experiences&#8221;][\/vc_column][\/vc_row][vc_row][vc_column][vc_column_text] [\/vc_column_text][\/vc_column][\/vc_row]<\/p>\n","protected":false},"author":2,"featured_media":0,"parent":0,"menu_order":0,"comment_status":"closed","ping_status":"closed","template":"","meta":[],"yoast_head":"<!-- This site is optimized with the Yoast SEO plugin v21.8.1 - https:\/\/yoast.com\/wordpress\/plugins\/seo\/ -->\n<title>Pierre Paul Riquet - Ch\u00e2teau de Paraza<\/title>\n<meta name=\"description\" content=\"Pierre Paul Riquet Pierre Paul Riquet, baron of Bonrepos, is a farmer-general des Gabelles and a French contractor. Entrepreneur and lawyer, he is\" \/>\n<meta name=\"robots\" content=\"index, follow, max-snippet:-1, max-image-preview:large, max-video-preview:-1\" \/>\n<link rel=\"canonical\" href=\"https:\/\/www.chateau-de-paraza.com\/pierre-paul-riquet\/\" \/>\n<meta property=\"og:locale\" content=\"en_US\" \/>\n<meta property=\"og:type\" content=\"article\" \/>\n<meta property=\"og:title\" content=\"Pierre Paul Riquet - Ch\u00e2teau de Paraza\" \/>\n<meta property=\"og:description\" content=\"Pierre Paul Riquet Pierre Paul Riquet, baron of Bonrepos, is a farmer-general des Gabelles and a French contractor. Entrepreneur and lawyer, he is\" \/>\n<meta property=\"og:url\" content=\"https:\/\/www.chateau-de-paraza.com\/pierre-paul-riquet\/\" \/>\n<meta property=\"og:site_name\" content=\"Ch\u00e2teau de Paraza\" \/>\n<meta property=\"article:publisher\" content=\"https:\/\/www.facebook.com\/chateaudeparaza\" \/>\n<meta property=\"article:modified_time\" content=\"2022-03-29T08:35:11+00:00\" \/>\n<meta name=\"twitter:card\" content=\"summary_large_image\" \/>\n<meta name=\"twitter:site\" content=\"@ChateauDeParaza\" \/>\n<meta name=\"twitter:label1\" content=\"Est. reading time\" \/>\n\t<meta name=\"twitter:data1\" content=\"5 minutes\" \/>\n<script type=\"application\/ld+json\" class=\"yoast-schema-graph\">{\"@context\":\"https:\/\/schema.org\",\"@graph\":[{\"@type\":\"WebPage\",\"@id\":\"https:\/\/www.chateau-de-paraza.com\/pierre-paul-riquet\/\",\"url\":\"https:\/\/www.chateau-de-paraza.com\/pierre-paul-riquet\/\",\"name\":\"Pierre Paul Riquet - Ch\u00e2teau de Paraza\",\"isPartOf\":{\"@id\":\"https:\/\/www.chateau-de-paraza.com\/#website\"},\"datePublished\":\"2022-03-22T09:27:29+00:00\",\"dateModified\":\"2022-03-29T08:35:11+00:00\",\"description\":\"Pierre Paul Riquet Pierre Paul Riquet, baron of Bonrepos, is a farmer-general des Gabelles and a French contractor. Entrepreneur and lawyer, he is\",\"breadcrumb\":{\"@id\":\"https:\/\/www.chateau-de-paraza.com\/pierre-paul-riquet\/#breadcrumb\"},\"inLanguage\":\"en-US\",\"potentialAction\":[{\"@type\":\"ReadAction\",\"target\":[\"https:\/\/www.chateau-de-paraza.com\/pierre-paul-riquet\/\"]}]},{\"@type\":\"BreadcrumbList\",\"@id\":\"https:\/\/www.chateau-de-paraza.com\/pierre-paul-riquet\/#breadcrumb\",\"itemListElement\":[{\"@type\":\"ListItem\",\"position\":1,\"name\":\"Accueil\",\"item\":\"https:\/\/www.chateau-de-paraza.com\/en\/\"},{\"@type\":\"ListItem\",\"position\":2,\"name\":\"Pierre Paul Riquet\"}]},{\"@type\":\"WebSite\",\"@id\":\"https:\/\/www.chateau-de-paraza.com\/#website\",\"url\":\"https:\/\/www.chateau-de-paraza.com\/\",\"name\":\"Ch\u00e2teau de Paraza\",\"description\":\"Site web du Ch\u00e2teau de Paraza\",\"potentialAction\":[{\"@type\":\"SearchAction\",\"target\":{\"@type\":\"EntryPoint\",\"urlTemplate\":\"https:\/\/www.chateau-de-paraza.com\/?s={search_term_string}\"},\"query-input\":\"required name=search_term_string\"}],\"inLanguage\":\"en-US\"}]}<\/script>\n<!-- \/ Yoast SEO plugin. -->","yoast_head_json":{"title":"Pierre Paul Riquet - Ch\u00e2teau de Paraza","description":"Pierre Paul Riquet Pierre Paul Riquet, baron of Bonrepos, is a farmer-general des Gabelles and a French contractor. Entrepreneur and lawyer, he is","robots":{"index":"index","follow":"follow","max-snippet":"max-snippet:-1","max-image-preview":"max-image-preview:large","max-video-preview":"max-video-preview:-1"},"canonical":"https:\/\/www.chateau-de-paraza.com\/pierre-paul-riquet\/","og_locale":"en_US","og_type":"article","og_title":"Pierre Paul Riquet - Ch\u00e2teau de Paraza","og_description":"Pierre Paul Riquet Pierre Paul Riquet, baron of Bonrepos, is a farmer-general des Gabelles and a French contractor. Entrepreneur and lawyer, he is","og_url":"https:\/\/www.chateau-de-paraza.com\/pierre-paul-riquet\/","og_site_name":"Ch\u00e2teau de Paraza","article_publisher":"https:\/\/www.facebook.com\/chateaudeparaza","article_modified_time":"2022-03-29T08:35:11+00:00","twitter_card":"summary_large_image","twitter_site":"@ChateauDeParaza","twitter_misc":{"Est. reading time":"5 minutes"},"schema":{"@context":"https:\/\/schema.org","@graph":[{"@type":"WebPage","@id":"https:\/\/www.chateau-de-paraza.com\/pierre-paul-riquet\/","url":"https:\/\/www.chateau-de-paraza.com\/pierre-paul-riquet\/","name":"Pierre Paul Riquet - Ch\u00e2teau de Paraza","isPartOf":{"@id":"https:\/\/www.chateau-de-paraza.com\/#website"},"datePublished":"2022-03-22T09:27:29+00:00","dateModified":"2022-03-29T08:35:11+00:00","description":"Pierre Paul Riquet Pierre Paul Riquet, baron of Bonrepos, is a farmer-general des Gabelles and a French contractor. Entrepreneur and lawyer, he is","breadcrumb":{"@id":"https:\/\/www.chateau-de-paraza.com\/pierre-paul-riquet\/#breadcrumb"},"inLanguage":"en-US","potentialAction":[{"@type":"ReadAction","target":["https:\/\/www.chateau-de-paraza.com\/pierre-paul-riquet\/"]}]},{"@type":"BreadcrumbList","@id":"https:\/\/www.chateau-de-paraza.com\/pierre-paul-riquet\/#breadcrumb","itemListElement":[{"@type":"ListItem","position":1,"name":"Accueil","item":"https:\/\/www.chateau-de-paraza.com\/en\/"},{"@type":"ListItem","position":2,"name":"Pierre Paul Riquet"}]},{"@type":"WebSite","@id":"https:\/\/www.chateau-de-paraza.com\/#website","url":"https:\/\/www.chateau-de-paraza.com\/","name":"Ch\u00e2teau de Paraza","description":"Site web du Ch\u00e2teau de Paraza","potentialAction":[{"@type":"SearchAction","target":{"@type":"EntryPoint","urlTemplate":"https:\/\/www.chateau-de-paraza.com\/?s={search_term_string}"},"query-input":"required name=search_term_string"}],"inLanguage":"en-US"}]}},"_links":{"self":[{"href":"https:\/\/www.chateau-de-paraza.com\/en\/wp-json\/wp\/v2\/pages\/6438"}],"collection":[{"href":"https:\/\/www.chateau-de-paraza.com\/en\/wp-json\/wp\/v2\/pages"}],"about":[{"href":"https:\/\/www.chateau-de-paraza.com\/en\/wp-json\/wp\/v2\/types\/page"}],"author":[{"embeddable":true,"href":"https:\/\/www.chateau-de-paraza.com\/en\/wp-json\/wp\/v2\/users\/2"}],"replies":[{"embeddable":true,"href":"https:\/\/www.chateau-de-paraza.com\/en\/wp-json\/wp\/v2\/comments?post=6438"}],"version-history":[{"count":3,"href":"https:\/\/www.chateau-de-paraza.com\/en\/wp-json\/wp\/v2\/pages\/6438\/revisions"}],"predecessor-version":[{"id":6892,"href":"https:\/\/www.chateau-de-paraza.com\/en\/wp-json\/wp\/v2\/pages\/6438\/revisions\/6892"}],"wp:attachment":[{"href":"https:\/\/www.chateau-de-paraza.com\/en\/wp-json\/wp\/v2\/media?parent=6438"}],"curies":[{"name":"wp","href":"https:\/\/api.w.org\/{rel}","templated":true}]}}