{"id":641,"date":"2015-06-18T17:01:17","date_gmt":"2015-06-18T16:01:17","guid":{"rendered":"http:\/\/chateau-de-paraza.com\/?page_id=641"},"modified":"2024-10-15T09:43:35","modified_gmt":"2024-10-15T08:43:35","slug":"terroiretphilosophie","status":"publish","type":"page","link":"https:\/\/www.chateau-de-paraza.com\/en\/domaine\/terroiretphilosophie\/","title":{"rendered":"Terroir and Philosophy"},"content":{"rendered":"<div class=\"wpb-content-wrapper\"><p>[vc_row][vc_column][vc_column_text]<\/p>\n<h2 class=\"p1\"><b>OUR PHILOSOPHY<\/b><\/h2>\n<p>[\/vc_column_text][vc_empty_space height=&#8221;20px&#8221;][\/vc_column][vc_column][vc_column_text]The Ch\u00e2teau de Paraza comes back to life under the impetus of a family project. Within our family, all members, including parents and three children, are actively involved in working the vines. Since their first harvest in 2005, the estate has undergone remarkable development. By adopting a sustainable agriculture approach, by renewing plots, by acquiring new vats and a new press, as well as by establishing an aging cellar, we strive to magnify the Languedoc terroir and reflect our philosophy through our wines. Our goal is to reveal all the quintessence of this region and to transmit our unique vision through each bottle we produce.[\/vc_column_text][\/vc_column][vc_column][vc_empty_space height=&#8221;40px&#8221;][\/vc_column][\/vc_row][vc_row][vc_column][vc_column_text]<\/p>\n<h2 class=\"p1\"><b>A UNIQUE TERROIR<\/b><\/h2>\n<p>[\/vc_column_text][vc_empty_space height=&#8221;20&#8243;][\/vc_column][vc_column][vc_column_text]Discover Minervois, one of the oldest Mediterranean vineyards. Our estate, located in the exceptional Minervois terroir called \u201cLes Serres\u201d, offers you a unique wine experience.<\/p>\n<p>Our vines flourish on clay-limestone soil dating from the Tertiary period, giving our wines incomparable richness and complexity. With an average age of 30 years, our vines express their full potential. But it is our old vines, over 50 years old, which give birth to our greatest wines.<\/p>\n<p>At the heart of our family estate, we put our passion and our know-how at the service of each cluster. Each member of our family plays an essential role in the creation of our exceptional wines.[\/vc_column_text][vc_empty_space height=&#8221;40px&#8221;][\/vc_column][\/vc_row][vc_row][vc_column][vc_column_text]<\/p>\n<h2>RESPECT\u00a0<b>FOR OUR ENVIRONMENT<\/b><\/h2>\n<p>[\/vc_column_text][vc_empty_space height=&#8221;20&#8243;][\/vc_column][vc_column][vc_column_text]<\/p>\n<p class=\"p1\">As wine-growers, we are very concerned by the respect for our environment, for our own health and also to maintain the richness of our soil which the quality of our wines depends on. As a result, we practice a reasoned agriculture, respectful of nature, with many practices similar to the organic approach. Everyday, we take care of our vines and watch its environment and the elements which could impact its growth. We intent to respect our terroir at most and to intervene the least possible, depending on climate conditions, risk of disease, and stage of growth of the vines.<\/p>\n<p>We are now certified High Environmental Value (Level 3)<img decoding=\"async\" loading=\"lazy\" class=\"aligncenter size-medium wp-image-5523\" src=\"https:\/\/www.chateau-de-paraza.com\/wp-content\/uploads\/2021\/03\/HVE_produit_noir-300x300.jpg\" alt=\"\" width=\"300\" height=\"300\" srcset=\"https:\/\/www.chateau-de-paraza.com\/wp-content\/uploads\/2021\/03\/HVE_produit_noir-300x300.jpg 300w, https:\/\/www.chateau-de-paraza.com\/wp-content\/uploads\/2021\/03\/HVE_produit_noir-100x100.jpg 100w, https:\/\/www.chateau-de-paraza.com\/wp-content\/uploads\/2021\/03\/HVE_produit_noir-600x600.jpg 600w, https:\/\/www.chateau-de-paraza.com\/wp-content\/uploads\/2021\/03\/HVE_produit_noir.jpg 1181w\" sizes=\"(max-width: 300px) 100vw, 300px\" \/><\/p>\n<p>[\/vc_column_text][vc_empty_space height=&#8221;20px&#8221;][vc_column_text]<\/p>\n<p>Some examples of environmentally aware processes we have set up:<\/p>\n<p>[\/vc_column_text][vc_empty_space][\/vc_column][\/vc_row][vc_row][vc_column width=&#8221;1\/4&#8243;][vc_empty_space height=&#8221;25px&#8221;][vc_single_image image=&#8221;1944&#8243; alignment=&#8221;center&#8221;][\/vc_column][vc_column width=&#8221;3\/4&#8243;][vc_column_text]<\/p>\n<h2>REASONED AGRICULTURE IN THE VINES<\/h2>\n<ul>\n<li>We replaced chemical weeding by mechanical weeding. It is followed by deep soil cultivation.<\/li>\n<li>We promote biodiversity in our vines: we replant and maintain a pinewood, olive trees and garrigue.<\/li>\n<li>In 2017, we have implemented<b><a href=\"https:\/\/www.chateau-de-paraza.com\/actualites\/confusion-sexuelle-et-chasse-aux-papillons\/\" target=\"_blank\" rel=\"noopener noreferrer\"> mating disruption to control moth in our 75 hectares of vines<\/a>.<\/b>\u00a0The objective is to limit the use of chemical products.<\/li>\n<\/ul>\n<p>[\/vc_column_text][\/vc_column][vc_column][vc_empty_space][vc_row_inner][vc_column_inner width=&#8221;1\/4&#8243;][vc_empty_space height=&#8221;20px&#8221;][vc_single_image image=&#8221;2294&#8243; alignment=&#8221;center&#8221;][\/vc_column_inner][vc_column_inner width=&#8221;3\/4&#8243;][vc_column_text]<\/p>\n<h2>RESPONSIBLE PRACTICES IN OUR WINERY<\/h2>\n<ul>\n<li>Water treatment.\u00a0Discharge is processed\u00a0in compliance with regulations. There\u00a0is\u00a0an ongoing search for clean technologies. <strong>No chemical product are used to clean the vats and the winery.\u00a0<\/strong><\/li>\n<li>Water consumption. We control our water consumption. Following the latest drought, in particular in 2016 and 2017, it has become an essential stake. We limit as much as possible our water consumption.[\/vc_column_text][\/vc_column_inner][\/vc_row_inner][\/vc_column][vc_column][vc_empty_space][vc_row_inner][vc_column_inner width=&#8221;1\/4&#8243;][vc_single_image image=&#8221;2297&#8243; alignment=&#8221;center&#8221;][\/vc_column_inner][vc_column_inner width=&#8221;3\/4&#8243;][vc_column_text]<\/li>\n<\/ul>\n<h2>ECO-PACKAGING<\/h2>\n<p>In partnership with our suppliers, we have rethought our packaging to reduce our packaging weight and consequently our carbon impact. In this matter, <strong>we use packaging from sustainably managed forests (FSC certification), fully recyclable.\u00a0<\/strong>[\/vc_column_text][\/vc_column_inner][\/vc_row_inner][vc_empty_space][vc_column_text]We assess the impact on the environment of all the actions taken when considering the strategic management of the winery. We have been considering the implementation of solar panels to sustain the power needs of the winery. We hope to implement our project soon.[\/vc_column_text][vc_empty_space][\/vc_column][\/vc_row][vc_row][vc_column][vc_column_text css=&#8221;.vc_custom_1481211545561{padding-top: 10px !important;padding-right: 10px !important;padding-bottom: 10px !important;padding-left: 10px !important;background-color: rgba(72,68,68,0.87) !important;*background-color: rgb(72,68,68) !important;}&#8221;]<\/p>\n<h4><span style=\"color: #ffffff;\">Les vignerons du Ch\u00e2teau de Paraza adh\u00e8rent \u00e0 la Charte des Vignerons Ind\u00e9pendants<i class=\"ng-binding\"> <\/i><\/span><\/h4>\n<p><span style=\"color: #ffffff;\"><i class=\"ng-binding\">\u201cLe Vigneron Ind\u00e9pendant respecte son terroir, travaille sa vigne, r\u00e9colte son raisin, vinifie et \u00e9l\u00e8ve son vin, met en bouteille sa production et commercialise ses produits\u201d<\/i><\/span>[\/vc_column_text][vc_empty_space][vc_single_image image=&#8221;2290&#8243; img_size=&#8221;medium&#8221; alignment=&#8221;center&#8221; onclick=&#8221;custom_link&#8221; img_link_target=&#8221;_blank&#8221; link=&#8221;http:\/\/www.vigneron-independant.com\/&#8221;][\/vc_column][\/vc_row]<\/p>\n<\/div>","protected":false},"excerpt":{"rendered":"<p>[vc_row][vc_column][vc_column_text] OUR PHILOSOPHY [\/vc_column_text][vc_empty_space height=&#8221;20px&#8221;][\/vc_column][vc_column][vc_column_text]The Ch\u00e2teau de Paraza comes back to life under the impetus of a family project. Within our family, all members, including parents and three children, are actively involved in working the vines. Since their first harvest in 2005, the estate has undergone remarkable development. By adopting a sustainable agriculture approach, by&hellip;<\/p>\n","protected":false},"author":2,"featured_media":0,"parent":630,"menu_order":0,"comment_status":"closed","ping_status":"closed","template":"","meta":[],"yoast_head":"<!-- This site is optimized with the Yoast SEO plugin v21.8.1 - https:\/\/yoast.com\/wordpress\/plugins\/seo\/ -->\n<title>Terroir and Philosophy - Ch\u00e2teau de Paraza<\/title>\n<meta name=\"description\" content=\"Pour produire les vins du Ch\u00e2teau de Paraza, la famille Danglas allie agriculture raisonn\u00e9e, savoir-faire et innovation pour exprimer le meilleur du terroir\" \/>\n<meta name=\"robots\" content=\"index, follow, max-snippet:-1, max-image-preview:large, max-video-preview:-1\" \/>\n<link rel=\"canonical\" href=\"https:\/\/www.chateau-de-paraza.com\/en\/domaine\/terroiretphilosophie\/\" \/>\n<meta property=\"og:locale\" content=\"en_US\" \/>\n<meta property=\"og:type\" content=\"article\" \/>\n<meta property=\"og:title\" content=\"Terroir and Philosophy - Ch\u00e2teau de Paraza\" \/>\n<meta property=\"og:description\" content=\"Pour produire les vins du Ch\u00e2teau de Paraza, la famille Danglas allie agriculture raisonn\u00e9e, savoir-faire et innovation pour exprimer le meilleur du terroir\" \/>\n<meta property=\"og:url\" content=\"https:\/\/www.chateau-de-paraza.com\/en\/domaine\/terroiretphilosophie\/\" \/>\n<meta property=\"og:site_name\" content=\"Ch\u00e2teau de Paraza\" \/>\n<meta property=\"article:publisher\" content=\"https:\/\/www.facebook.com\/chateaudeparaza\" \/>\n<meta property=\"article:modified_time\" content=\"2024-10-15T08:43:35+00:00\" \/>\n<meta property=\"og:image\" content=\"https:\/\/www.chateau-de-paraza.com\/wp-content\/uploads\/2021\/03\/HVE_produit_noir-300x300.jpg\" \/>\n<meta name=\"twitter:card\" content=\"summary_large_image\" \/>\n<meta name=\"twitter:site\" content=\"@ChateauDeParaza\" \/>\n<meta name=\"twitter:label1\" content=\"Est. reading time\" \/>\n\t<meta name=\"twitter:data1\" content=\"4 minutes\" \/>\n<script type=\"application\/ld+json\" class=\"yoast-schema-graph\">{\"@context\":\"https:\/\/schema.org\",\"@graph\":[{\"@type\":\"WebPage\",\"@id\":\"https:\/\/www.chateau-de-paraza.com\/en\/domaine\/terroiretphilosophie\/\",\"url\":\"https:\/\/www.chateau-de-paraza.com\/en\/domaine\/terroiretphilosophie\/\",\"name\":\"Terroir and Philosophy - Ch\u00e2teau de Paraza\",\"isPartOf\":{\"@id\":\"https:\/\/www.chateau-de-paraza.com\/#website\"},\"datePublished\":\"2015-06-18T16:01:17+00:00\",\"dateModified\":\"2024-10-15T08:43:35+00:00\",\"description\":\"Pour produire les vins du Ch\u00e2teau de Paraza, la famille Danglas allie agriculture raisonn\u00e9e, savoir-faire et innovation pour exprimer le meilleur du terroir\",\"breadcrumb\":{\"@id\":\"https:\/\/www.chateau-de-paraza.com\/en\/domaine\/terroiretphilosophie\/#breadcrumb\"},\"inLanguage\":\"en-US\",\"potentialAction\":[{\"@type\":\"ReadAction\",\"target\":[\"https:\/\/www.chateau-de-paraza.com\/en\/domaine\/terroiretphilosophie\/\"]}]},{\"@type\":\"BreadcrumbList\",\"@id\":\"https:\/\/www.chateau-de-paraza.com\/en\/domaine\/terroiretphilosophie\/#breadcrumb\",\"itemListElement\":[{\"@type\":\"ListItem\",\"position\":1,\"name\":\"Accueil\",\"item\":\"https:\/\/www.chateau-de-paraza.com\/en\/\"},{\"@type\":\"ListItem\",\"position\":2,\"name\":\"Wine Estate\",\"item\":\"https:\/\/www.chateau-de-paraza.com\/domaine\/\"},{\"@type\":\"ListItem\",\"position\":3,\"name\":\"Terroir and Philosophy\"}]},{\"@type\":\"WebSite\",\"@id\":\"https:\/\/www.chateau-de-paraza.com\/#website\",\"url\":\"https:\/\/www.chateau-de-paraza.com\/\",\"name\":\"Ch\u00e2teau de Paraza\",\"description\":\"Site web du Ch\u00e2teau de Paraza\",\"potentialAction\":[{\"@type\":\"SearchAction\",\"target\":{\"@type\":\"EntryPoint\",\"urlTemplate\":\"https:\/\/www.chateau-de-paraza.com\/?s={search_term_string}\"},\"query-input\":\"required name=search_term_string\"}],\"inLanguage\":\"en-US\"}]}<\/script>\n<!-- \/ Yoast SEO plugin. -->","yoast_head_json":{"title":"Terroir and Philosophy - Ch\u00e2teau de Paraza","description":"Pour produire les vins du Ch\u00e2teau de Paraza, la famille Danglas allie agriculture raisonn\u00e9e, savoir-faire et innovation pour exprimer le meilleur du terroir","robots":{"index":"index","follow":"follow","max-snippet":"max-snippet:-1","max-image-preview":"max-image-preview:large","max-video-preview":"max-video-preview:-1"},"canonical":"https:\/\/www.chateau-de-paraza.com\/en\/domaine\/terroiretphilosophie\/","og_locale":"en_US","og_type":"article","og_title":"Terroir and Philosophy - Ch\u00e2teau de Paraza","og_description":"Pour produire les vins du Ch\u00e2teau de Paraza, la famille Danglas allie agriculture raisonn\u00e9e, savoir-faire et innovation pour exprimer le meilleur du terroir","og_url":"https:\/\/www.chateau-de-paraza.com\/en\/domaine\/terroiretphilosophie\/","og_site_name":"Ch\u00e2teau de Paraza","article_publisher":"https:\/\/www.facebook.com\/chateaudeparaza","article_modified_time":"2024-10-15T08:43:35+00:00","og_image":[{"url":"https:\/\/www.chateau-de-paraza.com\/wp-content\/uploads\/2021\/03\/HVE_produit_noir-300x300.jpg"}],"twitter_card":"summary_large_image","twitter_site":"@ChateauDeParaza","twitter_misc":{"Est. reading time":"4 minutes"},"schema":{"@context":"https:\/\/schema.org","@graph":[{"@type":"WebPage","@id":"https:\/\/www.chateau-de-paraza.com\/en\/domaine\/terroiretphilosophie\/","url":"https:\/\/www.chateau-de-paraza.com\/en\/domaine\/terroiretphilosophie\/","name":"Terroir and Philosophy - Ch\u00e2teau de Paraza","isPartOf":{"@id":"https:\/\/www.chateau-de-paraza.com\/#website"},"datePublished":"2015-06-18T16:01:17+00:00","dateModified":"2024-10-15T08:43:35+00:00","description":"Pour produire les vins du Ch\u00e2teau de Paraza, la famille Danglas allie agriculture raisonn\u00e9e, savoir-faire et innovation pour exprimer le meilleur du terroir","breadcrumb":{"@id":"https:\/\/www.chateau-de-paraza.com\/en\/domaine\/terroiretphilosophie\/#breadcrumb"},"inLanguage":"en-US","potentialAction":[{"@type":"ReadAction","target":["https:\/\/www.chateau-de-paraza.com\/en\/domaine\/terroiretphilosophie\/"]}]},{"@type":"BreadcrumbList","@id":"https:\/\/www.chateau-de-paraza.com\/en\/domaine\/terroiretphilosophie\/#breadcrumb","itemListElement":[{"@type":"ListItem","position":1,"name":"Accueil","item":"https:\/\/www.chateau-de-paraza.com\/en\/"},{"@type":"ListItem","position":2,"name":"Wine Estate","item":"https:\/\/www.chateau-de-paraza.com\/domaine\/"},{"@type":"ListItem","position":3,"name":"Terroir and Philosophy"}]},{"@type":"WebSite","@id":"https:\/\/www.chateau-de-paraza.com\/#website","url":"https:\/\/www.chateau-de-paraza.com\/","name":"Ch\u00e2teau de Paraza","description":"Site web du Ch\u00e2teau de Paraza","potentialAction":[{"@type":"SearchAction","target":{"@type":"EntryPoint","urlTemplate":"https:\/\/www.chateau-de-paraza.com\/?s={search_term_string}"},"query-input":"required name=search_term_string"}],"inLanguage":"en-US"}]}},"_links":{"self":[{"href":"https:\/\/www.chateau-de-paraza.com\/en\/wp-json\/wp\/v2\/pages\/641"}],"collection":[{"href":"https:\/\/www.chateau-de-paraza.com\/en\/wp-json\/wp\/v2\/pages"}],"about":[{"href":"https:\/\/www.chateau-de-paraza.com\/en\/wp-json\/wp\/v2\/types\/page"}],"author":[{"embeddable":true,"href":"https:\/\/www.chateau-de-paraza.com\/en\/wp-json\/wp\/v2\/users\/2"}],"replies":[{"embeddable":true,"href":"https:\/\/www.chateau-de-paraza.com\/en\/wp-json\/wp\/v2\/comments?post=641"}],"version-history":[{"count":6,"href":"https:\/\/www.chateau-de-paraza.com\/en\/wp-json\/wp\/v2\/pages\/641\/revisions"}],"predecessor-version":[{"id":10880,"href":"https:\/\/www.chateau-de-paraza.com\/en\/wp-json\/wp\/v2\/pages\/641\/revisions\/10880"}],"up":[{"embeddable":true,"href":"https:\/\/www.chateau-de-paraza.com\/en\/wp-json\/wp\/v2\/pages\/630"}],"wp:attachment":[{"href":"https:\/\/www.chateau-de-paraza.com\/en\/wp-json\/wp\/v2\/media?parent=641"}],"curies":[{"name":"wp","href":"https:\/\/api.w.org\/{rel}","templated":true}]}}