{"id":6395,"date":"2022-03-21T22:18:25","date_gmt":"2022-03-21T21:18:25","guid":{"rendered":"https:\/\/www.chateau-de-paraza.com\/?page_id=6395"},"modified":"2026-02-05T14:47:52","modified_gmt":"2026-02-05T13:47:52","slug":"introduction-to-wine-tasting","status":"publish","type":"page","link":"https:\/\/www.chateau-de-paraza.com\/en\/introduction-to-wine-tasting\/","title":{"rendered":"Introduction to wine-tasting"},"content":{"rendered":"<div class=\"wpb-content-wrapper\"><p>[vc_row][vc_column][vc_column_text]<\/p>\n<h2>Atelier d&#8217;initiation \u00e0 la d\u00e9gustation<\/h2>\n<p>[\/vc_column_text][vc_empty_space height=&#8221;40px&#8221;][\/vc_column][\/vc_row][vc_row][vc_column][vc_single_image image=&#8221;5617&#8243; img_size=&#8221;full&#8221; style=&#8221;vc_box_shadow_3d&#8221; onclick=&#8221;zoom&#8221; css_animation=&#8221;slideInRight&#8221;][\/vc_column][\/vc_row][vc_row][vc_column width=&#8221;2\/3&#8243; css=&#8221;.vc_custom_1617269672605{border-radius: 1px !important;}&#8221;][vc_column_text]<\/p>\n<h6>Comment choisir votre bouteille en magasin ? Pourquoi les vins du Languedoc sont diff\u00e9rents de ceux de Bordeaux ? Comment \u00e9labore-t-on un vin ros\u00e9 ?<\/h6>\n<p>Notre atelier d\u2019initiation \u00e0 la d\u00e9gustation et \u00e0 l&#8217;\u0153nologie r\u00e9pondra \u00e0 toutes les questions que vous pourriez vous poser sur le vin et bien plus encore. Adress\u00e9 aux novices, aux curieux, ou encore aux amateurs de vin, nous vous guiderons durant toute cette initiation. Laissez nous faire de vous un v\u00e9ritable maitre de chai le temps de cette exp\u00e9rience. En effet, vous d\u00e9couvrirez, en d\u00e9tail, chacune des \u00e9tapes de la vinification d\u2019un vin\u00a0: du travail de la vigne \u00e0 la mise en bouteille, en passant par les assemblages.<\/p>\n<p>Cette initiation \u00e0 la d\u00e9gustation et \u00e0 l&#8217;\u0153nologie vous permettra d\u2019aborder plus en d\u00e9tail le vocabulaire du vin, les diff\u00e9rents types de raisins \u2014 que l\u2019on appelle c\u00e9pages \u2014 les m\u00e9thodes de travail \u00e0 la cave et dans la vigne et bien s\u00fbr la m\u00e9thode de d\u00e9gustation utilis\u00e9e par les \u0153nologues ! De ce fait, vous apprendrez \u00e0 diff\u00e9rencier et nommer les ar\u00f4mes, \u00e0 parler de la robe &#8211; la couleur du vin &#8211; et \u00e0 appr\u00e9cier toutes les subtilit\u00e9s gustatives, olfactives et visuels de ce subtil nectar qu&#8217;est le vin.<\/p>\n<p>Cet atelier est un v\u00e9ritable moment privil\u00e9gi\u00e9 avec notre \u00e9quipe, il ne requiert aucune connaissance pr\u00e9alable et s\u2019adresse \u00e0 tous.<\/p>\n<p><strong>Id\u00e9al pour un cadeau.<\/strong><\/p>\n<p><strong>[NB : Nous organisons environ 2 ateliers par mois selon demande]<\/strong>[\/vc_column_text][\/vc_column][vc_column width=&#8221;1\/3&#8243; css=&#8221;.vc_custom_1617269739734{border-left-width: 1px !important;border-left-color: #e5e5e5 !important;border-left-style: solid !important;border-radius: 1px !important;}&#8221;][vc_column_text]<strong>Prix <\/strong>: 45 euros par personne<\/p>\n<p><strong>Dur\u00e9e<\/strong> : 2h30 \/ 3h<\/p>\n<p><strong>Nombre de vins d\u00e9gust\u00e9s<\/strong> : 7<\/p>\n<p><strong>R\u00e9servation<\/strong> : Par t\u00e9l\u00e9phone au 07 78 19 16 41 ou par mail \u00e0 chateaudeparaza@gmail.com<\/p>\n<p><strong>Envie d&#8217;offrir ?<\/strong> :\u00a0<a href=\"https:\/\/chateau-de-paraza.amenitiz.io\/fr\/booking\/room\" class=\"dt-btn-s btn-link\" target=\"_blank\">R\u00e9server un bon cadeau<\/a><\/p>\n<p>[\/vc_column_text][vc_empty_space][vc_btn title=&#8221;Contact&#8221; size=&#8221;xs&#8221; link=&#8221;url:https%3A%2F%2Fwww.chateau-de-paraza.com%2Fen%2Fcontact%2F|title:Contact|target:%20_blank|&#8221;][\/vc_column][\/vc_row][vc_row][vc_column][vc_empty_space][vc_zigzag][vc_empty_space][\/vc_column][\/vc_row][vc_row][vc_column][vc_column_text]<\/p>\n<h2>Vous souhaitez compl\u00e9ter votre exp\u00e9rience :<\/h2>\n<p>[\/vc_column_text][vc_empty_space][\/vc_column][\/vc_row][vc_row][vc_column width=&#8221;1\/3&#8243;][vc_hoverbox image=&#8221;13084&#8243; primary_title=&#8221;&#8221; hover_title=&#8221;De 10h \u00e0 22h&#8221; hover_title_google_fonts=&#8221;font_family:Cinzel%3Aregular%2C700%2C900|font_style:400%20regular%3A400%3Anormal&#8221; shape=&#8221;square&#8221; use_custom_fonts_hover_title=&#8221;true&#8221;]<\/p>\n<p style=\"text-align: center;\">Tous les jours d&#8217;Avril \u00e0 Octobre.<\/p>\n<p style=\"text-align: center;\">Bar \u00e0 vins et tapas, au bord du Canal du Midi.<\/p>\n<p style=\"text-align: center;\">R\u00e9servations au 04 68 75 50 59\u00a0 par t\u00e9l\u00e9phone ou sms au 06 82 06 74 89.<\/p>\n<p>[\/vc_hoverbox][vc_empty_space height=&#8221;5px&#8221;][vc_column_text]<\/p>\n<h2>Le Caf\u00e9 du port<\/h2>\n<p>[\/vc_column_text][vc_column_text]<a href=\"https:\/\/www.instagram.com\/cafeduport.paraza?utm_source=ig_web_button_share_sheet&amp;igsh=ZDNlZDc0MzIxNw==\" target=\"_blank\" rel=\"noopener\">En savoir plus<\/a>[\/vc_column_text][\/vc_column][vc_column width=&#8221;1\/3&#8243;][vc_hoverbox image=&#8221;12623&#8243; primary_title=&#8221;&#8221; hover_title=&#8221;Sur devis&#8221; hover_title_google_fonts=&#8221;font_family:Cinzel%3Aregular%2C700%2C900|font_style:400%20regular%3A400%3Anormal&#8221; shape=&#8221;square&#8221; use_custom_fonts_hover_title=&#8221;true&#8221;]Plongez dans l\u2019histoire et le raffinement sign\u00e9 par un chef \u00e0 travers une exp\u00e9rience unique et confidentielle accompagn\u00e9 des vins du domaine.[\/vc_hoverbox][vc_empty_space height=&#8221;5px&#8221;][vc_column_text]<\/p>\n<h2>D\u00eener priv\u00e9<\/h2>\n<p>[\/vc_column_text][vc_column_text]<a href=\"https:\/\/www.chateau-de-paraza.com\/experiences-activites-degustation-visite-oenotourisme\/experience-degustation-prestige-chateau-de-paraza\/\" target=\"_blank\" rel=\"noopener\">En savoir plus<\/a>[\/vc_column_text][\/vc_column][vc_column width=&#8221;1\/3&#8243;][vc_hoverbox image=&#8221;10587&#8243; primary_title=&#8221;&#8221; hover_title=&#8221;Les Suites&#8221; hover_title_google_fonts=&#8221;font_family:Cinzel%3Aregular%2C700%2C900|font_style:400%20regular%3A400%3Anormal&#8221; shape=&#8221;square&#8221; use_custom_fonts_hover_title=&#8221;true&#8221;]En amoureux, en famille ou entre amis, vivez la vie de ch\u00e2teau dans l\u2019une de nos suites ![\/vc_hoverbox][vc_empty_space height=&#8221;5px&#8221;][vc_column_text]<\/p>\n<h2>Chambres d&#8217;H\u00f4tes<\/h2>\n<p>[\/vc_column_text][vc_column_text]<a href=\"https:\/\/www.chateau-de-paraza.com\/chambres-dhotes\/\" target=\"_blank\" rel=\"noopener\">En savoir plus<\/a>[\/vc_column_text][\/vc_column][\/vc_row]<\/p>\n<\/div>","protected":false},"excerpt":{"rendered":"<p>[vc_row][vc_column][vc_column_text] Atelier d&#8217;initiation \u00e0 la d\u00e9gustation [\/vc_column_text][vc_empty_space height=&#8221;40px&#8221;][\/vc_column][\/vc_row][vc_row][vc_column][vc_single_image image=&#8221;5617&#8243; img_size=&#8221;full&#8221; style=&#8221;vc_box_shadow_3d&#8221; onclick=&#8221;zoom&#8221; css_animation=&#8221;slideInRight&#8221;][\/vc_column][\/vc_row][vc_row][vc_column width=&#8221;2\/3&#8243; css=&#8221;.vc_custom_1617269672605{border-radius: 1px !important;}&#8221;][vc_column_text] Comment choisir votre bouteille en magasin ? Pourquoi les vins du Languedoc sont diff\u00e9rents de ceux de Bordeaux ? Comment \u00e9labore-t-on un vin ros\u00e9 ? Notre atelier d\u2019initiation \u00e0 la d\u00e9gustation et \u00e0 l&#8217;\u0153nologie r\u00e9pondra \u00e0 toutes les&hellip;<\/p>\n","protected":false},"author":2,"featured_media":0,"parent":0,"menu_order":0,"comment_status":"closed","ping_status":"closed","template":"","meta":[],"yoast_head":"<!-- This site is optimized with the Yoast SEO plugin v21.8.1 - https:\/\/yoast.com\/wordpress\/plugins\/seo\/ -->\n<title>Introduction to wine-tasting - Ch\u00e2teau de Paraza<\/title>\n<meta name=\"description\" content=\"Atelier d&#039;initiation \u00e0 la d\u00e9gustation Comment choisir votre bouteille en magasin ? Pourquoi les vins du Languedoc sont diff\u00e9rents de ceux de Bordeaux ?\" \/>\n<meta name=\"robots\" content=\"index, follow, max-snippet:-1, max-image-preview:large, max-video-preview:-1\" \/>\n<link rel=\"canonical\" href=\"https:\/\/www.chateau-de-paraza.com\/en\/introduction-to-wine-tasting\/\" \/>\n<meta property=\"og:locale\" content=\"en_US\" \/>\n<meta property=\"og:type\" content=\"article\" \/>\n<meta property=\"og:title\" content=\"Introduction to wine-tasting - Ch\u00e2teau de Paraza\" \/>\n<meta property=\"og:description\" content=\"Atelier d&#039;initiation \u00e0 la d\u00e9gustation Comment choisir votre bouteille en magasin ? Pourquoi les vins du Languedoc sont diff\u00e9rents de ceux de Bordeaux ?\" \/>\n<meta property=\"og:url\" content=\"https:\/\/www.chateau-de-paraza.com\/en\/introduction-to-wine-tasting\/\" \/>\n<meta property=\"og:site_name\" content=\"Ch\u00e2teau de Paraza\" \/>\n<meta property=\"article:publisher\" content=\"https:\/\/www.facebook.com\/chateaudeparaza\" \/>\n<meta property=\"article:modified_time\" content=\"2026-02-05T13:47:52+00:00\" \/>\n<meta name=\"twitter:card\" content=\"summary_large_image\" \/>\n<meta name=\"twitter:site\" content=\"@ChateauDeParaza\" \/>\n<meta name=\"twitter:label1\" content=\"Est. reading time\" \/>\n\t<meta name=\"twitter:data1\" content=\"4 minutes\" \/>\n<script type=\"application\/ld+json\" class=\"yoast-schema-graph\">{\"@context\":\"https:\/\/schema.org\",\"@graph\":[{\"@type\":\"WebPage\",\"@id\":\"https:\/\/www.chateau-de-paraza.com\/en\/introduction-to-wine-tasting\/\",\"url\":\"https:\/\/www.chateau-de-paraza.com\/en\/introduction-to-wine-tasting\/\",\"name\":\"Introduction to wine-tasting - Ch\u00e2teau de Paraza\",\"isPartOf\":{\"@id\":\"https:\/\/www.chateau-de-paraza.com\/#website\"},\"datePublished\":\"2022-03-21T21:18:25+00:00\",\"dateModified\":\"2026-02-05T13:47:52+00:00\",\"description\":\"Atelier d'initiation \u00e0 la d\u00e9gustation Comment choisir votre bouteille en magasin ? Pourquoi les vins du Languedoc sont diff\u00e9rents de ceux de Bordeaux ?\",\"breadcrumb\":{\"@id\":\"https:\/\/www.chateau-de-paraza.com\/en\/introduction-to-wine-tasting\/#breadcrumb\"},\"inLanguage\":\"en-US\",\"potentialAction\":[{\"@type\":\"ReadAction\",\"target\":[\"https:\/\/www.chateau-de-paraza.com\/en\/introduction-to-wine-tasting\/\"]}]},{\"@type\":\"BreadcrumbList\",\"@id\":\"https:\/\/www.chateau-de-paraza.com\/en\/introduction-to-wine-tasting\/#breadcrumb\",\"itemListElement\":[{\"@type\":\"ListItem\",\"position\":1,\"name\":\"Accueil\",\"item\":\"https:\/\/www.chateau-de-paraza.com\/en\/\"},{\"@type\":\"ListItem\",\"position\":2,\"name\":\"Introduction to wine-tasting\"}]},{\"@type\":\"WebSite\",\"@id\":\"https:\/\/www.chateau-de-paraza.com\/#website\",\"url\":\"https:\/\/www.chateau-de-paraza.com\/\",\"name\":\"Ch\u00e2teau de Paraza\",\"description\":\"Site web du Ch\u00e2teau de Paraza\",\"potentialAction\":[{\"@type\":\"SearchAction\",\"target\":{\"@type\":\"EntryPoint\",\"urlTemplate\":\"https:\/\/www.chateau-de-paraza.com\/?s={search_term_string}\"},\"query-input\":\"required name=search_term_string\"}],\"inLanguage\":\"en-US\"}]}<\/script>\n<!-- \/ Yoast SEO plugin. -->","yoast_head_json":{"title":"Introduction to wine-tasting - Ch\u00e2teau de Paraza","description":"Atelier d'initiation \u00e0 la d\u00e9gustation Comment choisir votre bouteille en magasin ? Pourquoi les vins du Languedoc sont diff\u00e9rents de ceux de Bordeaux ?","robots":{"index":"index","follow":"follow","max-snippet":"max-snippet:-1","max-image-preview":"max-image-preview:large","max-video-preview":"max-video-preview:-1"},"canonical":"https:\/\/www.chateau-de-paraza.com\/en\/introduction-to-wine-tasting\/","og_locale":"en_US","og_type":"article","og_title":"Introduction to wine-tasting - Ch\u00e2teau de Paraza","og_description":"Atelier d'initiation \u00e0 la d\u00e9gustation Comment choisir votre bouteille en magasin ? Pourquoi les vins du Languedoc sont diff\u00e9rents de ceux de Bordeaux ?","og_url":"https:\/\/www.chateau-de-paraza.com\/en\/introduction-to-wine-tasting\/","og_site_name":"Ch\u00e2teau de Paraza","article_publisher":"https:\/\/www.facebook.com\/chateaudeparaza","article_modified_time":"2026-02-05T13:47:52+00:00","twitter_card":"summary_large_image","twitter_site":"@ChateauDeParaza","twitter_misc":{"Est. reading time":"4 minutes"},"schema":{"@context":"https:\/\/schema.org","@graph":[{"@type":"WebPage","@id":"https:\/\/www.chateau-de-paraza.com\/en\/introduction-to-wine-tasting\/","url":"https:\/\/www.chateau-de-paraza.com\/en\/introduction-to-wine-tasting\/","name":"Introduction to wine-tasting - Ch\u00e2teau de Paraza","isPartOf":{"@id":"https:\/\/www.chateau-de-paraza.com\/#website"},"datePublished":"2022-03-21T21:18:25+00:00","dateModified":"2026-02-05T13:47:52+00:00","description":"Atelier d'initiation \u00e0 la d\u00e9gustation Comment choisir votre bouteille en magasin ? Pourquoi les vins du Languedoc sont diff\u00e9rents de ceux de Bordeaux ?","breadcrumb":{"@id":"https:\/\/www.chateau-de-paraza.com\/en\/introduction-to-wine-tasting\/#breadcrumb"},"inLanguage":"en-US","potentialAction":[{"@type":"ReadAction","target":["https:\/\/www.chateau-de-paraza.com\/en\/introduction-to-wine-tasting\/"]}]},{"@type":"BreadcrumbList","@id":"https:\/\/www.chateau-de-paraza.com\/en\/introduction-to-wine-tasting\/#breadcrumb","itemListElement":[{"@type":"ListItem","position":1,"name":"Accueil","item":"https:\/\/www.chateau-de-paraza.com\/en\/"},{"@type":"ListItem","position":2,"name":"Introduction to wine-tasting"}]},{"@type":"WebSite","@id":"https:\/\/www.chateau-de-paraza.com\/#website","url":"https:\/\/www.chateau-de-paraza.com\/","name":"Ch\u00e2teau de Paraza","description":"Site web du Ch\u00e2teau de Paraza","potentialAction":[{"@type":"SearchAction","target":{"@type":"EntryPoint","urlTemplate":"https:\/\/www.chateau-de-paraza.com\/?s={search_term_string}"},"query-input":"required name=search_term_string"}],"inLanguage":"en-US"}]}},"_links":{"self":[{"href":"https:\/\/www.chateau-de-paraza.com\/en\/wp-json\/wp\/v2\/pages\/6395"}],"collection":[{"href":"https:\/\/www.chateau-de-paraza.com\/en\/wp-json\/wp\/v2\/pages"}],"about":[{"href":"https:\/\/www.chateau-de-paraza.com\/en\/wp-json\/wp\/v2\/types\/page"}],"author":[{"embeddable":true,"href":"https:\/\/www.chateau-de-paraza.com\/en\/wp-json\/wp\/v2\/users\/2"}],"replies":[{"embeddable":true,"href":"https:\/\/www.chateau-de-paraza.com\/en\/wp-json\/wp\/v2\/comments?post=6395"}],"version-history":[{"count":10,"href":"https:\/\/www.chateau-de-paraza.com\/en\/wp-json\/wp\/v2\/pages\/6395\/revisions"}],"predecessor-version":[{"id":13405,"href":"https:\/\/www.chateau-de-paraza.com\/en\/wp-json\/wp\/v2\/pages\/6395\/revisions\/13405"}],"wp:attachment":[{"href":"https:\/\/www.chateau-de-paraza.com\/en\/wp-json\/wp\/v2\/media?parent=6395"}],"curies":[{"name":"wp","href":"https:\/\/api.w.org\/{rel}","templated":true}]}}