{"id":558,"date":"2015-06-30T09:52:18","date_gmt":"2015-06-30T08:52:18","guid":{"rendered":"http:\/\/chateau-de-paraza.com\/?page_id=558"},"modified":"2015-06-30T16:44:18","modified_gmt":"2015-06-30T15:44:18","slug":"legal-information","status":"publish","type":"page","link":"https:\/\/www.chateau-de-paraza.com\/en\/legal-information\/","title":{"rendered":"Legal Information"},"content":{"rendered":"<div class=\"wpb-content-wrapper\"><p>[vc_row margin_top=&#8221;0&#8243; margin_bottom=&#8221;0&#8243; full_width=&#8221;&#8221; padding_left=&#8221;0&#8243; padding_right=&#8221;0&#8243; animation=&#8221;&#8221; type=&#8221;&#8221; bg_color=&#8221;&#8221; bg_position=&#8221;top&#8221; bg_repeat=&#8221;no-repeat&#8221; bg_cover=&#8221;false&#8221; bg_attachment=&#8221;false&#8221; padding_top=&#8221;0&#8243; padding_bottom=&#8221;0&#8243; enable_parallax=&#8221;&#8221; parallax_speed=&#8221;0.1&#8243; bg_video_src_mp4=&#8221;&#8221; bg_video_src_ogv=&#8221;&#8221; bg_video_src_webm=&#8221;&#8221;][vc_column width=&#8221;1\/1&#8243; animation=&#8221;&#8221;][vc_column_text]<\/p>\n<h3><span id=\"result_box\" class=\"\" lang=\"en\"><span title=\"GLOSSAIRE : \">GLOSSARY:<\/span><\/span><\/h3>\n<p><span id=\"result_box\" class=\"\" lang=\"en\"><span title=\"- Utilisateur : Internaute se connectant, utilisant le site http:\/\/www.chateau-de-paraza.fr \">&#8211; User: Internet connecting, using the site http:\/\/www.chateau-de-paraza.fr<br \/>\n<\/span><span title=\"- Informations personnelles : \u00ab les informations qui permettent, sous quelque forme que ce soit, directement ou non, l'identification des personnes physiques auxquelles elles s'appliquent \u00bb (article 4 de la loi n\u00b0 78-17 du 6 janvier 1978). \">&#8211; Personal information: &#8220;information that enables any form whatsoever, directly or indirectly, the identification of individuals to whom it applies&#8221; (Article 4 of Law No. 78-17 of 6 January 1978).<\/span><\/span><\/p>\n<h3><span id=\"result_box\" class=\"\" lang=\"en\"><span title=\"D\u00c9CLARATION : \">DECLARATION:<\/span><\/span><\/h3>\n<p><span id=\"result_box\" class=\"\" lang=\"en\"><span title=\"En vertu de l'article 6 de la loi n\u00b0 2004-575 du 21 juin 2004 pour la confiance dans l'\u00e9conomie num\u00e9rique, il est pr\u00e9cis\u00e9 aux utilisateurs du site http:\/\/www.chateau-de-paraza.fr \">Under Article 6 of Law No. 2004-575 of 21 June 2004 on confidence in the digital economy, it is clear to users of the site http:\/\/www.chateau-de-paraza.fr<br \/>\n<\/span><span title=\"L'identit\u00e9 des diff\u00e9rents intervenants dans le cadre de sa r\u00e9alisation et de son suivi : \">The identity of the various stakeholders as part of its implementation and monitoring:<br \/>\n<\/span><span title=\"Le propri\u00e9taire et\/ou \u00e9diteur est une personne morale. \">The owner and \/ or publisher is a legal person.<br \/>\n<\/span><span title=\"Propri\u00e9taire et\/ou \u00e9diteur du site : Ch\u00e2teau de Paraza \">Owner and \/ or website publisher: Ch\u00e2teau de Paraza<\/span><\/span><\/p>\n<h3><span id=\"result_box\" class=\"\" lang=\"en\"><span title=\"STATUT : \">STATUS:<\/span><\/span><\/h3>\n<p><span id=\"result_box\" class=\"\" lang=\"en\"><span title=\"Ch\u00e4teau de Paraza \">Chateau Paraza<br \/>\n<\/span><span title=\"Adresse : Ch\u00e2teau de Paraza \">Address: Ch\u00e2teau de Paraza &#8211; 1 rue du Viala<br \/>\n<\/span><span title=\"11 200 Paraza \">11200 Paraza<br \/>\n<\/span><span title=\"Responsable publication :Annick Danglas \">Publishing Officer: Lucile Danglas<br \/>\n<\/span><span title=\"Mail responsable publication : chateaudeparaza@gmail.com \">Publishing Officer Contact: chateaudeparaza@gmail.com<br \/>\nPhone number: +33 778 191 641<br \/>\nSIRET: 48971439400017<\/span><\/span><\/p>\n<p><span title=\"Editeur : R\u00e9sonance Communication \">Editing &amp; Development: Resonance Communication<br \/>\n<\/span><span title=\"Adresse editeur : 5 place Davilla \">Editing &amp; Development Address: 5 place Davilla<br \/>\n<\/span><span title=\"11 000 Carcassonne \">11000 Carcassonne<br \/>\n<\/span><span title=\"T\u00e9l\u00e9phone : 04 68 76 00 31 \">Phone: +33 468 760 031<\/span><\/p>\n<p><span title=\"H\u00e9bergeur : OVH - RCS : Tourcoing 424 761 419 00011 \">Hosting: OVH &#8211; RCS: Tourcoing 424 761 419 00011<br \/>\n<\/span><span title=\"Adresse h\u00e9bergeur : 140 quai du Sartel , 59100 Roubaix, France \">Host Address: 140 Wharf Sartel, 59100 Roubaix, France<\/span><\/p>\n<h3 id=\"tw-target-text\" dir=\"ltr\" data-placeholder=\"Traduction\"><span lang=\"en\">SALE OF ALCOHOLIC BEVERAGES <\/span><\/h3>\n<p dir=\"ltr\" data-placeholder=\"Traduction\"><span lang=\"en\">In accordance with Article L. 3342-1 of the Public Health Code, the sale of alcoholic beverages to minors is prohibited. All offers on the Site are reserved for adults aged eighteen (18 ) years of age and more, with legal capacity. It is further reminded that alcohol abuse is dangerous to health and that alcohol should be consumed moderately. For information tailored to each user &#8216;s health , the Chateau de Paraza advises their users\u00a0to turn to their physician.<\/span><\/p>\n<h3><span id=\"result_box\" class=\"\" lang=\"en\"><span title=\"INFORMATIONS PERSONNELLES COLLECT\u00c9ES : \">COLLECTED<\/span><\/span> <span id=\"result_box\" class=\"\" lang=\"en\"><span title=\"INFORMATIONS PERSONNELLES COLLECT\u00c9ES : \">PERSONAL INFORMATIONS :<\/span><\/span><\/h3>\n<p><span id=\"result_box\" class=\"\" lang=\"en\"><span title=\"En France, les donn\u00e9es personnelles sont notamment prot\u00e9g\u00e9es par la loi n\u00b0 78-87 du 6 janvier 1978, la loi n\u00b0 2004-801 du 6 ao\u00fbt 2004, l'article L. 226-13 du Code p\u00e9nal et la Directive Europ\u00e9enne du\">In France, collection of personal data is protected by law n\u00b0 78-87 of 6 January 1978, Law No. 2004-801 of 6 August 2004, Article L. 226-13 of the Penal Code and the European Directive <\/span><span title=\"24 octobre 1995. \">October 24, 1995.<\/span><\/span><\/p>\n<p><span id=\"result_box\" class=\"\" lang=\"en\"><span title=\"A l'occasion de l'utilisation du site http:\/\/www.chateau-de-paraza.fr sont notamment recueillies les donn\u00e9es suivantes : \">By simply connecting to the site www.chateau-de-paraza.fr, the user acknowledges having accepted from Chateau de Paraza, permission to collect the following data:<br \/>\n<\/span><span title=\"- l'adresse Internet URL des liens par l'interm\u00e9diaire desquels l'utilisateur a acc\u00e9d\u00e9 au site http:\/\/www.chateau-de-paraza.fr \">&#8211; Internet address URL links through which the user accessed the site http:\/\/www.chateau-de-paraza.fr<br \/>\n<\/span><span title=\"- Le fournisseur d'acc\u00e8s de l'utilisateur ; \">&#8211; The user&#8217;s ISP;<br \/>\n<\/span><span title=\"- L'adresse de protocole Internet (IP) de l'utilisateur. \">&#8211; The Internet Protocol (IP) address of the user.<\/span><\/span><\/p>\n<p><span id=\"result_box\" class=\"\" lang=\"en\"><span title=\"En tout \u00e9tat de cause Le Ch\u00e4teau de paraza ne collecte des informations personnelles relatives \u00e0 l'utilisateur (nom, adresse \u00e9lectronique, coordonn\u00e9es t\u00e9l\u00e9phoniques) que pour le besoin des services propos\u00e9s par le site http:\/\/www.chateau-de-paraza.\">In any event the Ch\u00e2teau of paraza only collects personal information about the user (name, email address, telephone number, etc.) for the need of the services offered by http: \/\/www.chateau-de-paraza.<\/span><span title=\"fr.\">fr. <\/span><span title=\"L'utilisateur fournit ces informations en toute connaissance de cause, notamment lorsqu'il proc\u00e8de par lui-m\u00eame \u00e0 leur saisie. \">The user provides that information with full acknowledgement of the facts, especially when conducting the entry of the data himself\/herself.\u00a0<\/span><span title=\"Il est alors pr\u00e9cis\u00e9 \u00e0 l'utilisateur du site http:\/\/www.chateau-de-paraza.fr le caract\u00e8re obligatoire ou non des informations qu'il serait amen\u00e9 \u00e0 fournir. \">Mention of mandatory information to be provided by the user when using the site\u00a0http:\/\/www.chateau-de-paraza.fr is made.\u00a0<\/span><\/span><\/p>\n<p><span title=\"L'UTILISATEUR JUSTIFIANT DE SON IDENTIT\u00c9 DISPOSE DE LA POSSIBILIT\u00c9 DE SOLLICITER AUPR\u00c8S DE GROUPE VAL D'ORBIEU, \u00c0 L'ADRESSE \u00c9LECTRONIQUE chateaudeparaza@gmail.com : \">THE USER, ASSUMING HE CAN CONFIRM HIS\/HER IDENTITY, CAN SEND A REQUEST TO CHATEAU DE PARAZA BY EMAIL AT CHATEAUDEPARAZA@GMAIL.COM TO REQUEST:<br \/>\n<\/span><span title=\"- la v\u00e9rification des donn\u00e9es \u00e0 caract\u00e8re personnel le concernant ayant fait l'objet d'une collecte par le Ch\u00e2teau de Paraza ou pour son compte ; \">&#8211; the verification of his\/her personal data collected by the Ch\u00e2teau de Paraza or on its behalf;<br \/>\n<\/span><span title=\"- les informations ayant trait aux finalit\u00e9s de traitement de ces donn\u00e9es ; \">&#8211; the information relating to such data processing purposes;<br \/>\n<\/span><span title=\"- les informations ayant trait a l'identit\u00e9 et au rattachement g\u00e9ographique des destinataires de ces donn\u00e9es ; \">&#8211; the information related to the identity and geographical location of data recipients;<br \/>\n<\/span><span title=\"- la communication d'une copie de ces donn\u00e9es d\u00e9livr\u00e9e gratuitement, dans la mesure o\u00f9 une telle demande n'est pas abusive, notamment par son caract\u00e8re r\u00e9p\u00e9titif et disproportionn\u00e9. \">&#8211; the transfer by email\u00a0of a copy of this data issued free of charge, to the extent that such a request is not abusive, especially by its repetitiveness and disproportionateness.<\/span><\/p>\n<p><span title=\"AUCUNE INFORMATION PERSONNELLE DE L'UTILISATEUR DU SITE HTTP:\/\/www.chateau-de-paraza.fr N'EST : \">No personal user information is collected, published, exchanged, transferred, assigned or sold to a third party without the knowledge or the user. <\/span><span title=\"Seule l'hypoth\u00e8se du rachat de Ch\u00e2teau de Paraza et de ses droits permettrait la transmission des dites informations \u00e0 l'\u00e9ventuel acqu\u00e9reur qui serait \u00e0 son tour tenu de la m\u00eame obligation de conservation et de modification des donn\u00e9es vis \u00e0 vis de l'utilisateur du\">Only the assumption of Chateau de Paraza&#8217;s redemption and its rights would allow the transmission of such information to the prospective purchaser who would in turn be given the same obligation to store and modify data with respect to the user of the <\/span><span title=\"site http:\/\/www.chateau-de-paraza.fr. \">http:\/\/www.chateau-de-paraza.fr website.<br \/>\n<\/span><span title=\"Au demeurant Le Ch\u00e2teau de Paraza est autoris\u00e9(e) \u00e0 effectuer des \u00e9tudes et analyses statistiques sur l'utilisation et la typologie des utilisateurs du site http:\/\/www.chateau-de-paraza.fr, sous r\u00e9serve de confirmer l'anonymat\">Moreover Chateau de Paraza is permitted (e) to perform studies and statistical analyses on the use and type of site users http:\/\/www.chateau-de-paraza.fr, subject to confirming the anonymity <\/span><span title=\"de ces derniers. \">thereof.<\/span><\/p>\n<p><span title=\"Rectification des informations nominatives collect\u00e9es \">CORRECTION OF PERSONAL USER INFORMATION COLLECTED<br \/>\n<\/span><span title=\"Conform\u00e9ment aux dispositions de l'article 34 de la loi n\u00b0 48-87 du 6 janvier 1978, l'utilisateur dispose d'un droit de modification des donn\u00e9es nominatives collect\u00e9es le concernant.\">Pursuant to article 34 of Law No. 48-87 of 6 January 1978, the user has the right to modify his\/her collected personal data. In this perspective<\/span><span title=\"Pour ce faire, l'utilisateur envoie au Ch\u00e2teau de Paraza : \">, the user may send a request to Chateau de Paraza:<br \/>\n<\/span><span title=\"- un courrier \u00e9lectronique \u00e0 l'adresse chateaudeparaza@gmail.com , \">&#8211; An e-mail to chateaudeparaza@gmail.com,<br \/>\n<\/span><span title=\"- un courrier \u00e0 l'adresse Ch\u00e2teau de paraza, 11200 Paraza \">&#8211; A mail at Chateau de Paraza, 1 rue du Viala, 11200 Paraza<br \/>\n<\/span><span title=\"en indiquant son nom ou sa raison sociale, ses coordonn\u00e9es physiques et\/ou \u00e9lectroniques, ainsi que le cas \u00e9ch\u00e9ant la r\u00e9f\u00e9rence dont il disposerait en tant que membre du site http:\/\/www.chateau-de-paraza.fr. \">stating his name or company name, physical and \/ or electronic contact details and if necessary the reference which he\/sheholds as a member of the site http:\/\/www.chateau-de-paraza.fr.\u00a0<\/span><span title=\"La modification interviendra dans des d\u00e9lais raisonnables \u00e0 compter de la r\u00e9ception de la demande de l'utilisateur. \">The changes will be made within a reasonable delay\u00a0from the receipt of the request from the user.<\/span><\/p>\n<h3><span id=\"result_box\" class=\"\" lang=\"en\"><span title=\"D\u00c9CLARATION CNIL : \">CNIL DECLARATION:<\/span><\/span><\/h3>\n<p><span id=\"result_box\" class=\"\" lang=\"en\"><span title=\"Le site http:\/\/www.chateau-de-paraza.fr collectant des informations personnelles de ses utilisateurs, il a fait l'objet d'une d\u00e9claration pr\u00e9alable aupr\u00e8s de la cnil enregistr\u00e9e sous le num\u00e9ro de d\u00e9claration En Cours. \">Chateau de Paraza certifies that it has received a CNIL registration confirmation (NUMBER TO BE RECEIVED) authorizing it to collect personal user information through its website http:\/\/www.chateau-de-paraza.fr.<\/span><\/span><\/p>\n<h3><span id=\"result_box\" class=\"\" lang=\"en\"><span title=\"DROITS D'AUTEUR : \">COPYRIGHT:<\/span><\/span><\/h3>\n<p><span id=\"result_box\" class=\"\" lang=\"en\"><span title=\"La totalit\u00e9 des \u00e9l\u00e9ments du site http:\/\/www.chateau-de-paraza.fr, notamment les textes, pr\u00e9sentations, illustrations, photographies, arborescences et mises en forme sont, sauf documents publics et pr\u00e9cisions compl\u00e9mentaires, la propri\u00e9t\u00e9 intellectuelle exclusive du Ch\u00e2teau\">All the elements of the site http:\/\/www.chateau-de-paraza.fr, including text, presentations, illustrations, photographs, sounds, and shaped trees are, except public documents and clarification, are the exclusive intellectual property of the Chateau de\u00a0<\/span><span title=\"de Paraza ou de ses partenaires. \">Paraza.<br \/>\nAll use or reproduction of this site, partial or total, by whatever process, without the express previously-obtained authorisation by Chateau de Paraza, is forbidden, and would constitute an offence as provided for in articles L335-2 and following in the Intellectual Property Law.<br \/>\n<\/span><\/span><span id=\"result_box\" class=\"\" lang=\"en\"><span title=\"En outre, les repr\u00e9sentations, reproductions, imbrications, diffusions et rediffusions, partielles ou totales, de la base de donn\u00e9es contenue dans le site http:\/\/www.chateau-de-paraza.fr sont interdites en vertu des dispositions de la loi n\">In addition, all use or reproduction of the database contained in the Site\u00a0http:\/\/www.chateau-de-paraza.fr, partial or total, is prohibited under the provisions of Law No. <\/span><span title=\"\u00b098-536 du 1er juillet 1998 relative \u00e0 la protection juridique des bases de donn\u00e9es. \">98-536 of 1 July 1998 on the legal protection of databases.<br \/>\n<\/span><span title=\"En tout \u00e9tat de cause, sur toute copie autoris\u00e9e de tout ou partie du contenu du site, devra figurer la mention \u00ab Copyright 2011 Ch\u00e2teau de paraza tous droits r\u00e9serv\u00e9s \u00bb. \">In any event, on all copies of all or part of the site&#8217;s content should be marked &#8220;Copyright 2015 Chateau de Paraza All rights reserved&#8221;.<\/span><\/span><\/p>\n<p><span id=\"result_box\" class=\"\" lang=\"en\"><span title=\"Concepteur multim\u00e9dia et graphisme : Ch\u00e2teau de Paraza - Cr\u00e9dits : Photos issues des phototh\u00e8ques du Ch\u00e2teau de Paraza \">Multimedia Designer and graphics: Chateau de Paraza\u00a0&#8211; Credits: photos from photo libraries\u00a0Chateau de Paraza<\/span><\/span><\/p>\n<h3><span id=\"result_box\" class=\"\" lang=\"en\"><span title=\"Concepteur multim\u00e9dia et graphisme : Ch\u00e2teau de Paraza - Cr\u00e9dits : Photos issues des phototh\u00e8ques du Ch\u00e2teau de Paraza \"><br \/>\n<\/span><\/span><span id=\"result_box\" class=\"\" lang=\"en\"><span title=\"NATURE PUBLICITAIRE DU CONTENU : \">ADVERTISING NATURE OF CONTENT:<\/span><\/span><\/h3>\n<p><span id=\"result_box\" class=\"\" lang=\"en\"><span title=\"En tout \u00e9tat de cause, Ch\u00e2teau de Paraza informe le cas \u00e9ch\u00e9ant l'internaute de la nature publicitaire des contenus du site http:\/\/www.chateau-de-paraza.fr \">In any event, Ch\u00e2teau de Paraza informs the user of the advertising nature of site content, if any.\u00a0<\/span><\/span><\/p>\n<h3><span id=\"result_box\" class=\"\" lang=\"en\"><span title=\"DATE DE LA DERNI\u00c8RE MISE \u00c0 JOUR : \">DATE OF LAST UPDATE:<\/span><\/span><\/h3>\n<p><span id=\"result_box\" class=\"\" lang=\"en\"><span title=\"La derni\u00e8re mise \u00e0 jour des mentions l\u00e9gales date du 17 11 2012. \">Legal date of last update: June 30, 2015\u00a0<\/span><\/span><\/p>\n<h3><span id=\"result_box\" class=\"\" lang=\"en\"><span title=\"LES PRINCIPALES LOIS CONCERN\u00c9ES : \">KEY LEGISLATION CONCERNED:<\/span><\/span><\/h3>\n<p><span id=\"result_box\" class=\"\" lang=\"en\"><span title=\"- Loi n\u00b0 78-87 du 6 janvier 1978, notamment modifi\u00e9e par la loi n\u00b0 2004-801 du 6 ao\u00fbt 2004 relative \u00e0 l'informatique, aux fichiers et aux libert\u00e9s. \">&#8211; Law No. 78-87 of 6 January 1978, including as amended by Act No. 2004-801 of 6 August 2004 relating to computers, files and freedoms.<br \/>\n<\/span><span title=\"- Loi n\u00b0 2004-575 du 21 juin 2004 pour la confiance dans l'\u00e9conomie num\u00e9rique.\">&#8211; Act No. 2004-575 of 21 June 2004 on confidence in the digital economy.<br \/>\n<\/span><\/span><span lang=\"en\">&#8211; Article L3342-1 of Public Health Code. The sale of alcoholic beverages to minors is prohibited. The offer of these drinks free of charge to minors is also prohibited in public houses and shops or public places. The person issuing the beverage may require the client to establish proof of age. <\/span><\/p>\n<p>&nbsp;<\/p>\n<p><span lang=\"en\">You can report any inappropriate or illegal content at the following address : chateaudeparaza@gmail.com \u00a0or to Chateau de Paraza, 1 rue du Viala, 11200 Paraza .<\/span>[\/vc_column_text][\/vc_column][\/vc_row]<\/p>\n<\/div>","protected":false},"excerpt":{"rendered":"<p>[vc_row margin_top=&#8221;0&#8243; margin_bottom=&#8221;0&#8243; full_width=&#8221;&#8221; padding_left=&#8221;0&#8243; padding_right=&#8221;0&#8243; animation=&#8221;&#8221; type=&#8221;&#8221; bg_color=&#8221;&#8221; bg_position=&#8221;top&#8221; bg_repeat=&#8221;no-repeat&#8221; bg_cover=&#8221;false&#8221; bg_attachment=&#8221;false&#8221; padding_top=&#8221;0&#8243; padding_bottom=&#8221;0&#8243; enable_parallax=&#8221;&#8221; parallax_speed=&#8221;0.1&#8243; bg_video_src_mp4=&#8221;&#8221; bg_video_src_ogv=&#8221;&#8221; bg_video_src_webm=&#8221;&#8221;][vc_column width=&#8221;1\/1&#8243; animation=&#8221;&#8221;][vc_column_text] GLOSSARY: &#8211; User: Internet connecting, using the site http:\/\/www.chateau-de-paraza.fr &#8211; Personal information: &#8220;information that enables any form whatsoever, directly or indirectly, the identification of individuals to whom it applies&#8221; (Article 4 of Law&hellip;<\/p>\n","protected":false},"author":1,"featured_media":0,"parent":0,"menu_order":0,"comment_status":"closed","ping_status":"closed","template":"","meta":[],"yoast_head":"<!-- This site is optimized with the Yoast SEO plugin v21.8.1 - https:\/\/yoast.com\/wordpress\/plugins\/seo\/ -->\n<title>Legal Information - Ch\u00e2teau de Paraza<\/title>\n<meta name=\"description\" content=\"GLOSSARY: - User: Internet connecting, using the site http:\/\/www.chateau-de-paraza.fr - Personal information: &quot;information that enables any form\" \/>\n<meta name=\"robots\" content=\"index, follow, max-snippet:-1, max-image-preview:large, max-video-preview:-1\" \/>\n<link rel=\"canonical\" href=\"https:\/\/www.chateau-de-paraza.com\/mentions-legales\/\" \/>\n<meta property=\"og:locale\" content=\"en_US\" \/>\n<meta property=\"og:type\" content=\"article\" \/>\n<meta property=\"og:title\" content=\"Legal Information - Ch\u00e2teau de Paraza\" \/>\n<meta property=\"og:description\" content=\"GLOSSARY: - User: Internet connecting, using the site http:\/\/www.chateau-de-paraza.fr - Personal information: &quot;information that enables any form\" \/>\n<meta property=\"og:url\" content=\"https:\/\/www.chateau-de-paraza.com\/mentions-legales\/\" \/>\n<meta property=\"og:site_name\" content=\"Ch\u00e2teau de Paraza\" \/>\n<meta property=\"article:publisher\" content=\"https:\/\/www.facebook.com\/chateaudeparaza\" \/>\n<meta property=\"article:modified_time\" content=\"2015-06-30T15:44:18+00:00\" \/>\n<meta name=\"twitter:card\" content=\"summary_large_image\" \/>\n<meta name=\"twitter:site\" content=\"@ChateauDeParaza\" \/>\n<meta name=\"twitter:label1\" content=\"Est. reading time\" \/>\n\t<meta name=\"twitter:data1\" content=\"5 minutes\" \/>\n<script type=\"application\/ld+json\" class=\"yoast-schema-graph\">{\"@context\":\"https:\/\/schema.org\",\"@graph\":[{\"@type\":\"WebPage\",\"@id\":\"https:\/\/www.chateau-de-paraza.com\/mentions-legales\/\",\"url\":\"https:\/\/www.chateau-de-paraza.com\/mentions-legales\/\",\"name\":\"Legal Information - Ch\u00e2teau de Paraza\",\"isPartOf\":{\"@id\":\"https:\/\/www.chateau-de-paraza.com\/#website\"},\"datePublished\":\"2015-06-30T08:52:18+00:00\",\"dateModified\":\"2015-06-30T15:44:18+00:00\",\"description\":\"GLOSSARY: - User: Internet connecting, using the site http:\/\/www.chateau-de-paraza.fr - Personal information: \\\"information that enables any form\",\"breadcrumb\":{\"@id\":\"https:\/\/www.chateau-de-paraza.com\/mentions-legales\/#breadcrumb\"},\"inLanguage\":\"en-US\",\"potentialAction\":[{\"@type\":\"ReadAction\",\"target\":[\"https:\/\/www.chateau-de-paraza.com\/mentions-legales\/\"]}]},{\"@type\":\"BreadcrumbList\",\"@id\":\"https:\/\/www.chateau-de-paraza.com\/mentions-legales\/#breadcrumb\",\"itemListElement\":[{\"@type\":\"ListItem\",\"position\":1,\"name\":\"Accueil\",\"item\":\"https:\/\/www.chateau-de-paraza.com\/en\/\"},{\"@type\":\"ListItem\",\"position\":2,\"name\":\"Legal Information\"}]},{\"@type\":\"WebSite\",\"@id\":\"https:\/\/www.chateau-de-paraza.com\/#website\",\"url\":\"https:\/\/www.chateau-de-paraza.com\/\",\"name\":\"Ch\u00e2teau de Paraza\",\"description\":\"Site web du Ch\u00e2teau de Paraza\",\"potentialAction\":[{\"@type\":\"SearchAction\",\"target\":{\"@type\":\"EntryPoint\",\"urlTemplate\":\"https:\/\/www.chateau-de-paraza.com\/?s={search_term_string}\"},\"query-input\":\"required name=search_term_string\"}],\"inLanguage\":\"en-US\"}]}<\/script>\n<!-- \/ Yoast SEO plugin. -->","yoast_head_json":{"title":"Legal Information - Ch\u00e2teau de Paraza","description":"GLOSSARY: - User: Internet connecting, using the site http:\/\/www.chateau-de-paraza.fr - Personal information: \"information that enables any form","robots":{"index":"index","follow":"follow","max-snippet":"max-snippet:-1","max-image-preview":"max-image-preview:large","max-video-preview":"max-video-preview:-1"},"canonical":"https:\/\/www.chateau-de-paraza.com\/mentions-legales\/","og_locale":"en_US","og_type":"article","og_title":"Legal Information - Ch\u00e2teau de Paraza","og_description":"GLOSSARY: - User: Internet connecting, using the site http:\/\/www.chateau-de-paraza.fr - Personal information: \"information that enables any form","og_url":"https:\/\/www.chateau-de-paraza.com\/mentions-legales\/","og_site_name":"Ch\u00e2teau de Paraza","article_publisher":"https:\/\/www.facebook.com\/chateaudeparaza","article_modified_time":"2015-06-30T15:44:18+00:00","twitter_card":"summary_large_image","twitter_site":"@ChateauDeParaza","twitter_misc":{"Est. reading time":"5 minutes"},"schema":{"@context":"https:\/\/schema.org","@graph":[{"@type":"WebPage","@id":"https:\/\/www.chateau-de-paraza.com\/mentions-legales\/","url":"https:\/\/www.chateau-de-paraza.com\/mentions-legales\/","name":"Legal Information - Ch\u00e2teau de Paraza","isPartOf":{"@id":"https:\/\/www.chateau-de-paraza.com\/#website"},"datePublished":"2015-06-30T08:52:18+00:00","dateModified":"2015-06-30T15:44:18+00:00","description":"GLOSSARY: - User: Internet connecting, using the site http:\/\/www.chateau-de-paraza.fr - Personal information: \"information that enables any form","breadcrumb":{"@id":"https:\/\/www.chateau-de-paraza.com\/mentions-legales\/#breadcrumb"},"inLanguage":"en-US","potentialAction":[{"@type":"ReadAction","target":["https:\/\/www.chateau-de-paraza.com\/mentions-legales\/"]}]},{"@type":"BreadcrumbList","@id":"https:\/\/www.chateau-de-paraza.com\/mentions-legales\/#breadcrumb","itemListElement":[{"@type":"ListItem","position":1,"name":"Accueil","item":"https:\/\/www.chateau-de-paraza.com\/en\/"},{"@type":"ListItem","position":2,"name":"Legal Information"}]},{"@type":"WebSite","@id":"https:\/\/www.chateau-de-paraza.com\/#website","url":"https:\/\/www.chateau-de-paraza.com\/","name":"Ch\u00e2teau de Paraza","description":"Site web du Ch\u00e2teau de Paraza","potentialAction":[{"@type":"SearchAction","target":{"@type":"EntryPoint","urlTemplate":"https:\/\/www.chateau-de-paraza.com\/?s={search_term_string}"},"query-input":"required name=search_term_string"}],"inLanguage":"en-US"}]}},"_links":{"self":[{"href":"https:\/\/www.chateau-de-paraza.com\/en\/wp-json\/wp\/v2\/pages\/558"}],"collection":[{"href":"https:\/\/www.chateau-de-paraza.com\/en\/wp-json\/wp\/v2\/pages"}],"about":[{"href":"https:\/\/www.chateau-de-paraza.com\/en\/wp-json\/wp\/v2\/types\/page"}],"author":[{"embeddable":true,"href":"https:\/\/www.chateau-de-paraza.com\/en\/wp-json\/wp\/v2\/users\/1"}],"replies":[{"embeddable":true,"href":"https:\/\/www.chateau-de-paraza.com\/en\/wp-json\/wp\/v2\/comments?post=558"}],"version-history":[{"count":0,"href":"https:\/\/www.chateau-de-paraza.com\/en\/wp-json\/wp\/v2\/pages\/558\/revisions"}],"wp:attachment":[{"href":"https:\/\/www.chateau-de-paraza.com\/en\/wp-json\/wp\/v2\/media?parent=558"}],"curies":[{"name":"wp","href":"https:\/\/api.w.org\/{rel}","templated":true}]}}