{"id":4624,"date":"2019-11-18T17:04:30","date_gmt":"2019-11-18T16:04:30","guid":{"rendered":"https:\/\/www.chateau-de-paraza.com\/?page_id=4624"},"modified":"2019-11-19T11:58:45","modified_gmt":"2019-11-19T10:58:45","slug":"elixir-de-beaute","status":"publish","type":"page","link":"https:\/\/www.chateau-de-paraza.com\/en\/elixir-de-beaute\/","title":{"rendered":"\u00c9lixir de Beaut\u00e9"},"content":{"rendered":"<div class=\"wpb-content-wrapper\"><p>[vc_row][vc_column width=&#8221;1\/2&#8243;][vc_single_image image=&#8221;3974&#8243; img_size=&#8221;large&#8221; alignment=&#8221;center&#8221;][vc_empty_space][\/vc_column][vc_column width=&#8221;1\/2&#8243;][vc_column_text]<\/p>\n<div class=\"page\" title=\"Page 5\">\n<div class=\"layoutArea\">\n<div class=\"column\">\n<h2>Beauty Elixir<\/h2>\n<p>Serum . 30 ml<\/p>\n<div class=\"page\" title=\"Page 5\">\n<div class=\"layoutArea\">\n<div class=\"column\">\n<h6>Protects. Strengthens. Illumines.<\/h6>\n<blockquote><p><strong>50 \u20ac<\/strong><\/p><\/blockquote>\n<\/div>\n<\/div>\n<\/div>\n<\/div>\n<\/div>\n<\/div>\n<p>[\/vc_column_text][vc_empty_space][vc_btn title=&#8221;Buy&#8221; align=&#8221;center&#8221;][\/vc_column][\/vc_row][vc_row][vc_column width=&#8221;1\/2&#8243;][vc_tta_tabs][vc_tta_section title=&#8221;Description&#8221; tab_id=&#8221;1557753982016-ad7ce556-3752&#8243;][vc_column_text]<\/p>\n<div class=\"page\" title=\"Page 5\">\n<div class=\"layoutArea\">\n<div class=\"column\">\n<div class=\"page\" title=\"Page 4\">\n<div class=\"layoutArea\">\n<div class=\"column\">\n<p>This precious serum is the perfect ally of youthness.<br \/>\nBy stimulating natural cell regeneration, the skin regains its firmness and elasticity. Protected from oxidative stress, it becomes stronger day by day\u00a0revealing its original brightness.<\/p>\n<p>&nbsp;<\/p>\n<h5>The action of the Beauty Elixir both on surface and in depth reveals immediately the beauty of skin.<\/h5>\n<\/div>\n<\/div>\n<\/div>\n<\/div>\n<\/div>\n<\/div>\n<p>[\/vc_column_text][\/vc_tta_section][vc_tta_section title=&#8221;Formule&#8221; tab_id=&#8221;1557753982017-7ba7edc4-0095&#8243;][vc_column_text]<\/p>\n<div class=\"page\" title=\"Page 5\">\n<div class=\"layoutArea\">\n<div class=\"column\">\n<div class=\"page\" title=\"Page 4\">\n<div class=\"layoutArea\">\n<div class=\"column\">\n<ul>\n<li>Polyphe\u0301nols extraits de pe\u0301pins de raisin<\/li>\n<li>Acide hyaluronique bas poids mole\u0301culaire<\/li>\n<li>Huile de pe\u0301pins de raisin<\/li>\n<\/ul>\n<\/div>\n<\/div>\n<\/div>\n<\/div>\n<\/div>\n<\/div>\n<p>[\/vc_column_text][\/vc_tta_section][\/vc_tta_tabs][\/vc_column][vc_column width=&#8221;1\/2&#8243;][vc_empty_space][\/vc_column][\/vc_row]<\/p>\n<\/div>","protected":false},"excerpt":{"rendered":"<p>[vc_row][vc_column width=&#8221;1\/2&#8243;][vc_single_image image=&#8221;3974&#8243; img_size=&#8221;large&#8221; alignment=&#8221;center&#8221;][vc_empty_space][\/vc_column][vc_column width=&#8221;1\/2&#8243;][vc_column_text] Beauty Elixir Serum . 30 ml Protects. Strengthens. Illumines. 50 \u20ac [\/vc_column_text][vc_empty_space][vc_btn title=&#8221;Buy&#8221; align=&#8221;center&#8221;][\/vc_column][\/vc_row][vc_row][vc_column width=&#8221;1\/2&#8243;][vc_tta_tabs][vc_tta_section title=&#8221;Description&#8221; tab_id=&#8221;1557753982016-ad7ce556-3752&#8243;][vc_column_text] This precious serum is the perfect ally of youthness. By stimulating natural cell regeneration, the skin regains its firmness and elasticity. Protected from oxidative stress, it becomes stronger day by day\u00a0revealing its&hellip;<\/p>\n","protected":false},"author":2,"featured_media":0,"parent":0,"menu_order":0,"comment_status":"closed","ping_status":"closed","template":"","meta":[],"yoast_head":"<!-- This site is optimized with the Yoast SEO plugin v21.8.1 - https:\/\/yoast.com\/wordpress\/plugins\/seo\/ -->\n<title>\u00c9lixir de Beaut\u00e9 - Ch\u00e2teau de Paraza<\/title>\n<meta name=\"description\" content=\"Beauty Elixir Serum . 30 ml Protects. Strengthens. Illumines. 50 \u20ac This precious serum is the perfect ally of youthness. By stimulating natural cell\" \/>\n<meta name=\"robots\" content=\"index, follow, max-snippet:-1, max-image-preview:large, max-video-preview:-1\" \/>\n<link rel=\"canonical\" href=\"https:\/\/www.chateau-de-paraza.com\/?page_id=4006\" \/>\n<meta property=\"og:locale\" content=\"en_US\" \/>\n<meta property=\"og:type\" content=\"article\" \/>\n<meta property=\"og:title\" content=\"\u00c9lixir de Beaut\u00e9 - Ch\u00e2teau de Paraza\" \/>\n<meta property=\"og:description\" content=\"Beauty Elixir Serum . 30 ml Protects. Strengthens. Illumines. 50 \u20ac This precious serum is the perfect ally of youthness. By stimulating natural cell\" \/>\n<meta property=\"og:url\" content=\"https:\/\/www.chateau-de-paraza.com\/?page_id=4006\" \/>\n<meta property=\"og:site_name\" content=\"Ch\u00e2teau de Paraza\" \/>\n<meta property=\"article:publisher\" content=\"https:\/\/www.facebook.com\/chateaudeparaza\" \/>\n<meta property=\"article:modified_time\" content=\"2019-11-19T10:58:45+00:00\" \/>\n<meta name=\"twitter:card\" content=\"summary_large_image\" \/>\n<meta name=\"twitter:site\" content=\"@ChateauDeParaza\" \/>\n<meta name=\"twitter:label1\" content=\"Est. reading time\" \/>\n\t<meta name=\"twitter:data1\" content=\"1 minute\" \/>\n<script type=\"application\/ld+json\" class=\"yoast-schema-graph\">{\"@context\":\"https:\/\/schema.org\",\"@graph\":[{\"@type\":\"WebPage\",\"@id\":\"https:\/\/www.chateau-de-paraza.com\/?page_id=4006\",\"url\":\"https:\/\/www.chateau-de-paraza.com\/?page_id=4006\",\"name\":\"\u00c9lixir de Beaut\u00e9 - Ch\u00e2teau de Paraza\",\"isPartOf\":{\"@id\":\"https:\/\/www.chateau-de-paraza.com\/#website\"},\"datePublished\":\"2019-11-18T16:04:30+00:00\",\"dateModified\":\"2019-11-19T10:58:45+00:00\",\"description\":\"Beauty Elixir Serum . 30 ml Protects. Strengthens. Illumines. 50 \u20ac This precious serum is the perfect ally of youthness. By stimulating natural cell\",\"breadcrumb\":{\"@id\":\"https:\/\/www.chateau-de-paraza.com\/?page_id=4006#breadcrumb\"},\"inLanguage\":\"en-US\",\"potentialAction\":[{\"@type\":\"ReadAction\",\"target\":[\"https:\/\/www.chateau-de-paraza.com\/?page_id=4006\"]}]},{\"@type\":\"BreadcrumbList\",\"@id\":\"https:\/\/www.chateau-de-paraza.com\/?page_id=4006#breadcrumb\",\"itemListElement\":[{\"@type\":\"ListItem\",\"position\":1,\"name\":\"Accueil\",\"item\":\"https:\/\/www.chateau-de-paraza.com\/en\/\"},{\"@type\":\"ListItem\",\"position\":2,\"name\":\"\u00c9lixir de Beaut\u00e9\"}]},{\"@type\":\"WebSite\",\"@id\":\"https:\/\/www.chateau-de-paraza.com\/#website\",\"url\":\"https:\/\/www.chateau-de-paraza.com\/\",\"name\":\"Ch\u00e2teau de Paraza\",\"description\":\"Site web du Ch\u00e2teau de Paraza\",\"potentialAction\":[{\"@type\":\"SearchAction\",\"target\":{\"@type\":\"EntryPoint\",\"urlTemplate\":\"https:\/\/www.chateau-de-paraza.com\/?s={search_term_string}\"},\"query-input\":\"required name=search_term_string\"}],\"inLanguage\":\"en-US\"}]}<\/script>\n<!-- \/ Yoast SEO plugin. -->","yoast_head_json":{"title":"\u00c9lixir de Beaut\u00e9 - Ch\u00e2teau de Paraza","description":"Beauty Elixir Serum . 30 ml Protects. Strengthens. Illumines. 50 \u20ac This precious serum is the perfect ally of youthness. By stimulating natural cell","robots":{"index":"index","follow":"follow","max-snippet":"max-snippet:-1","max-image-preview":"max-image-preview:large","max-video-preview":"max-video-preview:-1"},"canonical":"https:\/\/www.chateau-de-paraza.com\/?page_id=4006","og_locale":"en_US","og_type":"article","og_title":"\u00c9lixir de Beaut\u00e9 - Ch\u00e2teau de Paraza","og_description":"Beauty Elixir Serum . 30 ml Protects. Strengthens. Illumines. 50 \u20ac This precious serum is the perfect ally of youthness. By stimulating natural cell","og_url":"https:\/\/www.chateau-de-paraza.com\/?page_id=4006","og_site_name":"Ch\u00e2teau de Paraza","article_publisher":"https:\/\/www.facebook.com\/chateaudeparaza","article_modified_time":"2019-11-19T10:58:45+00:00","twitter_card":"summary_large_image","twitter_site":"@ChateauDeParaza","twitter_misc":{"Est. reading time":"1 minute"},"schema":{"@context":"https:\/\/schema.org","@graph":[{"@type":"WebPage","@id":"https:\/\/www.chateau-de-paraza.com\/?page_id=4006","url":"https:\/\/www.chateau-de-paraza.com\/?page_id=4006","name":"\u00c9lixir de Beaut\u00e9 - Ch\u00e2teau de Paraza","isPartOf":{"@id":"https:\/\/www.chateau-de-paraza.com\/#website"},"datePublished":"2019-11-18T16:04:30+00:00","dateModified":"2019-11-19T10:58:45+00:00","description":"Beauty Elixir Serum . 30 ml Protects. Strengthens. Illumines. 50 \u20ac This precious serum is the perfect ally of youthness. By stimulating natural cell","breadcrumb":{"@id":"https:\/\/www.chateau-de-paraza.com\/?page_id=4006#breadcrumb"},"inLanguage":"en-US","potentialAction":[{"@type":"ReadAction","target":["https:\/\/www.chateau-de-paraza.com\/?page_id=4006"]}]},{"@type":"BreadcrumbList","@id":"https:\/\/www.chateau-de-paraza.com\/?page_id=4006#breadcrumb","itemListElement":[{"@type":"ListItem","position":1,"name":"Accueil","item":"https:\/\/www.chateau-de-paraza.com\/en\/"},{"@type":"ListItem","position":2,"name":"\u00c9lixir de Beaut\u00e9"}]},{"@type":"WebSite","@id":"https:\/\/www.chateau-de-paraza.com\/#website","url":"https:\/\/www.chateau-de-paraza.com\/","name":"Ch\u00e2teau de Paraza","description":"Site web du Ch\u00e2teau de Paraza","potentialAction":[{"@type":"SearchAction","target":{"@type":"EntryPoint","urlTemplate":"https:\/\/www.chateau-de-paraza.com\/?s={search_term_string}"},"query-input":"required name=search_term_string"}],"inLanguage":"en-US"}]}},"_links":{"self":[{"href":"https:\/\/www.chateau-de-paraza.com\/en\/wp-json\/wp\/v2\/pages\/4624"}],"collection":[{"href":"https:\/\/www.chateau-de-paraza.com\/en\/wp-json\/wp\/v2\/pages"}],"about":[{"href":"https:\/\/www.chateau-de-paraza.com\/en\/wp-json\/wp\/v2\/types\/page"}],"author":[{"embeddable":true,"href":"https:\/\/www.chateau-de-paraza.com\/en\/wp-json\/wp\/v2\/users\/2"}],"replies":[{"embeddable":true,"href":"https:\/\/www.chateau-de-paraza.com\/en\/wp-json\/wp\/v2\/comments?post=4624"}],"version-history":[{"count":4,"href":"https:\/\/www.chateau-de-paraza.com\/en\/wp-json\/wp\/v2\/pages\/4624\/revisions"}],"predecessor-version":[{"id":4646,"href":"https:\/\/www.chateau-de-paraza.com\/en\/wp-json\/wp\/v2\/pages\/4624\/revisions\/4646"}],"wp:attachment":[{"href":"https:\/\/www.chateau-de-paraza.com\/en\/wp-json\/wp\/v2\/media?parent=4624"}],"curies":[{"name":"wp","href":"https:\/\/api.w.org\/{rel}","templated":true}]}}