{"id":4217,"date":"2019-09-04T12:02:13","date_gmt":"2019-09-04T11:02:13","guid":{"rendered":"https:\/\/www.chateau-de-paraza.com\/?page_id=4217"},"modified":"2023-11-17T14:33:47","modified_gmt":"2023-11-17T13:33:47","slug":"galerie-mariages","status":"publish","type":"page","link":"https:\/\/www.chateau-de-paraza.com\/en\/galerie-mariages\/","title":{"rendered":"Galerie Mariages"},"content":{"rendered":"<div class=\"wpb-content-wrapper\"><p>[vc_row][vc_column][vc_column_text]<\/p>\n<h1 style=\"text-align: center;\">Portfolio mariages au Ch\u00e2teau de Paraza<\/h1>\n<p>[\/vc_column_text][vc_empty_space][vc_column_text]Les mariages sont toujours des jours sp\u00e9ciaux, surtout pour les principaux concern\u00e9s. En effet, on dit que c&#8217;est un des plus beaux jours de notre vie. Au Ch\u00e2teau de Paraza, nous mettons tout en place pour que cela soit encore plus vrai. Riche d&#8217;histoire et de souvenirs, ce magnifique ch\u00e2teau du 17\u00e8me si\u00e8cle est parfaitement adapt\u00e9 \u00e0 de tels \u00e9v\u00e8nements. Les cinq suites am\u00e9nag\u00e9es par les propri\u00e9taires sont spacieuses, lumineuses et apporteront, elles aussi, leur touche de magie \u00e0 cette c\u00e9r\u00e9monie. Notre chai, qui lui date du 18\u00e8me si\u00e8cle, sera l&#8217;endroit r\u00eaver pour un d\u00eener inoubliable avant de se terminer en piste de danse endiabl\u00e9e. De plus, notre bar fera une parfaite table de mix afin que la musique ne s&#8217;arr\u00eate jamais. Profitez \u00e9galement du grand parc bois\u00e9 pour votre c\u00e9r\u00e9monie d&#8217;honneur, du ponton priv\u00e9 en bord de canal pour r\u00e9aliser vos plus belles photos ou encore de notre serre pour votre brunch du lendemain. Enfin, rafra\u00eechissez vous autour de la piscine tout en d\u00e9gustant un verre.<\/p>\n<p>Nous n&#8217;attendons plus que vous !<\/p>\n<h2>Les mariages au Ch\u00e2teau de Paraza<\/h2>\n<p>&nbsp;<\/p>\n<h4><strong>Le mariage boh\u00e8me chic de M&amp;M<\/strong><\/h4>\n<p><a href=\"http:\/\/aureliaphotographie.com\" target=\"_blank\" rel=\"noopener noreferrer\">Aur\u00e9lia Salas Photographie\u00a0<\/a>[\/vc_column_text][vc_empty_space][\/vc_column][\/vc_row][vc_row][vc_column width=&#8221;1\/3&#8243;][vc_single_image image=&#8221;4349&#8243; img_size=&#8221;700*700&#8243;][vc_empty_space][\/vc_column][vc_column width=&#8221;1\/3&#8243;][vc_single_image image=&#8221;4345&#8243; img_size=&#8221;700*700&#8243;][vc_empty_space][\/vc_column][vc_column width=&#8221;1\/3&#8243;][vc_single_image image=&#8221;4311&#8243; img_size=&#8221;700*700&#8243;][vc_empty_space][\/vc_column][\/vc_row][vc_row][vc_column][vc_empty_space][vc_column_text]<\/p>\n<h4><strong>R&amp;P et leur mariage glamour rock<\/strong><\/h4>\n<p><a href=\"https:\/\/www.cyrielleribaphotographe.com\" target=\"_blank\" rel=\"noopener noreferrer\">Cyrielle Riba Photographie\u00a0<\/a>[\/vc_column_text][vc_empty_space][\/vc_column][\/vc_row][vc_row][vc_column width=&#8221;1\/3&#8243;][vc_single_image image=&#8221;4369&#8243; img_size=&#8221;700*700&#8243;][vc_empty_space][\/vc_column][vc_column width=&#8221;1\/3&#8243;][vc_single_image image=&#8221;4373&#8243; img_size=&#8221;700 x 700&#8243; alignment=&#8221;center&#8221;][vc_empty_space][\/vc_column][vc_column width=&#8221;1\/3&#8243;][vc_single_image image=&#8221;4365&#8243; img_size=&#8221;700 x 700&#8243; alignment=&#8221;center&#8221;][vc_empty_space][\/vc_column][\/vc_row][vc_row][vc_column][vc_empty_space][vc_column_text]<\/p>\n<h4><strong>L&#8217;\u00e9l\u00e9gant mariage de A&amp;E<\/strong><\/h4>\n<p><a href=\"https:\/\/www.angelo-lacancellera.com\" target=\"_blank\" rel=\"noopener noreferrer\">Angelo Lacancellera Photographie\u00a0<\/a>[\/vc_column_text][vc_empty_space][\/vc_column][\/vc_row][vc_row][vc_column width=&#8221;1\/3&#8243;][vc_single_image image=&#8221;4353&#8243; img_size=&#8221;700*700&#8243;][vc_empty_space][\/vc_column][vc_column width=&#8221;1\/3&#8243;][vc_single_image image=&#8221;4361&#8243; img_size=&#8221;700*700&#8243;][vc_empty_space][\/vc_column][vc_column width=&#8221;1\/3&#8243;][vc_single_image image=&#8221;4357&#8243; img_size=&#8221;700*700&#8243;][vc_empty_space][\/vc_column][\/vc_row][vc_row][vc_column][vc_column_text]<\/p>\n<p>D\u00e9couvrez le ch\u00e2teau et projetez vous pour ce grand \u00e9v\u00e8nement : <a href=\"https:\/\/www.chateau-de-paraza.com\/mariage-chateau-viticole-france\" target=\"_blank\" rel=\"noopener noreferrer\">https:\/\/www.chateau-de-paraza.com\/mariage-chateau-viticole-france<\/a>\/[\/vc_column_text][vc_empty_space][vc_column_text]<\/p>\n<h4><strong>Le mariage chic et moderne de G&amp;A<br \/>\n<\/strong><\/h4>\n<p><a href=\"https:\/\/andrespreumayr.com\/\">Andres Preumayr<\/a>[\/vc_column_text][\/vc_column][\/vc_row][vc_row][vc_column width=&#8221;1\/3&#8243;][vc_single_image image=&#8221;9453&#8243; img_size=&#8221;700*700&#8243;][vc_empty_space][\/vc_column][vc_column width=&#8221;1\/3&#8243;][vc_single_image image=&#8221;9457&#8243; img_size=&#8221;700*700&#8243;][vc_empty_space][\/vc_column][vc_column width=&#8221;1\/3&#8243;][vc_single_image image=&#8221;9461&#8243; img_size=&#8221;700*700&#8243;][vc_empty_space][\/vc_column][\/vc_row]<\/p>\n<\/div>","protected":false},"excerpt":{"rendered":"<p>[vc_row][vc_column][vc_column_text] Portfolio mariages au Ch\u00e2teau de Paraza [\/vc_column_text][vc_empty_space][vc_column_text]Les mariages sont toujours des jours sp\u00e9ciaux, surtout pour les principaux concern\u00e9s. En effet, on dit que c&#8217;est un des plus beaux jours de notre vie. Au Ch\u00e2teau de Paraza, nous mettons tout en place pour que cela soit encore plus vrai. Riche d&#8217;histoire et de souvenirs, ce&hellip;<\/p>\n","protected":false},"author":2,"featured_media":0,"parent":0,"menu_order":0,"comment_status":"closed","ping_status":"closed","template":"","meta":[],"yoast_head":"<!-- This site is optimized with the Yoast SEO plugin v21.8.1 - https:\/\/yoast.com\/wordpress\/plugins\/seo\/ -->\n<title>Galerie Mariages - D\u00e9couvrez notre portofolio - Ch\u00e2teau de Paraza<\/title>\n<meta name=\"description\" content=\"Retrouvez notre portofolio des mariages et inspirez vous en pour le votre ! Nous nous ferons un plaisir de vous accueillir pour ce grand jour.\" \/>\n<meta name=\"robots\" content=\"index, follow, max-snippet:-1, max-image-preview:large, max-video-preview:-1\" \/>\n<link rel=\"canonical\" href=\"https:\/\/www.chateau-de-paraza.com\/galerie-mariages\/\" \/>\n<meta property=\"og:locale\" content=\"en_US\" \/>\n<meta property=\"og:type\" content=\"article\" \/>\n<meta property=\"og:title\" content=\"Galerie Mariages - D\u00e9couvrez notre portofolio - Ch\u00e2teau de Paraza\" \/>\n<meta property=\"og:description\" content=\"Retrouvez notre portofolio des mariages et inspirez vous en pour le votre ! Nous nous ferons un plaisir de vous accueillir pour ce grand jour.\" \/>\n<meta property=\"og:url\" content=\"https:\/\/www.chateau-de-paraza.com\/galerie-mariages\/\" \/>\n<meta property=\"og:site_name\" content=\"Ch\u00e2teau de Paraza\" \/>\n<meta property=\"article:publisher\" content=\"https:\/\/www.facebook.com\/chateaudeparaza\" \/>\n<meta property=\"article:modified_time\" content=\"2023-11-17T13:33:47+00:00\" \/>\n<meta name=\"twitter:card\" content=\"summary_large_image\" \/>\n<meta name=\"twitter:site\" content=\"@ChateauDeParaza\" \/>\n<meta name=\"twitter:label1\" content=\"Est. reading time\" \/>\n\t<meta name=\"twitter:data1\" content=\"2 minutes\" \/>\n<script type=\"application\/ld+json\" class=\"yoast-schema-graph\">{\"@context\":\"https:\/\/schema.org\",\"@graph\":[{\"@type\":\"WebPage\",\"@id\":\"https:\/\/www.chateau-de-paraza.com\/galerie-mariages\/\",\"url\":\"https:\/\/www.chateau-de-paraza.com\/galerie-mariages\/\",\"name\":\"Galerie Mariages - D\u00e9couvrez notre portofolio - Ch\u00e2teau de Paraza\",\"isPartOf\":{\"@id\":\"https:\/\/www.chateau-de-paraza.com\/#website\"},\"datePublished\":\"2019-09-04T11:02:13+00:00\",\"dateModified\":\"2023-11-17T13:33:47+00:00\",\"description\":\"Retrouvez notre portofolio des mariages et inspirez vous en pour le votre ! Nous nous ferons un plaisir de vous accueillir pour ce grand jour.\",\"breadcrumb\":{\"@id\":\"https:\/\/www.chateau-de-paraza.com\/galerie-mariages\/#breadcrumb\"},\"inLanguage\":\"en-US\",\"potentialAction\":[{\"@type\":\"ReadAction\",\"target\":[\"https:\/\/www.chateau-de-paraza.com\/galerie-mariages\/\"]}]},{\"@type\":\"BreadcrumbList\",\"@id\":\"https:\/\/www.chateau-de-paraza.com\/galerie-mariages\/#breadcrumb\",\"itemListElement\":[{\"@type\":\"ListItem\",\"position\":1,\"name\":\"Accueil\",\"item\":\"https:\/\/www.chateau-de-paraza.com\/en\/\"},{\"@type\":\"ListItem\",\"position\":2,\"name\":\"Galerie Mariages\"}]},{\"@type\":\"WebSite\",\"@id\":\"https:\/\/www.chateau-de-paraza.com\/#website\",\"url\":\"https:\/\/www.chateau-de-paraza.com\/\",\"name\":\"Ch\u00e2teau de Paraza\",\"description\":\"Site web du Ch\u00e2teau de Paraza\",\"potentialAction\":[{\"@type\":\"SearchAction\",\"target\":{\"@type\":\"EntryPoint\",\"urlTemplate\":\"https:\/\/www.chateau-de-paraza.com\/?s={search_term_string}\"},\"query-input\":\"required name=search_term_string\"}],\"inLanguage\":\"en-US\"}]}<\/script>\n<!-- \/ Yoast SEO plugin. -->","yoast_head_json":{"title":"Galerie Mariages - D\u00e9couvrez notre portofolio - Ch\u00e2teau de Paraza","description":"Retrouvez notre portofolio des mariages et inspirez vous en pour le votre ! Nous nous ferons un plaisir de vous accueillir pour ce grand jour.","robots":{"index":"index","follow":"follow","max-snippet":"max-snippet:-1","max-image-preview":"max-image-preview:large","max-video-preview":"max-video-preview:-1"},"canonical":"https:\/\/www.chateau-de-paraza.com\/galerie-mariages\/","og_locale":"en_US","og_type":"article","og_title":"Galerie Mariages - D\u00e9couvrez notre portofolio - Ch\u00e2teau de Paraza","og_description":"Retrouvez notre portofolio des mariages et inspirez vous en pour le votre ! Nous nous ferons un plaisir de vous accueillir pour ce grand jour.","og_url":"https:\/\/www.chateau-de-paraza.com\/galerie-mariages\/","og_site_name":"Ch\u00e2teau de Paraza","article_publisher":"https:\/\/www.facebook.com\/chateaudeparaza","article_modified_time":"2023-11-17T13:33:47+00:00","twitter_card":"summary_large_image","twitter_site":"@ChateauDeParaza","twitter_misc":{"Est. reading time":"2 minutes"},"schema":{"@context":"https:\/\/schema.org","@graph":[{"@type":"WebPage","@id":"https:\/\/www.chateau-de-paraza.com\/galerie-mariages\/","url":"https:\/\/www.chateau-de-paraza.com\/galerie-mariages\/","name":"Galerie Mariages - D\u00e9couvrez notre portofolio - Ch\u00e2teau de Paraza","isPartOf":{"@id":"https:\/\/www.chateau-de-paraza.com\/#website"},"datePublished":"2019-09-04T11:02:13+00:00","dateModified":"2023-11-17T13:33:47+00:00","description":"Retrouvez notre portofolio des mariages et inspirez vous en pour le votre ! Nous nous ferons un plaisir de vous accueillir pour ce grand jour.","breadcrumb":{"@id":"https:\/\/www.chateau-de-paraza.com\/galerie-mariages\/#breadcrumb"},"inLanguage":"en-US","potentialAction":[{"@type":"ReadAction","target":["https:\/\/www.chateau-de-paraza.com\/galerie-mariages\/"]}]},{"@type":"BreadcrumbList","@id":"https:\/\/www.chateau-de-paraza.com\/galerie-mariages\/#breadcrumb","itemListElement":[{"@type":"ListItem","position":1,"name":"Accueil","item":"https:\/\/www.chateau-de-paraza.com\/en\/"},{"@type":"ListItem","position":2,"name":"Galerie Mariages"}]},{"@type":"WebSite","@id":"https:\/\/www.chateau-de-paraza.com\/#website","url":"https:\/\/www.chateau-de-paraza.com\/","name":"Ch\u00e2teau de Paraza","description":"Site web du Ch\u00e2teau de Paraza","potentialAction":[{"@type":"SearchAction","target":{"@type":"EntryPoint","urlTemplate":"https:\/\/www.chateau-de-paraza.com\/?s={search_term_string}"},"query-input":"required name=search_term_string"}],"inLanguage":"en-US"}]}},"_links":{"self":[{"href":"https:\/\/www.chateau-de-paraza.com\/en\/wp-json\/wp\/v2\/pages\/4217"}],"collection":[{"href":"https:\/\/www.chateau-de-paraza.com\/en\/wp-json\/wp\/v2\/pages"}],"about":[{"href":"https:\/\/www.chateau-de-paraza.com\/en\/wp-json\/wp\/v2\/types\/page"}],"author":[{"embeddable":true,"href":"https:\/\/www.chateau-de-paraza.com\/en\/wp-json\/wp\/v2\/users\/2"}],"replies":[{"embeddable":true,"href":"https:\/\/www.chateau-de-paraza.com\/en\/wp-json\/wp\/v2\/comments?post=4217"}],"version-history":[{"count":10,"href":"https:\/\/www.chateau-de-paraza.com\/en\/wp-json\/wp\/v2\/pages\/4217\/revisions"}],"predecessor-version":[{"id":9466,"href":"https:\/\/www.chateau-de-paraza.com\/en\/wp-json\/wp\/v2\/pages\/4217\/revisions\/9466"}],"wp:attachment":[{"href":"https:\/\/www.chateau-de-paraza.com\/en\/wp-json\/wp\/v2\/media?parent=4217"}],"curies":[{"name":"wp","href":"https:\/\/api.w.org\/{rel}","templated":true}]}}