{"id":13370,"date":"2026-02-05T12:00:11","date_gmt":"2026-02-05T11:00:11","guid":{"rendered":"https:\/\/www.chateau-de-paraza.com\/?page_id=13370"},"modified":"2026-02-05T12:27:39","modified_gmt":"2026-02-05T11:27:39","slug":"chateau-garden-wine-aperitif","status":"publish","type":"page","link":"https:\/\/www.chateau-de-paraza.com\/en\/wine-experience-by-the-canal-du-midi\/chateau-garden-wine-aperitif\/","title":{"rendered":"Ch\u00e2teau Garden Wine Ap\u00e9ritif"},"content":{"rendered":"<div class=\"wpb-content-wrapper\"><p>[vc_row][vc_column][vc_column_text]<\/p>\n<h1 style=\"text-align: center;\" data-start=\"1707\" data-end=\"1777\">Ch\u00e2teau Garden Wine Ap\u00e9ritif in the South of France<\/h1>\n<p>[\/vc_column_text][vc_empty_space][vc_column_text]<\/p>\n<h2 style=\"text-align: center;\" data-start=\"1707\" data-end=\"1777\">An outdoor wine ap\u00e9ritif in the gardens of a 17th century ch\u00e2teau<\/h2>\n<p>[\/vc_column_text][vc_empty_space][vc_column_text]A rustic Ch\u00e2teau Garden Wine Ap\u00e9ritif surrounded by vineyards, guests taste our wines in a relaxed, elegant atmosphere.<\/p>\n<p>Take the time to savor the moment, is an invitation to slow down and enjoy the French art de vivre. Seated in the shade <a href=\"https:\/\/www.chateau-de-paraza.com\/en\/domaine\/\">of the Ch\u00e2teau de Paraza gardens<\/a>, in a relaxed and tranquil atmosphere. Here, we slow down, share, and simply enjoy the setting and the flavors.<\/p>\n<p>This gourmet interlude revolves around local and seasonal products\u2014cheeses, charcuterie, and other delicacies to share\u2014selected to perfectly complement our wines.<\/p>\n<p>The experience begins with a welcome tasting, allowing you to choose the wine(s) that will accompany your aperitif, according to your preferences. Then, it&#8217;s time for conviviality: two glasses per person, an exceptional setting, and the pleasure of being together with friends or family.<\/p>\n<p>&#x1f449; The experience includes the tasting + 2 glasses of wine per person.[\/vc_column_text][\/vc_column][\/vc_row][vc_row][vc_column][vc_empty_space][vc_column_text]<\/p>\n<blockquote>\n<p style=\"text-align: center;\"><em>This is not a classic wine tasting, but a convivial moment to share wine in a ch\u00e2teau garden.<\/em><\/p>\n<\/blockquote>\n<p>[\/vc_column_text][vc_empty_space][vc_zigzag][\/vc_column][\/vc_row][vc_row][vc_column][vc_empty_space][vc_media_grid element_width=&#8221;3&#8243; grid_id=&#8221;vc_gid:1770290790378-832e6654-8dc9-5&#8243; include=&#8221;9016,9012,8935,8088&#8243;][vc_empty_space][vc_zigzag][vc_empty_space][vc_column_text]<\/p>\n<h2 style=\"text-align: center;\">Wine ap\u00e9ritif near the Canal du Midi between Carcassonne and Narbonne<\/h2>\n<p>[\/vc_column_text][vc_empty_space][vc_column_text]Located along the Canal du Midi, Ch\u00e2teau de Paraza is an ideal stop for travelers exploring Occitanie and the South of France.[\/vc_column_text][vc_empty_space][vc_column_text]<\/p>\n<blockquote>\n<p style=\"text-align: center;\">An authentic wine experience in the South of France<\/p>\n<\/blockquote>\n<ul>\n<li style=\"list-style-type: none;\"><\/li>\n<\/ul>\n<p>[\/vc_column_text][vc_empty_space][vc_zigzag][vc_empty_space][vc_column_text]<\/p>\n<h2 style=\"text-align: center;\">Who is it for?<\/h2>\n<p>[\/vc_column_text][vc_empty_space][vc_column_text]<\/p>\n<ul>\n<li data-start=\"2801\" data-end=\"2842\">\n<p data-start=\"2803\" data-end=\"2842\">Couples looking for a romantic moment<\/p>\n<\/li>\n<li data-start=\"2843\" data-end=\"2880\">\n<p data-start=\"2845\" data-end=\"2880\">Wine lovers and curious travelers<\/p>\n<\/li>\n<li data-start=\"2881\" data-end=\"2925\">\n<p data-start=\"2883\" data-end=\"2925\">Visitors staying along the Canal du Midi<\/p>\n<\/li>\n<li data-start=\"2926\" data-end=\"2978\">\n<p data-start=\"2928\" data-end=\"2978\">Guests looking for an authentic local experience<\/p>\n<\/li>\n<\/ul>\n<p>[\/vc_column_text][vc_empty_space][vc_column_text]<\/p>\n<blockquote>\n<p style=\"text-align: center;\">Ideal for travelers exploring the Canal du Midi<\/p>\n<\/blockquote>\n<ul>\n<li style=\"list-style-type: none;\"><\/li>\n<\/ul>\n<p>[\/vc_column_text][vc_empty_space][vc_zigzag][vc_empty_space][vc_column_text]<\/p>\n<h2 style=\"text-align: center;\">When &amp; how it happens<\/h2>\n<p>[\/vc_column_text][vc_empty_space][vc_column_text]<\/p>\n<ul>\n<li data-start=\"3143\" data-end=\"3159\">End of the day<\/li>\n<li data-start=\"3143\" data-end=\"3159\">Sunset<\/li>\n<li data-start=\"3143\" data-end=\"3159\">Duration<\/li>\n<li data-start=\"3143\" data-end=\"3159\">Casual, friendly atmosphere<\/li>\n<li style=\"list-style-type: none;\"><\/li>\n<\/ul>\n<p>[\/vc_column_text][vc_empty_space][vc_column_text]<\/p>\n<blockquote>\n<p style=\"text-align: center;\">The ch\u00e2teau garden ap\u00e9ritif is best enjoyed at the end of the day, when the light softens over the vineyards.<\/p>\n<\/blockquote>\n<ul>\n<li style=\"list-style-type: none;\"><\/li>\n<\/ul>\n<p>[\/vc_column_text][vc_empty_space][\/vc_column][\/vc_row][vc_row][vc_column][vc_column_text]<\/p>\n<h3 style=\"text-align: center;\" data-start=\"1707\" data-end=\"1777\">&#x1f377;Country-style aperitif (reservations required)<br \/>\n&#x1f4b6; From \u20ac35 per person<\/h3>\n<p>[\/vc_column_text][vc_empty_space][vc_zigzag][vc_empty_space][\/vc_column][\/vc_row][vc_row][vc_column][vc_column_text]<\/p>\n<blockquote>\n<p style=\"text-align: center;\"><em>A simple, authentic and warm moment, just the way we like them in the South.<\/em><\/p>\n<\/blockquote>\n<p>[\/vc_column_text][vc_empty_space][vc_btn title=&#8221;R\u00e9server&#8221; color=&#8221;danger&#8221; align=&#8221;center&#8221; link=&#8221;url:https%3A%2F%2Fwww.chateau-de-paraza.com%2Fcontact-chateau-de-paraza%2F|title:Contact|target:_blank&#8221;][vc_empty_space][\/vc_column][\/vc_row][vc_row][vc_column][vc_zigzag][vc_empty_space][vc_column_text]<\/p>\n<div class=\"wpb_text_column wpb_content_element \">\n<div class=\"wpb_wrapper\">\n<h2>You wish to enhance your experience:<\/h2>\n<\/div>\n<\/div>\n<p>[\/vc_column_text][vc_empty_space][\/vc_column][\/vc_row][vc_row][vc_column width=&#8221;1\/3&#8243;][vc_hoverbox image=&#8221;12623&#8243; primary_title=&#8221;&#8221; hover_title=&#8221;Sur devis&#8221; hover_title_google_fonts=&#8221;font_family:Cinzel%3Aregular%2C700%2C900|font_style:400%20regular%3A400%3Anormal&#8221; shape=&#8221;square&#8221; use_custom_fonts_hover_title=&#8221;true&#8221;]Immerse yourself in history and refinement, crafted by a chef, through a unique and confidential experience accompanied by wines from the estate.[\/vc_hoverbox][vc_empty_space height=&#8221;5px&#8221;][vc_column_text]<\/p>\n<h2>Private dinner<\/h2>\n<p>[\/vc_column_text][vc_column_text]<a href=\"https:\/\/www.chateau-de-paraza.com\/en\/wine-experience-by-the-canal-du-midi\/private-immersion\/\" target=\"_blank\" rel=\"noopener\">En savoir plus<\/a>[\/vc_column_text][\/vc_column][vc_column width=&#8221;1\/3&#8243;][vc_hoverbox image=&#8221;13095&#8243; primary_title=&#8221;&#8221; hover_title=&#8221;d&#8217;Avril \u00e0 Octobre&#8221; hover_title_google_fonts=&#8221;font_family:Cinzel%3Aregular%2C700%2C900|font_style:400%20regular%3A400%3Anormal&#8221; shape=&#8221;square&#8221; use_custom_fonts_hover_title=&#8221;true&#8221;]Discover the wines of Ch\u00e2teau de Paraza during guided tastings, open to all.[\/vc_hoverbox][vc_empty_space height=&#8221;5px&#8221;][vc_column_text]<\/p>\n<h2>Winetasting<\/h2>\n<p>[\/vc_column_text][vc_column_text]<a href=\"https:\/\/www.chateau-de-paraza.com\/experiences-activites-degustation-visite-oenotourisme\/degustations\/\" target=\"_blank\" rel=\"noopener\">En savoir plus<\/a>[\/vc_column_text][\/vc_column][vc_column width=&#8221;1\/3&#8243;][vc_hoverbox image=&#8221;9184&#8243; primary_title=&#8221;&#8221; hover_title=&#8221;7\u20ac \/ pers&#8221; hover_title_google_fonts=&#8221;font_family:Cinzel%3Aregular%2C700%2C900|font_style:400%20regular%3A400%3Anormal&#8221; shape=&#8221;square&#8221; use_custom_fonts_hover_title=&#8221;true&#8221;]Discover the Ch\u00e2teau de Paraza during guided tours in the heart of a historic estate overlooking the Canal du Midi, a UNESCO World Heritage Site.[\/vc_hoverbox][vc_empty_space height=&#8221;5px&#8221;][vc_column_text]<\/p>\n<h2>Guided tours<\/h2>\n<p>[\/vc_column_text][vc_column_text]<a href=\"https:\/\/www.chateau-de-paraza.com\/experiences-activites-degustation-visite-oenotourisme\/visite-guidee\/\" target=\"_blank\" rel=\"noopener\">En savoir plus<\/a>[\/vc_column_text][\/vc_column][\/vc_row]<\/p>\n<\/div>","protected":false},"excerpt":{"rendered":"<p>[vc_row][vc_column][vc_column_text] Ch\u00e2teau Garden Wine Ap\u00e9ritif in the South of France [\/vc_column_text][vc_empty_space][vc_column_text] An outdoor wine ap\u00e9ritif in the gardens of a 17th century ch\u00e2teau [\/vc_column_text][vc_empty_space][vc_column_text]A rustic Ch\u00e2teau Garden Wine Ap\u00e9ritif surrounded by vineyards, guests taste our wines in a relaxed, elegant atmosphere. Take the time to savor the moment, is an invitation to slow down and&hellip;<\/p>\n","protected":false},"author":2,"featured_media":0,"parent":4503,"menu_order":0,"comment_status":"closed","ping_status":"closed","template":"","meta":[],"yoast_head":"<!-- This site is optimized with the Yoast SEO plugin v21.8.1 - https:\/\/yoast.com\/wordpress\/plugins\/seo\/ -->\n<title>Ch\u00e2teau Garden Wine Ap\u00e9ritif - close to the Canal du Midi<\/title>\n<meta name=\"description\" content=\"Enjoy a relaxed Ch\u00e2teau Garden Wine Ap\u00e9ritif of a 17th century ch\u00e2teau. Local wines and the French art de vivre near the Canal du Midi.\" \/>\n<meta name=\"robots\" content=\"index, follow, max-snippet:-1, max-image-preview:large, max-video-preview:-1\" \/>\n<link rel=\"canonical\" href=\"https:\/\/www.chateau-de-paraza.com\/en\/wine-experience-by-the-canal-du-midi\/chateau-garden-wine-aperitif\/\" \/>\n<meta property=\"og:locale\" content=\"en_US\" \/>\n<meta property=\"og:type\" content=\"article\" \/>\n<meta property=\"og:title\" content=\"Ch\u00e2teau Garden Wine Ap\u00e9ritif - close to the Canal du Midi\" \/>\n<meta property=\"og:description\" content=\"Enjoy a relaxed Ch\u00e2teau Garden Wine Ap\u00e9ritif of a 17th century ch\u00e2teau. Local wines and the French art de vivre near the Canal du Midi.\" \/>\n<meta property=\"og:url\" content=\"https:\/\/www.chateau-de-paraza.com\/en\/wine-experience-by-the-canal-du-midi\/chateau-garden-wine-aperitif\/\" \/>\n<meta property=\"og:site_name\" content=\"Ch\u00e2teau de Paraza\" \/>\n<meta property=\"article:publisher\" content=\"https:\/\/www.facebook.com\/chateaudeparaza\" \/>\n<meta property=\"article:modified_time\" content=\"2026-02-05T11:27:39+00:00\" \/>\n<meta name=\"twitter:card\" content=\"summary_large_image\" \/>\n<meta name=\"twitter:site\" content=\"@ChateauDeParaza\" \/>\n<meta name=\"twitter:label1\" content=\"Est. reading time\" \/>\n\t<meta name=\"twitter:data1\" content=\"2 minutes\" \/>\n<script type=\"application\/ld+json\" class=\"yoast-schema-graph\">{\"@context\":\"https:\/\/schema.org\",\"@graph\":[{\"@type\":\"WebPage\",\"@id\":\"https:\/\/www.chateau-de-paraza.com\/en\/wine-experience-by-the-canal-du-midi\/chateau-garden-wine-aperitif\/\",\"url\":\"https:\/\/www.chateau-de-paraza.com\/en\/wine-experience-by-the-canal-du-midi\/chateau-garden-wine-aperitif\/\",\"name\":\"Ch\u00e2teau Garden Wine Ap\u00e9ritif - close to the Canal du Midi\",\"isPartOf\":{\"@id\":\"https:\/\/www.chateau-de-paraza.com\/#website\"},\"datePublished\":\"2026-02-05T11:00:11+00:00\",\"dateModified\":\"2026-02-05T11:27:39+00:00\",\"description\":\"Enjoy a relaxed Ch\u00e2teau Garden Wine Ap\u00e9ritif of a 17th century ch\u00e2teau. Local wines and the French art de vivre near the Canal du Midi.\",\"breadcrumb\":{\"@id\":\"https:\/\/www.chateau-de-paraza.com\/en\/wine-experience-by-the-canal-du-midi\/chateau-garden-wine-aperitif\/#breadcrumb\"},\"inLanguage\":\"en-US\",\"potentialAction\":[{\"@type\":\"ReadAction\",\"target\":[\"https:\/\/www.chateau-de-paraza.com\/en\/wine-experience-by-the-canal-du-midi\/chateau-garden-wine-aperitif\/\"]}]},{\"@type\":\"BreadcrumbList\",\"@id\":\"https:\/\/www.chateau-de-paraza.com\/en\/wine-experience-by-the-canal-du-midi\/chateau-garden-wine-aperitif\/#breadcrumb\",\"itemListElement\":[{\"@type\":\"ListItem\",\"position\":1,\"name\":\"Accueil\",\"item\":\"https:\/\/www.chateau-de-paraza.com\/en\/\"},{\"@type\":\"ListItem\",\"position\":2,\"name\":\"Experience\",\"item\":\"https:\/\/www.chateau-de-paraza.com\/en\/wine-experience-by-the-canal-du-midi\/\"},{\"@type\":\"ListItem\",\"position\":3,\"name\":\"Ch\u00e2teau Garden Wine Ap\u00e9ritif\"}]},{\"@type\":\"WebSite\",\"@id\":\"https:\/\/www.chateau-de-paraza.com\/#website\",\"url\":\"https:\/\/www.chateau-de-paraza.com\/\",\"name\":\"Ch\u00e2teau de Paraza\",\"description\":\"Site web du Ch\u00e2teau de Paraza\",\"potentialAction\":[{\"@type\":\"SearchAction\",\"target\":{\"@type\":\"EntryPoint\",\"urlTemplate\":\"https:\/\/www.chateau-de-paraza.com\/?s={search_term_string}\"},\"query-input\":\"required name=search_term_string\"}],\"inLanguage\":\"en-US\"}]}<\/script>\n<!-- \/ Yoast SEO plugin. -->","yoast_head_json":{"title":"Ch\u00e2teau Garden Wine Ap\u00e9ritif - close to the Canal du Midi","description":"Enjoy a relaxed Ch\u00e2teau Garden Wine Ap\u00e9ritif of a 17th century ch\u00e2teau. Local wines and the French art de vivre near the Canal du Midi.","robots":{"index":"index","follow":"follow","max-snippet":"max-snippet:-1","max-image-preview":"max-image-preview:large","max-video-preview":"max-video-preview:-1"},"canonical":"https:\/\/www.chateau-de-paraza.com\/en\/wine-experience-by-the-canal-du-midi\/chateau-garden-wine-aperitif\/","og_locale":"en_US","og_type":"article","og_title":"Ch\u00e2teau Garden Wine Ap\u00e9ritif - close to the Canal du Midi","og_description":"Enjoy a relaxed Ch\u00e2teau Garden Wine Ap\u00e9ritif of a 17th century ch\u00e2teau. Local wines and the French art de vivre near the Canal du Midi.","og_url":"https:\/\/www.chateau-de-paraza.com\/en\/wine-experience-by-the-canal-du-midi\/chateau-garden-wine-aperitif\/","og_site_name":"Ch\u00e2teau de Paraza","article_publisher":"https:\/\/www.facebook.com\/chateaudeparaza","article_modified_time":"2026-02-05T11:27:39+00:00","twitter_card":"summary_large_image","twitter_site":"@ChateauDeParaza","twitter_misc":{"Est. reading time":"2 minutes"},"schema":{"@context":"https:\/\/schema.org","@graph":[{"@type":"WebPage","@id":"https:\/\/www.chateau-de-paraza.com\/en\/wine-experience-by-the-canal-du-midi\/chateau-garden-wine-aperitif\/","url":"https:\/\/www.chateau-de-paraza.com\/en\/wine-experience-by-the-canal-du-midi\/chateau-garden-wine-aperitif\/","name":"Ch\u00e2teau Garden Wine Ap\u00e9ritif - close to the Canal du Midi","isPartOf":{"@id":"https:\/\/www.chateau-de-paraza.com\/#website"},"datePublished":"2026-02-05T11:00:11+00:00","dateModified":"2026-02-05T11:27:39+00:00","description":"Enjoy a relaxed Ch\u00e2teau Garden Wine Ap\u00e9ritif of a 17th century ch\u00e2teau. Local wines and the French art de vivre near the Canal du Midi.","breadcrumb":{"@id":"https:\/\/www.chateau-de-paraza.com\/en\/wine-experience-by-the-canal-du-midi\/chateau-garden-wine-aperitif\/#breadcrumb"},"inLanguage":"en-US","potentialAction":[{"@type":"ReadAction","target":["https:\/\/www.chateau-de-paraza.com\/en\/wine-experience-by-the-canal-du-midi\/chateau-garden-wine-aperitif\/"]}]},{"@type":"BreadcrumbList","@id":"https:\/\/www.chateau-de-paraza.com\/en\/wine-experience-by-the-canal-du-midi\/chateau-garden-wine-aperitif\/#breadcrumb","itemListElement":[{"@type":"ListItem","position":1,"name":"Accueil","item":"https:\/\/www.chateau-de-paraza.com\/en\/"},{"@type":"ListItem","position":2,"name":"Experience","item":"https:\/\/www.chateau-de-paraza.com\/en\/wine-experience-by-the-canal-du-midi\/"},{"@type":"ListItem","position":3,"name":"Ch\u00e2teau Garden Wine Ap\u00e9ritif"}]},{"@type":"WebSite","@id":"https:\/\/www.chateau-de-paraza.com\/#website","url":"https:\/\/www.chateau-de-paraza.com\/","name":"Ch\u00e2teau de Paraza","description":"Site web du Ch\u00e2teau de Paraza","potentialAction":[{"@type":"SearchAction","target":{"@type":"EntryPoint","urlTemplate":"https:\/\/www.chateau-de-paraza.com\/?s={search_term_string}"},"query-input":"required name=search_term_string"}],"inLanguage":"en-US"}]}},"_links":{"self":[{"href":"https:\/\/www.chateau-de-paraza.com\/en\/wp-json\/wp\/v2\/pages\/13370"}],"collection":[{"href":"https:\/\/www.chateau-de-paraza.com\/en\/wp-json\/wp\/v2\/pages"}],"about":[{"href":"https:\/\/www.chateau-de-paraza.com\/en\/wp-json\/wp\/v2\/types\/page"}],"author":[{"embeddable":true,"href":"https:\/\/www.chateau-de-paraza.com\/en\/wp-json\/wp\/v2\/users\/2"}],"replies":[{"embeddable":true,"href":"https:\/\/www.chateau-de-paraza.com\/en\/wp-json\/wp\/v2\/comments?post=13370"}],"version-history":[{"count":10,"href":"https:\/\/www.chateau-de-paraza.com\/en\/wp-json\/wp\/v2\/pages\/13370\/revisions"}],"predecessor-version":[{"id":13395,"href":"https:\/\/www.chateau-de-paraza.com\/en\/wp-json\/wp\/v2\/pages\/13370\/revisions\/13395"}],"up":[{"embeddable":true,"href":"https:\/\/www.chateau-de-paraza.com\/en\/wp-json\/wp\/v2\/pages\/4503"}],"wp:attachment":[{"href":"https:\/\/www.chateau-de-paraza.com\/en\/wp-json\/wp\/v2\/media?parent=13370"}],"curies":[{"name":"wp","href":"https:\/\/api.w.org\/{rel}","templated":true}]}}