{"id":13338,"date":"2026-01-26T12:06:13","date_gmt":"2026-01-26T11:06:13","guid":{"rendered":"https:\/\/www.chateau-de-paraza.com\/?page_id=13338"},"modified":"2026-01-26T12:06:17","modified_gmt":"2026-01-26T11:06:17","slug":"guided-tour-chateau-de-paraza","status":"publish","type":"page","link":"https:\/\/www.chateau-de-paraza.com\/en\/wine-experience-by-the-canal-du-midi\/guided-tour-chateau-de-paraza\/","title":{"rendered":"Guided tour Ch\u00e2teau de Paraza"},"content":{"rendered":"<div class=\"wpb-content-wrapper\">[vc_row][vc_column][vc_column_text]\r\n<h1>Guided tour of the castle, the cellar and the barrel cellar.<\/h1>\r\n[\/vc_column_text][vc_empty_space height=&#8221;40px&#8221;][\/vc_column][\/vc_row][vc_row][vc_column][vc_empty_space height=&#8221;40px&#8221;][vc_column_text]\r\n<h2 style=\"text-align: center;\">A visit combining the history of the castle and winemaking expertise<\/h2>\r\n[\/vc_column_text][vc_empty_space][\/vc_column][\/vc_row][vc_row][vc_column width=&#8221;1\/2&#8243;][vc_empty_space][vc_single_image image=&#8221;914&#8243; img_size=&#8221;medium&#8221; alignment=&#8221;center&#8221;][\/vc_column][vc_column width=&#8221;1\/2&#8243;][vc_empty_space][vc_column_text]Located in the heart of Languedoc-Roussillon, in Paraza, a small village of approximately 600 inhabitants bordering the Canal du Midi in the Aude department, Ch\u00e2teau de Paraza is one of the must-see vineyards of the Minervois region. Discover it in detail through our guided tour, which will also allow you to sample our wines.\r\n\r\nOn the agenda: an exploration of the history of this 17th-century ch\u00e2teau and the <a href=\"https:\/\/www.canal-du-midi.com\/decouvrir\/canal-en-bref\/\" target=\"_blank\" rel=\"noopener\">Canal du Midi<\/a>, a legendary engineering feat accomplished by Pierre-Paul Riquet.[\/vc_column_text][\/vc_column][\/vc_row][vc_row][vc_column css=&#8221;.vc_custom_1617269672605{border-radius: 1px !important;}&#8221;][vc_empty_space height=&#8221;40px&#8221;][vc_column_text]\r\n<h2 style=\"text-align: center;\">The stages of winemaking (simple and fascinating)<\/h2>\r\n[\/vc_column_text][vc_empty_space][vc_column_text]Join our team for a short guided tour around the ch\u00e2teau, through the park, and into the winemaker&#8217;s cellar (which includes our barrel room).\r\n\r\nA comprehensive experience to discover the entire estate in under an hour! A wonderful opportunity to discover or rediscover our vineyard and what we produce. You&#8217;ll combine history, geography, and a more in-depth exploration of winemaking, learning more about our terroir, grape varieties, and the winemaking methods we use to create our different cuv\u00e9es. And if you&#8217;d like to delve deeper, feel free to extend the experience with our other offerings![\/vc_column_text][\/vc_column][\/vc_row][vc_row][vc_column][vc_empty_space][vc_zigzag][vc_empty_space][\/vc_column][\/vc_row][vc_row][vc_column width=&#8221;1\/3&#8243;][vc_hoverbox image=&#8221;5617&#8243; primary_title=&#8221;&#8221; hover_title=&#8221;7\u20ac \/ pers&#8221; hover_title_google_fonts=&#8221;font_family:Cinzel%3Aregular%2C700%2C900|font_style:400%20regular%3A400%3Anormal&#8221; shape=&#8221;square&#8221; use_custom_fonts_hover_title=&#8221;true&#8221;]\r\n<ul>\r\n \t<li style=\"text-align: left;\">4 wines.<\/li>\r\n \t<li style=\"text-align: left;\">Approximately 20 minutes.<\/li>\r\n \t<li style=\"text-align: left;\">Grape varieties emblematic of the region.<\/li>\r\n<\/ul>\r\n[\/vc_hoverbox][vc_empty_space height=&#8221;5px&#8221;][vc_column_text]\r\n<h3 id=\"tw-target-text\" class=\"tw-data-text tw-text-large tw-ta\" dir=\"ltr\" tabindex=\"-1\" role=\"text\" data-placeholder=\"Traduction\" data-ved=\"2ahUKEwiUweHj_qiSAxXoK_sDHbdpPCMQ3ewLegQICxAW\" aria-label=\"Texte traduit\u00a0: Visit + classic tasting\"><span class=\"Y2IQFc\" lang=\"en\">Visit + classic wine tasting<\/span><\/h3>\r\n[\/vc_column_text][\/vc_column][vc_column width=&#8221;1\/3&#8243;][vc_hoverbox image=&#8221;3528&#8243; primary_title=&#8221;&#8221; hover_title=&#8221;15\u20ac \/ pers&#8221; hover_title_google_fonts=&#8221;font_family:Cinzel%3Aregular%2C700%2C900|font_style:400%20regular%3A400%3Anormal&#8221; shape=&#8221;square&#8221; use_custom_fonts_hover_title=&#8221;true&#8221;]\r\n<ul>\r\n \t<li style=\"text-align: left;\">6 wines.<\/li>\r\n \t<li style=\"text-align: left;\">Approximately 40 minutes.<\/li>\r\n \t<li style=\"text-align: left;\">Aged in American or French oak barrels.<\/li>\r\n<\/ul>\r\n[\/vc_hoverbox][vc_empty_space height=&#8221;5px&#8221;][vc_column_text]\r\n<h3>Visit + premium wine tasting<\/h3>\r\n[\/vc_column_text][\/vc_column][vc_column width=&#8221;1\/3&#8243;][vc_hoverbox image=&#8221;5254&#8243; primary_title=&#8221;&#8221; hover_title=&#8221;20\u20ac \/ pers&#8221; hover_title_google_fonts=&#8221;font_family:Cinzel%3Aregular%2C700%2C900|font_style:400%20regular%3A400%3Anormal&#8221; shape=&#8221;square&#8221; use_custom_fonts_hover_title=&#8221;true&#8221;]\r\n<ul>\r\n \t<li style=\"text-align: left;\">13 wines.<\/li>\r\n \t<li style=\"text-align: left;\">Approximately 1 hour.<\/li>\r\n \t<li style=\"text-align: left;\">Taste all our wines.<\/li>\r\n<\/ul>\r\n[\/vc_hoverbox][vc_empty_space height=&#8221;5px&#8221;][vc_column_text]\r\n<h3>Visit + int\u00e9gral wine tasting<\/h3>\r\n[\/vc_column_text][\/vc_column][\/vc_row][vc_row][vc_column][vc_empty_space][vc_zigzag][vc_empty_space][vc_column_text]\r\n<h2 style=\"text-align: center;\">Guided tour Ch\u00e2teau de Paraza hours<\/h2>\r\n[\/vc_column_text][vc_empty_space][vc_column_text]\r\n<h3 style=\"text-align: center;\">Excluding weekends, subject to availability.<\/h3>\r\n<p style=\"text-align: center;\"><em>Summer:<\/em> May 1st to August 31st:<\/p>\r\n<p style=\"text-align: center;\"><em>Monday to Friday:<\/em> 10:00 AM \u2013 6:00 PM<\/p>\r\n[\/vc_column_text][vc_empty_space][vc_zigzag][vc_empty_space][vc_column_text]\r\n<h2 class=\"wp-block-heading\" style=\"text-align: center;\">Guided tour Ch\u00e2teau de Paraza languages<\/h2>\r\n[\/vc_column_text][vc_column_text]\r\n<p style=\"text-align: center;\">English \/ French<\/p>\r\n[\/vc_column_text][\/vc_column][\/vc_row][vc_row][vc_column][vc_empty_space][vc_btn title=&#8221;R\u00e9servation Conseill\u00e9e&#8221; color=&#8221;chino&#8221; align=&#8221;center&#8221; button_block=&#8221;true&#8221; link=&#8221;url:https%3A%2F%2Fwww.chateau-de-paraza.com%2Fcontact-chateau-de-paraza%2F|title:Contact|target:_blank&#8221;][vc_empty_space][vc_zigzag][vc_empty_space][vc_column_text]\r\n<h2>You wish to enhance your experience:<\/h2>\r\n[\/vc_column_text][vc_empty_space][\/vc_column][\/vc_row][vc_row][vc_column width=&#8221;1\/2&#8243;][vc_hoverbox image=&#8221;12623&#8243; primary_title=&#8221;&#8221; hover_title=&#8221;On quote&#8221; hover_title_google_fonts=&#8221;font_family:Cinzel%3Aregular%2C700%2C900|font_style:400%20regular%3A400%3Anormal&#8221; shape=&#8221;square&#8221; use_custom_fonts_hover_title=&#8221;true&#8221;]\r\n<p style=\"text-align: center;\">Immerse yourself in history and refinement, crafted by a chef, through a unique and confidential experience accompanied by wines from the estate.<\/p>\r\n[\/vc_hoverbox][vc_empty_space height=&#8221;5px&#8221;][vc_column_text]\r\n<h2>Private dinner<\/h2>\r\n[\/vc_column_text][vc_column_text]<a href=\"https:\/\/www.chateau-de-paraza.com\/en\/wine-experience-by-the-canal-du-midi\/private-immersion\/\" target=\"_blank\" rel=\"noopener\">En savoir plus<\/a>[\/vc_column_text][\/vc_column][vc_column width=&#8221;1\/2&#8243;][vc_hoverbox image=&#8221;13046&#8243; primary_title=&#8221;&#8221; hover_title=&#8221;On quote&#8221; hover_title_google_fonts=&#8221;font_family:Cinzel%3Aregular%2C700%2C900|font_style:400%20regular%3A400%3Anormal&#8221; shape=&#8221;square&#8221; use_custom_fonts_hover_title=&#8221;true&#8221;]\r\n<p style=\"text-align: center;\">Treat yourself to an exceptional venue by booking the Ch\u00e2teau de Paraza for your events (family celebrations, birthdays, New Year&#8217;s Eve&#8230;)<\/p>\r\n[\/vc_hoverbox][vc_empty_space height=&#8221;5px&#8221;][vc_column_text]\r\n<h2>Privatisation<\/h2>\r\n[\/vc_column_text][vc_column_text]<a href=\"https:\/\/www.chateau-de-paraza.com\/en\/wine-experience-by-the-canal-du-midi\/castle-privatisation-family-celebrations-birthdays-new-years-eve-special-occasion\/\">En savoir plus<\/a>[\/vc_column_text][\/vc_column][\/vc_row][vc_row][vc_column][\/vc_column][\/vc_row]<\/div>","protected":false},"excerpt":{"rendered":"<p>[vc_row][vc_column][vc_column_text] Guided tour of the castle, the cellar and the barrel cellar. [\/vc_column_text][vc_empty_space height=&#8221;40px&#8221;][\/vc_column][\/vc_row][vc_row][vc_column][vc_empty_space height=&#8221;40px&#8221;][vc_column_text] A visit combining the history of the castle and winemaking expertise [\/vc_column_text][vc_empty_space][\/vc_column][\/vc_row][vc_row][vc_column width=&#8221;1\/2&#8243;][vc_empty_space][vc_single_image image=&#8221;914&#8243; img_size=&#8221;medium&#8221; alignment=&#8221;center&#8221;][\/vc_column][vc_column width=&#8221;1\/2&#8243;][vc_empty_space][vc_column_text]Located in the heart of Languedoc-Roussillon, in Paraza, a small village of approximately 600 inhabitants bordering the Canal du Midi in the Aude department,&hellip;<\/p>\n","protected":false},"author":2,"featured_media":0,"parent":4503,"menu_order":0,"comment_status":"closed","ping_status":"closed","template":"","meta":[],"yoast_head":"<!-- This site is optimized with the Yoast SEO plugin v21.8.1 - https:\/\/yoast.com\/wordpress\/plugins\/seo\/ -->\n<title>Guided tour Ch\u00e2teau de Paraza- Ch\u00e2teau de Paraza<\/title>\n<meta name=\"description\" content=\"Discover with a guided tour the Ch\u00e2teau de Paraza, wine cellar and barrel room. Explore the history of this 17th-century, and wine production\" \/>\n<meta name=\"robots\" content=\"index, follow, max-snippet:-1, max-image-preview:large, max-video-preview:-1\" \/>\n<link rel=\"canonical\" href=\"https:\/\/www.chateau-de-paraza.com\/en\/wine-experience-by-the-canal-du-midi\/guided-tour-chateau-de-paraza\/\" \/>\n<meta property=\"og:locale\" content=\"en_US\" \/>\n<meta property=\"og:type\" content=\"article\" \/>\n<meta property=\"og:title\" content=\"Guided tour Ch\u00e2teau de Paraza- Ch\u00e2teau de Paraza\" \/>\n<meta property=\"og:description\" content=\"Discover with a guided tour the Ch\u00e2teau de Paraza, wine cellar and barrel room. Explore the history of this 17th-century, and wine production\" \/>\n<meta property=\"og:url\" content=\"https:\/\/www.chateau-de-paraza.com\/en\/wine-experience-by-the-canal-du-midi\/guided-tour-chateau-de-paraza\/\" \/>\n<meta property=\"og:site_name\" content=\"Ch\u00e2teau de Paraza\" \/>\n<meta property=\"article:publisher\" content=\"https:\/\/www.facebook.com\/chateaudeparaza\" \/>\n<meta property=\"article:modified_time\" content=\"2026-01-26T11:06:17+00:00\" \/>\n<meta name=\"twitter:card\" content=\"summary_large_image\" \/>\n<meta name=\"twitter:site\" content=\"@ChateauDeParaza\" \/>\n<meta name=\"twitter:label1\" content=\"Est. reading time\" \/>\n\t<meta name=\"twitter:data1\" content=\"4 minutes\" \/>\n<script type=\"application\/ld+json\" class=\"yoast-schema-graph\">{\"@context\":\"https:\/\/schema.org\",\"@graph\":[{\"@type\":\"WebPage\",\"@id\":\"https:\/\/www.chateau-de-paraza.com\/en\/wine-experience-by-the-canal-du-midi\/guided-tour-chateau-de-paraza\/\",\"url\":\"https:\/\/www.chateau-de-paraza.com\/en\/wine-experience-by-the-canal-du-midi\/guided-tour-chateau-de-paraza\/\",\"name\":\"Guided tour Ch\u00e2teau de Paraza- Ch\u00e2teau de Paraza\",\"isPartOf\":{\"@id\":\"https:\/\/www.chateau-de-paraza.com\/#website\"},\"datePublished\":\"2026-01-26T11:06:13+00:00\",\"dateModified\":\"2026-01-26T11:06:17+00:00\",\"description\":\"Discover with a guided tour the Ch\u00e2teau de Paraza, wine cellar and barrel room. Explore the history of this 17th-century, and wine production\",\"breadcrumb\":{\"@id\":\"https:\/\/www.chateau-de-paraza.com\/en\/wine-experience-by-the-canal-du-midi\/guided-tour-chateau-de-paraza\/#breadcrumb\"},\"inLanguage\":\"en-US\",\"potentialAction\":[{\"@type\":\"ReadAction\",\"target\":[\"https:\/\/www.chateau-de-paraza.com\/en\/wine-experience-by-the-canal-du-midi\/guided-tour-chateau-de-paraza\/\"]}]},{\"@type\":\"BreadcrumbList\",\"@id\":\"https:\/\/www.chateau-de-paraza.com\/en\/wine-experience-by-the-canal-du-midi\/guided-tour-chateau-de-paraza\/#breadcrumb\",\"itemListElement\":[{\"@type\":\"ListItem\",\"position\":1,\"name\":\"Accueil\",\"item\":\"https:\/\/www.chateau-de-paraza.com\/en\/\"},{\"@type\":\"ListItem\",\"position\":2,\"name\":\"Experience\",\"item\":\"https:\/\/www.chateau-de-paraza.com\/en\/wine-experience-by-the-canal-du-midi\/\"},{\"@type\":\"ListItem\",\"position\":3,\"name\":\"Guided tour Ch\u00e2teau de Paraza\"}]},{\"@type\":\"WebSite\",\"@id\":\"https:\/\/www.chateau-de-paraza.com\/#website\",\"url\":\"https:\/\/www.chateau-de-paraza.com\/\",\"name\":\"Ch\u00e2teau de Paraza\",\"description\":\"Site web du Ch\u00e2teau de Paraza\",\"potentialAction\":[{\"@type\":\"SearchAction\",\"target\":{\"@type\":\"EntryPoint\",\"urlTemplate\":\"https:\/\/www.chateau-de-paraza.com\/?s={search_term_string}\"},\"query-input\":\"required name=search_term_string\"}],\"inLanguage\":\"en-US\"}]}<\/script>\n<!-- \/ Yoast SEO plugin. -->","yoast_head_json":{"title":"Guided tour Ch\u00e2teau de Paraza- Ch\u00e2teau de Paraza","description":"Discover with a guided tour the Ch\u00e2teau de Paraza, wine cellar and barrel room. Explore the history of this 17th-century, and wine production","robots":{"index":"index","follow":"follow","max-snippet":"max-snippet:-1","max-image-preview":"max-image-preview:large","max-video-preview":"max-video-preview:-1"},"canonical":"https:\/\/www.chateau-de-paraza.com\/en\/wine-experience-by-the-canal-du-midi\/guided-tour-chateau-de-paraza\/","og_locale":"en_US","og_type":"article","og_title":"Guided tour Ch\u00e2teau de Paraza- Ch\u00e2teau de Paraza","og_description":"Discover with a guided tour the Ch\u00e2teau de Paraza, wine cellar and barrel room. Explore the history of this 17th-century, and wine production","og_url":"https:\/\/www.chateau-de-paraza.com\/en\/wine-experience-by-the-canal-du-midi\/guided-tour-chateau-de-paraza\/","og_site_name":"Ch\u00e2teau de Paraza","article_publisher":"https:\/\/www.facebook.com\/chateaudeparaza","article_modified_time":"2026-01-26T11:06:17+00:00","twitter_card":"summary_large_image","twitter_site":"@ChateauDeParaza","twitter_misc":{"Est. reading time":"4 minutes"},"schema":{"@context":"https:\/\/schema.org","@graph":[{"@type":"WebPage","@id":"https:\/\/www.chateau-de-paraza.com\/en\/wine-experience-by-the-canal-du-midi\/guided-tour-chateau-de-paraza\/","url":"https:\/\/www.chateau-de-paraza.com\/en\/wine-experience-by-the-canal-du-midi\/guided-tour-chateau-de-paraza\/","name":"Guided tour Ch\u00e2teau de Paraza- Ch\u00e2teau de Paraza","isPartOf":{"@id":"https:\/\/www.chateau-de-paraza.com\/#website"},"datePublished":"2026-01-26T11:06:13+00:00","dateModified":"2026-01-26T11:06:17+00:00","description":"Discover with a guided tour the Ch\u00e2teau de Paraza, wine cellar and barrel room. Explore the history of this 17th-century, and wine production","breadcrumb":{"@id":"https:\/\/www.chateau-de-paraza.com\/en\/wine-experience-by-the-canal-du-midi\/guided-tour-chateau-de-paraza\/#breadcrumb"},"inLanguage":"en-US","potentialAction":[{"@type":"ReadAction","target":["https:\/\/www.chateau-de-paraza.com\/en\/wine-experience-by-the-canal-du-midi\/guided-tour-chateau-de-paraza\/"]}]},{"@type":"BreadcrumbList","@id":"https:\/\/www.chateau-de-paraza.com\/en\/wine-experience-by-the-canal-du-midi\/guided-tour-chateau-de-paraza\/#breadcrumb","itemListElement":[{"@type":"ListItem","position":1,"name":"Accueil","item":"https:\/\/www.chateau-de-paraza.com\/en\/"},{"@type":"ListItem","position":2,"name":"Experience","item":"https:\/\/www.chateau-de-paraza.com\/en\/wine-experience-by-the-canal-du-midi\/"},{"@type":"ListItem","position":3,"name":"Guided tour Ch\u00e2teau de Paraza"}]},{"@type":"WebSite","@id":"https:\/\/www.chateau-de-paraza.com\/#website","url":"https:\/\/www.chateau-de-paraza.com\/","name":"Ch\u00e2teau de Paraza","description":"Site web du Ch\u00e2teau de Paraza","potentialAction":[{"@type":"SearchAction","target":{"@type":"EntryPoint","urlTemplate":"https:\/\/www.chateau-de-paraza.com\/?s={search_term_string}"},"query-input":"required name=search_term_string"}],"inLanguage":"en-US"}]}},"_links":{"self":[{"href":"https:\/\/www.chateau-de-paraza.com\/en\/wp-json\/wp\/v2\/pages\/13338"}],"collection":[{"href":"https:\/\/www.chateau-de-paraza.com\/en\/wp-json\/wp\/v2\/pages"}],"about":[{"href":"https:\/\/www.chateau-de-paraza.com\/en\/wp-json\/wp\/v2\/types\/page"}],"author":[{"embeddable":true,"href":"https:\/\/www.chateau-de-paraza.com\/en\/wp-json\/wp\/v2\/users\/2"}],"replies":[{"embeddable":true,"href":"https:\/\/www.chateau-de-paraza.com\/en\/wp-json\/wp\/v2\/comments?post=13338"}],"version-history":[{"count":3,"href":"https:\/\/www.chateau-de-paraza.com\/en\/wp-json\/wp\/v2\/pages\/13338\/revisions"}],"predecessor-version":[{"id":13341,"href":"https:\/\/www.chateau-de-paraza.com\/en\/wp-json\/wp\/v2\/pages\/13338\/revisions\/13341"}],"up":[{"embeddable":true,"href":"https:\/\/www.chateau-de-paraza.com\/en\/wp-json\/wp\/v2\/pages\/4503"}],"wp:attachment":[{"href":"https:\/\/www.chateau-de-paraza.com\/en\/wp-json\/wp\/v2\/media?parent=13338"}],"curies":[{"name":"wp","href":"https:\/\/api.w.org\/{rel}","templated":true}]}}