{"id":13264,"date":"2026-01-26T10:52:18","date_gmt":"2026-01-26T09:52:18","guid":{"rendered":"https:\/\/www.chateau-de-paraza.com\/?page_id=13264"},"modified":"2026-01-26T11:22:38","modified_gmt":"2026-01-26T10:22:38","slug":"wine-tasting-minervois-canal-du-midi","status":"publish","type":"page","link":"https:\/\/www.chateau-de-paraza.com\/en\/wine-experience-by-the-canal-du-midi\/wine-tasting-minervois-canal-du-midi\/","title":{"rendered":"Minervois wine tasting near to the Canal du Midi"},"content":{"rendered":"<div class=\"wpb-content-wrapper\"><p>[vc_row][vc_column][vc_column_text]<\/p>\r\n<div class=\"text-base my-auto mx-auto pb-10 [--thread-content-margin:--spacing(4)] @w-sm\/main:[--thread-content-margin:--spacing(6)] @w-lg\/main:[--thread-content-margin:--spacing(16)] px-(--thread-content-margin)\">\r\n<div class=\"[--thread-content-max-width:40rem] @w-lg\/main:[--thread-content-max-width:48rem] mx-auto max-w-(--thread-content-max-width) flex-1 group\/turn-messages focus-visible:outline-hidden relative flex w-full min-w-0 flex-col agent-turn\" tabindex=\"-1\">\r\n<div class=\"flex max-w-full flex-col grow\">\r\n<div class=\"min-h-8 text-message relative flex w-full flex-col items-end gap-2 text-start break-words whitespace-normal [.text-message+&amp;]:mt-1\" dir=\"auto\" data-message-author-role=\"assistant\" data-message-id=\"733d4113-2d38-435b-a176-44223f6b0d21\" data-message-model-slug=\"gpt-5-2\">\r\n<div class=\"flex w-full flex-col gap-1 empty:hidden first:pt-[1px]\">\r\n<div class=\"markdown prose dark:prose-invert w-full wrap-break-word dark markdown-new-styling\">\r\n<p data-start=\"0\" data-end=\"250\" data-is-last-node=\"\" data-is-only-node=\"\">Minervois wine tasting at Ch\u00e2teau de Paraza is the perfect way to discover the <a href=\"https:\/\/aop-minervois.com\/origine-minervois\/\">wine region<\/a> from April to October .<\/p>\r\n<p data-start=\"0\" data-end=\"250\" data-is-last-node=\"\" data-is-only-node=\"\">Step into our cellar, explore our expertise, and enjoy a tasting experience that suits you, <strong data-start=\"199\" data-end=\"226\">no reservation required<\/strong> on the dates below.<\/p>\r\n<\/div>\r\n<\/div>\r\n<\/div>\r\n<\/div>\r\n<\/div>\r\n<\/div>\r\n<p>[\/vc_column_text][vc_empty_space][\/vc_column][\/vc_row][vc_row][vc_column width=&#8221;1\/3&#8243;][vc_hoverbox image=&#8221;5622&#8243; primary_title=&#8221;Classic&#8221; primary_title_font_container=&#8221;color:%23ffffff&#8221; primary_title_google_fonts=&#8221;font_family:Cinzel%3Aregular%2C700%2C900|font_style:400%20regular%3A400%3Anormal&#8221; hover_title=&#8221;Free&#8221; hover_title_font_container=&#8221;color:%23000000&#8243; hover_title_google_fonts=&#8221;font_family:Cinzel%3Aregular%2C700%2C900|font_style:400%20regular%3A400%3Anormal&#8221; use_custom_fonts_primary_title=&#8221;true&#8221; use_custom_fonts_hover_title=&#8221;true&#8221;]<\/p>\r\n<ul>\r\n<li style=\"text-align: left;\">Four wines.<\/li>\r\n<li style=\"text-align: left;\">Approximately 20 minutes.<\/li>\r\n<li style=\"text-align: left;\">Grape varieties emblematic of the region.<\/li>\r\n<\/ul>\r\n<p>[\/vc_hoverbox][\/vc_column][vc_column width=&#8221;1\/3&#8243;][vc_hoverbox image=&#8221;3528&#8243; primary_title=&#8221;Premium&#8221; primary_title_font_container=&#8221;color:%23ffffff&#8221; primary_title_google_fonts=&#8221;font_family:Cinzel%3Aregular%2C700%2C900|font_style:400%20regular%3A400%3Anormal&#8221; hover_title=&#8221;9\u20ac \/person&#8221; hover_title_google_fonts=&#8221;font_family:Cinzel%3Aregular%2C700%2C900|font_style:400%20regular%3A400%3Anormal&#8221; use_custom_fonts_primary_title=&#8221;true&#8221; use_custom_fonts_hover_title=&#8221;true&#8221;]<\/p>\r\n<ul>\r\n<li style=\"text-align: left;\">\r\n<p id=\"tw-target-text\" class=\"tw-data-text tw-text-large tw-ta\" dir=\"ltr\" tabindex=\"-1\" role=\"text\" data-placeholder=\"Traduction\" data-ved=\"2ahUKEwjqkbPW9KiSAxWnbKQEHUAPAekQ3ewLegQICxAW\" aria-label=\"Texte traduit\u00a0: 6 wines. Approximately 40 minutes. Aged in American or French oak barrels.\"><span class=\"Y2IQFc\" lang=\"en\">6 wines. <\/span><\/p>\r\n<\/li>\r\n<li style=\"text-align: left;\">\r\n<p id=\"tw-target-text\" class=\"tw-data-text tw-text-large tw-ta\" dir=\"ltr\" tabindex=\"-1\" role=\"text\" data-placeholder=\"Traduction\" data-ved=\"2ahUKEwjqkbPW9KiSAxWnbKQEHUAPAekQ3ewLegQICxAW\" aria-label=\"Texte traduit\u00a0: 6 wines. Approximately 40 minutes. Aged in American or French oak barrels.\"><span class=\"Y2IQFc\" lang=\"en\">Approximately 40 minutes. <\/span><\/p>\r\n<\/li>\r\n<li style=\"text-align: left;\">\r\n<p id=\"tw-target-text\" class=\"tw-data-text tw-text-large tw-ta\" dir=\"ltr\" tabindex=\"-1\" role=\"text\" data-placeholder=\"Traduction\" data-ved=\"2ahUKEwjqkbPW9KiSAxWnbKQEHUAPAekQ3ewLegQICxAW\" aria-label=\"Texte traduit\u00a0: 6 wines. Approximately 40 minutes. Aged in American or French oak barrels.\"><span class=\"Y2IQFc\" lang=\"en\">Aged in American or French oak barrels.<\/span><\/p>\r\n<\/li>\r\n<\/ul>\r\n<p>[\/vc_hoverbox][\/vc_column][vc_column width=&#8221;1\/3&#8243;][vc_hoverbox image=&#8221;5254&#8243; primary_title=&#8221;Int\u00e9gral&#8221; primary_title_font_container=&#8221;color:%23ffffff&#8221; primary_title_google_fonts=&#8221;font_family:Cinzel%3Aregular%2C700%2C900|font_style:400%20regular%3A400%3Anormal&#8221; hover_title=&#8221;15\u20ac \/person&#8221; hover_title_font_container=&#8221;color:%23000000&#8243; hover_title_google_fonts=&#8221;font_family:Cinzel%3Aregular%2C700%2C900|font_style:400%20regular%3A400%3Anormal&#8221; use_custom_fonts_primary_title=&#8221;true&#8221; use_custom_fonts_hover_title=&#8221;true&#8221;]<\/p>\r\n<ul>\r\n<li style=\"text-align: left;\">13 wines.<\/li>\r\n<li style=\"text-align: left;\">Approximately 1 hour.<\/li>\r\n<li style=\"text-align: left;\">Taste all our wines.<\/li>\r\n<\/ul>\r\n<p>[\/vc_hoverbox][\/vc_column][\/vc_row][vc_row][vc_column][vc_empty_space][vc_empty_space][vc_column_text]<\/p>\r\n<h2>You wish to complete your experience:<\/h2>\r\n<p>[\/vc_column_text][\/vc_column][\/vc_row][vc_row][vc_column width=&#8221;1\/2&#8243;][vc_empty_space][vc_single_image image=&#8221;1925&#8243; img_size=&#8221;medium&#8221; alignment=&#8221;right&#8221;][\/vc_column][vc_column width=&#8221;1\/2&#8243;][vc_empty_space][vc_empty_space][vc_column_text]<!-- \/wp:paragraph --><\/p>\r\n<p><!-- wp:paragraph {\"align\":\"center\",\"placeholder\":\"Contenu\u2026\"} -->Discover a gourmet interlude for two: a carefully selected artisanal cheese board, where each cheese perfectly showcases its terroir \u2013 \u20ac18.<\/p>\r\n<p>Reservations recommended, offer subject to availability.<\/p>\r\n<p>[\/vc_column_text][\/vc_column][\/vc_row][vc_row][vc_column][vc_empty_space][vc_zigzag][vc_empty_space][vc_column_text]<\/p>\r\n<h2 style=\"text-align: center;\">Wine tasting times<\/h2>\r\n<p>[\/vc_column_text][vc_empty_space][\/vc_column][\/vc_row][vc_row][vc_column][vc_column_text]<\/p>\r\n<h4 class=\"wp-block-heading\" style=\"text-align: center;\"><strong>\u00c9t\u00e9: du 1er mai au 31 ao\u00fbt<\/strong>\u00a0:<\/h4>\r\n<!-- \/wp:heading -->\r\n<p style=\"text-align: center;\"><!-- wp:paragraph -->Du lundi au dimanche : 10h \u2013 20h<\/p>\r\n<!-- \/wp:paragraph -->\r\n<p>&nbsp;<\/p>\r\n<!-- wp:heading {\"level\":4} -->\r\n<h4 class=\"wp-block-heading\" style=\"text-align: center;\"><strong>Vendanges: du 1er septembre au 30 septembre<\/strong>\u00a0:<\/h4>\r\n<!-- \/wp:heading -->\r\n<p style=\"text-align: center;\"><!-- wp:paragraph -->Du lundi au dimanche : 10h -18h30<\/p>\r\n<!-- \/wp:paragraph -->\r\n<p>&nbsp;<\/p>\r\n<!-- wp:heading {\"level\":4} -->\r\n<h4 class=\"wp-block-heading\" style=\"text-align: center;\">30 septembre au 30 octobre<\/h4>\r\n<!-- \/wp:heading -->\r\n<p style=\"text-align: center;\"><!-- wp:paragraph -->Du lundi au vendredi : 10h &#8211; 18h30<\/p>\r\n<p>[\/vc_column_text][vc_empty_space][vc_zigzag][vc_empty_space][\/vc_column][\/vc_row][vc_row][vc_column][vc_column_text]<\/p>\r\n<h2 style=\"text-align: center;\">Minervois wine tasting languages<\/h2>\r\n<p>[\/vc_column_text][vc_empty_space][\/vc_column][\/vc_row][vc_row][vc_column][vc_column_text]<\/p>\r\n<p style=\"text-align: center;\">English\/ French<\/p>\r\n<p>[\/vc_column_text][vc_empty_space][vc_zigzag][vc_empty_space][vc_column_text]<\/p>\r\n<h2>You wish to complete your experience:<\/h2>\r\n<p>[\/vc_column_text][vc_empty_space][\/vc_column][\/vc_row][vc_row][vc_column width=&#8221;1\/3&#8243;][vc_hoverbox image=&#8221;9184&#8243; primary_title=&#8221;&#8221; hover_title=&#8221;7\u20ac \/ pers&#8221; hover_title_google_fonts=&#8221;font_family:Cinzel%3Aregular%2C700%2C900|font_style:400%20regular%3A400%3Anormal&#8221; shape=&#8221;square&#8221; use_custom_fonts_hover_title=&#8221;true&#8221;]<\/p>\r\n<p>Discover the castle of Paraza during guided tours in the heart of a historic estate overlooking the Canal du Midi, a UNESCO World Heritage Site.<\/p>\r\n<p>[\/vc_hoverbox][vc_empty_space height=&#8221;5px&#8221;][vc_column_text]<\/p>\r\n<h2>Guided tour<\/h2>\r\n<p>[\/vc_column_text][vc_column_text]<\/p>\r\n<p>En savoir plus<\/p>\r\n<p>[\/vc_column_text][\/vc_column][vc_column width=&#8221;1\/3&#8243;][vc_hoverbox image=&#8221;13084&#8243; primary_title=&#8221;&#8221; hover_title=&#8221;10h to 22h&#8221; hover_title_google_fonts=&#8221;font_family:Cinzel%3Aregular%2C700%2C900|font_style:400%20regular%3A400%3Anormal&#8221; shape=&#8221;square&#8221; use_custom_fonts_hover_title=&#8221;true&#8221;]<\/p>\r\n<p style=\"text-align: center;\">Open daily from April to October.<\/p>\r\n<p style=\"text-align: center;\">Wine and tapas bar on the banks of the Canal du Midi.<\/p>\r\n<p style=\"text-align: center;\">Reservations: 04 68 75 50 59 (phone) or 06 82 06 74 89 (text).<\/p>\r\n<p>[\/vc_hoverbox][vc_empty_space height=&#8221;5px&#8221;][vc_column_text]<\/p>\r\n<h2>Le Caf\u00e9 du Port<\/h2>\r\n<p>[\/vc_column_text][vc_column_text]<\/p>\r\n<p><a href=\"https:\/\/www.instagram.com\/cafeduport.paraza?utm_source=ig_web_button_share_sheet&amp;igsh=ZDNlZDc0MzIxNw%3D%3D\">En savoir plus<\/a><\/p>\r\n<p>[\/vc_column_text][\/vc_column][vc_column width=&#8221;1\/3&#8243;][vc_hoverbox image=&#8221;9065&#8243; primary_title=&#8221;&#8221; hover_title=&#8221;35\u20ac \/ person&#8221; hover_title_google_fonts=&#8221;font_family:Cinzel%3Aregular%2C700%2C900|font_style:400%20regular%3A400%3Anormal&#8221; shape=&#8221;square&#8221; use_custom_fonts_hover_title=&#8221;true&#8221;]<\/p>\r\n<p style=\"text-align: center;\">Enjoy a gourmet break surrounded by wines, cheeses and charcuterie, in the shade of oak trees with a breathtaking view of the vineyards.<\/p>\r\n<p>[\/vc_hoverbox][vc_empty_space height=&#8221;5px&#8221;][vc_column_text]<\/p>\r\n<h2>Ap\u00e9ro Champ\u00eatre<\/h2>\r\n<p>[\/vc_column_text][vc_column_text]<\/p>\r\n<p>En savoir plus<\/p>\r\n<p>[\/vc_column_text][\/vc_column][\/vc_row][vc_row][vc_column][\/vc_column][\/vc_row]<\/p><\/div>","protected":false},"excerpt":{"rendered":"<p>[vc_row][vc_column][vc_column_text] Minervois wine tasting at Ch\u00e2teau de Paraza is the perfect way to discover the wine region from April to October . Step into our cellar, explore our expertise, and enjoy a tasting experience that suits you, no reservation required on the dates below. [\/vc_column_text][vc_empty_space][\/vc_column][\/vc_row][vc_row][vc_column width=&#8221;1\/3&#8243;][vc_hoverbox image=&#8221;5622&#8243; primary_title=&#8221;Classic&#8221; primary_title_font_container=&#8221;color:%23ffffff&#8221; primary_title_google_fonts=&#8221;font_family:Cinzel%3Aregular%2C700%2C900|font_style:400%20regular%3A400%3Anormal&#8221; hover_title=&#8221;Free&#8221; hover_title_font_container=&#8221;color:%23000000&#8243; hover_title_google_fonts=&#8221;font_family:Cinzel%3Aregular%2C700%2C900|font_style:400%20regular%3A400%3Anormal&#8221; use_custom_fonts_primary_title=&#8221;true&#8221; use_custom_fonts_hover_title=&#8221;true&#8221;]&hellip;<\/p>\n","protected":false},"author":1,"featured_media":13095,"parent":4503,"menu_order":0,"comment_status":"closed","ping_status":"closed","template":"","meta":[],"yoast_head":"<!-- This site is optimized with the Yoast SEO plugin v21.8.1 - https:\/\/yoast.com\/wordpress\/plugins\/seo\/ -->\n<title>Minervois wine tasting near to the Canal du Midi - Ch\u00e2teau de Paraza<\/title>\n<meta name=\"description\" content=\"From April to October, the Ch\u00e2teau de Paraza welcomes you to discover your wine region with traditional Minervois wine tasting.\" \/>\n<meta name=\"robots\" content=\"index, follow, max-snippet:-1, max-image-preview:large, max-video-preview:-1\" \/>\n<link rel=\"canonical\" href=\"https:\/\/www.chateau-de-paraza.com\/en\/wine-experience-by-the-canal-du-midi\/wine-tasting-minervois-canal-du-midi\/\" \/>\n<meta property=\"og:locale\" content=\"en_US\" \/>\n<meta property=\"og:type\" content=\"article\" \/>\n<meta property=\"og:title\" content=\"Minervois wine tasting near to the Canal du Midi - Ch\u00e2teau de Paraza\" \/>\n<meta property=\"og:description\" content=\"From April to October, the Ch\u00e2teau de Paraza welcomes you to discover your wine region with traditional Minervois wine tasting.\" \/>\n<meta property=\"og:url\" content=\"https:\/\/www.chateau-de-paraza.com\/en\/wine-experience-by-the-canal-du-midi\/wine-tasting-minervois-canal-du-midi\/\" \/>\n<meta property=\"og:site_name\" content=\"Ch\u00e2teau de Paraza\" \/>\n<meta property=\"article:publisher\" content=\"https:\/\/www.facebook.com\/chateaudeparaza\" \/>\n<meta property=\"article:modified_time\" content=\"2026-01-26T10:22:38+00:00\" \/>\n<meta property=\"og:image\" content=\"https:\/\/www.chateau-de-paraza.com\/wp-content\/uploads\/2026\/01\/Capture-decran-2026-01-06-141424.png\" \/>\n\t<meta property=\"og:image:width\" content=\"464\" \/>\n\t<meta property=\"og:image:height\" content=\"690\" \/>\n\t<meta property=\"og:image:type\" content=\"image\/png\" \/>\n<meta name=\"twitter:card\" content=\"summary_large_image\" \/>\n<meta name=\"twitter:site\" content=\"@ChateauDeParaza\" \/>\n<meta name=\"twitter:label1\" content=\"Est. reading time\" \/>\n\t<meta name=\"twitter:data1\" content=\"4 minutes\" \/>\n<script type=\"application\/ld+json\" class=\"yoast-schema-graph\">{\"@context\":\"https:\/\/schema.org\",\"@graph\":[{\"@type\":\"WebPage\",\"@id\":\"https:\/\/www.chateau-de-paraza.com\/en\/wine-experience-by-the-canal-du-midi\/wine-tasting-minervois-canal-du-midi\/\",\"url\":\"https:\/\/www.chateau-de-paraza.com\/en\/wine-experience-by-the-canal-du-midi\/wine-tasting-minervois-canal-du-midi\/\",\"name\":\"Minervois wine tasting near to the Canal du Midi - Ch\u00e2teau de Paraza\",\"isPartOf\":{\"@id\":\"https:\/\/www.chateau-de-paraza.com\/#website\"},\"datePublished\":\"2026-01-26T09:52:18+00:00\",\"dateModified\":\"2026-01-26T10:22:38+00:00\",\"description\":\"From April to October, the Ch\u00e2teau de Paraza welcomes you to discover your wine region with traditional Minervois wine tasting.\",\"breadcrumb\":{\"@id\":\"https:\/\/www.chateau-de-paraza.com\/en\/wine-experience-by-the-canal-du-midi\/wine-tasting-minervois-canal-du-midi\/#breadcrumb\"},\"inLanguage\":\"en-US\",\"potentialAction\":[{\"@type\":\"ReadAction\",\"target\":[\"https:\/\/www.chateau-de-paraza.com\/en\/wine-experience-by-the-canal-du-midi\/wine-tasting-minervois-canal-du-midi\/\"]}]},{\"@type\":\"BreadcrumbList\",\"@id\":\"https:\/\/www.chateau-de-paraza.com\/en\/wine-experience-by-the-canal-du-midi\/wine-tasting-minervois-canal-du-midi\/#breadcrumb\",\"itemListElement\":[{\"@type\":\"ListItem\",\"position\":1,\"name\":\"Accueil\",\"item\":\"https:\/\/www.chateau-de-paraza.com\/en\/\"},{\"@type\":\"ListItem\",\"position\":2,\"name\":\"Experience\",\"item\":\"https:\/\/www.chateau-de-paraza.com\/en\/wine-experience-by-the-canal-du-midi\/\"},{\"@type\":\"ListItem\",\"position\":3,\"name\":\"Minervois wine tasting near to the Canal du Midi\"}]},{\"@type\":\"WebSite\",\"@id\":\"https:\/\/www.chateau-de-paraza.com\/#website\",\"url\":\"https:\/\/www.chateau-de-paraza.com\/\",\"name\":\"Ch\u00e2teau de Paraza\",\"description\":\"Site web du Ch\u00e2teau de Paraza\",\"potentialAction\":[{\"@type\":\"SearchAction\",\"target\":{\"@type\":\"EntryPoint\",\"urlTemplate\":\"https:\/\/www.chateau-de-paraza.com\/?s={search_term_string}\"},\"query-input\":\"required name=search_term_string\"}],\"inLanguage\":\"en-US\"}]}<\/script>\n<!-- \/ Yoast SEO plugin. -->","yoast_head_json":{"title":"Minervois wine tasting near to the Canal du Midi - Ch\u00e2teau de Paraza","description":"From April to October, the Ch\u00e2teau de Paraza welcomes you to discover your wine region with traditional Minervois wine tasting.","robots":{"index":"index","follow":"follow","max-snippet":"max-snippet:-1","max-image-preview":"max-image-preview:large","max-video-preview":"max-video-preview:-1"},"canonical":"https:\/\/www.chateau-de-paraza.com\/en\/wine-experience-by-the-canal-du-midi\/wine-tasting-minervois-canal-du-midi\/","og_locale":"en_US","og_type":"article","og_title":"Minervois wine tasting near to the Canal du Midi - Ch\u00e2teau de Paraza","og_description":"From April to October, the Ch\u00e2teau de Paraza welcomes you to discover your wine region with traditional Minervois wine tasting.","og_url":"https:\/\/www.chateau-de-paraza.com\/en\/wine-experience-by-the-canal-du-midi\/wine-tasting-minervois-canal-du-midi\/","og_site_name":"Ch\u00e2teau de Paraza","article_publisher":"https:\/\/www.facebook.com\/chateaudeparaza","article_modified_time":"2026-01-26T10:22:38+00:00","og_image":[{"width":464,"height":690,"url":"https:\/\/www.chateau-de-paraza.com\/wp-content\/uploads\/2026\/01\/Capture-decran-2026-01-06-141424.png","type":"image\/png"}],"twitter_card":"summary_large_image","twitter_site":"@ChateauDeParaza","twitter_misc":{"Est. reading time":"4 minutes"},"schema":{"@context":"https:\/\/schema.org","@graph":[{"@type":"WebPage","@id":"https:\/\/www.chateau-de-paraza.com\/en\/wine-experience-by-the-canal-du-midi\/wine-tasting-minervois-canal-du-midi\/","url":"https:\/\/www.chateau-de-paraza.com\/en\/wine-experience-by-the-canal-du-midi\/wine-tasting-minervois-canal-du-midi\/","name":"Minervois wine tasting near to the Canal du Midi - Ch\u00e2teau de Paraza","isPartOf":{"@id":"https:\/\/www.chateau-de-paraza.com\/#website"},"datePublished":"2026-01-26T09:52:18+00:00","dateModified":"2026-01-26T10:22:38+00:00","description":"From April to October, the Ch\u00e2teau de Paraza welcomes you to discover your wine region with traditional Minervois wine tasting.","breadcrumb":{"@id":"https:\/\/www.chateau-de-paraza.com\/en\/wine-experience-by-the-canal-du-midi\/wine-tasting-minervois-canal-du-midi\/#breadcrumb"},"inLanguage":"en-US","potentialAction":[{"@type":"ReadAction","target":["https:\/\/www.chateau-de-paraza.com\/en\/wine-experience-by-the-canal-du-midi\/wine-tasting-minervois-canal-du-midi\/"]}]},{"@type":"BreadcrumbList","@id":"https:\/\/www.chateau-de-paraza.com\/en\/wine-experience-by-the-canal-du-midi\/wine-tasting-minervois-canal-du-midi\/#breadcrumb","itemListElement":[{"@type":"ListItem","position":1,"name":"Accueil","item":"https:\/\/www.chateau-de-paraza.com\/en\/"},{"@type":"ListItem","position":2,"name":"Experience","item":"https:\/\/www.chateau-de-paraza.com\/en\/wine-experience-by-the-canal-du-midi\/"},{"@type":"ListItem","position":3,"name":"Minervois wine tasting near to the Canal du Midi"}]},{"@type":"WebSite","@id":"https:\/\/www.chateau-de-paraza.com\/#website","url":"https:\/\/www.chateau-de-paraza.com\/","name":"Ch\u00e2teau de Paraza","description":"Site web du Ch\u00e2teau de Paraza","potentialAction":[{"@type":"SearchAction","target":{"@type":"EntryPoint","urlTemplate":"https:\/\/www.chateau-de-paraza.com\/?s={search_term_string}"},"query-input":"required name=search_term_string"}],"inLanguage":"en-US"}]}},"_links":{"self":[{"href":"https:\/\/www.chateau-de-paraza.com\/en\/wp-json\/wp\/v2\/pages\/13264"}],"collection":[{"href":"https:\/\/www.chateau-de-paraza.com\/en\/wp-json\/wp\/v2\/pages"}],"about":[{"href":"https:\/\/www.chateau-de-paraza.com\/en\/wp-json\/wp\/v2\/types\/page"}],"author":[{"embeddable":true,"href":"https:\/\/www.chateau-de-paraza.com\/en\/wp-json\/wp\/v2\/users\/1"}],"replies":[{"embeddable":true,"href":"https:\/\/www.chateau-de-paraza.com\/en\/wp-json\/wp\/v2\/comments?post=13264"}],"version-history":[{"count":10,"href":"https:\/\/www.chateau-de-paraza.com\/en\/wp-json\/wp\/v2\/pages\/13264\/revisions"}],"predecessor-version":[{"id":13332,"href":"https:\/\/www.chateau-de-paraza.com\/en\/wp-json\/wp\/v2\/pages\/13264\/revisions\/13332"}],"up":[{"embeddable":true,"href":"https:\/\/www.chateau-de-paraza.com\/en\/wp-json\/wp\/v2\/pages\/4503"}],"wp:featuredmedia":[{"embeddable":true,"href":"https:\/\/www.chateau-de-paraza.com\/en\/wp-json\/wp\/v2\/media\/13095"}],"wp:attachment":[{"href":"https:\/\/www.chateau-de-paraza.com\/en\/wp-json\/wp\/v2\/media?parent=13264"}],"curies":[{"name":"wp","href":"https:\/\/api.w.org\/{rel}","templated":true}]}}