{"id":12893,"date":"2025-11-13T11:52:55","date_gmt":"2025-11-13T10:52:55","guid":{"rendered":"https:\/\/www.chateau-de-paraza.com\/?page_id=12893"},"modified":"2025-11-13T11:56:43","modified_gmt":"2025-11-13T10:56:43","slug":"nos-offres-speciales-de-fin-dannee-bon-de-commande-2025","status":"publish","type":"page","link":"https:\/\/www.chateau-de-paraza.com\/en\/nos-offres-speciales-de-fin-dannee-bon-de-commande-2025\/","title":{"rendered":"Nos Offres Sp\u00e9ciales de Fin d\u2019Ann\u00e9e &#8211; Bon de Commande 2025"},"content":{"rendered":"\n<p class=\"has-text-align-center\">Profitez de nos vins d&#8217;exception et de nos offres sp\u00e9ciales de fin d\u2019ann\u00e9e :<\/p>\n\n\n\n<p class=\"has-text-align-center\">Cette ann\u00e9e c\u00e9l\u00e9brez les f\u00eates avec Le Ch\u00e2teau De Paraza !&nbsp;<\/p>\n\n\n\n<p class=\"has-text-align-center\"><strong>Jusqu&#8217;\u00e0 -25% sur notre s\u00e9lection et la livraison est offerte d\u00e8s 24 bouteilles. <\/strong><\/p>\n\n\n\n<p class=\"has-text-align-center\">Faites plaisir ou faites-vous plaisir !<\/p>\n\n\n\n<div style=\"height:58px\" aria-hidden=\"true\" class=\"wp-block-spacer\"><\/div>\n\n\n\n<p class=\"has-text-align-center has-large-font-size\"><strong>\u00c0 PARTIR DE 24 BOUTEILLES ACHET\u00c9ES =<\/strong><\/p>\n\n\n\n<div style=\"height:25px\" aria-hidden=\"true\" class=\"wp-block-spacer\"><\/div>\n\n\n\n<p class=\"has-text-align-center has-large-font-size\"><strong>LIVRAISON OFFERTE*<\/strong><\/p>\n\n\n\n<p class=\"has-text-align-center\">*Valable uniquement en France m\u00e9tropolitaine<\/p>\n\n\n\n<p class=\"has-text-align-center\"><strong>(Panachage de bouteilles possible)<\/strong><\/p>\n\n\n\n<p class=\"has-text-align-center\">*Valable uniquement en France m\u00e9tropolitaine<\/p>\n\n\n\n<div style=\"height:58px\" aria-hidden=\"true\" class=\"wp-block-spacer\"><\/div>\n\n\n\n<div class=\"wp-block-file\"><object class=\"wp-block-file__embed\" data=\"https:\/\/www.chateau-de-paraza.com\/wp-content\/uploads\/2025\/11\/CATALOGUE-PARAZA-VINS-1.pdf\" type=\"application\/pdf\" style=\"width:100%;height:600px\" aria-label=\"Embed of CATALOGUE-PARAZA-VINS-1.\"><\/object><a id=\"wp-block-file--media-4b55b289-59da-4db3-a8c1-a0cb031f2c56\" href=\"https:\/\/www.chateau-de-paraza.com\/wp-content\/uploads\/2025\/11\/CATALOGUE-PARAZA-VINS-1.pdf\" target=\"_blank\" rel=\"noreferrer noopener\">CATALOGUE-PARAZA-VINS-1<\/a><a href=\"https:\/\/www.chateau-de-paraza.com\/wp-content\/uploads\/2025\/11\/CATALOGUE-PARAZA-VINS-1.pdf\" class=\"wp-block-file__button wp-element-button\" download aria-describedby=\"wp-block-file--media-4b55b289-59da-4db3-a8c1-a0cb031f2c56\">T\u00e9l\u00e9charger<\/a><\/div>\n\n\n\n<div style=\"height:58px\" aria-hidden=\"true\" class=\"wp-block-spacer\"><\/div>\n\n\n\n<h2 class=\"wp-block-heading has-text-align-center has-large-font-size\"><strong>Comment commander :&nbsp;<\/strong><\/h2>\n\n\n\n<h2 class=\"wp-block-heading has-text-align-center has-large-font-size\"><strong>Le Mode D&#8217;Emploi<\/strong><\/h2>\n\n\n\n<h3 class=\"wp-block-heading\"><strong>1. Vous pouvez retourner votre Bon de Commande<\/strong> <strong>rempli <\/strong>:<\/h3>\n\n\n\n<p>&#x1f4e7; Par mail : chateaudeparaza@gmail.com<\/p>\n\n\n\n<p>&#x1f4ec; Par voie postale : Ch\u00e2teau de Paraza, 1 Rue Du Viala, 11200 PARAZA<\/p>\n\n\n\n<p>&#x1f3f0; Directement au caveau : pendant les heures d\u2019ouverture du bureau&nbsp;<\/p>\n\n\n\n<p>9h30h-12h00 14h-17h30<\/p>\n\n\n\n<div style=\"height:31px\" aria-hidden=\"true\" class=\"wp-block-spacer\"><\/div>\n\n\n\n<div class=\"wp-block-file\"><object class=\"wp-block-file__embed\" data=\"https:\/\/www.chateau-de-paraza.com\/wp-content\/uploads\/2025\/11\/bon-de-commande-.pdf\" type=\"application\/pdf\" style=\"width:100%;height:600px\" aria-label=\"Embed of bon-de-commande-.\"><\/object><a id=\"wp-block-file--media-c61edabd-5871-44f9-ade1-275df4201d09\" href=\"https:\/\/www.chateau-de-paraza.com\/wp-content\/uploads\/2025\/11\/bon-de-commande-.pdf\" target=\"_blank\" rel=\"noreferrer noopener\">bon-de-commande-<\/a><a href=\"https:\/\/www.chateau-de-paraza.com\/wp-content\/uploads\/2025\/11\/bon-de-commande-.pdf\" class=\"wp-block-file__button wp-element-button\" download aria-describedby=\"wp-block-file--media-c61edabd-5871-44f9-ade1-275df4201d09\">T\u00e9l\u00e9charger<\/a><\/div>\n\n\n\n<div style=\"height:46px\" aria-hidden=\"true\" class=\"wp-block-spacer\"><\/div>\n\n\n\n<h3 class=\"wp-block-heading\"><strong>2. Moyens de paiement accept\u00e9s :&nbsp;<\/strong><\/h3>\n\n\n\n<p>&#x1f4b6; Ch\u00e8que (\u00e0 envoyer par voie postale ou \u00e0 d\u00e9poser au caveau)<\/p>\n\n\n\n<p>&#x1f4b3; Paiement sur place via TPE au caveau<\/p>\n\n\n\n<p>&#x1f3e6; Virement bancaire : possible via le RIB joint au bon de commande<\/p>\n\n\n\n<p>(Votre commande sera pr\u00e9par\u00e9e d\u00e8s r\u00e9ception du paiement.)<\/p>\n\n\n\n<div style=\"height:31px\" aria-hidden=\"true\" class=\"wp-block-spacer\"><\/div>\n\n\n\n<div class=\"wp-block-file\"><object class=\"wp-block-file__embed\" data=\"https:\/\/www.chateau-de-paraza.com\/wp-content\/uploads\/2025\/11\/SCEA-LES-TERRES-DE-PARAZA_-RIB-BP.pdf\" type=\"application\/pdf\" style=\"width:100%;height:600px\" aria-label=\"Embed of SCEA-LES-TERRES-DE-PARAZA_-RIB-BP.\"><\/object><a id=\"wp-block-file--media-5b61f860-20ec-4334-aad9-6633e15bf3fb\" href=\"https:\/\/www.chateau-de-paraza.com\/wp-content\/uploads\/2025\/11\/SCEA-LES-TERRES-DE-PARAZA_-RIB-BP.pdf\" target=\"_blank\" rel=\"noreferrer noopener\">SCEA-LES-TERRES-DE-PARAZA_-RIB-BP<\/a><a href=\"https:\/\/www.chateau-de-paraza.com\/wp-content\/uploads\/2025\/11\/SCEA-LES-TERRES-DE-PARAZA_-RIB-BP.pdf\" class=\"wp-block-file__button wp-element-button\" download aria-describedby=\"wp-block-file--media-5b61f860-20ec-4334-aad9-6633e15bf3fb\">T\u00e9l\u00e9charger<\/a><\/div>\n\n\n\n<div style=\"height:58px\" aria-hidden=\"true\" class=\"wp-block-spacer\"><\/div>\n\n\n\n<h3 class=\"wp-block-heading\"><strong>3. Livraison et retrait :&nbsp;<\/strong><\/h3>\n\n\n\n<p>&#x1f3f0; Retrait gratuit au caveau du Ch\u00e2teau de Paraza<\/p>\n\n\n\n<p>&#x1f1eb;&#x1f1f7; &nbsp;&nbsp;<strong>Frais de port offerts \u00e0 partir de 24 bouteilles<\/strong> pour toute livraison en France m\u00e9tropolitaine<\/p>\n\n\n\n<p>&#x1f30d; Livraison \u00e0 l\u2019\u00e9tranger : frais de port disponibles dans le document PDF joint<\/p>\n\n\n\n<div class=\"wp-block-file\"><object class=\"wp-block-file__embed\" data=\"https:\/\/www.chateau-de-paraza.com\/wp-content\/uploads\/2025\/11\/FDP.pdf\" type=\"application\/pdf\" style=\"width:100%;height:600px\" aria-label=\"Embed of FDP.\"><\/object><a id=\"wp-block-file--media-5113337b-8011-4b7b-b2a8-49affe86e320\" href=\"https:\/\/www.chateau-de-paraza.com\/wp-content\/uploads\/2025\/11\/FDP.pdf\" target=\"_blank\" rel=\"noreferrer noopener\">FDP<\/a><a href=\"https:\/\/www.chateau-de-paraza.com\/wp-content\/uploads\/2025\/11\/FDP.pdf\" class=\"wp-block-file__button wp-element-button\" download aria-describedby=\"wp-block-file--media-5113337b-8011-4b7b-b2a8-49affe86e320\">T\u00e9l\u00e9charger<\/a><\/div>\n\n\n\n<div style=\"height:58px\" aria-hidden=\"true\" class=\"wp-block-spacer\"><\/div>\n\n\n\n<h3 class=\"wp-block-heading\"><strong>4. Astuce pratique :&nbsp;<\/strong><\/h3>\n\n\n\n<p>Remplir le bon de commande directement sur ordinateur en t\u00e9l\u00e9chargeant le pdf et en ajoutant des zones de textes.<\/p>\n\n\n\n<p>ou&nbsp;<\/p>\n\n\n\n<p>Pour le bon de commande papier, imprimez-le, compl\u00e9tez-le, puis renvoyez-le par mail, courrier ou directement au caveau.<\/p>\n\n\n\n<div style=\"height:58px\" aria-hidden=\"true\" class=\"wp-block-spacer\"><\/div>\n\n\n\n<h3 class=\"wp-block-heading\">&nbsp; &nbsp; &nbsp;<strong>5. Commande et d\u00e9lais :<\/strong><\/h3>\n\n\n\n<p>&#x1f553; Pour recevoir votre vin avant No\u00ebl :<\/p>\n\n\n\n<p>Exp\u00e9dition par transporteur : commande \u00e0 passer avant le 17 d\u00e9cembre 2025<\/p>\n\n\n\n<p>&#x1f9fe;Retrait au caveau : commande \u00e0 passer avant le 19 d\u00e9cembre 2025<\/p>\n\n\n\n<div style=\"height:21px\" aria-hidden=\"true\" class=\"wp-block-spacer\"><\/div>\n\n\n\n<hr class=\"wp-block-separator has-alpha-channel-opacity\"\/>\n\n\n\n<div style=\"height:21px\" aria-hidden=\"true\" class=\"wp-block-spacer\"><\/div>\n\n\n\n<div class=\"wp-block-media-text alignwide is-stacked-on-mobile\"><figure class=\"wp-block-media-text__media\"><img decoding=\"async\" loading=\"lazy\" width=\"400\" height=\"400\" src=\"https:\/\/www.chateau-de-paraza.com\/wp-content\/uploads\/2025\/11\/apero-de-noel-5-dec-2025.jpg\" alt=\"Ap\u00e9ro de Noel au ch\u00e2teau de Paraza, partagez un moment convivial dans la magie du domaine. Offres Sp\u00e9ciales de Fin d\u2019Ann\u00e9e\" class=\"wp-image-12914 size-full\" srcset=\"https:\/\/www.chateau-de-paraza.com\/wp-content\/uploads\/2025\/11\/apero-de-noel-5-dec-2025.jpg 400w, https:\/\/www.chateau-de-paraza.com\/wp-content\/uploads\/2025\/11\/apero-de-noel-5-dec-2025-300x300.jpg 300w, https:\/\/www.chateau-de-paraza.com\/wp-content\/uploads\/2025\/11\/apero-de-noel-5-dec-2025-150x150.jpg 150w, https:\/\/www.chateau-de-paraza.com\/wp-content\/uploads\/2025\/11\/apero-de-noel-5-dec-2025-100x100.jpg 100w\" sizes=\"(max-width: 400px) 100vw, 400px\" \/><\/figure><div class=\"wp-block-media-text__content\">\n<p><strong>Venez partager un moment convivial dans la magie du domaine !<\/strong><br><strong>Au programme : d\u00e9gustation de nos cuv\u00e9es, menu g\u00e9n\u00e9reux et gourmand, musique et bonne humeur.<\/strong><\/p>\n\n\n\n<p>&#x1f4b8; <strong>Entr\u00e9e Gratuite<\/strong><\/p>\n\n\n\n<p><strong>&#x1f4f2;Restez connect\u00e9s sur <\/strong><a href=\"https:\/\/www.instagram.com\/chateaudeparaza\/\" target=\"_blank\" rel=\"noreferrer noopener\"><strong>Instagram<\/strong><\/a><strong> et <\/strong><a href=\"https:\/\/www.facebook.com\/chateaudeparaza\/\" target=\"_blank\" rel=\"noreferrer noopener\"><strong>Facebook<\/strong><\/a><strong> pour avoir le reste des informations sur le Jour J<\/strong><\/p>\n<\/div><\/div>\n","protected":false},"excerpt":{"rendered":"<p>Profitez de nos vins d&#8217;exception et de nos offres sp\u00e9ciales de fin d\u2019ann\u00e9e : Cette ann\u00e9e c\u00e9l\u00e9brez les f\u00eates avec Le Ch\u00e2teau De Paraza !&nbsp; Jusqu&#8217;\u00e0 -25% sur notre s\u00e9lection et la livraison est offerte d\u00e8s 24 bouteilles. Faites plaisir ou faites-vous plaisir ! \u00c0 PARTIR DE 24 BOUTEILLES ACHET\u00c9ES = LIVRAISON OFFERTE* *Valable uniquement&hellip;<\/p>\n","protected":false},"author":2,"featured_media":12914,"parent":0,"menu_order":0,"comment_status":"closed","ping_status":"closed","template":"","meta":[],"yoast_head":"<!-- This site is optimized with the Yoast SEO plugin v21.8.1 - https:\/\/yoast.com\/wordpress\/plugins\/seo\/ -->\n<title>Nos Offres Sp\u00e9ciales de Fin d\u2019Ann\u00e9e - Bon de Commande 2025<\/title>\n<meta name=\"description\" content=\"Profitez de nos offres sp\u00e9ciales de fin d\u2019ann\u00e9e : jusqu&#039;\u00e0 -25% sur notre s\u00e9lection et la livraison offerte*.\" \/>\n<meta name=\"robots\" content=\"index, follow, max-snippet:-1, max-image-preview:large, max-video-preview:-1\" \/>\n<link rel=\"canonical\" href=\"https:\/\/www.chateau-de-paraza.com\/nos-offres-speciales-de-fin-dannee-bon-de-commande-2025\/\" \/>\n<meta property=\"og:locale\" content=\"en_US\" \/>\n<meta property=\"og:type\" content=\"article\" \/>\n<meta property=\"og:title\" content=\"Offres Sp\u00e9ciales de Fin d\u2019Ann\u00e9e\" \/>\n<meta property=\"og:description\" content=\"Profitez de nos offres sp\u00e9ciales de fin d\u2019ann\u00e9e : jusqu&#039;\u00e0 -25% sur notre s\u00e9lection et la livraison offerte*.\" \/>\n<meta property=\"og:url\" content=\"https:\/\/www.chateau-de-paraza.com\/nos-offres-speciales-de-fin-dannee-bon-de-commande-2025\/\" \/>\n<meta property=\"og:site_name\" content=\"Ch\u00e2teau de Paraza\" \/>\n<meta property=\"article:publisher\" content=\"https:\/\/www.facebook.com\/chateaudeparaza\" \/>\n<meta property=\"article:modified_time\" content=\"2025-11-13T10:56:43+00:00\" \/>\n<meta property=\"og:image\" content=\"https:\/\/www.chateau-de-paraza.com\/wp-content\/uploads\/2025\/11\/apero-de-noel-5-dec-2025.jpg\" \/>\n\t<meta property=\"og:image:width\" content=\"400\" \/>\n\t<meta property=\"og:image:height\" content=\"400\" \/>\n\t<meta property=\"og:image:type\" content=\"image\/jpeg\" \/>\n<meta name=\"twitter:card\" content=\"summary_large_image\" \/>\n<meta name=\"twitter:site\" content=\"@ChateauDeParaza\" \/>\n<meta name=\"twitter:label1\" content=\"Est. reading time\" \/>\n\t<meta name=\"twitter:data1\" content=\"3 minutes\" \/>\n<script type=\"application\/ld+json\" class=\"yoast-schema-graph\">{\"@context\":\"https:\/\/schema.org\",\"@graph\":[{\"@type\":\"WebPage\",\"@id\":\"https:\/\/www.chateau-de-paraza.com\/nos-offres-speciales-de-fin-dannee-bon-de-commande-2025\/\",\"url\":\"https:\/\/www.chateau-de-paraza.com\/nos-offres-speciales-de-fin-dannee-bon-de-commande-2025\/\",\"name\":\"Nos Offres Sp\u00e9ciales de Fin d\u2019Ann\u00e9e - Bon de Commande 2025\",\"isPartOf\":{\"@id\":\"https:\/\/www.chateau-de-paraza.com\/#website\"},\"datePublished\":\"2025-11-13T10:52:55+00:00\",\"dateModified\":\"2025-11-13T10:56:43+00:00\",\"description\":\"Profitez de nos offres sp\u00e9ciales de fin d\u2019ann\u00e9e : jusqu'\u00e0 -25% sur notre s\u00e9lection et la livraison offerte*.\",\"breadcrumb\":{\"@id\":\"https:\/\/www.chateau-de-paraza.com\/nos-offres-speciales-de-fin-dannee-bon-de-commande-2025\/#breadcrumb\"},\"inLanguage\":\"en-US\",\"potentialAction\":[{\"@type\":\"ReadAction\",\"target\":[\"https:\/\/www.chateau-de-paraza.com\/nos-offres-speciales-de-fin-dannee-bon-de-commande-2025\/\"]}]},{\"@type\":\"BreadcrumbList\",\"@id\":\"https:\/\/www.chateau-de-paraza.com\/nos-offres-speciales-de-fin-dannee-bon-de-commande-2025\/#breadcrumb\",\"itemListElement\":[{\"@type\":\"ListItem\",\"position\":1,\"name\":\"Accueil\",\"item\":\"https:\/\/www.chateau-de-paraza.com\/en\/\"},{\"@type\":\"ListItem\",\"position\":2,\"name\":\"Nos Offres Sp\u00e9ciales de Fin d\u2019Ann\u00e9e &#8211; Bon de Commande 2025\"}]},{\"@type\":\"WebSite\",\"@id\":\"https:\/\/www.chateau-de-paraza.com\/#website\",\"url\":\"https:\/\/www.chateau-de-paraza.com\/\",\"name\":\"Ch\u00e2teau de Paraza\",\"description\":\"Site web du Ch\u00e2teau de Paraza\",\"potentialAction\":[{\"@type\":\"SearchAction\",\"target\":{\"@type\":\"EntryPoint\",\"urlTemplate\":\"https:\/\/www.chateau-de-paraza.com\/?s={search_term_string}\"},\"query-input\":\"required name=search_term_string\"}],\"inLanguage\":\"en-US\"}]}<\/script>\n<!-- \/ Yoast SEO plugin. -->","yoast_head_json":{"title":"Nos Offres Sp\u00e9ciales de Fin d\u2019Ann\u00e9e - Bon de Commande 2025","description":"Profitez de nos offres sp\u00e9ciales de fin d\u2019ann\u00e9e : jusqu'\u00e0 -25% sur notre s\u00e9lection et la livraison offerte*.","robots":{"index":"index","follow":"follow","max-snippet":"max-snippet:-1","max-image-preview":"max-image-preview:large","max-video-preview":"max-video-preview:-1"},"canonical":"https:\/\/www.chateau-de-paraza.com\/nos-offres-speciales-de-fin-dannee-bon-de-commande-2025\/","og_locale":"en_US","og_type":"article","og_title":"Offres Sp\u00e9ciales de Fin d\u2019Ann\u00e9e","og_description":"Profitez de nos offres sp\u00e9ciales de fin d\u2019ann\u00e9e : jusqu'\u00e0 -25% sur notre s\u00e9lection et la livraison offerte*.","og_url":"https:\/\/www.chateau-de-paraza.com\/nos-offres-speciales-de-fin-dannee-bon-de-commande-2025\/","og_site_name":"Ch\u00e2teau de Paraza","article_publisher":"https:\/\/www.facebook.com\/chateaudeparaza","article_modified_time":"2025-11-13T10:56:43+00:00","og_image":[{"width":400,"height":400,"url":"https:\/\/www.chateau-de-paraza.com\/wp-content\/uploads\/2025\/11\/apero-de-noel-5-dec-2025.jpg","type":"image\/jpeg"}],"twitter_card":"summary_large_image","twitter_site":"@ChateauDeParaza","twitter_misc":{"Est. reading time":"3 minutes"},"schema":{"@context":"https:\/\/schema.org","@graph":[{"@type":"WebPage","@id":"https:\/\/www.chateau-de-paraza.com\/nos-offres-speciales-de-fin-dannee-bon-de-commande-2025\/","url":"https:\/\/www.chateau-de-paraza.com\/nos-offres-speciales-de-fin-dannee-bon-de-commande-2025\/","name":"Nos Offres Sp\u00e9ciales de Fin d\u2019Ann\u00e9e - Bon de Commande 2025","isPartOf":{"@id":"https:\/\/www.chateau-de-paraza.com\/#website"},"datePublished":"2025-11-13T10:52:55+00:00","dateModified":"2025-11-13T10:56:43+00:00","description":"Profitez de nos offres sp\u00e9ciales de fin d\u2019ann\u00e9e : jusqu'\u00e0 -25% sur notre s\u00e9lection et la livraison offerte*.","breadcrumb":{"@id":"https:\/\/www.chateau-de-paraza.com\/nos-offres-speciales-de-fin-dannee-bon-de-commande-2025\/#breadcrumb"},"inLanguage":"en-US","potentialAction":[{"@type":"ReadAction","target":["https:\/\/www.chateau-de-paraza.com\/nos-offres-speciales-de-fin-dannee-bon-de-commande-2025\/"]}]},{"@type":"BreadcrumbList","@id":"https:\/\/www.chateau-de-paraza.com\/nos-offres-speciales-de-fin-dannee-bon-de-commande-2025\/#breadcrumb","itemListElement":[{"@type":"ListItem","position":1,"name":"Accueil","item":"https:\/\/www.chateau-de-paraza.com\/en\/"},{"@type":"ListItem","position":2,"name":"Nos Offres Sp\u00e9ciales de Fin d\u2019Ann\u00e9e &#8211; Bon de Commande 2025"}]},{"@type":"WebSite","@id":"https:\/\/www.chateau-de-paraza.com\/#website","url":"https:\/\/www.chateau-de-paraza.com\/","name":"Ch\u00e2teau de Paraza","description":"Site web du Ch\u00e2teau de Paraza","potentialAction":[{"@type":"SearchAction","target":{"@type":"EntryPoint","urlTemplate":"https:\/\/www.chateau-de-paraza.com\/?s={search_term_string}"},"query-input":"required name=search_term_string"}],"inLanguage":"en-US"}]}},"_links":{"self":[{"href":"https:\/\/www.chateau-de-paraza.com\/en\/wp-json\/wp\/v2\/pages\/12893"}],"collection":[{"href":"https:\/\/www.chateau-de-paraza.com\/en\/wp-json\/wp\/v2\/pages"}],"about":[{"href":"https:\/\/www.chateau-de-paraza.com\/en\/wp-json\/wp\/v2\/types\/page"}],"author":[{"embeddable":true,"href":"https:\/\/www.chateau-de-paraza.com\/en\/wp-json\/wp\/v2\/users\/2"}],"replies":[{"embeddable":true,"href":"https:\/\/www.chateau-de-paraza.com\/en\/wp-json\/wp\/v2\/comments?post=12893"}],"version-history":[{"count":6,"href":"https:\/\/www.chateau-de-paraza.com\/en\/wp-json\/wp\/v2\/pages\/12893\/revisions"}],"predecessor-version":[{"id":12927,"href":"https:\/\/www.chateau-de-paraza.com\/en\/wp-json\/wp\/v2\/pages\/12893\/revisions\/12927"}],"wp:featuredmedia":[{"embeddable":true,"href":"https:\/\/www.chateau-de-paraza.com\/en\/wp-json\/wp\/v2\/media\/12914"}],"wp:attachment":[{"href":"https:\/\/www.chateau-de-paraza.com\/en\/wp-json\/wp\/v2\/media?parent=12893"}],"curies":[{"name":"wp","href":"https:\/\/api.w.org\/{rel}","templated":true}]}}