{"id":1283,"date":"2015-05-27T13:18:22","date_gmt":"2015-05-27T12:18:22","guid":{"rendered":"http:\/\/chateau-de-paraza.com\/en\/?page_id=1283"},"modified":"2025-07-17T12:15:39","modified_gmt":"2025-07-17T11:15:39","slug":"news","status":"publish","type":"page","link":"https:\/\/www.chateau-de-paraza.com\/en\/news\/","title":{"rendered":"News"},"content":{"rendered":"<div class=\"wpb-content-wrapper\"><p>[vc_row][vc_column][vc_single_image image=&#8221;10281&#8243; alignment=&#8221;center&#8221;][vc_empty_space][vc_column_text]<\/p>\n<h3>This summer, l&#8217;Ap\u00e9ro retour de plage Friday 15 Ao\u00fbt 2025! &#x1f377;&#x1f60b; &#x1f389;<\/h3>\n<p>The Ap\u00e9ro retour de plage, what is it?<\/p>\n<p>A tradition since 2019 at Ch\u00e2teau de Paraza, the ap\u00e9ros retour de plage are an opportunity to gather for aperitifs, around a glass of wine and appetizer, with our excellent DJ, all in the castle gardens!<\/p>\n<p>&#x1f555; From 6:00 pm: APERITIF &#x1f377; Enjoy good wine, food trucks, sunshine, and great music!<\/p>\n<div class=\"group\/conversation-turn relative flex w-full min-w-0 flex-col agent-turn\">\n<div class=\"flex-col gap-1 md:gap-3\">\n<div class=\"flex flex-grow flex-col max-w-full\">\n<div class=\"min-h-[20px] text-message flex flex-col items-start whitespace-pre-wrap break-words [.text-message+&amp;]:mt-5 juice:w-full juice:items-end overflow-x-auto gap-2\" dir=\"auto\" data-message-author-role=\"assistant\" data-message-id=\"c7e932a0-e68f-42fa-be8e-154c40ff7d6d\">\n<div class=\"flex w-full flex-col gap-1 juice:empty:hidden juice:first:pt-[3px]\">\n<div class=\"markdown prose w-full break-words dark:prose-invert light\">\n<p>How to participate? It&#8217;s easy:<\/p>\n<p>&#x1f4dd; Book your tickets here : <a href=\"https:\/\/www.billetweb.fr\/apero-retour-de-plage-n-2\">https:\/\/www.billetweb.fr\/apero-retour-de-plage-n-2<\/a><\/p>\n<p><strong>This ticket includes one complimentary drink of your choice and a branded glass to take home as a souvenir.<\/strong><\/p>\n<\/div>\n<\/div>\n<\/div>\n<\/div>\n<\/div>\n<\/div>\n<p>[\/vc_column_text][vc_empty_space height=&#8221;60&#8243;][vc_empty_space][\/vc_column][\/vc_row][vc_row][vc_column][vc_empty_space][vc_masonry_grid post_type=&#8221;post&#8221; max_items=&#8221;-1&#8243; element_width=&#8221;6&#8243; grid_id=&#8221;vc_gid:1752750812873-2368adc1-8062-0&#8243; taxonomies=&#8221;1&#8243;][vc_empty_space height=&#8221;60&#8243;][\/vc_column][\/vc_row][vc_row][vc_column][vc_empty_space][vc_column_text]<\/p>\n<h2>Events of the past season<\/h2>\n<p>[\/vc_column_text][vc_empty_space][\/vc_column][\/vc_row][vc_row][vc_column width=&#8221;1\/4&#8243;][vc_empty_space height=&#8221;60px&#8221;][vc_single_image image=&#8221;5617&#8243;][\/vc_column][vc_column width=&#8221;3\/4&#8243;][vc_column_text]<\/p>\n<h3>Introduction to Wine-Tasting with Our Winemaker!<\/h3>\n<p>Date: Saturday, July 27<\/p>\n<p>Join us for an intimate wine-tasting experience with our winemaker<\/p>\n<p>&#8211; Explain the identity of a wine<br \/>\n&#8211; Detail of our Minervois appellation<\/p>\n<p>&#x1f60a; A friendly and relaxed atmosphere awaits you, perfect for memorable moments with friends and family.[\/vc_column_text][vc_empty_space][vc_empty_space][\/vc_column][\/vc_row][vc_row][vc_column width=&#8221;1\/4&#8243;][vc_empty_space height=&#8221;60px&#8221;][vc_single_image image=&#8221;9319&#8243;][\/vc_column][vc_column width=&#8221;3\/4&#8243;][vc_column_text]<\/p>\n<h3>THE CAF\u00c9 DU PORT IS OPEN<\/h3>\n<p>[\/vc_column_text][vc_column_text]<\/p>\n<h3>As every summer, it&#8217;s time to rediscover the Caf\u00e9 du Port! &#x1f377;&#x1f60b; &#x1f389;<\/h3>\n<div class=\"group\/conversation-turn relative flex w-full min-w-0 flex-col agent-turn\">\n<div class=\"flex-col gap-1 md:gap-3\">\n<div class=\"flex flex-grow flex-col max-w-full\">\n<div class=\"min-h-[20px] text-message flex flex-col items-start whitespace-pre-wrap break-words [.text-message+&amp;]:mt-5 juice:w-full juice:items-end overflow-x-auto gap-2\" dir=\"auto\" data-message-author-role=\"assistant\" data-message-id=\"f77b0560-bffd-4351-8c92-932d9ba79382\">\n<div class=\"flex w-full flex-col gap-1 juice:empty:hidden juice:first:pt-[3px]\">\n<div class=\"markdown prose w-full break-words dark:prose-invert light\">\n<p>Reopened from 6pm, <strong>June 6<\/strong>.<\/p>\n<p>&#x1f31e; Join us at the Caf\u00e9 du Port on Thursday, June 6! We&#8217;ve prepared a perfect summer season by the Canal du Midi for you.<\/p>\n<p>&#x1f377; Discover the finest local wines and taste our delicious tapas, carefully prepared by our chef!<\/p>\n<p>&#x1f60a; A friendly and relaxed atmosphere awaits you, perfect for memorable moments with friends and family.<\/p>\n<p>&nbsp;<\/p>\n<p>&nbsp;<\/p>\n<\/div>\n<\/div>\n<\/div>\n<\/div>\n<\/div>\n<\/div>\n<p>[\/vc_column_text][vc_empty_space][\/vc_column][\/vc_row][vc_row][vc_column width=&#8221;1\/4&#8243;][vc_empty_space height=&#8221;60px&#8221;][vc_single_image image=&#8221;7903&#8243; img_size=&#8221;large&#8221; alignment=&#8221;center&#8221;][\/vc_column][vc_column width=&#8221;3\/4&#8243;][vc_empty_space][vc_column_text]<\/p>\n<h3>SATURDAY APRIL 23rd AT 5PM &#8211; FAYA FEST<\/h3>\n<p>[\/vc_column_text][vc_empty_space][vc_column_text]On <strong>Saturday the 23rd of April at 5 PM<\/strong>, the Ch\u00e2teau de Paraza welcomes the Faya Fest and proposes you an exceptional experience mixing tradition, in the heart of our wine cellar from the 18th century, and modernity with young artists, part of the electro and techno new generation who will make you move all the night.<\/p>\n<p>With a line-up made of local artists, the crew from Narbonne comes to this place full of history and brings you into its musical world for the evening.<\/p>\n<p><strong>Let\u00a0<a href=\"https:\/\/www.instagram.com\/_u\/martinlavabre?fbclid=IwAR0StqfgVjcd15DOKlrEcl7Cht7FOG3zFiU2DqNCFzr4IW2PLzSspG5jPmI\">martinlavabre<\/a>, <a href=\"https:\/\/www.instagram.com\/_u\/enzo_m.music?fbclid=IwAR20CuGYpXItXs39hKyk68QA8w65cjxVDLq8MalLWXZqqQh0VuTRDfGz3AQ\">enzo_m.music<\/a>, <a href=\"https:\/\/www.instagram.com\/_u\/theo_swagten?fbclid=IwAR1nE8_poj9iUfu3C6s1uJw-ZIEBr3uN2iHO2PrM5KSh2u7w_qtQ_77Xauk\">theo_swagten<\/a>, <a href=\"https:\/\/www.instagram.com\/miguel_arospo\/\">miguel_arospo<\/a>, <a href=\"https:\/\/www.instagram.com\/_u\/alexis.oules?fbclid=IwAR0QfqGNwoyxuL7p9zghgc8Bhw-eXabs9QeoUJIHL9kbA6exOLguSKOqlXE\">alexis.oules<\/a>, <a href=\"https:\/\/www.instagram.com\/_u\/ben_candel?fbclid=IwAR1-PpEkkC82Dt6NhhzUw6OcorY8jpAXgBxpXveYNumAiZijG4B8qca91oI\">ben_candel<\/a>\u00a0and\u00a0<a href=\"https:\/\/www.instagram.com\/ociomusic\/\">ociomusic <\/a><\/strong><strong>take you for a night travel<\/strong><\/p>\n<h5><strong><div class=\"gap\" style=\"line-height: 10px; height: 10px;\"><\/div>[PAYING EVENT]\u00a0<\/strong><\/h5>\n<p>[\/vc_column_text][vc_row_inner][vc_column_inner][vc_empty_space][\/vc_column_inner][vc_column_inner width=&#8221;1\/2&#8243;][vc_btn title=&#8221;Book your ticket&#8221; size=&#8221;xs&#8221; align=&#8221;center&#8221; link=&#8221;url:https%3A%2F%2Fwww.cityvent.com%2Fevents%2Fsnw5zbrm%2F%3Ffbclid%3DIwAR2sEJDjdrmOxKStvLO8qd3dGKmxi9MkPXWXeLSKoeV6mnQ1jhbY0YhbKjw|target:_blank&#8221;][\/vc_column_inner][vc_column_inner width=&#8221;1\/2&#8243;][vc_btn title=&#8221;Follow the event&#8221; size=&#8221;xs&#8221; align=&#8221;center&#8221; link=&#8221;url:https%3A%2F%2Fwww.facebook.com%2Ffayafest|target:_blank&#8221;][\/vc_column_inner][\/vc_row_inner][vc_empty_space][\/vc_column][\/vc_row][vc_row][vc_column width=&#8221;1\/4&#8243;][vc_empty_space height=&#8221;40px&#8221;][vc_single_image image=&#8221;5820&#8243; img_size=&#8221;large&#8221; alignment=&#8221;center&#8221; onclick=&#8221;custom_link&#8221; img_link_target=&#8221;_blank&#8221; link=&#8221;https:\/\/www.chateau-de-paraza.com\/evenements\/experience-de-notes-en-accords\/&#8221;][\/vc_column][vc_column width=&#8221;3\/4&#8243;][vc_empty_space][vc_column_text]<\/p>\n<h3>SUNDAY JUNE 19th AT 5.30PM &#8211; MAGALI MOSNIER AND ROMAIN DESCHARMES<\/h3>\n<p>[\/vc_column_text][vc_empty_space][vc_column_text]It has been becoming a tradition now and this year again, the Ch\u00e2teau de Paraza welcomes the festival <a href=\"https:\/\/www.narbonne-classic-festival.fr\">Ma Vigne en Musique<\/a>. On <strong>Sunday the 19th of June at 5.30pm<\/strong>, after <strong>Angelina Natal<\/strong>&#8216;s concert, we welcome <strong>Magali Mosnier<\/strong> and <strong>Romain Descharmes<\/strong> to continue the musical journey.<\/p>\n<p><strong>Magali Mosnier<\/strong> is a flute player and won the Jean-Pierre Rampal International Contest in Paris in 2001 and the Audience First Prize at the prestigious International Contest of the ARD in Munich in 2004. During the following years, she will play around the world alone, in duo, trio or quartet. Today, she is one of the most famous French artists.<\/p>\n<p><strong>Romain Descharmes<\/strong>\u00a0is pianist and won the First Prize at the Dublin International Contest in 2006. He played on many famous stages in France and abroad. He also gives piano lessons at the Paris Conservatory.<\/p>\n<h5><strong><div class=\"gap\" style=\"line-height: 10px; height: 10px;\"><\/div>[PAYING EVENT]<\/strong><\/h5>\n<p>[\/vc_column_text][vc_row_inner][vc_column_inner][vc_empty_space][\/vc_column_inner][vc_column_inner width=&#8221;1\/2&#8243;][vc_btn title=&#8221;Book your ticket&#8221; size=&#8221;xs&#8221; align=&#8221;center&#8221; link=&#8221;url:https%3A%2F%2Fwww.narbonne-classic-festival.fr%2Fproduit%2Fticket-generation-spedidam%2F|target:_blank&#8221;][\/vc_column_inner][vc_column_inner width=&#8221;1\/2&#8243;][vc_btn title=&#8221;Follow the event&#8221; size=&#8221;xs&#8221; align=&#8221;center&#8221; link=&#8221;url:https%3A%2F%2Fwww.facebook.com%2Fmavigneenmusique%2F|target:_blank&#8221;][\/vc_column_inner][\/vc_row_inner][vc_empty_space][\/vc_column][\/vc_row][vc_row][vc_column width=&#8221;1\/4&#8243;][vc_empty_space height=&#8221;40px&#8221;][vc_single_image image=&#8221;5580&#8243; img_size=&#8221;large&#8221; alignment=&#8221;center&#8221; onclick=&#8221;custom_link&#8221; img_link_target=&#8221;_blank&#8221; link=&#8221;https:\/\/www.chateau-de-paraza.com\/evenements\/experience-de-notes-en-accords\/&#8221;][\/vc_column][vc_column width=&#8221;3\/4&#8243;][vc_empty_space][vc_column_text]<\/p>\n<h3>WEDNESDAY JULY 13th AT 6PM &#8211; APERO BACK FROM THE BEACHES<\/h3>\n<p>[\/vc_column_text][vc_empty_space][vc_column_text]The good weather days are back and what is better than enjoying it in the Ch\u00e2teau de Paraza gardens with music and friends? As every year, come to the ch\u00e2teau on Wednesday the 13th of July from 6pm to enjoy a beautiful day with family and friends between our garden and cellar.<\/p>\n<p>You will find food and drinks, sun (we hope), all you need to be happy.<\/p>\n<p>The event is free but booking is mandatory (+33 7 78 19 16 41)<\/p>\n<p>Feel free to contact us if you have a question ![\/vc_column_text][vc_empty_space][\/vc_column][\/vc_row][vc_row][vc_column width=&#8221;1\/4&#8243;][vc_empty_space height=&#8221;40px&#8221;][vc_single_image image=&#8221;5580&#8243; img_size=&#8221;large&#8221; alignment=&#8221;center&#8221; onclick=&#8221;custom_link&#8221; img_link_target=&#8221;_blank&#8221; link=&#8221;https:\/\/www.chateau-de-paraza.com\/evenements\/experience-de-notes-en-accords\/&#8221;][\/vc_column][vc_column width=&#8221;3\/4&#8243;][vc_empty_space][vc_column_text]<\/p>\n<h3>SATURDAY AUGUST 13th AT 6PM &#8211; APERO BACK FROM THE BEACHES<\/h3>\n<p>[\/vc_column_text][vc_empty_space][vc_column_text]The good weather days are back and what is better than enjoying it in the Ch\u00e2teau de Paraza gardens with music and friends? As every year, come to the ch\u00e2teau on <strong>Saturday the 13th of August from 6pm<\/strong> to enjoy a beautiful day with family and friends between our garden and cellar.<\/p>\n<p>You will find food and drinks, sun (we hope), all you need to be happy.<\/p>\n<p>The event is free but booking is mandatory (+33 7 78 19 16 41)<\/p>\n<p>Feel free to contact us if you have a question ![\/vc_column_text][vc_empty_space][\/vc_column][\/vc_row][vc_row][vc_column width=&#8221;1\/4&#8243;][vc_empty_space height=&#8221;40px&#8221;][vc_single_image image=&#8221;5820&#8243; img_size=&#8221;large&#8221; alignment=&#8221;center&#8221; onclick=&#8221;custom_link&#8221; img_link_target=&#8221;_blank&#8221; link=&#8221;https:\/\/www.chateau-de-paraza.com\/evenements\/experience-de-notes-en-accords\/&#8221;][\/vc_column][vc_column width=&#8221;3\/4&#8243;][vc_empty_space][vc_column_text]<\/p>\n<h3>SUNDAY SEPTEMBER 25th AT 4.30PM &#8211; FRAN\u00c7OIS-FR\u00c9D\u00c9RIC GUY<\/h3>\n<p>[\/vc_column_text][vc_empty_space][vc_column_text]It has been becoming a tradition now and this year again, the Ch\u00e2teau de Paraza welcomes the festival <a href=\"https:\/\/www.narbonne-classic-festival.fr\">Ma Vigne en Musique<\/a>. Let you carry by the French pianist <strong>Fran\u00e7ois-Fr\u00e9d\u00e9ric Guy\u00a0<\/strong>who will play, on <strong>Sunday the 25th of September at 4.30pm<\/strong>, Chopin, Debussy and Beethoven.<\/p>\n<p><strong>Fran\u00e7ois-Fr\u00e9d\u00e9ric Guy<\/strong> is a pianist worldwide famous. He played at the head of the Philharmonia Orchestra of Hong-Kong, the Opera Orchestra of Limoges, the Sinfonia Orchestra and the Chamber Orchestra of Paris at the Theater of Champs-Elys\u00e9es.<\/p>\n<h5><strong><div class=\"gap\" style=\"line-height: 10px; height: 10px;\"><\/div>[PAYING EVENT]<\/strong><\/h5>\n<p>[\/vc_column_text][vc_row_inner][vc_column_inner][vc_empty_space][\/vc_column_inner][vc_column_inner width=&#8221;1\/2&#8243;][vc_btn title=&#8221;Book your ticket&#8221; size=&#8221;xs&#8221; align=&#8221;center&#8221; link=&#8221;url:https%3A%2F%2Fwww.narbonne-classic-festival.fr%2Fproduit%2Frecital-prestige%2F|target:_blank&#8221;][\/vc_column_inner][vc_column_inner width=&#8221;1\/2&#8243;][vc_btn title=&#8221;Follow the event&#8221; size=&#8221;xs&#8221; align=&#8221;center&#8221; link=&#8221;url:https%3A%2F%2Fwww.facebook.com%2Fmavigneenmusique%2F|target:_blank&#8221;][\/vc_column_inner][\/vc_row_inner][vc_empty_space][\/vc_column][\/vc_row][vc_row][vc_column width=&#8221;1\/4&#8243;][vc_empty_space height=&#8221;40px&#8221;][vc_single_image image=&#8221;5820&#8243; img_size=&#8221;large&#8221; alignment=&#8221;center&#8221; onclick=&#8221;custom_link&#8221; img_link_target=&#8221;_blank&#8221; link=&#8221;https:\/\/www.chateau-de-paraza.com\/evenements\/experience-de-notes-en-accords\/&#8221;][\/vc_column][vc_column width=&#8221;3\/4&#8243;][vc_empty_space][vc_column_text]<\/p>\n<h3>SUNDAY OCTOBER 16th AT 4.30PM &#8211; ELLIPSOS QUARTET AND FR\u00c9D\u00c9RIC LOD\u00c9ON<\/h3>\n<p>[\/vc_column_text][vc_empty_space][vc_column_text]It has been becoming a tradition now and this year again, the Ch\u00e2teau de Paraza welcomes the festival <a href=\"https:\/\/www.narbonne-classic-festival.fr\">Ma Vigne en Musique<\/a>. <strong>The<\/strong> <strong>Ellipsos quartet<\/strong> will carry you through its generosity and its flamboyance, followed by <strong>Fr\u00e9d\u00e9ric Lod\u00e9on<\/strong>, famous cellist on <strong>Sunday the 16th of October at 4.30pm<\/strong>.<\/p>\n<p><strong>The Ellipsos quartet\u00a0<\/strong>is a saxophonist quartet, composed of Paul-Fathi Lacombe, Julien Br\u00e9chet, Sylvain Jarry et Nicolas Herrou\u00ebt. Created in Nantes, the four artists learnt from Paul Meyer and Eric Le Sage at the Paris Conservatory. They play both classic and modern music.<\/p>\n<p><strong>Fr\u00e9d\u00e9ric Lod\u00e9on\u00a0<\/strong>started as a cellist when he was young in the Pas-de-Calais in 1960. A few years later, we won the First cellist Price at the National Superior Conservatory of\u00a0Music and Dance of Paris. The beginning of many years for the French artist. In the 1990&#8217;s, he started to pay attention to the media and has been managing many shows from then to now.<\/p>\n<h5><strong><div class=\"gap\" style=\"line-height: 10px; height: 10px;\"><\/div>[PAYING EVENT]<\/strong><\/h5>\n<p>[\/vc_column_text][vc_row_inner][vc_column_inner][vc_empty_space][\/vc_column_inner][vc_column_inner][vc_btn title=&#8221;Follow the event&#8221; size=&#8221;xs&#8221; align=&#8221;center&#8221; link=&#8221;url:https%3A%2F%2Fwww.facebook.com%2Fphoto%2F%3Ffbid%3D669182874522955%26set%3Dpcb.669182897856286|target:_blank&#8221;][\/vc_column_inner][\/vc_row_inner][vc_empty_space][\/vc_column][\/vc_row][vc_row][vc_column][vc_empty_space][vc_column_text]Chateau de Paraza actualities, wine and winemaker world, the Languedoc region, grappe picking, the rewards, bed and breakfast &#8230; \u00a0all the thing we are passionate about and that is interesting you.[\/vc_column_text][vc_empty_space][vc_column_text]<\/p>\n<h3>All about the Ch\u00e2teau de Paraza actualities<\/h3>\n<p>[\/vc_column_text][vc_empty_space][\/vc_column][vc_column][\/vc_column][vc_column][vc_empty_space][\/vc_column][\/vc_row][vc_row][vc_column]<div class=\"hr-thick\" style=\"width: 75%;border-color: #f4f4f4;\"><\/div>[vc_empty_space][vc_column_text]<\/p>\n<p style=\"text-align: center;\">You would like to know more about a specific topic concerning wine, the appellations, the tasting ?<\/p>\n<p style=\"text-align: center;\">Contact us and we will try to publish an article on it soon !<\/p>\n<p>[\/vc_column_text][\/vc_column][\/vc_row]<\/p>\n<\/div>","protected":false},"excerpt":{"rendered":"<p>[vc_row][vc_column][vc_single_image image=&#8221;10281&#8243; alignment=&#8221;center&#8221;][vc_empty_space][vc_column_text] This summer, l&#8217;Ap\u00e9ro retour de plage Friday 15 Ao\u00fbt 2025! &#x1f377;&#x1f60b; &#x1f389; The Ap\u00e9ro retour de plage, what is it? A tradition since 2019 at Ch\u00e2teau de Paraza, the ap\u00e9ros retour de plage are an opportunity to gather for aperitifs, around a glass of wine and appetizer, with our excellent DJ, all&hellip;<\/p>\n","protected":false},"author":1,"featured_media":0,"parent":0,"menu_order":0,"comment_status":"closed","ping_status":"closed","template":"","meta":[],"yoast_head":"<!-- This site is optimized with the Yoast SEO plugin v21.8.1 - https:\/\/yoast.com\/wordpress\/plugins\/seo\/ -->\n<title>News at Ch\u00e2teau de Paraza<\/title>\n<meta name=\"description\" content=\"Find the news of the chateau de Paraza, the world of the wine and the wine makers, Languedoc, the harvest, the guest rooms at the ch\u00e2teau.\" \/>\n<meta name=\"robots\" content=\"index, follow, max-snippet:-1, max-image-preview:large, max-video-preview:-1\" \/>\n<link rel=\"canonical\" href=\"https:\/\/www.chateau-de-paraza.com\/en\/news\/\" \/>\n<meta property=\"og:locale\" content=\"en_US\" \/>\n<meta property=\"og:type\" content=\"article\" \/>\n<meta property=\"og:title\" content=\"News at Ch\u00e2teau de Paraza\" \/>\n<meta property=\"og:description\" content=\"Find the news of the chateau de Paraza, the world of the wine and the wine makers, Languedoc, the harvest, the guest rooms at the ch\u00e2teau.\" \/>\n<meta property=\"og:url\" content=\"https:\/\/www.chateau-de-paraza.com\/en\/news\/\" \/>\n<meta property=\"og:site_name\" content=\"Ch\u00e2teau de Paraza\" \/>\n<meta property=\"article:publisher\" content=\"https:\/\/www.facebook.com\/chateaudeparaza\" \/>\n<meta property=\"article:modified_time\" content=\"2025-07-17T11:15:39+00:00\" \/>\n<meta name=\"twitter:card\" content=\"summary_large_image\" \/>\n<meta name=\"twitter:site\" content=\"@ChateauDeParaza\" \/>\n<meta name=\"twitter:label1\" content=\"Est. reading time\" \/>\n\t<meta name=\"twitter:data1\" content=\"6 minutes\" \/>\n<script type=\"application\/ld+json\" class=\"yoast-schema-graph\">{\"@context\":\"https:\/\/schema.org\",\"@graph\":[{\"@type\":\"WebPage\",\"@id\":\"https:\/\/www.chateau-de-paraza.com\/en\/news\/\",\"url\":\"https:\/\/www.chateau-de-paraza.com\/en\/news\/\",\"name\":\"News at Ch\u00e2teau de Paraza\",\"isPartOf\":{\"@id\":\"https:\/\/www.chateau-de-paraza.com\/#website\"},\"datePublished\":\"2015-05-27T12:18:22+00:00\",\"dateModified\":\"2025-07-17T11:15:39+00:00\",\"description\":\"Find the news of the chateau de Paraza, the world of the wine and the wine makers, Languedoc, the harvest, the guest rooms at the ch\u00e2teau.\",\"breadcrumb\":{\"@id\":\"https:\/\/www.chateau-de-paraza.com\/en\/news\/#breadcrumb\"},\"inLanguage\":\"en-US\",\"potentialAction\":[{\"@type\":\"ReadAction\",\"target\":[\"https:\/\/www.chateau-de-paraza.com\/en\/news\/\"]}]},{\"@type\":\"BreadcrumbList\",\"@id\":\"https:\/\/www.chateau-de-paraza.com\/en\/news\/#breadcrumb\",\"itemListElement\":[{\"@type\":\"ListItem\",\"position\":1,\"name\":\"Accueil\",\"item\":\"https:\/\/www.chateau-de-paraza.com\/en\/\"},{\"@type\":\"ListItem\",\"position\":2,\"name\":\"News\"}]},{\"@type\":\"WebSite\",\"@id\":\"https:\/\/www.chateau-de-paraza.com\/#website\",\"url\":\"https:\/\/www.chateau-de-paraza.com\/\",\"name\":\"Ch\u00e2teau de Paraza\",\"description\":\"Site web du Ch\u00e2teau de Paraza\",\"potentialAction\":[{\"@type\":\"SearchAction\",\"target\":{\"@type\":\"EntryPoint\",\"urlTemplate\":\"https:\/\/www.chateau-de-paraza.com\/?s={search_term_string}\"},\"query-input\":\"required name=search_term_string\"}],\"inLanguage\":\"en-US\"}]}<\/script>\n<!-- \/ Yoast SEO plugin. -->","yoast_head_json":{"title":"News at Ch\u00e2teau de Paraza","description":"Find the news of the chateau de Paraza, the world of the wine and the wine makers, Languedoc, the harvest, the guest rooms at the ch\u00e2teau.","robots":{"index":"index","follow":"follow","max-snippet":"max-snippet:-1","max-image-preview":"max-image-preview:large","max-video-preview":"max-video-preview:-1"},"canonical":"https:\/\/www.chateau-de-paraza.com\/en\/news\/","og_locale":"en_US","og_type":"article","og_title":"News at Ch\u00e2teau de Paraza","og_description":"Find the news of the chateau de Paraza, the world of the wine and the wine makers, Languedoc, the harvest, the guest rooms at the ch\u00e2teau.","og_url":"https:\/\/www.chateau-de-paraza.com\/en\/news\/","og_site_name":"Ch\u00e2teau de Paraza","article_publisher":"https:\/\/www.facebook.com\/chateaudeparaza","article_modified_time":"2025-07-17T11:15:39+00:00","twitter_card":"summary_large_image","twitter_site":"@ChateauDeParaza","twitter_misc":{"Est. reading time":"6 minutes"},"schema":{"@context":"https:\/\/schema.org","@graph":[{"@type":"WebPage","@id":"https:\/\/www.chateau-de-paraza.com\/en\/news\/","url":"https:\/\/www.chateau-de-paraza.com\/en\/news\/","name":"News at Ch\u00e2teau de Paraza","isPartOf":{"@id":"https:\/\/www.chateau-de-paraza.com\/#website"},"datePublished":"2015-05-27T12:18:22+00:00","dateModified":"2025-07-17T11:15:39+00:00","description":"Find the news of the chateau de Paraza, the world of the wine and the wine makers, Languedoc, the harvest, the guest rooms at the ch\u00e2teau.","breadcrumb":{"@id":"https:\/\/www.chateau-de-paraza.com\/en\/news\/#breadcrumb"},"inLanguage":"en-US","potentialAction":[{"@type":"ReadAction","target":["https:\/\/www.chateau-de-paraza.com\/en\/news\/"]}]},{"@type":"BreadcrumbList","@id":"https:\/\/www.chateau-de-paraza.com\/en\/news\/#breadcrumb","itemListElement":[{"@type":"ListItem","position":1,"name":"Accueil","item":"https:\/\/www.chateau-de-paraza.com\/en\/"},{"@type":"ListItem","position":2,"name":"News"}]},{"@type":"WebSite","@id":"https:\/\/www.chateau-de-paraza.com\/#website","url":"https:\/\/www.chateau-de-paraza.com\/","name":"Ch\u00e2teau de Paraza","description":"Site web du Ch\u00e2teau de Paraza","potentialAction":[{"@type":"SearchAction","target":{"@type":"EntryPoint","urlTemplate":"https:\/\/www.chateau-de-paraza.com\/?s={search_term_string}"},"query-input":"required name=search_term_string"}],"inLanguage":"en-US"}]}},"_links":{"self":[{"href":"https:\/\/www.chateau-de-paraza.com\/en\/wp-json\/wp\/v2\/pages\/1283"}],"collection":[{"href":"https:\/\/www.chateau-de-paraza.com\/en\/wp-json\/wp\/v2\/pages"}],"about":[{"href":"https:\/\/www.chateau-de-paraza.com\/en\/wp-json\/wp\/v2\/types\/page"}],"author":[{"embeddable":true,"href":"https:\/\/www.chateau-de-paraza.com\/en\/wp-json\/wp\/v2\/users\/1"}],"replies":[{"embeddable":true,"href":"https:\/\/www.chateau-de-paraza.com\/en\/wp-json\/wp\/v2\/comments?post=1283"}],"version-history":[{"count":10,"href":"https:\/\/www.chateau-de-paraza.com\/en\/wp-json\/wp\/v2\/pages\/1283\/revisions"}],"predecessor-version":[{"id":10662,"href":"https:\/\/www.chateau-de-paraza.com\/en\/wp-json\/wp\/v2\/pages\/1283\/revisions\/10662"}],"wp:attachment":[{"href":"https:\/\/www.chateau-de-paraza.com\/en\/wp-json\/wp\/v2\/media?parent=1283"}],"curies":[{"name":"wp","href":"https:\/\/api.w.org\/{rel}","templated":true}]}}