{"id":12816,"date":"2025-10-09T10:05:52","date_gmt":"2025-10-09T09:05:52","guid":{"rendered":"https:\/\/www.chateau-de-paraza.com\/?page_id=12816"},"modified":"2025-10-09T10:05:52","modified_gmt":"2025-10-09T09:05:52","slug":"welcome-to-chateau-de-paraza","status":"publish","type":"page","link":"https:\/\/www.chateau-de-paraza.com\/en\/welcome-to-chateau-de-paraza\/","title":{"rendered":"Welcome to Chateau de Paraza"},"content":{"rendered":"<div class=\"wpb-content-wrapper\"><p>[vc_row][vc_column][vc_column_text]<\/p>\n<h1><\/h1>\n<p>[\/vc_column_text][\/vc_column][\/vc_row][vc_row][vc_column][vc_column_text]<\/p>\n<h1 data-start=\"442\" data-end=\"483\"><strong data-start=\"442\" data-end=\"483\">Live Out of Time at Ch\u00e2teau de Paraza<\/strong><\/h1>\n<p>[\/vc_column_text][vc_empty_space][vc_column_text]<\/p>\n<p style=\"text-align: center;\">BETWEEN SUN, VINES AND MOUNTAINS, CH\u00c2TEAU DE PARAZA OFFERS AN AUTHENTIC AND INSPIRING ESCAPE IN THE HEART OF THE MINERVOIS, SOUTH OF FRANCE. THE ESTATE\u2019S\u00a0 TRADITIONAL GRAPE VARIETIES THRIVE UNDER THE MEDITERRANEAN SUN, PRODUCING VIBRANT, EXPRESSIVE WINES THAT REFLECT THE BEAUTY OF THEIR SURROUNDINGS. WITH ITS HISTORIC CH\u00c2TEAU FROM THE 17TH CENTURY, WELCOMING FAMILY SPIRIT, AND BREATHTAKING VIEWS OVER THE CANAL DU MIDI (UNESCO SITE), CHATEAU DE PARAZA INVITES YOU TO DISCOVER NOT ONLY ITS WINES, BUT A TIMELESS ART OF LIVING IN THE SOUTH OF FRANCE.<\/p>\n<p>[\/vc_column_text][vc_empty_space][vc_masonry_media_grid element_width=&#8221;6&#8243; grid_id=&#8221;vc_gid:1759943134826-0ce09e37-7194-7&#8243; include=&#8221;12820,12825,12830,12835,12840&#8243;][vc_empty_space height=&#8221;72px&#8221;][\/vc_column][\/vc_row][vc_row][vc_column width=&#8221;1\/3&#8243;][vc_column_text]<\/p>\n<h3 style=\"text-align: center;\">Meet the Danglas family<\/h3>\n<p>[\/vc_column_text][vc_empty_space][vc_column_text]<img decoding=\"async\" loading=\"lazy\" class=\"alignnone size-medium wp-image-10762\" src=\"https:\/\/www.chateau-de-paraza.com\/wp-content\/uploads\/2024\/09\/Chateau-De-Paraza_Family-in-the-vines-300x200.jpg\" alt=\"Ventes et d\u00e9gustation de vins du Minervois au Chateau de Paraza par la famille Danglas\" width=\"300\" height=\"200\" srcset=\"https:\/\/www.chateau-de-paraza.com\/wp-content\/uploads\/2024\/09\/Chateau-De-Paraza_Family-in-the-vines-300x200.jpg 300w, https:\/\/www.chateau-de-paraza.com\/wp-content\/uploads\/2024\/09\/Chateau-De-Paraza_Family-in-the-vines-1024x683.jpg 1024w, https:\/\/www.chateau-de-paraza.com\/wp-content\/uploads\/2024\/09\/Chateau-De-Paraza_Family-in-the-vines-768x512.jpg 768w, https:\/\/www.chateau-de-paraza.com\/wp-content\/uploads\/2024\/09\/Chateau-De-Paraza_Family-in-the-vines-1536x1024.jpg 1536w, https:\/\/www.chateau-de-paraza.com\/wp-content\/uploads\/2024\/09\/Chateau-De-Paraza_Family-in-the-vines-2048x1365.jpg 2048w, https:\/\/www.chateau-de-paraza.com\/wp-content\/uploads\/2024\/09\/Chateau-De-Paraza_Family-in-the-vines-600x400.jpg 600w\" sizes=\"(max-width: 300px) 100vw, 300px\" \/>[\/vc_column_text][vc_empty_space][vc_column_text]From Paris to Paraza, the Danglas family revived Ch\u00e2teau de Paraza with passion and vision, turning it into a vibrant estate where tradition, creativity, and family spirit thrive.[\/vc_column_text][\/vc_column][vc_column width=&#8221;1\/3&#8243;][vc_column_text]<\/p>\n<h3 style=\"text-align: center;\">Enjoy an exclusive stay<\/h3>\n<p>[\/vc_column_text][vc_empty_space][vc_column_text]<img decoding=\"async\" loading=\"lazy\" class=\"alignnone wp-image-1702 size-medium\" src=\"https:\/\/www.chateau-de-paraza.com\/wp-content\/uploads\/2015\/06\/Chateau-De-Paraza_0962_Riquet-300x200.jpg\" alt=\"Suite de Paul Riquet\" width=\"300\" height=\"200\" srcset=\"https:\/\/www.chateau-de-paraza.com\/wp-content\/uploads\/2015\/06\/Chateau-De-Paraza_0962_Riquet-300x200.jpg 300w, https:\/\/www.chateau-de-paraza.com\/wp-content\/uploads\/2015\/06\/Chateau-De-Paraza_0962_Riquet-600x400.jpg 600w, https:\/\/www.chateau-de-paraza.com\/wp-content\/uploads\/2015\/06\/Chateau-De-Paraza_0962_Riquet-1024x683.jpg 1024w, https:\/\/www.chateau-de-paraza.com\/wp-content\/uploads\/2015\/06\/Chateau-De-Paraza_0962_Riquet.jpg 1800w\" sizes=\"(max-width: 300px) 100vw, 300px\" \/>[\/vc_column_text][vc_empty_space][vc_column_text]Stay at Ch\u00e2teau de Paraza and experience the charm of a historic estate, where elegance, authenticity, and the gentle rhythm of the Canal du Midi create an unforgettable escape. Only 5 suites.[\/vc_column_text][\/vc_column][vc_column width=&#8221;1\/3&#8243;][vc_column_text]<\/p>\n<h3 style=\"text-align: center;\">Experience modern wines<\/h3>\n<p>[\/vc_column_text][vc_empty_space][vc_column_text]<img decoding=\"async\" loading=\"lazy\" class=\"size-medium wp-image-5615\" src=\"https:\/\/www.chateau-de-paraza.com\/wp-content\/uploads\/2021\/04\/d\u00e9gustation-600x400-1-300x200.jpg\" alt=\"D\u00e9gustation de vins \u00e0 Paraza\" width=\"300\" height=\"200\" srcset=\"https:\/\/www.chateau-de-paraza.com\/wp-content\/uploads\/2021\/04\/d\u00e9gustation-600x400-1-300x200.jpg 300w, https:\/\/www.chateau-de-paraza.com\/wp-content\/uploads\/2021\/04\/d\u00e9gustation-600x400-1.jpg 600w\" sizes=\"(max-width: 300px) 100vw, 300px\" \/>[\/vc_column_text][vc_empty_space][vc_column_text]<\/p>\n<article class=\"text-token-text-primary w-full focus:outline-none [--shadow-height:45px] has-data-writing-block:pointer-events-none has-data-writing-block:-mt-(--shadow-height) has-data-writing-block:pt-(--shadow-height) [&amp;:has([data-writing-block])&gt;*]:pointer-events-auto [content-visibility:auto] supports-[content-visibility:auto]:[contain-intrinsic-size:auto_100lvh] scroll-mt-[calc(var(--header-height)+min(200px,max(70px,20svh)))]\" dir=\"auto\" tabindex=\"-1\" data-turn-id=\"request-68e3cfec-906c-8331-91f7-f4621a0dc911-3\" data-testid=\"conversation-turn-54\" data-scroll-anchor=\"true\" data-turn=\"assistant\">\n<div class=\"text-base my-auto mx-auto pb-10 [--thread-content-margin:--spacing(4)] thread-sm:[--thread-content-margin:--spacing(6)] thread-lg:[--thread-content-margin:--spacing(16)] px-(--thread-content-margin)\">\n<div class=\"[--thread-content-max-width:40rem] thread-lg:[--thread-content-max-width:48rem] mx-auto max-w-(--thread-content-max-width) flex-1 group\/turn-messages focus-visible:outline-hidden relative flex w-full min-w-0 flex-col agent-turn\" tabindex=\"-1\">\n<div class=\"flex max-w-full flex-col grow\">\n<div class=\"min-h-8 text-message relative flex w-full flex-col items-end gap-2 text-start break-words whitespace-normal [.text-message+&amp;]:mt-5\" dir=\"auto\" data-message-author-role=\"assistant\" data-message-id=\"2d44871d-7dd1-4868-a657-5a578c94c74f\" data-message-model-slug=\"gpt-5\">\n<div class=\"flex w-full flex-col gap-1 empty:hidden first:pt-[1px]\">\n<div class=\"markdown prose dark:prose-invert w-full break-words light markdown-new-styling\">\n<p data-start=\"0\" data-end=\"150\" data-is-last-node=\"\" data-is-only-node=\"\"><strong data-start=\"0\" data-end=\"150\" data-is-last-node=\"\" data-is-only-node=\"\">Discover Ch\u00e2teau de Paraza wines \u2014 fresh, modern, and elegant expressions of the Minervois, crafted with passion and a deep respect for tradition.<\/strong><\/p>\n<\/div>\n<\/div>\n<\/div>\n<\/div>\n<div class=\"z-0 flex min-h-[46px] justify-start\"><\/div>\n<div class=\"mt-3 w-full empty:hidden\">\n<div class=\"text-center\"><\/div>\n<\/div>\n<\/div>\n<\/div>\n<\/article>\n<div class=\"pointer-events-none h-px w-px\" aria-hidden=\"true\" data-edge=\"true\"><\/div>\n<p>[\/vc_column_text][\/vc_column][\/vc_row][vc_row][vc_column][vc_empty_space][vc_empty_space][vc_column_text]<\/p>\n<article class=\"text-token-text-primary w-full focus:outline-none [content-visibility:auto] supports-[content-visibility:auto]:[contain-intrinsic-size:auto_100lvh] scroll-mt-[calc(var(--header-height)+min(200px,max(70px,20svh)))]\" dir=\"auto\" tabindex=\"-1\" data-turn-id=\"request-68e3cfec-906c-8331-91f7-f4621a0dc911-21\" data-testid=\"conversation-turn-46\" data-scroll-anchor=\"true\" data-turn=\"assistant\">\n<div class=\"text-base my-auto mx-auto pb-10 [--thread-content-margin:--spacing(4)] thread-sm:[--thread-content-margin:--spacing(6)] thread-lg:[--thread-content-margin:--spacing(16)] px-(--thread-content-margin)\">\n<div class=\"[--thread-content-max-width:40rem] thread-lg:[--thread-content-max-width:48rem] mx-auto max-w-(--thread-content-max-width) flex-1 group\/turn-messages focus-visible:outline-hidden relative flex w-full min-w-0 flex-col agent-turn\" tabindex=\"-1\">\n<div class=\"flex max-w-full flex-col grow\">\n<div class=\"min-h-8 text-message relative flex w-full flex-col items-end gap-2 text-start break-words whitespace-normal [.text-message+&amp;]:mt-5\" dir=\"auto\" data-message-author-role=\"assistant\" data-message-id=\"496aeecb-cdb6-4684-a072-e1831b7b2e49\" data-message-model-slug=\"gpt-5\">\n<div class=\"flex w-full flex-col gap-1 empty:hidden first:pt-[1px]\">\n<div class=\"markdown prose dark:prose-invert w-full break-words light markdown-new-styling\">\n<h2 style=\"text-align: center;\" data-start=\"0\" data-end=\"70\"><strong data-start=\"0\" data-end=\"70\" data-is-last-node=\"\" data-is-only-node=\"\">A HISTORIC 17TH-CENTURY WINE CH\u00c2TEAU <\/strong><strong data-start=\"0\" data-end=\"70\" data-is-last-node=\"\" data-is-only-node=\"\">OVERLOOKING THE CANAL DU MIDI<\/strong><\/h2>\n<\/div>\n<\/div>\n<\/div>\n<\/div>\n<div class=\"z-0 flex min-h-[46px] justify-start\"><\/div>\n<div class=\"mt-3 w-full empty:hidden\">\n<div class=\"text-center\"><\/div>\n<\/div>\n<\/div>\n<\/div>\n<\/article>\n<div class=\"pointer-events-none h-px w-px\" aria-hidden=\"true\" data-edge=\"true\"><\/div>\n<p>[\/vc_column_text][vc_empty_space][vc_row_inner][vc_column_inner]<div class=\"hr-thick\" style=\"width: 25%;border-color: #f4f4f4;\"><\/div>[\/vc_column_inner][vc_column_inner][vc_empty_space height=&#8221;52px&#8221;][vc_video link=&#8221;https:\/\/youtu.be\/5VboUVQgBQU&#8221; align=&#8221;center&#8221;][\/vc_column_inner][\/vc_row_inner][vc_empty_space height=&#8221;62px&#8221;][\/vc_column][\/vc_row][vc_row][vc_column]<div class=\"hr-thick\" style=\"width: 25%;\"><\/div>[\/vc_column][\/vc_row][vc_row][vc_column][vc_empty_space][\/vc_column][\/vc_row][vc_row][vc_column]<div class=\"hr-thick\" style=\"width: 25%;\"><\/div>[\/vc_column][\/vc_row][vc_row][vc_column][vc_empty_space][\/vc_column][\/vc_row][vc_row][vc_column][vc_empty_space][\/vc_column][\/vc_row][vc_row][vc_column][vc_empty_space][\/vc_column][\/vc_row][vc_row][vc_column][vc_empty_space][vc_column_text]<\/p>\n<h1>CONTACT US<\/h1>\n<p>[\/vc_column_text][vc_empty_space][\/vc_column][\/vc_row][vc_row][vc_column width=&#8221;1\/4&#8243;][vc_column_text]<img decoding=\"async\" loading=\"lazy\" class=\"alignnone size-medium wp-image-12867\" src=\"https:\/\/www.chateau-de-paraza.com\/wp-content\/uploads\/2025\/10\/Chateau-de-Paraza-_-Lucile-Danglas-225x300.jpg\" alt=\"\" width=\"225\" height=\"300\" srcset=\"https:\/\/www.chateau-de-paraza.com\/wp-content\/uploads\/2025\/10\/Chateau-de-Paraza-_-Lucile-Danglas-225x300.jpg 225w, https:\/\/www.chateau-de-paraza.com\/wp-content\/uploads\/2025\/10\/Chateau-de-Paraza-_-Lucile-Danglas-768x1024.jpg 768w, https:\/\/www.chateau-de-paraza.com\/wp-content\/uploads\/2025\/10\/Chateau-de-Paraza-_-Lucile-Danglas-1152x1536.jpg 1152w, https:\/\/www.chateau-de-paraza.com\/wp-content\/uploads\/2025\/10\/Chateau-de-Paraza-_-Lucile-Danglas-1536x2048.jpg 1536w, https:\/\/www.chateau-de-paraza.com\/wp-content\/uploads\/2025\/10\/Chateau-de-Paraza-_-Lucile-Danglas-600x800.jpg 600w, https:\/\/www.chateau-de-paraza.com\/wp-content\/uploads\/2025\/10\/Chateau-de-Paraza-_-Lucile-Danglas-scaled.jpg 1920w\" sizes=\"(max-width: 225px) 100vw, 225px\" \/>[\/vc_column_text][\/vc_column][vc_column width=&#8221;3\/4&#8243;][vc_empty_space][vc_column_text]<\/p>\n<div class=\"widget-info\">\n<div>Lucile Danglas<\/div>\n<div>Ch\u00e2teau de Paraza<br \/>\n11200 Paraza<br \/>\nT\u00e9l : +33 9 64 33 37 43<br \/>\n<a href=\"mailto:chateaudeparaza@gmail.com\" target=\"_blank\" rel=\"noopener\">chateaudeparaza@gmail.com<\/a><\/div>\n<div><a href=\"http:\/\/www.chateau-de-paraza.com\/\" target=\"_blank\" rel=\"noopener\" data-saferedirecturl=\"https:\/\/www.google.com\/url?q=http:\/\/www.chateau-de-paraza.com\/&amp;source=gmail&amp;ust=1760025787947000&amp;usg=AOvVaw1KU0Wn9dPmKaY4_zBrsW1V\">Site Web<\/a>\u00a0|\u00a0<a href=\"https:\/\/www.facebook.com\/chateaudeparaza\" target=\"_blank\" rel=\"noopener\" data-saferedirecturl=\"https:\/\/www.google.com\/url?q=https:\/\/www.facebook.com\/chateaudeparaza&amp;source=gmail&amp;ust=1760025787947000&amp;usg=AOvVaw1jewppdRgwBr4SbGJY8Q2K\">Facebook<\/a>\u00a0|\u00a0<a href=\"https:\/\/www.instagram.com\/chateaudeparaza\/\" target=\"_blank\" rel=\"noopener\" data-saferedirecturl=\"https:\/\/www.google.com\/url?q=https:\/\/www.instagram.com\/chateaudeparaza\/&amp;source=gmail&amp;ust=1760025787947000&amp;usg=AOvVaw041rcgzw_Lz6kAoep6OaaT\">Instagram<\/a>\u00a0|\u00a0<a href=\"https:\/\/www.tripadvisor.fr\/Hotel_Review-g1918763-d8845292-Reviews-Chateau_de_Paraza-Paraza_Aude_Occitanie.html\" target=\"_blank\" rel=\"noopener\" data-saferedirecturl=\"https:\/\/www.google.com\/url?q=https:\/\/www.tripadvisor.fr\/Hotel_Review-g1918763-d8845292-Reviews-Chateau_de_Paraza-Paraza_Aude_Occitanie.html&amp;source=gmail&amp;ust=1760025787948000&amp;usg=AOvVaw2i0vu5VobX80vYWPReEfvg\">T<wbr \/>ripAdvisor<\/a><\/div>\n<\/div>\n<p>[\/vc_column_text][\/vc_column][\/vc_row][vc_row][vc_column][vc_empty_space][\/vc_column][\/vc_row][vc_column][vc_row_inner][vc_column_inner][vc_column_text]<\/p>\n<h1>COME &amp; VISIT CHATEAU DE PARAZA<\/h1>\n<p>[\/vc_column_text][vc_empty_space height=&#8221;52px&#8221;][vc_column_text]<\/p>\n<h2>By car &#x1f698;<\/h2>\n<p>The village of Paraza is located on the banks of the Canal du Midi, 25 minutes from Narbonne, 35 minutes from Carcassonne, 1 hour from Perpignan, 1 hour 15 minutes from Montpellier, 1 hour 40 minutes from Toulouse, 3 hours from Barcelona, \u200b\u200b4 hours from Lyon, 6 hours from Lausanne and 8 hours from Paris.<\/p>\n<p>&nbsp;<\/p>\n<h2>By train &#x1f69e;<\/h2>\n<p>For those who prefer the train, the largest train stations nearby are Narbonne (25 minutes) and Carcassonne (35 minutes). L\u00e9zignan-Corbi\u00e8res station is located just 10 minutes from Paraza, but is served less frequently.<\/p>\n<p>To book your train ticket, visit the SNCF website.<\/p>\n<p>&nbsp;<\/p>\n<h2>By plane &#x2708;&#xfe0f;<\/h2>\n<p>Finally, for those who come to see us from afar, you can reach us at Toulouse (1h40) and Barcelona (3h), international airports, or arrive at smaller and closer airports: Carcassonne (45 minutes) &#8211; B\u00e9ziers Cap d&#8217;Adge (55 minutes) &#8211; Perpignan Sud de France (60 minutes).[\/vc_column_text][vc_empty_space][vc_column_text]<\/p>\n<h3>For information, here are the nearest airports<\/h3>\n<ul>\n<li>CARCASSONNE: 50 km<\/li>\n<li>BEZIERS &#8211; CAP D&#8217;AGDE: 58 km<\/li>\n<li>PERPIGNAN: 80 km<\/li>\n<li>MONTPELLIER: 120 km<\/li>\n<li>TOULOUSE: 149 km<\/li>\n<li>GIRONA, SPAIN: 184 km<\/li>\n<li>MARSEILLE: 256 km<\/li>\n<li>BARCELONA, SPAIN: 284 km<\/li>\n<\/ul>\n<p>[\/vc_column_text][\/vc_column_inner][\/vc_row_inner][\/vc_column]<\/p>\n<\/div>","protected":false},"excerpt":{"rendered":"<p>[vc_row][vc_column][vc_column_text] [\/vc_column_text][\/vc_column][\/vc_row][vc_row][vc_column][vc_column_text] Live Out of Time at Ch\u00e2teau de Paraza [\/vc_column_text][vc_empty_space][vc_column_text] BETWEEN SUN, VINES AND MOUNTAINS, CH\u00c2TEAU DE PARAZA OFFERS AN AUTHENTIC AND INSPIRING ESCAPE IN THE HEART OF THE MINERVOIS, SOUTH OF FRANCE. THE ESTATE\u2019S\u00a0 TRADITIONAL GRAPE VARIETIES THRIVE UNDER THE MEDITERRANEAN SUN, PRODUCING VIBRANT, EXPRESSIVE WINES THAT REFLECT THE BEAUTY OF THEIR SURROUNDINGS.&hellip;<\/p>\n","protected":false},"author":2,"featured_media":0,"parent":0,"menu_order":0,"comment_status":"closed","ping_status":"closed","template":"","meta":[],"yoast_head":"<!-- This site is optimized with the Yoast SEO plugin v21.8.1 - https:\/\/yoast.com\/wordpress\/plugins\/seo\/ -->\n<title>Welcome to Chateau de Paraza - Ch\u00e2teau de Paraza<\/title>\n<meta name=\"description\" content=\"Live Out of Time at Ch\u00e2teau de Paraza BETWEEN SUN, VINES AND MOUNTAINS, CH\u00c2TEAU DE PARAZA OFFERS AN AUTHENTIC AND INSPIRING ESCAPE IN THE HEART OF THE\" \/>\n<meta name=\"robots\" content=\"index, follow, max-snippet:-1, max-image-preview:large, max-video-preview:-1\" \/>\n<link rel=\"canonical\" href=\"https:\/\/www.chateau-de-paraza.com\/en\/welcome-to-chateau-de-paraza\/\" \/>\n<meta property=\"og:locale\" content=\"en_US\" \/>\n<meta property=\"og:type\" content=\"article\" \/>\n<meta property=\"og:title\" content=\"Welcome to Chateau de Paraza - Ch\u00e2teau de Paraza\" \/>\n<meta property=\"og:description\" content=\"Live Out of Time at Ch\u00e2teau de Paraza BETWEEN SUN, VINES AND MOUNTAINS, CH\u00c2TEAU DE PARAZA OFFERS AN AUTHENTIC AND INSPIRING ESCAPE IN THE HEART OF THE\" \/>\n<meta property=\"og:url\" content=\"https:\/\/www.chateau-de-paraza.com\/en\/welcome-to-chateau-de-paraza\/\" \/>\n<meta property=\"og:site_name\" content=\"Ch\u00e2teau de Paraza\" \/>\n<meta property=\"article:publisher\" content=\"https:\/\/www.facebook.com\/chateaudeparaza\" \/>\n<meta property=\"og:image\" content=\"https:\/\/www.chateau-de-paraza.com\/wp-content\/uploads\/2024\/09\/Chateau-De-Paraza_Family-in-the-vines-300x200.jpg\" \/>\n<meta name=\"twitter:card\" content=\"summary_large_image\" \/>\n<meta name=\"twitter:site\" content=\"@ChateauDeParaza\" \/>\n<meta name=\"twitter:label1\" content=\"Est. reading time\" \/>\n\t<meta name=\"twitter:data1\" content=\"4 minutes\" \/>\n<script type=\"application\/ld+json\" class=\"yoast-schema-graph\">{\"@context\":\"https:\/\/schema.org\",\"@graph\":[{\"@type\":\"WebPage\",\"@id\":\"https:\/\/www.chateau-de-paraza.com\/en\/welcome-to-chateau-de-paraza\/\",\"url\":\"https:\/\/www.chateau-de-paraza.com\/en\/welcome-to-chateau-de-paraza\/\",\"name\":\"Welcome to Chateau de Paraza - Ch\u00e2teau de Paraza\",\"isPartOf\":{\"@id\":\"https:\/\/www.chateau-de-paraza.com\/#website\"},\"datePublished\":\"2025-10-09T09:05:52+00:00\",\"dateModified\":\"2025-10-09T09:05:52+00:00\",\"description\":\"Live Out of Time at Ch\u00e2teau de Paraza BETWEEN SUN, VINES AND MOUNTAINS, CH\u00c2TEAU DE PARAZA OFFERS AN AUTHENTIC AND INSPIRING ESCAPE IN THE HEART OF THE\",\"breadcrumb\":{\"@id\":\"https:\/\/www.chateau-de-paraza.com\/en\/welcome-to-chateau-de-paraza\/#breadcrumb\"},\"inLanguage\":\"en-US\",\"potentialAction\":[{\"@type\":\"ReadAction\",\"target\":[\"https:\/\/www.chateau-de-paraza.com\/en\/welcome-to-chateau-de-paraza\/\"]}]},{\"@type\":\"BreadcrumbList\",\"@id\":\"https:\/\/www.chateau-de-paraza.com\/en\/welcome-to-chateau-de-paraza\/#breadcrumb\",\"itemListElement\":[{\"@type\":\"ListItem\",\"position\":1,\"name\":\"Accueil\",\"item\":\"https:\/\/www.chateau-de-paraza.com\/en\/\"},{\"@type\":\"ListItem\",\"position\":2,\"name\":\"Welcome to Chateau de Paraza\"}]},{\"@type\":\"WebSite\",\"@id\":\"https:\/\/www.chateau-de-paraza.com\/#website\",\"url\":\"https:\/\/www.chateau-de-paraza.com\/\",\"name\":\"Ch\u00e2teau de Paraza\",\"description\":\"Site web du Ch\u00e2teau de Paraza\",\"potentialAction\":[{\"@type\":\"SearchAction\",\"target\":{\"@type\":\"EntryPoint\",\"urlTemplate\":\"https:\/\/www.chateau-de-paraza.com\/?s={search_term_string}\"},\"query-input\":\"required name=search_term_string\"}],\"inLanguage\":\"en-US\"}]}<\/script>\n<!-- \/ Yoast SEO plugin. -->","yoast_head_json":{"title":"Welcome to Chateau de Paraza - Ch\u00e2teau de Paraza","description":"Live Out of Time at Ch\u00e2teau de Paraza BETWEEN SUN, VINES AND MOUNTAINS, CH\u00c2TEAU DE PARAZA OFFERS AN AUTHENTIC AND INSPIRING ESCAPE IN THE HEART OF THE","robots":{"index":"index","follow":"follow","max-snippet":"max-snippet:-1","max-image-preview":"max-image-preview:large","max-video-preview":"max-video-preview:-1"},"canonical":"https:\/\/www.chateau-de-paraza.com\/en\/welcome-to-chateau-de-paraza\/","og_locale":"en_US","og_type":"article","og_title":"Welcome to Chateau de Paraza - Ch\u00e2teau de Paraza","og_description":"Live Out of Time at Ch\u00e2teau de Paraza BETWEEN SUN, VINES AND MOUNTAINS, CH\u00c2TEAU DE PARAZA OFFERS AN AUTHENTIC AND INSPIRING ESCAPE IN THE HEART OF THE","og_url":"https:\/\/www.chateau-de-paraza.com\/en\/welcome-to-chateau-de-paraza\/","og_site_name":"Ch\u00e2teau de Paraza","article_publisher":"https:\/\/www.facebook.com\/chateaudeparaza","og_image":[{"url":"https:\/\/www.chateau-de-paraza.com\/wp-content\/uploads\/2024\/09\/Chateau-De-Paraza_Family-in-the-vines-300x200.jpg"}],"twitter_card":"summary_large_image","twitter_site":"@ChateauDeParaza","twitter_misc":{"Est. reading time":"4 minutes"},"schema":{"@context":"https:\/\/schema.org","@graph":[{"@type":"WebPage","@id":"https:\/\/www.chateau-de-paraza.com\/en\/welcome-to-chateau-de-paraza\/","url":"https:\/\/www.chateau-de-paraza.com\/en\/welcome-to-chateau-de-paraza\/","name":"Welcome to Chateau de Paraza - Ch\u00e2teau de Paraza","isPartOf":{"@id":"https:\/\/www.chateau-de-paraza.com\/#website"},"datePublished":"2025-10-09T09:05:52+00:00","dateModified":"2025-10-09T09:05:52+00:00","description":"Live Out of Time at Ch\u00e2teau de Paraza BETWEEN SUN, VINES AND MOUNTAINS, CH\u00c2TEAU DE PARAZA OFFERS AN AUTHENTIC AND INSPIRING ESCAPE IN THE HEART OF THE","breadcrumb":{"@id":"https:\/\/www.chateau-de-paraza.com\/en\/welcome-to-chateau-de-paraza\/#breadcrumb"},"inLanguage":"en-US","potentialAction":[{"@type":"ReadAction","target":["https:\/\/www.chateau-de-paraza.com\/en\/welcome-to-chateau-de-paraza\/"]}]},{"@type":"BreadcrumbList","@id":"https:\/\/www.chateau-de-paraza.com\/en\/welcome-to-chateau-de-paraza\/#breadcrumb","itemListElement":[{"@type":"ListItem","position":1,"name":"Accueil","item":"https:\/\/www.chateau-de-paraza.com\/en\/"},{"@type":"ListItem","position":2,"name":"Welcome to Chateau de Paraza"}]},{"@type":"WebSite","@id":"https:\/\/www.chateau-de-paraza.com\/#website","url":"https:\/\/www.chateau-de-paraza.com\/","name":"Ch\u00e2teau de Paraza","description":"Site web du Ch\u00e2teau de Paraza","potentialAction":[{"@type":"SearchAction","target":{"@type":"EntryPoint","urlTemplate":"https:\/\/www.chateau-de-paraza.com\/?s={search_term_string}"},"query-input":"required name=search_term_string"}],"inLanguage":"en-US"}]}},"_links":{"self":[{"href":"https:\/\/www.chateau-de-paraza.com\/en\/wp-json\/wp\/v2\/pages\/12816"}],"collection":[{"href":"https:\/\/www.chateau-de-paraza.com\/en\/wp-json\/wp\/v2\/pages"}],"about":[{"href":"https:\/\/www.chateau-de-paraza.com\/en\/wp-json\/wp\/v2\/types\/page"}],"author":[{"embeddable":true,"href":"https:\/\/www.chateau-de-paraza.com\/en\/wp-json\/wp\/v2\/users\/2"}],"replies":[{"embeddable":true,"href":"https:\/\/www.chateau-de-paraza.com\/en\/wp-json\/wp\/v2\/comments?post=12816"}],"version-history":[{"count":10,"href":"https:\/\/www.chateau-de-paraza.com\/en\/wp-json\/wp\/v2\/pages\/12816\/revisions"}],"predecessor-version":[{"id":12875,"href":"https:\/\/www.chateau-de-paraza.com\/en\/wp-json\/wp\/v2\/pages\/12816\/revisions\/12875"}],"wp:attachment":[{"href":"https:\/\/www.chateau-de-paraza.com\/en\/wp-json\/wp\/v2\/media?parent=12816"}],"curies":[{"name":"wp","href":"https:\/\/api.w.org\/{rel}","templated":true}]}}